{"id":991,"date":"2025-08-28T14:39:13","date_gmt":"2025-08-28T06:39:13","guid":{"rendered":"http:\/\/www.aespack.com\/?post_type=product&#038;p=991"},"modified":"2025-08-29T11:17:38","modified_gmt":"2025-08-29T03:17:38","slug":"double-glues-poly-mailer-bag","status":"publish","type":"product","link":"https:\/\/www.aespack.com\/fr\/produit\/double-glues-poly-mailer-bag\/","title":{"rendered":"Sac postal en poly\u00e9thyl\u00e8ne \u00e0 double encollage"},"content":{"rendered":"<div class=\"J_module\">\n<div id=\"ali-anchor-AliMagic-94vkyf\" class=\"magic-3\" data-section=\"AliMagic-94vkyf\" data-section-title=\"Specification\">Sp\u00e9cifications<\/div>\n<\/div>\n<div class=\"J_module\">\n<div class=\"ife-detail-decorate-table\">\n<table style=\"height: 448px;\" width=\"746\">\n<tbody>\n<tr>\n<td>Nom de l'article<\/td>\n<td>\u00a0Impression \u00e0 double encollage Sac postal en poly\u00e9thyl\u00e8ne<\/td>\n<\/tr>\n<tr>\n<td>Lieu d'origine<\/td>\n<td>Guangdong, Chine<\/td>\n<\/tr>\n<tr>\n<td>Mat\u00e9riau<\/td>\n<td>PO \/ PE \/ MDPE<\/td>\n<\/tr>\n<tr>\n<td>Utilisation industrielle<\/td>\n<td>Service express Emballage\/exp\u00e9dition<\/td>\n<\/tr>\n<tr>\n<td>Taille<\/td>\n<td>Diff\u00e9rentes tailles, sur mesure<\/td>\n<\/tr>\n<tr>\n<td>Manipulation de surface<\/td>\n<td>Impression offset<\/td>\n<\/tr>\n<tr>\n<td>Fonctionnalit\u00e9<\/td>\n<td>S\u00e9curit\u00e9,Etanch\u00e9it\u00e9<\/td>\n<\/tr>\n<tr>\n<td>Scellement et poign\u00e9e<\/td>\n<td>Joint autocollant<\/td>\n<\/tr>\n<tr>\n<td>Commande personnalis\u00e9e<\/td>\n<td>Acceptable<\/td>\n<\/tr>\n<tr>\n<td>MOQ<\/td>\n<td>10000 pi\u00e8ces<\/td>\n<\/tr>\n<tr>\n<td>Epaisseur du mat\u00e9riau<\/td>\n<td>Les produits les plus courants sont ceux de 50 \u00e0 70 microns.<\/td>\n<\/tr>\n<tr>\n<td>Impression couleur<\/td>\n<td>Jusqu'\u00e0 8 couleurs<\/td>\n<\/tr>\n<tr>\n<td>\u00c9chantillon<\/td>\n<td>Gratuit pour les \u00e9chantillons en stock<\/td>\n<\/tr>\n<tr>\n<td>D\u00e9lai d'ex\u00e9cution<\/td>\n<td>10-15 jours<\/td>\n<\/tr>\n<tr>\n<td>Capacit\u00e9 de production<\/td>\n<td>50000000pcs\/mois<\/td>\n<\/tr>\n<\/tbody>\n<\/table>\n<\/div>\n<\/div>","protected":false},"excerpt":{"rendered":"<p>Film LDPE, couleur noire ou couleur personnalis\u00e9e.<\/p>\n<p>Impression de logos personnalis\u00e9s.<\/p>\n<p>Taille et \u00e9paisseur personnalis\u00e9es.<\/p>\n<p>Imperm\u00e9able \u00e0 l'eau.<\/p>\n<p>R\u00e9sistance \u00e0 la d\u00e9chirure.<\/p>\n<p>Forte adh\u00e9sivit\u00e9.<\/p>\n<p>Bon palier.<\/p>\n<p>Antid\u00e9flagrant.<\/p>","protected":false},"featured_media":996,"comment_status":"open","ping_status":"closed","template":"","meta":{"_seopress_robots_primary_cat":"none"},"product_cat":[26],"product_tag":[],"class_list":["post-991","product","type-product","status-publish","has-post-thumbnail","hentry","product_cat-poly-mailer"],"featured_image_urls":{"full":["https:\/\/www.aespack.com\/wp-content\/uploads\/2023\/02\/AES-M6-1-1.png",1091,923,false],"thumbnail":["https:\/\/www.aespack.com\/wp-content\/uploads\/2023\/02\/AES-M6-1-1-150x150.png",150,150,true],"medium":["https:\/\/www.aespack.com\/wp-content\/uploads\/2023\/02\/AES-M6-1-1-300x254.png",300,254,true],"medium_large":["https:\/\/www.aespack.com\/wp-content\/uploads\/2023\/02\/AES-M6-1-1-768x650.png",768,650,true],"large":["https:\/\/www.aespack.com\/wp-content\/uploads\/2023\/02\/AES-M6-1-1-1024x866.png",1024,866,true],"1536x1536":["https:\/\/www.aespack.com\/wp-content\/uploads\/2023\/02\/AES-M6-1-1.png",1091,923,false],"2048x2048":["https:\/\/www.aespack.com\/wp-content\/uploads\/2023\/02\/AES-M6-1-1.png",1091,923,false],"trp-custom-language-flag":["https:\/\/www.aespack.com\/wp-content\/uploads\/2023\/02\/AES-M6-1-1.png",14,12,false],"woocommerce_archive_thumbnail":["https:\/\/www.aespack.com\/wp-content\/uploads\/2023\/02\/AES-M6-1-1-300x254.png",300,254,true],"woocommerce_thumbnail":["https:\/\/www.aespack.com\/wp-content\/uploads\/2023\/02\/AES-M6-1-1-300x254.png",300,254,true],"woocommerce_single":["https:\/\/www.aespack.com\/wp-content\/uploads\/2023\/02\/AES-M6-1-1-600x508.png",600,508,true],"woocommerce_gallery_thumbnail":["https:\/\/www.aespack.com\/wp-content\/uploads\/2023\/02\/AES-M6-1-1-100x100.png",100,100,true]},"post_excerpt_stackable":"<p>LDPE film,full black color or customized color.<\/p>\n<p>Customized logo printing.<\/p>\n<p>Customized size &amp; thickness.<\/p>\n<p>Water proof.<\/p>\n<p>Tear resistance.<\/p>\n<p>Strong stickiness.<\/p>\n<p>Good bearing.<\/p>\n<p>Explosion-proof.<\/p>\n","category_list":"","author_info":{"name":"","url":""},"comments_num":"0 commentaire","_links":{"self":[{"href":"https:\/\/www.aespack.com\/fr\/wp-json\/wp\/v2\/product\/991","targetHints":{"allow":["GET"]}}],"collection":[{"href":"https:\/\/www.aespack.com\/fr\/wp-json\/wp\/v2\/product"}],"about":[{"href":"https:\/\/www.aespack.com\/fr\/wp-json\/wp\/v2\/types\/product"}],"replies":[{"embeddable":true,"href":"https:\/\/www.aespack.com\/fr\/wp-json\/wp\/v2\/comments?post=991"}],"wp:featuredmedia":[{"embeddable":true,"href":"https:\/\/www.aespack.com\/fr\/wp-json\/wp\/v2\/media\/996"}],"wp:attachment":[{"href":"https:\/\/www.aespack.com\/fr\/wp-json\/wp\/v2\/media?parent=991"}],"wp:term":[{"taxonomy":"product_cat","embeddable":true,"href":"https:\/\/www.aespack.com\/fr\/wp-json\/wp\/v2\/product_cat?post=991"},{"taxonomy":"product_tag","embeddable":true,"href":"https:\/\/www.aespack.com\/fr\/wp-json\/wp\/v2\/product_tag?post=991"}],"curies":[{"name":"wp","href":"https:\/\/api.w.org\/{rel}","templated":true}]}}