{"id":980,"date":"2025-08-28T10:00:24","date_gmt":"2025-08-28T02:00:24","guid":{"rendered":"https:\/\/www.aespack.com\/?post_type=product&#038;p=980"},"modified":"2025-08-29T15:04:49","modified_gmt":"2025-08-29T07:04:49","slug":"bubble-mailer-padded-mailer","status":"publish","type":"product","link":"https:\/\/www.aespack.com\/fr\/produit\/bubble-mailer-padded-mailer\/","title":{"rendered":"Enveloppe \u00e0 bulles\/enveloppe matelass\u00e9e"},"content":{"rendered":"<p>Sp\u00e9cifications<\/p>\n<table class=\"hight-light-first-column all magic-5\">\n<tbody>\n<tr>\n<td colspan=\"1\" rowspan=\"2\">\n<div class=\"magic-6\">\n<div class=\"magic-7\" data-spm-anchor-id=\"0.0.0.i8.62ce4f05ZOAfDy\"><b class=\"magic-8\" data-spm-anchor-id=\"0.0.0.i115.62ce4f05X2e1Ma\">Mat\u00e9riau<\/b><\/div>\n<\/div>\n<\/td>\n<td colspan=\"1\" rowspan=\"1\">\n<div class=\"magic-9\" data-spm-anchor-id=\"a2700.details.0.i13.4faa1e43OF4jKt\">Bulle d'air et feuille d'aluminium m\u00e9tallique Film \/ Poly \/ Film coextrud\u00e9 \/ Papier kraft, etc.<\/div>\n<\/td>\n<\/tr>\n<tr>\n<td colspan=\"1\" rowspan=\"1\">\n<div class=\"magic-9\">D2W, mat\u00e9riau composite PLA, etc.<\/div>\n<\/td>\n<\/tr>\n<tr>\n<td colspan=\"1\" rowspan=\"1\">\n<div class=\"magic-11\"><b>Taille\/\u00c9paisseur<\/b><\/div>\n<\/td>\n<td colspan=\"1\" rowspan=\"1\">\n<div class=\"magic-9\">Personnalis\u00e9 en fonction de vos besoins<\/div>\n<\/td>\n<\/tr>\n<tr>\n<td colspan=\"1\" rowspan=\"1\">\n<div class=\"magic-11\"><b>Impression<\/b><\/div>\n<\/td>\n<td colspan=\"1\" rowspan=\"1\">\n<div class=\"magic-9\">Impression en h\u00e9liogravure, jusqu'\u00e0 8 couleurs, CMYK<\/div>\n<\/td>\n<\/tr>\n<tr>\n<td colspan=\"1\" rowspan=\"1\">\n<div class=\"magic-11\"><b>Application\/utilisation<\/b><\/div>\n<\/td>\n<td colspan=\"1\" rowspan=\"1\">\n<div class=\"magic-9\">Express, Exp\u00e9dition, Service postal, Emballage de v\u00eatements, Emballage pour v\u00eatements<\/div>\n<\/td>\n<\/tr>\n<tr>\n<td colspan=\"1\" rowspan=\"4\">\n<div class=\"magic-6\">\n<div data-spm-anchor-id=\"0.0.0.i9.62ce4f05trYLIu\"><b>\u00a0<\/b><\/div>\n<div data-spm-anchor-id=\"0.0.0.i9.62ce4f05trYLIu\"><b>\u00a0<\/b><\/div>\n<div data-spm-anchor-id=\"0.0.0.i9.62ce4f05trYLIu\"><b>Fonctionnalit\u00e9<\/b><\/div>\n<\/div>\n<\/td>\n<td colspan=\"1\" rowspan=\"1\">\n<div class=\"magic-9\">1. Colle forte avec une bonne s\u00e9curit\u00e9<\/div>\n<\/td>\n<\/tr>\n<tr>\n<td colspan=\"1\" rowspan=\"1\">\n<div class=\"magic-9\">2. Opaque avec une bonne confidentialit\u00e9<\/div>\n<\/td>\n<\/tr>\n<tr>\n<td colspan=\"1\" rowspan=\"1\">\n<div class=\"magic-9\">3. R\u00e9sistance \u00e0 la perforation, impression parfaite<\/div>\n<\/td>\n<\/tr>\n<tr>\n<td colspan=\"1\" rowspan=\"1\">\n<div class=\"magic-9\">4. Imperm\u00e9able, r\u00e9sistant \u00e0 l'humidit\u00e9, r\u00e9sistant \u00e0 la d\u00e9chirure<\/div>\n<\/td>\n<\/tr>\n<tr>\n<td colspan=\"1\" rowspan=\"1\">\n<div class=\"magic-11\"><b>Emballage<\/b><\/div>\n<\/td>\n<td colspan=\"1\" rowspan=\"1\">\n<div class=\"magic-9\">Cartons\/bo\u00eetes, palettes disponibles sur demande<\/div>\n<\/td>\n<\/tr>\n<tr>\n<td colspan=\"1\" rowspan=\"1\">\n<div class=\"magic-11\"><b>Certificat<\/b><\/div>\n<\/td>\n<td colspan=\"1\" rowspan=\"1\">\n<div class=\"magic-9\">ISO 9001:2008, SGS, etc.<\/div>\n<\/td>\n<\/tr>\n<tr>\n<td colspan=\"1\" rowspan=\"1\">\n<div class=\"magic-11\"><b>Service suppl\u00e9mentaire<\/b><\/div>\n<\/td>\n<td colspan=\"1\" rowspan=\"1\">\n<div class=\"magic-9\">OEM, ODM<\/div>\n<\/td>\n<\/tr>\n<tr>\n<td class=\"magic-12\" colspan=\"1\" rowspan=\"1\">\n<div class=\"magic-11\"><b>\u00c9chantillon<\/b><\/div>\n<\/td>\n<td colspan=\"1\" rowspan=\"1\">\n<div class=\"magic-9\" data-spm-anchor-id=\"a2700.details.0.i12.4faa1e43OF4jKt\">\u00c9chantillons en stock gratuits ; \u00c9chantillons sur mesure, co\u00fbt de l'\u00e9chantillon \u00e0 payer.<\/div>\n<\/td>\n<\/tr>\n<\/tbody>\n<\/table>","protected":false},"excerpt":{"rendered":"<p>Taille douani\u00e8re<\/p>\n<p>Couleur douani\u00e8re<\/p>\n<p>&nbsp;<\/p>","protected":false},"featured_media":982,"comment_status":"open","ping_status":"closed","template":"","meta":{"_seopress_robots_primary_cat":"none"},"product_cat":[28],"product_tag":[],"class_list":["post-980","product","type-product","status-publish","has-post-thumbnail","hentry","product_cat-bubble-mailer"],"featured_image_urls":{"full":["https:\/\/www.aespack.com\/wp-content\/uploads\/2022\/12\/710599.jpg",750,850,false],"thumbnail":["https:\/\/www.aespack.com\/wp-content\/uploads\/2022\/12\/710599-150x150.jpg",150,150,true],"medium":["https:\/\/www.aespack.com\/wp-content\/uploads\/2022\/12\/710599-265x300.jpg",265,300,true],"medium_large":["https:\/\/www.aespack.com\/wp-content\/uploads\/2022\/12\/710599.jpg",750,850,false],"large":["https:\/\/www.aespack.com\/wp-content\/uploads\/2022\/12\/710599.jpg",750,850,false],"1536x1536":["https:\/\/www.aespack.com\/wp-content\/uploads\/2022\/12\/710599.jpg",750,850,false],"2048x2048":["https:\/\/www.aespack.com\/wp-content\/uploads\/2022\/12\/710599.jpg",750,850,false],"trp-custom-language-flag":["https:\/\/www.aespack.com\/wp-content\/uploads\/2022\/12\/710599.jpg",11,12,false],"woocommerce_archive_thumbnail":["https:\/\/www.aespack.com\/wp-content\/uploads\/2022\/12\/710599-300x340.jpg",300,340,true],"woocommerce_thumbnail":["https:\/\/www.aespack.com\/wp-content\/uploads\/2022\/12\/710599-300x340.jpg",300,340,true],"woocommerce_single":["https:\/\/www.aespack.com\/wp-content\/uploads\/2022\/12\/710599-600x680.jpg",600,680,true],"woocommerce_gallery_thumbnail":["https:\/\/www.aespack.com\/wp-content\/uploads\/2022\/12\/710599-100x100.jpg",100,100,true]},"post_excerpt_stackable":"<p>Customs size<\/p>\n<p>Customs color<\/p>\n<p>&nbsp;<\/p>\n","category_list":"","author_info":{"name":"","url":""},"comments_num":"0 commentaire","_links":{"self":[{"href":"https:\/\/www.aespack.com\/fr\/wp-json\/wp\/v2\/product\/980","targetHints":{"allow":["GET"]}}],"collection":[{"href":"https:\/\/www.aespack.com\/fr\/wp-json\/wp\/v2\/product"}],"about":[{"href":"https:\/\/www.aespack.com\/fr\/wp-json\/wp\/v2\/types\/product"}],"replies":[{"embeddable":true,"href":"https:\/\/www.aespack.com\/fr\/wp-json\/wp\/v2\/comments?post=980"}],"wp:featuredmedia":[{"embeddable":true,"href":"https:\/\/www.aespack.com\/fr\/wp-json\/wp\/v2\/media\/982"}],"wp:attachment":[{"href":"https:\/\/www.aespack.com\/fr\/wp-json\/wp\/v2\/media?parent=980"}],"wp:term":[{"taxonomy":"product_cat","embeddable":true,"href":"https:\/\/www.aespack.com\/fr\/wp-json\/wp\/v2\/product_cat?post=980"},{"taxonomy":"product_tag","embeddable":true,"href":"https:\/\/www.aespack.com\/fr\/wp-json\/wp\/v2\/product_tag?post=980"}],"curies":[{"name":"wp","href":"https:\/\/api.w.org\/{rel}","templated":true}]}}