{"id":899,"date":"2025-08-28T10:15:06","date_gmt":"2025-08-28T02:15:06","guid":{"rendered":"https:\/\/www.aespack.com\/?post_type=product&#038;p=899"},"modified":"2025-08-29T15:52:49","modified_gmt":"2025-08-29T07:52:49","slug":"oem-bopp-packing-tape","status":"publish","type":"product","link":"https:\/\/www.aespack.com\/fr\/produit\/oem-bopp-packing-tape\/","title":{"rendered":"Ruban d'emballage OEM BOPP"},"content":{"rendered":"<p>Sp\u00e9cifications<\/p>\n<table class=\"all magic-5\" style=\"height: 255px;\" width=\"880\">\n<tbody>\n<tr>\n<td colspan=\"2\" rowspan=\"1\">\n<div class=\"magic-17\" data-spm-anchor-id=\"a2700.wholesale.0.i20.5cc413d5kQVqy5\">\n<div class=\"magic-18\" data-spm-anchor-id=\"a2700.siteadmin.0.i175.3f6aac40aLBZk7\"><b data-spm-anchor-id=\"a2700.siteadmin.0.i41.2345ac40Wao24F\"><span style=\"font-family: Arial;\">\u00c9paisseur du film<\/span><\/b><\/div>\n<\/div>\n<\/td>\n<td colspan=\"4\" rowspan=\"1\">\n<div class=\"magic-19\">\n<div class=\"magic-20\" data-spm-anchor-id=\"a2700.siteadmin.0.i3.2345ac40V0PKRp\"><span class=\"magic-21\" data-spm-anchor-id=\"0.0.0.i49.1a824f05CuTS4Q\"><span class=\"magic-22\" style=\"color: #000000; font-family: Arial;\">De 28mic \u00e0 100mic. Les tailles les plus courantes sont 40mic, 45mic, 48mic, 50mic.<\/span><\/span><\/div>\n<\/div>\n<\/td>\n<\/tr>\n<tr>\n<td colspan=\"2\" rowspan=\"1\">\n<div class=\"magic-26\">\n<div class=\"magic-18\" data-spm-anchor-id=\"0.0.0.i115.1a824f05CuTS4Q\"><b data-spm-anchor-id=\"0.0.0.i0.1a824f05CsWSwE\"><span style=\"font-family: Arial;\">Largeur du rouleau\u00a0<\/span><\/b><\/div>\n<\/div>\n<\/td>\n<td colspan=\"4\" rowspan=\"1\">\n<div class=\"magic-28\">\n<div class=\"magic-20\" data-spm-anchor-id=\"a2700.siteadmin.0.i32.36f533339iAxwf\"><span class=\"magic-29\" data-spm-anchor-id=\"a2700.siteadmin.0.i16.2345ac40HinSLD\">De 12 mm \u00e0 70 mm. Les tailles les plus courantes sont 40 mm, 42 mm, 48 mm et 50 mm.<\/span><\/div>\n<\/div>\n<\/td>\n<\/tr>\n<tr>\n<td colspan=\"2\" rowspan=\"1\">\n<div class=\"magic-26\">\n<div class=\"magic-18\" data-spm-anchor-id=\"0.0.0.i117.1a824f05CuTS4Q\"><b data-spm-anchor-id=\"0.0.0.i10.1a824f05WWL1Ud\"><span style=\"font-family: Arial;\">Longueur du rouleau<\/span><\/b><\/div>\n<\/div>\n<\/td>\n<td colspan=\"4\" rowspan=\"1\">\n<div class=\"magic-28\">\n<div class=\"magic-20\" data-spm-anchor-id=\"a2700.siteadmin.0.i40.36f533339iAxwf\"><span class=\"magic-29\" data-spm-anchor-id=\"0.0.0.i14.1a824f05bDAsI6\">De 10 m\u00e8tres \u00e0 1000 m\u00e8tres. Les tailles les plus courantes sont 50m, 60m, 66m ou 55 yards, 100 yards, 110yards.<\/span><\/div>\n<\/div>\n<\/td>\n<\/tr>\n<tr>\n<td colspan=\"2\" rowspan=\"1\">\n<div class=\"magic-26\">\n<div class=\"magic-18\" data-spm-anchor-id=\"0.0.0.i8.1a824f05bDAsI6\"><b><span style=\"font-family: Arial;\">Mat\u00e9riau<\/span><\/b><\/div>\n<\/div>\n<\/td>\n<td colspan=\"4\" rowspan=\"1\">\n<div class=\"magic-28\">\n<div class=\"magic-20\" data-spm-anchor-id=\"a2700.siteadmin.0.i38.36f533339iAxwf\"><span class=\"magic-29\" data-spm-anchor-id=\"0.0.0.i21.1a824f05bDAsI6\">Film BOPP, acrylique \u00e0 base d'eau ; solvant ou adh\u00e9sif thermofusible<\/span><\/div>\n<\/div>\n<\/td>\n<\/tr>\n<tr>\n<td colspan=\"2\" rowspan=\"1\">\n<div class=\"magic-26\">\n<div class=\"magic-18\"><b data-spm-anchor-id=\"0.0.0.i49.1a824f05vs1rhd\">Paquet\u00a0<\/b><\/div>\n<\/div>\n<\/td>\n<td colspan=\"4\" rowspan=\"1\">\n<div class=\"magic-28\">\n<div class=\"magic-20\" data-spm-anchor-id=\"0.0.0.i54.1a824f05vs1rhd\">6 rouleaux\/r\u00e9tr\u00e9cissement, 48, 60 ou 72 rouleaux\/carton, en fonction de la longueur du rouleau.<\/div>\n<\/div>\n<\/td>\n<\/tr>\n<tr>\n<td colspan=\"2\" rowspan=\"1\">\n<div class=\"magic-26\">\n<div class=\"magic-18\" data-spm-anchor-id=\"0.0.0.i10.1a824f05bDAsI6\"><b data-spm-anchor-id=\"0.0.0.i51.1a824f05vs1rhd\">Fonction<\/b><\/div>\n<\/div>\n<\/td>\n<td colspan=\"4\" rowspan=\"1\">\n<div class=\"magic-28\">\n<div class=\"magic-20\" data-spm-anchor-id=\"a2700.siteadmin.0.i68.2345ac40vrXGY9\">Type \u00e0 faible bruit, type silencieux, type sans bulle<\/div>\n<\/div>\n<\/td>\n<\/tr>\n<tr>\n<td colspan=\"2\" rowspan=\"1\">\n<div class=\"magic-26\">\n<div class=\"magic-18\" data-spm-anchor-id=\"0.0.0.i6.1a824f05foPNW8\"><b data-spm-anchor-id=\"a2700.pc-decorate.0.i9.591e3333KVhmY9\">Certificat<\/b><\/div>\n<\/div>\n<\/td>\n<td colspan=\"4\" rowspan=\"1\">\n<div class=\"magic-28\">\n<div class=\"magic-20\" data-spm-anchor-id=\"a2700.siteadmin.0.i44.36f533339iAxwf\">ISO9001, SGS,<\/div>\n<\/div>\n<\/td>\n<\/tr>\n<tr>\n<td colspan=\"2\" rowspan=\"1\">\n<div class=\"magic-26\">\n<div class=\"magic-18\" data-spm-anchor-id=\"0.0.0.i11.1a824f05bDAsI6\"><b data-spm-anchor-id=\"0.0.0.i0.1a824f05PoxGc7\">LOGO\u00a0<\/b><\/div>\n<\/div>\n<\/td>\n<td colspan=\"4\" rowspan=\"1\">\n<div class=\"magic-28\">\n<div class=\"magic-20\" data-spm-anchor-id=\"0.0.0.i18.1a824f05bDAsI6\">Sur mesure<\/div>\n<\/div>\n<\/td>\n<\/tr>\n<tr>\n<td colspan=\"2\" rowspan=\"1\">\n<div class=\"magic-26\">\n<div class=\"magic-18\" data-spm-anchor-id=\"0.0.0.i8.1a824f05foPNW8\"><b data-spm-anchor-id=\"0.0.0.i20.1a824f05CsWSwE\">D\u00e9lai de livraison<\/b><\/div>\n<\/div>\n<\/td>\n<td colspan=\"4\" rowspan=\"1\">\n<div class=\"magic-28\" data-spm-anchor-id=\"a2700.wholesale.0.i13.5cc413d5kQVqy5\">\n<div class=\"magic-20\" data-spm-anchor-id=\"0.0.0.i19.1a824f05bDAsI6\">10-15 jours pour la production de masse, 3 jours pour les \u00e9chantillons<\/div>\n<\/div>\n<\/td>\n<\/tr>\n<\/tbody>\n<\/table>\n<p>&nbsp;<\/p>","protected":false},"excerpt":{"rendered":"<p>Ruban d'emballage BOPP avec LOGO personnalis\u00e9<\/p>\n<p>Bienvenue \u00e0 l'impression de logos personnalis\u00e9s<\/p>\n<p>Dimensions personnalis\u00e9es bienvenues<\/p>\n<p>Caract\u00e9ristique :<br \/>\n<span data-spm-anchor-id=\"a2700.details.0.i5.32ff6ef3Mds18F\">1. Excellente adh\u00e9rence et bonne r\u00e9sistance \u00e0 la traction.<\/span><br \/>\n2. Pulchritude est \u00e0 la recherche d'un emballage.<br \/>\n3. Adh\u00e9sif acrylique \u00e0 base d'eau.<br \/>\n<span data-spm-anchor-id=\"a2700.details.0.i4.32ff6ef3Mds18F\">4. R\u00e9utilisable pour la protection de l'environnement.<\/span><\/p>","protected":false},"featured_media":904,"comment_status":"open","ping_status":"closed","template":"","meta":{"_seopress_robots_primary_cat":"none"},"product_cat":[27],"product_tag":[],"class_list":["post-899","product","type-product","status-publish","has-post-thumbnail","hentry","product_cat-bopp-packing-tape"],"featured_image_urls":{"full":["https:\/\/www.aespack.com\/wp-content\/uploads\/2022\/12\/OEM\u5c01\u7bb1\u80f6-2.png",1114,850,false],"thumbnail":["https:\/\/www.aespack.com\/wp-content\/uploads\/2022\/12\/OEM\u5c01\u7bb1\u80f6-2-150x150.png",150,150,true],"medium":["https:\/\/www.aespack.com\/wp-content\/uploads\/2022\/12\/OEM\u5c01\u7bb1\u80f6-2-300x229.png",300,229,true],"medium_large":["https:\/\/www.aespack.com\/wp-content\/uploads\/2022\/12\/OEM\u5c01\u7bb1\u80f6-2-768x586.png",768,586,true],"large":["https:\/\/www.aespack.com\/wp-content\/uploads\/2022\/12\/OEM\u5c01\u7bb1\u80f6-2-1024x781.png",1024,781,true],"1536x1536":["https:\/\/www.aespack.com\/wp-content\/uploads\/2022\/12\/OEM\u5c01\u7bb1\u80f6-2.png",1114,850,false],"2048x2048":["https:\/\/www.aespack.com\/wp-content\/uploads\/2022\/12\/OEM\u5c01\u7bb1\u80f6-2.png",1114,850,false],"trp-custom-language-flag":["https:\/\/www.aespack.com\/wp-content\/uploads\/2022\/12\/OEM\u5c01\u7bb1\u80f6-2.png",16,12,false],"woocommerce_archive_thumbnail":["https:\/\/www.aespack.com\/wp-content\/uploads\/2022\/12\/OEM\u5c01\u7bb1\u80f6-2-300x229.png",300,229,true],"woocommerce_thumbnail":["https:\/\/www.aespack.com\/wp-content\/uploads\/2022\/12\/OEM\u5c01\u7bb1\u80f6-2-300x229.png",300,229,true],"woocommerce_single":["https:\/\/www.aespack.com\/wp-content\/uploads\/2022\/12\/OEM\u5c01\u7bb1\u80f6-2-600x458.png",600,458,true],"woocommerce_gallery_thumbnail":["https:\/\/www.aespack.com\/wp-content\/uploads\/2022\/12\/OEM\u5c01\u7bb1\u80f6-2-100x100.png",100,100,true]},"post_excerpt_stackable":"<p>BOPP packing tape with custom LOGO<\/p>\n<p>Welcome custom logo printing<\/p>\n<p>Welcome custom size<\/p>\n<p>Characteristic:<br \/>\n<span data-spm-anchor-id=\"a2700.details.0.i5.32ff6ef3Mds18F\">1. Exellent adhesion and good tensile strength.<\/span><br \/>\n2. Pulchritude out looking and packing.<br \/>\n3. Acrylic Water Based Adhesive.<br \/>\n<span data-spm-anchor-id=\"a2700.details.0.i4.32ff6ef3Mds18F\">4. Reusable for Environmental Protection.<\/span><\/p>\n","category_list":"","author_info":{"name":"","url":""},"comments_num":"0 commentaire","_links":{"self":[{"href":"https:\/\/www.aespack.com\/fr\/wp-json\/wp\/v2\/product\/899","targetHints":{"allow":["GET"]}}],"collection":[{"href":"https:\/\/www.aespack.com\/fr\/wp-json\/wp\/v2\/product"}],"about":[{"href":"https:\/\/www.aespack.com\/fr\/wp-json\/wp\/v2\/types\/product"}],"replies":[{"embeddable":true,"href":"https:\/\/www.aespack.com\/fr\/wp-json\/wp\/v2\/comments?post=899"}],"wp:featuredmedia":[{"embeddable":true,"href":"https:\/\/www.aespack.com\/fr\/wp-json\/wp\/v2\/media\/904"}],"wp:attachment":[{"href":"https:\/\/www.aespack.com\/fr\/wp-json\/wp\/v2\/media?parent=899"}],"wp:term":[{"taxonomy":"product_cat","embeddable":true,"href":"https:\/\/www.aespack.com\/fr\/wp-json\/wp\/v2\/product_cat?post=899"},{"taxonomy":"product_tag","embeddable":true,"href":"https:\/\/www.aespack.com\/fr\/wp-json\/wp\/v2\/product_tag?post=899"}],"curies":[{"name":"wp","href":"https:\/\/api.w.org\/{rel}","templated":true}]}}