{"id":88,"date":"2025-08-28T16:52:26","date_gmt":"2025-08-28T08:52:26","guid":{"rendered":"https:\/\/demo.creativethemes.com\/blocksy\/homi\/?post_type=product&#038;p=88"},"modified":"2025-08-29T11:52:55","modified_gmt":"2025-08-29T03:52:55","slug":"dhl-packing-list-envelope-195x285mm","status":"publish","type":"product","link":"https:\/\/www.aespack.com\/fr\/produit\/dhl-packing-list-envelope-195x285mm\/","title":{"rendered":"Enveloppe pour liste de colisage DHL 195x285mm"},"content":{"rendered":"<p><a href=\"http:\/\/DHL packing list envelope 195x285mm\">http:\/\/DHL packing list envelope 195x285mm<\/a><\/p>\n<p>Enveloppe pour liste de colisage DHL, OEM et ODM disponibles<\/p>\n<p>Impression et taille personnalis\u00e9es<\/p>\n<p>Mat\u00e9riau PE&amp;PP et papier anti-adh\u00e9sif de bonne qualit\u00e9<\/p>\n<p>Capacit\u00e9 de production 40000000 pcs par mois<\/p>\n<p>\u00c9chantillons gratuits en stock ou 7 jours pour la production d'\u00e9chantillons<\/p>\n<p>12-20 jours pour une production maximale<\/p>\n<p>TAILLE STANDARD EUROP\u00c9ENNE :<\/p>\n<p>C7 Taille externe : 123*110mm-1000pcs\/carton<\/p>\n<p>C6 Taille externe : 175*132mm-1000pcs\/carton<\/p>\n<p>C5 Taille externe : 235*175mm-1000pcs\/carton<\/p>\n<p>C4 Taille externe : 322*235mm-500pcs\/carton<\/p>\n<p>C3 Taille externe : 235*132mm-1000pcs\/carton<\/p>\n<p>TAILLE STANDARD AM\u00c9RICAINE :<\/p>\n<p>Taille externe : 4.5*5.5 pouces-1000pcs\/carton<\/p>\n<p>Taille externe : 4.5*6 pouces--1000pcs\/carton<\/p>\n<p>Taille externe : 7*5.5 pouces--1000pcs\/carton<\/p>\n<p>Taille externe : 5.5*10 pouces--1000pcs\/carton<\/p>\n<p>Taille externe : 6.5*10 pouces--1000pcs\/carton<\/p>\n<p>Taille externe : 10*7 pouces---1000pcs\/carton<\/p>\n<p>Taille ext\u00e9rieure : 10.75*6.75 pouces-500pcs\/carton<\/p>\n<p>Taille externe : 9.5*12.5 pouces--500pcs\/carton<\/p>","protected":false},"excerpt":{"rendered":"<p>Film PE ou PP, \u00e9paisseur de 35 \u00e0 60 microns disponible<\/p>\n<p>Papier de d\u00e9moulage 41gsm - 65gsm<\/p>\n<p>Imperm\u00e9able \u00e0 l'eau<\/p>\n<p>Colle adh\u00e9sive<\/p>\n<p>Papier anti-adh\u00e9sif facile \u00e0 d\u00e9coller<\/p>","protected":false},"featured_media":788,"comment_status":"open","ping_status":"closed","template":"","meta":{"_seopress_robots_primary_cat":"none"},"product_cat":[24],"product_tag":[],"class_list":["post-88","product","type-product","status-publish","has-post-thumbnail","hentry","product_cat-packing-list-envelope"],"featured_image_urls":{"full":["https:\/\/www.aespack.com\/wp-content\/uploads\/2021\/04\/AES-10-3.jpg",800,800,false],"thumbnail":["https:\/\/www.aespack.com\/wp-content\/uploads\/2021\/04\/AES-10-3-150x150.jpg",150,150,true],"medium":["https:\/\/www.aespack.com\/wp-content\/uploads\/2021\/04\/AES-10-3-300x300.jpg",300,300,true],"medium_large":["https:\/\/www.aespack.com\/wp-content\/uploads\/2021\/04\/AES-10-3-768x768.jpg",768,768,true],"large":["https:\/\/www.aespack.com\/wp-content\/uploads\/2021\/04\/AES-10-3.jpg",800,800,false],"1536x1536":["https:\/\/www.aespack.com\/wp-content\/uploads\/2021\/04\/AES-10-3.jpg",800,800,false],"2048x2048":["https:\/\/www.aespack.com\/wp-content\/uploads\/2021\/04\/AES-10-3.jpg",800,800,false],"trp-custom-language-flag":["https:\/\/www.aespack.com\/wp-content\/uploads\/2021\/04\/AES-10-3.jpg",12,12,false],"woocommerce_archive_thumbnail":["https:\/\/www.aespack.com\/wp-content\/uploads\/2021\/04\/AES-10-3-300x300.jpg",300,300,true],"woocommerce_thumbnail":["https:\/\/www.aespack.com\/wp-content\/uploads\/2021\/04\/AES-10-3-300x300.jpg",300,300,true],"woocommerce_single":["https:\/\/www.aespack.com\/wp-content\/uploads\/2021\/04\/AES-10-3-600x600.jpg",600,600,true],"woocommerce_gallery_thumbnail":["https:\/\/www.aespack.com\/wp-content\/uploads\/2021\/04\/AES-10-3-100x100.jpg",100,100,true]},"post_excerpt_stackable":"<p>PE or PP film, Thickness 35-60microns is available<\/p>\n<p>Release paper 41gsm &#8211; 65gsm<\/p>\n<p>Water proof<\/p>\n<p>Sticky adhesive glue<\/p>\n<p>Easy peel release paper<\/p>\n","category_list":"","author_info":{"name":"","url":""},"comments_num":"1 commentaire","_links":{"self":[{"href":"https:\/\/www.aespack.com\/fr\/wp-json\/wp\/v2\/product\/88","targetHints":{"allow":["GET"]}}],"collection":[{"href":"https:\/\/www.aespack.com\/fr\/wp-json\/wp\/v2\/product"}],"about":[{"href":"https:\/\/www.aespack.com\/fr\/wp-json\/wp\/v2\/types\/product"}],"replies":[{"embeddable":true,"href":"https:\/\/www.aespack.com\/fr\/wp-json\/wp\/v2\/comments?post=88"}],"wp:featuredmedia":[{"embeddable":true,"href":"https:\/\/www.aespack.com\/fr\/wp-json\/wp\/v2\/media\/788"}],"wp:attachment":[{"href":"https:\/\/www.aespack.com\/fr\/wp-json\/wp\/v2\/media?parent=88"}],"wp:term":[{"taxonomy":"product_cat","embeddable":true,"href":"https:\/\/www.aespack.com\/fr\/wp-json\/wp\/v2\/product_cat?post=88"},{"taxonomy":"product_tag","embeddable":true,"href":"https:\/\/www.aespack.com\/fr\/wp-json\/wp\/v2\/product_tag?post=88"}],"curies":[{"name":"wp","href":"https:\/\/api.w.org\/{rel}","templated":true}]}}