{"id":830,"date":"2025-08-28T10:18:48","date_gmt":"2025-08-28T02:18:48","guid":{"rendered":"https:\/\/www.aespack.com\/?post_type=product&#038;p=830"},"modified":"2026-04-15T14:56:33","modified_gmt":"2026-04-15T06:56:33","slug":"compostable-mailing-bag-2","status":"publish","type":"product","link":"https:\/\/www.aespack.com\/fr\/produit\/compostable-mailing-bag-2\/","title":{"rendered":"Biod\u00e9gradable Sac postal compostable"},"content":{"rendered":"<div class=\"J_module\">\n<div id=\"ali-anchor-AliMagic-94vkyf\" class=\"magic-3\" data-section=\"AliMagic-94vkyf\" data-section-title=\"Specification\">Sp\u00e9cifications<\/div>\n<div data-section=\"AliMagic-94vkyf\" data-section-title=\"Specification\"><span data-spm-anchor-id=\"a2700.details.0.i8.5cd92a1cYANduC\">Les sacs d'exp\u00e9dition biod\u00e9gradables et compostables sont l'alternative parfaite aux sacs en plastique traditionnels. Ils sont fabriqu\u00e9s \u00e0 partir d'amidon de ma\u00efs et de mat\u00e9riaux biod\u00e9gradables et compostables 100%.<\/span><br \/>\nIl peut \u00eatre biod\u00e9grad\u00e9 en engrais organique en 6 \u00e0 12 mois, sans aucune pollution. Tous les produits sont certifi\u00e9s TUV, EN13432, etc.<span data-spm-anchor-id=\"a2700.details.0.i12.5cd92a1cYANduC\">Des mati\u00e8res premi\u00e8res aux produits finis, en passant par l'encre, vous pouvez \u00eatre s\u00fbrs que tous les articles que nous produisons se d\u00e9composeront et ne nuiront pas \u00e0 l'environnement au cours du processus !<\/span><\/div>\n<div data-section=\"AliMagic-94vkyf\" data-section-title=\"Specification\"><\/div>\n<\/div>\n<div class=\"J_module\">\n<div class=\"ife-detail-decorate-table\">\n<table width=\"746\">\n<tbody>\n<tr>\n<td>Nom de l'article<\/td>\n<td>Sac d'exp\u00e9dition compostable<\/td>\n<\/tr>\n<tr>\n<td>Lieu d'origine<\/td>\n<td>Guangdong, Chine<\/td>\n<\/tr>\n<tr>\n<td>Mat\u00e9riau<\/td>\n<td>PBAT+PLA<\/td>\n<\/tr>\n<tr>\n<td>Utilisation industrielle<\/td>\n<td>Emballage pour service express<\/td>\n<\/tr>\n<tr>\n<td>Taille<\/td>\n<td>Diff\u00e9rentes tailles, sur mesure<\/td>\n<\/tr>\n<tr>\n<td>Manipulation de surface<\/td>\n<td>Impression offset<\/td>\n<\/tr>\n<tr>\n<td>Fonctionnalit\u00e9<\/td>\n<td>S\u00e9curit\u00e9,Etanch\u00e9it\u00e9<\/td>\n<\/tr>\n<tr>\n<td>Scellement et poign\u00e9e<\/td>\n<td>Joint autocollant<\/td>\n<\/tr>\n<tr>\n<td>Commande personnalis\u00e9e<\/td>\n<td>Acceptable<\/td>\n<\/tr>\n<tr>\n<td>MOQ<\/td>\n<td>10000pcs<\/td>\n<\/tr>\n<tr>\n<td>Epaisseur du mat\u00e9riau<\/td>\n<td>Les produits les plus courants sont ceux de 50 \u00e0 70 microns.<\/td>\n<\/tr>\n<tr>\n<td>Impression couleur<\/td>\n<td>Jusqu'\u00e0 8 couleurs<\/td>\n<\/tr>\n<tr>\n<td>\u00c9chantillon<\/td>\n<td>Gratuit pour les \u00e9chantillons en stock<\/td>\n<\/tr>\n<tr>\n<td>D\u00e9lai d'ex\u00e9cution<\/td>\n<td>10-15 jours<\/td>\n<\/tr>\n<tr>\n<td>Capacit\u00e9 de production<\/td>\n<td>50000000pcs\/mois<\/td>\n<\/tr>\n<\/tbody>\n<\/table>\n<\/div>\n<\/div>","protected":false},"excerpt":{"rendered":"<p>100% mat\u00e9riaux biod\u00e9gradables et compostables<\/p>\n<p>OEM&amp;ODM disponibles<\/p>\n<p>Impression de LOGO sur mesure<\/p>\n<p>Impression couleur CMYK<\/p>","protected":false},"featured_media":838,"comment_status":"open","ping_status":"closed","template":"","meta":{"_seopress_robots_primary_cat":"none"},"product_cat":[19],"product_tag":[],"class_list":["post-830","product","type-product","status-publish","has-post-thumbnail","hentry","product_cat-compostable-mailing-bag"],"featured_image_urls":{"full":["https:\/\/www.aespack.com\/wp-content\/uploads\/2022\/12\/\u5168\u964d\u89e3\u5feb\u9012\u888b-2.jpg",1000,1000,false],"thumbnail":["https:\/\/www.aespack.com\/wp-content\/uploads\/2022\/12\/\u5168\u964d\u89e3\u5feb\u9012\u888b-2-150x150.jpg",150,150,true],"medium":["https:\/\/www.aespack.com\/wp-content\/uploads\/2022\/12\/\u5168\u964d\u89e3\u5feb\u9012\u888b-2-300x300.jpg",300,300,true],"medium_large":["https:\/\/www.aespack.com\/wp-content\/uploads\/2022\/12\/\u5168\u964d\u89e3\u5feb\u9012\u888b-2-768x768.jpg",768,768,true],"large":["https:\/\/www.aespack.com\/wp-content\/uploads\/2022\/12\/\u5168\u964d\u89e3\u5feb\u9012\u888b-2.jpg",1000,1000,false],"1536x1536":["https:\/\/www.aespack.com\/wp-content\/uploads\/2022\/12\/\u5168\u964d\u89e3\u5feb\u9012\u888b-2.jpg",1000,1000,false],"2048x2048":["https:\/\/www.aespack.com\/wp-content\/uploads\/2022\/12\/\u5168\u964d\u89e3\u5feb\u9012\u888b-2.jpg",1000,1000,false],"trp-custom-language-flag":["https:\/\/www.aespack.com\/wp-content\/uploads\/2022\/12\/\u5168\u964d\u89e3\u5feb\u9012\u888b-2.jpg",12,12,false],"woocommerce_archive_thumbnail":["https:\/\/www.aespack.com\/wp-content\/uploads\/2022\/12\/\u5168\u964d\u89e3\u5feb\u9012\u888b-2-300x300.jpg",300,300,true],"woocommerce_thumbnail":["https:\/\/www.aespack.com\/wp-content\/uploads\/2022\/12\/\u5168\u964d\u89e3\u5feb\u9012\u888b-2-300x300.jpg",300,300,true],"woocommerce_single":["https:\/\/www.aespack.com\/wp-content\/uploads\/2022\/12\/\u5168\u964d\u89e3\u5feb\u9012\u888b-2-600x600.jpg",600,600,true],"woocommerce_gallery_thumbnail":["https:\/\/www.aespack.com\/wp-content\/uploads\/2022\/12\/\u5168\u964d\u89e3\u5feb\u9012\u888b-2-100x100.jpg",100,100,true]},"post_excerpt_stackable":"<p>100% biodegradable and compostable materials<\/p>\n<p>OEM&amp;ODM is available<\/p>\n<p>Custom LOGO printing<\/p>\n<p>CMYK color printing<\/p>\n","category_list":"","author_info":{"name":"","url":""},"comments_num":"0 commentaire","_links":{"self":[{"href":"https:\/\/www.aespack.com\/fr\/wp-json\/wp\/v2\/product\/830","targetHints":{"allow":["GET"]}}],"collection":[{"href":"https:\/\/www.aespack.com\/fr\/wp-json\/wp\/v2\/product"}],"about":[{"href":"https:\/\/www.aespack.com\/fr\/wp-json\/wp\/v2\/types\/product"}],"replies":[{"embeddable":true,"href":"https:\/\/www.aespack.com\/fr\/wp-json\/wp\/v2\/comments?post=830"}],"wp:featuredmedia":[{"embeddable":true,"href":"https:\/\/www.aespack.com\/fr\/wp-json\/wp\/v2\/media\/838"}],"wp:attachment":[{"href":"https:\/\/www.aespack.com\/fr\/wp-json\/wp\/v2\/media?parent=830"}],"wp:term":[{"taxonomy":"product_cat","embeddable":true,"href":"https:\/\/www.aespack.com\/fr\/wp-json\/wp\/v2\/product_cat?post=830"},{"taxonomy":"product_tag","embeddable":true,"href":"https:\/\/www.aespack.com\/fr\/wp-json\/wp\/v2\/product_tag?post=830"}],"curies":[{"name":"wp","href":"https:\/\/api.w.org\/{rel}","templated":true}]}}