{"id":814,"date":"2025-08-28T16:19:21","date_gmt":"2025-08-28T08:19:21","guid":{"rendered":"https:\/\/www.aespack.com\/?post_type=product&#038;p=814"},"modified":"2025-08-29T11:40:24","modified_gmt":"2025-08-29T03:40:24","slug":"poly-mailer-with-handle-2","status":"publish","type":"product","link":"https:\/\/www.aespack.com\/fr\/produit\/poly-mailer-with-handle-2\/","title":{"rendered":"Courrier en poly\u00e9thyl\u00e8ne recycl\u00e9 (LDPE) avec poign\u00e9e"},"content":{"rendered":"<div class=\"J_module\">\n<div data-section=\"AliMagic-94vkyf\" data-section-title=\"Specification\"><a href=\"http:\/\/poly-mailer-with-handle-2\">http:\/\/poly-mailer-with-handle<\/a><\/div>\n<div data-section=\"AliMagic-94vkyf\" data-section-title=\"Specification\"><\/div>\n<div data-section=\"AliMagic-94vkyf\" data-section-title=\"Specification\"><\/div>\n<div id=\"ali-anchor-AliMagic-94vkyf\" class=\"magic-3\" data-section=\"AliMagic-94vkyf\" data-section-title=\"Specification\">Sp\u00e9cifications<\/div>\n<\/div>\n<div class=\"J_module\">\n<div class=\"ife-detail-decorate-table\">\n<table width=\"680\">\n<tbody>\n<tr>\n<td>Nom de l'article<\/td>\n<td>Poly\u00e9thyl\u00e8ne recycl\u00e9 (LDPE) avec pochette<\/td>\n<\/tr>\n<tr>\n<td>Lieu d'origine<\/td>\n<td>Chine, Guangdong<\/td>\n<\/tr>\n<tr>\n<td>Mat\u00e9riau<\/td>\n<td>PO \/ PE \/ MDPE<\/td>\n<\/tr>\n<tr>\n<td>Utilisation industrielle<\/td>\n<td>Emballage pour service express<\/td>\n<\/tr>\n<tr>\n<td>Taille<\/td>\n<td>Diff\u00e9rentes tailles, sur mesure<\/td>\n<\/tr>\n<tr>\n<td>Manipulation de surface<\/td>\n<td>Impression offset<\/td>\n<\/tr>\n<tr>\n<td>Fonctionnalit\u00e9<\/td>\n<td>S\u00e9curit\u00e9,Etanch\u00e9it\u00e9<\/td>\n<\/tr>\n<tr>\n<td>Scellement et poign\u00e9e<\/td>\n<td>Joint autocollant<\/td>\n<\/tr>\n<tr>\n<td>Commande personnalis\u00e9e<\/td>\n<td>Acceptable<\/td>\n<\/tr>\n<tr>\n<td>MOQ<\/td>\n<td>10000pcs<\/td>\n<\/tr>\n<tr>\n<td>Epaisseur du mat\u00e9riau<\/td>\n<td>Les produits les plus courants sont ceux de 50 \u00e0 70 microns.<\/td>\n<\/tr>\n<tr>\n<td>Impression couleur<\/td>\n<td>Jusqu'\u00e0 8 couleurs<\/td>\n<\/tr>\n<tr>\n<td>\u00c9chantillon<\/td>\n<td>Gratuit pour les \u00e9chantillons en stock<\/td>\n<\/tr>\n<tr>\n<td>D\u00e9lai d'ex\u00e9cution<\/td>\n<td>10-15 jours<\/td>\n<\/tr>\n<tr>\n<td>Capacit\u00e9 de production<\/td>\n<td>50000000pcs\/mois<\/td>\n<\/tr>\n<\/tbody>\n<\/table>\n<\/div>\n<\/div>","protected":false},"excerpt":{"rendered":"<h4 class=\"wt-line-height-tight wt-break-word wt-text-body\" tabindex=\"0\" data-buy-box-listing-title=\"true\">Sacs d'exp\u00e9dition personnalis\u00e9s avec logo, mat\u00e9riau respectueux de l'environnement.<\/h4>\n<p>Film LDPE, couleur personnalis\u00e9e disponible.<\/p>\n<p>Une technique sp\u00e9ciale est disponible.<\/p>\n<p>Impression de logos personnalis\u00e9s.<\/p>\n<p>Taille et \u00e9paisseur personnalis\u00e9es.<\/p>\n<p>Imperm\u00e9able \u00e0 l'eau.<\/p>\n<p>R\u00e9sistance \u00e0 la d\u00e9chirure.<\/p>\n<p>Forte adh\u00e9sivit\u00e9.<\/p>\n<p>Bon palier.<\/p>\n<p>Antid\u00e9flagrant.<\/p>\n<h4 class=\"wt-line-height-tight wt-break-word wt-text-body\" tabindex=\"0\" data-buy-box-listing-title=\"true\"><\/h4>","protected":false},"featured_media":822,"comment_status":"open","ping_status":"closed","template":"","meta":{"_seopress_robots_primary_cat":"none"},"product_cat":[26],"product_tag":[],"class_list":["post-814","product","type-product","status-publish","has-post-thumbnail","hentry","product_cat-poly-mailer"],"featured_image_urls":{"full":["https:\/\/www.aespack.com\/wp-content\/uploads\/2022\/12\/fc807e-1.jpg",800,800,false],"thumbnail":["https:\/\/www.aespack.com\/wp-content\/uploads\/2022\/12\/fc807e-1-150x150.jpg",150,150,true],"medium":["https:\/\/www.aespack.com\/wp-content\/uploads\/2022\/12\/fc807e-1-300x300.jpg",300,300,true],"medium_large":["https:\/\/www.aespack.com\/wp-content\/uploads\/2022\/12\/fc807e-1-768x768.jpg",768,768,true],"large":["https:\/\/www.aespack.com\/wp-content\/uploads\/2022\/12\/fc807e-1.jpg",800,800,false],"1536x1536":["https:\/\/www.aespack.com\/wp-content\/uploads\/2022\/12\/fc807e-1.jpg",800,800,false],"2048x2048":["https:\/\/www.aespack.com\/wp-content\/uploads\/2022\/12\/fc807e-1.jpg",800,800,false],"trp-custom-language-flag":["https:\/\/www.aespack.com\/wp-content\/uploads\/2022\/12\/fc807e-1.jpg",12,12,false],"woocommerce_archive_thumbnail":["https:\/\/www.aespack.com\/wp-content\/uploads\/2022\/12\/fc807e-1-300x300.jpg",300,300,true],"woocommerce_thumbnail":["https:\/\/www.aespack.com\/wp-content\/uploads\/2022\/12\/fc807e-1-300x300.jpg",300,300,true],"woocommerce_single":["https:\/\/www.aespack.com\/wp-content\/uploads\/2022\/12\/fc807e-1-600x600.jpg",600,600,true],"woocommerce_gallery_thumbnail":["https:\/\/www.aespack.com\/wp-content\/uploads\/2022\/12\/fc807e-1-100x100.jpg",100,100,true]},"post_excerpt_stackable":"<h4 class=\"wt-line-height-tight wt-break-word wt-text-body\" tabindex=\"0\" data-buy-box-listing-title=\"true\">Custom shipping bags with logo,eco-friendly material.<\/h4>\n<p>LDPE film,customized film color is available.<\/p>\n<p>Special technique is available.<\/p>\n<p>Customized logo printing.<\/p>\n<p>Customized size &amp; thickness.<\/p>\n<p>Water proof.<\/p>\n<p>Tear resistance.<\/p>\n<p>Strong stickiness.<\/p>\n<p>Good bearing.<\/p>\n<p>Explosion-proof.<\/p>\n<h4 class=\"wt-line-height-tight wt-break-word wt-text-body\" tabindex=\"0\" data-buy-box-listing-title=\"true\"><\/h4>\n","category_list":"","author_info":{"name":"","url":""},"comments_num":"0 commentaire","_links":{"self":[{"href":"https:\/\/www.aespack.com\/fr\/wp-json\/wp\/v2\/product\/814","targetHints":{"allow":["GET"]}}],"collection":[{"href":"https:\/\/www.aespack.com\/fr\/wp-json\/wp\/v2\/product"}],"about":[{"href":"https:\/\/www.aespack.com\/fr\/wp-json\/wp\/v2\/types\/product"}],"replies":[{"embeddable":true,"href":"https:\/\/www.aespack.com\/fr\/wp-json\/wp\/v2\/comments?post=814"}],"wp:featuredmedia":[{"embeddable":true,"href":"https:\/\/www.aespack.com\/fr\/wp-json\/wp\/v2\/media\/822"}],"wp:attachment":[{"href":"https:\/\/www.aespack.com\/fr\/wp-json\/wp\/v2\/media?parent=814"}],"wp:term":[{"taxonomy":"product_cat","embeddable":true,"href":"https:\/\/www.aespack.com\/fr\/wp-json\/wp\/v2\/product_cat?post=814"},{"taxonomy":"product_tag","embeddable":true,"href":"https:\/\/www.aespack.com\/fr\/wp-json\/wp\/v2\/product_tag?post=814"}],"curies":[{"name":"wp","href":"https:\/\/api.w.org\/{rel}","templated":true}]}}