{"id":1366,"date":"2025-08-26T10:04:28","date_gmt":"2025-08-26T02:04:28","guid":{"rendered":"https:\/\/www.aespack.com\/?post_type=product&#038;p=1366"},"modified":"2025-08-26T15:07:16","modified_gmt":"2025-08-26T07:07:16","slug":"oem-security-bank-tamper-evident-deposit-bags-cash-transit-bags","status":"publish","type":"product","link":"https:\/\/www.aespack.com\/fr\/produit\/oem-security-bank-tamper-evident-deposit-bags-cash-transit-bags\/","title":{"rendered":"OEM Security Bank Tamper Evident Deposit Bags &amp; Cash Transit Bags"},"content":{"rendered":"<div class=\"J_module\">\n<div id=\"ali-anchor-AliMagic-94vkyf\" class=\"magic-3\" data-section=\"AliMagic-94vkyf\" data-section-title=\"Specification\">Sp\u00e9cifications<\/div>\n<\/div>\n<div class=\"J_module\">\n<div class=\"ife-detail-decorate-table\">\n<table style=\"height: 447px;\" width=\"748\">\n<tbody>\n<tr>\n<td>Nom de l'article<\/td>\n<td>OEM Security Bank Tamper Evident Deposit Bags &amp; Cash Transit Bags<\/td>\n<\/tr>\n<tr>\n<td>Lieu d'origine<\/td>\n<td>Guangdong, Chine<\/td>\n<\/tr>\n<tr>\n<td>Mat\u00e9riau<\/td>\n<td>LDPE \/HDPE\/Film poly\u00e9thyl\u00e8ne ind\u00e9chirable, transparent ou opaque<\/td>\n<\/tr>\n<tr>\n<td>Utilisation industrielle<\/td>\n<td>Banque\/poste de police\/gouvernement\/etc<\/td>\n<\/tr>\n<tr>\n<td>Taille<\/td>\n<td>A3,A4,A5,Diff\u00e9rentes tailles, sur mesure<\/td>\n<\/tr>\n<tr>\n<td>Code-barres imprim\u00e9<\/td>\n<td>Num\u00e9ros de baroque et de s\u00e9rie disponibles\/multiples pour le suivi et la tra\u00e7abilit\u00e9.<\/td>\n<\/tr>\n<tr>\n<td>Fonctionnalit\u00e9<\/td>\n<td>S\u00e9curit\u00e9, \u00e9tanch\u00e9it\u00e9, recyclage<\/td>\n<\/tr>\n<tr>\n<td>Scellement et poign\u00e9e<\/td>\n<td>Joint autocollant<\/td>\n<\/tr>\n<tr>\n<td>Commande personnalis\u00e9e<\/td>\n<td>Acceptable<\/td>\n<\/tr>\n<tr>\n<td>MOQ<\/td>\n<td>10000 pi\u00e8ces<\/td>\n<\/tr>\n<tr>\n<td>Epaisseur du mat\u00e9riau<\/td>\n<td>Le produit le plus courant est le 70 microns, mais il est \u00e9galement possible d'obtenir des produits de 45 \u00e0 200 microns.<\/td>\n<\/tr>\n<tr>\n<td>Impression couleur<\/td>\n<td>Jusqu'\u00e0 8 couleurs<\/td>\n<\/tr>\n<tr>\n<td>\u00c9chantillon<\/td>\n<td>Gratuit pour les \u00e9chantillons en stock<\/td>\n<\/tr>\n<tr>\n<td>D\u00e9lai d'ex\u00e9cution<\/td>\n<td>10-15 jours<\/td>\n<\/tr>\n<tr>\n<td>Capacit\u00e9 de production<\/td>\n<td>5000000pcs\/mois<\/td>\n<\/tr>\n<\/tbody>\n<\/table>\n<h3 class=\"mb-2 text-center md:text-left text-[12px] lg:text-[14px] leading-normal text-core-grey-90\"><\/h3>\n<\/div>\n<\/div>","protected":false},"excerpt":{"rendered":"<p>Plusieurs re\u00e7us d\u00e9tachables<\/p>\n<p>100% mat\u00e9riaux recyclables et respectueux de l'environnement, couleur claire ou opaque ;<\/p>\n<p>Possibilit\u00e9 d'imprimer plusieurs codes-barres et num\u00e9ros de s\u00e9rie.<\/p>\n<p>Adh\u00e9sif auto-scell\u00e9 avec graphiques indiquant la temp\u00e9rature.<\/p>\n<p>Imperm\u00e9able \u00e0 l'eau.<\/p>\n<p>R\u00e9sistance \u00e0 la d\u00e9chirure.<\/p>\n<p>Forte adh\u00e9sivit\u00e9.<\/p>\n<p>Bon palier.<\/p>\n<p>Antid\u00e9flagrant.<\/p>","protected":false},"featured_media":1374,"comment_status":"open","ping_status":"closed","template":"","meta":{"_seopress_robots_primary_cat":"none"},"product_cat":[29],"product_tag":[],"class_list":["post-1366","product","type-product","status-publish","has-post-thumbnail","hentry","product_cat-tamper-evident-bag"],"featured_image_urls":{"full":["https:\/\/www.aespack.com\/wp-content\/uploads\/2024\/05\/54e8b3.jpg",1200,1200,false],"thumbnail":["https:\/\/www.aespack.com\/wp-content\/uploads\/2024\/05\/54e8b3-150x150.jpg",150,150,true],"medium":["https:\/\/www.aespack.com\/wp-content\/uploads\/2024\/05\/54e8b3-300x300.jpg",300,300,true],"medium_large":["https:\/\/www.aespack.com\/wp-content\/uploads\/2024\/05\/54e8b3-768x768.jpg",768,768,true],"large":["https:\/\/www.aespack.com\/wp-content\/uploads\/2024\/05\/54e8b3-1024x1024.jpg",1024,1024,true],"1536x1536":["https:\/\/www.aespack.com\/wp-content\/uploads\/2024\/05\/54e8b3.jpg",1200,1200,false],"2048x2048":["https:\/\/www.aespack.com\/wp-content\/uploads\/2024\/05\/54e8b3.jpg",1200,1200,false],"trp-custom-language-flag":["https:\/\/www.aespack.com\/wp-content\/uploads\/2024\/05\/54e8b3-12x12.jpg",12,12,true],"woocommerce_archive_thumbnail":["https:\/\/www.aespack.com\/wp-content\/uploads\/2024\/05\/54e8b3-300x300.jpg",300,300,true],"woocommerce_thumbnail":["https:\/\/www.aespack.com\/wp-content\/uploads\/2024\/05\/54e8b3-300x300.jpg",300,300,true],"woocommerce_single":["https:\/\/www.aespack.com\/wp-content\/uploads\/2024\/05\/54e8b3-600x600.jpg",600,600,true],"woocommerce_gallery_thumbnail":["https:\/\/www.aespack.com\/wp-content\/uploads\/2024\/05\/54e8b3-100x100.jpg",100,100,true]},"post_excerpt_stackable":"<p>Multiple Tear-off receipt<\/p>\n<p>100% recyclable and environment\u2013friendly materials,Clear or Opaque color;<\/p>\n<p>Can be printed multiple Barcode&amp;Serial numbers.<\/p>\n<p>Self-sealed adhesive with temper indicating graphics.<\/p>\n<p>Water proof.<\/p>\n<p>Tear resistance.<\/p>\n<p>Strong stickiness.<\/p>\n<p>Good bearing.<\/p>\n<p>Explosion-proof.<\/p>\n","category_list":"","author_info":{"name":"","url":""},"comments_num":"0 commentaire","_links":{"self":[{"href":"https:\/\/www.aespack.com\/fr\/wp-json\/wp\/v2\/product\/1366","targetHints":{"allow":["GET"]}}],"collection":[{"href":"https:\/\/www.aespack.com\/fr\/wp-json\/wp\/v2\/product"}],"about":[{"href":"https:\/\/www.aespack.com\/fr\/wp-json\/wp\/v2\/types\/product"}],"replies":[{"embeddable":true,"href":"https:\/\/www.aespack.com\/fr\/wp-json\/wp\/v2\/comments?post=1366"}],"wp:featuredmedia":[{"embeddable":true,"href":"https:\/\/www.aespack.com\/fr\/wp-json\/wp\/v2\/media\/1374"}],"wp:attachment":[{"href":"https:\/\/www.aespack.com\/fr\/wp-json\/wp\/v2\/media?parent=1366"}],"wp:term":[{"taxonomy":"product_cat","embeddable":true,"href":"https:\/\/www.aespack.com\/fr\/wp-json\/wp\/v2\/product_cat?post=1366"},{"taxonomy":"product_tag","embeddable":true,"href":"https:\/\/www.aespack.com\/fr\/wp-json\/wp\/v2\/product_tag?post=1366"}],"curies":[{"name":"wp","href":"https:\/\/api.w.org\/{rel}","templated":true}]}}