{"id":1322,"date":"2025-08-28T10:00:57","date_gmt":"2025-08-28T02:00:57","guid":{"rendered":"https:\/\/www.aespack.com\/?post_type=product&#038;p=1322"},"modified":"2025-08-29T10:38:46","modified_gmt":"2025-08-29T02:38:46","slug":"temper-evident-bank-deposit-plastic-bag","status":"publish","type":"product","link":"https:\/\/www.aespack.com\/fr\/produit\/temper-evident-bank-deposit-plastic-bag\/","title":{"rendered":"Sac plastique de d\u00e9p\u00f4t bancaire \u00e0 t\u00e9moin de temp\u00e9rature"},"content":{"rendered":"<div class=\"J_module\">\n<div data-section=\"AliMagic-94vkyf\" data-section-title=\"Specification\">Sac plastique de d\u00e9p\u00f4t bancaire \u00e0 t\u00e9moin de temp\u00e9rature<\/div>\n<div data-section=\"AliMagic-94vkyf\" data-section-title=\"Specification\"><\/div>\n<div id=\"ali-anchor-AliMagic-94vkyf\" class=\"magic-3\" data-section=\"AliMagic-94vkyf\" data-section-title=\"Specification\">Sp\u00e9cifications<\/div>\n<\/div>\n<div class=\"J_module\">\n<div class=\"ife-detail-decorate-table\">\n<table style=\"height: 448px;\" width=\"746\">\n<tbody>\n<tr>\n<td>Nom de l'article<\/td>\n<td>Sac plastique de d\u00e9p\u00f4t bancaire \u00e0 t\u00e9moin de temp\u00e9rature<\/td>\n<\/tr>\n<tr>\n<td>Lieu d'origine<\/td>\n<td>Guangdong, Chine<\/td>\n<\/tr>\n<tr>\n<td>Mat\u00e9riau<\/td>\n<td>LDPE \/HDPE<\/td>\n<\/tr>\n<tr>\n<td>Utilisation industrielle<\/td>\n<td>Banque\/poste de police\/gouvernement\/etc<\/td>\n<\/tr>\n<tr>\n<td>Taille<\/td>\n<td>A3,A4,A5,Diff\u00e9rentes tailles, sur mesure<\/td>\n<\/tr>\n<tr>\n<td>Manipulation de surface<\/td>\n<td>Impression en h\u00e9liogravure<\/td>\n<\/tr>\n<tr>\n<td>Fonctionnalit\u00e9<\/td>\n<td>S\u00e9curit\u00e9, \u00e9tanch\u00e9it\u00e9, recyclage<\/td>\n<\/tr>\n<tr>\n<td>Scellement et poign\u00e9e<\/td>\n<td>Joint autocollant<\/td>\n<\/tr>\n<tr>\n<td>Commande personnalis\u00e9e<\/td>\n<td>Acceptable<\/td>\n<\/tr>\n<tr>\n<td>MOQ<\/td>\n<td>10000 pi\u00e8ces<\/td>\n<\/tr>\n<tr>\n<td>Epaisseur du mat\u00e9riau<\/td>\n<td>Le produit le plus courant est le 70 microns, mais il est \u00e9galement possible d'obtenir des produits de 45 \u00e0 200 microns.<\/td>\n<\/tr>\n<tr>\n<td>Impression couleur<\/td>\n<td>Jusqu'\u00e0 8 couleurs<\/td>\n<\/tr>\n<tr>\n<td>\u00c9chantillon<\/td>\n<td>Gratuit pour les \u00e9chantillons en stock<\/td>\n<\/tr>\n<tr>\n<td>D\u00e9lai d'ex\u00e9cution<\/td>\n<td>10-15 jours<\/td>\n<\/tr>\n<tr>\n<td>Capacit\u00e9 de production<\/td>\n<td>5000000pcs\/mois<\/td>\n<\/tr>\n<\/tbody>\n<\/table>\n<h3 class=\"mb-2 text-center md:text-left text-[12px] lg:text-[14px] leading-normal text-core-grey-90\"><\/h3>\n<\/div>\n<\/div>","protected":false},"excerpt":{"rendered":"<p>Num\u00e9ro de s\u00e9rie et code-barres uniques lors de la personnalisation ;<\/p>\n<p>Rubans de fermeture \u00e0 t\u00e9moin d'int\u00e9grit\u00e9 ;<\/p>\n<p>100% mat\u00e9riaux recyclables et respectueux de l'environnement ;<\/p>\n<p>Imperm\u00e9able \u00e0 l'eau.<\/p>\n<p>R\u00e9sistance \u00e0 la d\u00e9chirure.<\/p>\n<p>Forte adh\u00e9sivit\u00e9.<\/p>\n<p>Bon palier.<\/p>\n<p>Antid\u00e9flagrant.<\/p>","protected":false},"featured_media":1361,"comment_status":"open","ping_status":"closed","template":"","meta":{"_seopress_robots_primary_cat":"none"},"product_cat":[29],"product_tag":[],"class_list":["post-1322","product","type-product","status-publish","has-post-thumbnail","hentry","product_cat-tamper-evident-bag"],"featured_image_urls":{"full":["https:\/\/www.aespack.com\/wp-content\/uploads\/2024\/05\/Bank-bag-1.jpg",800,800,false],"thumbnail":["https:\/\/www.aespack.com\/wp-content\/uploads\/2024\/05\/Bank-bag-1-150x150.jpg",150,150,true],"medium":["https:\/\/www.aespack.com\/wp-content\/uploads\/2024\/05\/Bank-bag-1-300x300.jpg",300,300,true],"medium_large":["https:\/\/www.aespack.com\/wp-content\/uploads\/2024\/05\/Bank-bag-1-768x768.jpg",768,768,true],"large":["https:\/\/www.aespack.com\/wp-content\/uploads\/2024\/05\/Bank-bag-1.jpg",800,800,false],"1536x1536":["https:\/\/www.aespack.com\/wp-content\/uploads\/2024\/05\/Bank-bag-1.jpg",800,800,false],"2048x2048":["https:\/\/www.aespack.com\/wp-content\/uploads\/2024\/05\/Bank-bag-1.jpg",800,800,false],"trp-custom-language-flag":["https:\/\/www.aespack.com\/wp-content\/uploads\/2024\/05\/Bank-bag-1-12x12.jpg",12,12,true],"woocommerce_archive_thumbnail":["https:\/\/www.aespack.com\/wp-content\/uploads\/2024\/05\/Bank-bag-1-300x300.jpg",300,300,true],"woocommerce_thumbnail":["https:\/\/www.aespack.com\/wp-content\/uploads\/2024\/05\/Bank-bag-1-300x300.jpg",300,300,true],"woocommerce_single":["https:\/\/www.aespack.com\/wp-content\/uploads\/2024\/05\/Bank-bag-1-600x600.jpg",600,600,true],"woocommerce_gallery_thumbnail":["https:\/\/www.aespack.com\/wp-content\/uploads\/2024\/05\/Bank-bag-1-100x100.jpg",100,100,true]},"post_excerpt_stackable":"<p>Unique serial number and barcode upon customization;<\/p>\n<p>Tamper Evident Closure Tapes;<\/p>\n<p>100% recyclable and environment\u2013friendly materials;<\/p>\n<p>Water proof.<\/p>\n<p>Tear resistance.<\/p>\n<p>Strong stickiness.<\/p>\n<p>Good bearing.<\/p>\n<p>Explosion-proof.<\/p>\n","category_list":"","author_info":{"name":"","url":""},"comments_num":"0 commentaire","_links":{"self":[{"href":"https:\/\/www.aespack.com\/fr\/wp-json\/wp\/v2\/product\/1322","targetHints":{"allow":["GET"]}}],"collection":[{"href":"https:\/\/www.aespack.com\/fr\/wp-json\/wp\/v2\/product"}],"about":[{"href":"https:\/\/www.aespack.com\/fr\/wp-json\/wp\/v2\/types\/product"}],"replies":[{"embeddable":true,"href":"https:\/\/www.aespack.com\/fr\/wp-json\/wp\/v2\/comments?post=1322"}],"wp:featuredmedia":[{"embeddable":true,"href":"https:\/\/www.aespack.com\/fr\/wp-json\/wp\/v2\/media\/1361"}],"wp:attachment":[{"href":"https:\/\/www.aespack.com\/fr\/wp-json\/wp\/v2\/media?parent=1322"}],"wp:term":[{"taxonomy":"product_cat","embeddable":true,"href":"https:\/\/www.aespack.com\/fr\/wp-json\/wp\/v2\/product_cat?post=1322"},{"taxonomy":"product_tag","embeddable":true,"href":"https:\/\/www.aespack.com\/fr\/wp-json\/wp\/v2\/product_tag?post=1322"}],"curies":[{"name":"wp","href":"https:\/\/api.w.org\/{rel}","templated":true}]}}