{"id":1311,"date":"2026-03-11T11:31:58","date_gmt":"2026-03-11T03:31:58","guid":{"rendered":"https:\/\/www.aespack.com\/?post_type=product&#038;p=1311"},"modified":"2026-03-12T14:55:36","modified_gmt":"2026-03-12T06:55:36","slug":"recycled-ldpe-material-custom-poly-mailers","status":"publish","type":"product","link":"https:\/\/www.aespack.com\/fr\/produit\/recycled-ldpe-material-custom-poly-mailers\/","title":{"rendered":"Mat\u00e9riau LDPE recycl\u00e9 Poly Mailers personnalis\u00e9s"},"content":{"rendered":"<div class=\"J_module\">\n<div id=\"ali-anchor-AliMagic-94vkyf\" class=\"magic-3\" data-section=\"AliMagic-94vkyf\" data-section-title=\"Specification\">Sp\u00e9cifications<\/div>\n<\/div>\n<div class=\"J_module\">\n<div class=\"ife-detail-decorate-table\">\n<table style=\"height: 448px;\" width=\"746\">\n<tbody>\n<tr>\n<td>Nom de l'article<\/td>\n<td>Mat\u00e9riau recycl\u00e9 Poly Mailers personnalis\u00e9s<\/td>\n<\/tr>\n<tr>\n<td>Lieu d'origine<\/td>\n<td>Guangdong, Chine<\/td>\n<\/tr>\n<tr>\n<td>Mat\u00e9riau<\/td>\n<td>PO \/ PE \/ MDPE<\/td>\n<\/tr>\n<tr>\n<td>Utilisation industrielle<\/td>\n<td>Service express Emballage\/exp\u00e9dition<\/td>\n<\/tr>\n<tr>\n<td>Taille<\/td>\n<td>Diff\u00e9rentes tailles, sur mesure<\/td>\n<\/tr>\n<tr>\n<td>Manipulation de surface<\/td>\n<td>Impression offset<\/td>\n<\/tr>\n<tr>\n<td>Fonctionnalit\u00e9<\/td>\n<td>S\u00e9curit\u00e9,Etanch\u00e9it\u00e9<\/td>\n<\/tr>\n<tr>\n<td>Scellement et poign\u00e9e<\/td>\n<td>Joint autocollant<\/td>\n<\/tr>\n<tr>\n<td>Commande personnalis\u00e9e<\/td>\n<td>Acceptable<\/td>\n<\/tr>\n<tr>\n<td>MOQ<\/td>\n<td>10000 pi\u00e8ces<\/td>\n<\/tr>\n<tr>\n<td>Epaisseur du mat\u00e9riau<\/td>\n<td>Les produits les plus courants sont les suivants : 50-70 microns\/2mil\/2,5ml\/3mil, etc.<\/td>\n<\/tr>\n<tr>\n<td>Impression couleur<\/td>\n<td>Jusqu'\u00e0 8 couleurs<\/td>\n<\/tr>\n<tr>\n<td>\u00c9chantillon<\/td>\n<td>Gratuit pour les \u00e9chantillons en stock<\/td>\n<\/tr>\n<tr>\n<td>D\u00e9lai d'ex\u00e9cution<\/td>\n<td>10-15 jours<\/td>\n<\/tr>\n<tr>\n<td>Capacit\u00e9 de production<\/td>\n<td>50000000pcs\/mois<\/td>\n<\/tr>\n<\/tbody>\n<\/table>\n<h3 class=\"mb-2 text-center md:text-left text-[12px] lg:text-[14px] leading-normal text-core-grey-90\">Nos pochettes personnalis\u00e9es sont fabriqu\u00e9es \u00e0 partir de plastique recycl\u00e9 100%. Jusqu'\u00e0 huit couleurs diff\u00e9rentes pour que vos sacs postaux en poly\u00e9thyl\u00e8ne se distinguent des autres !<\/h3>\n<\/div>\n<\/div>","protected":false},"excerpt":{"rendered":"<h4 class=\"mb-2 text-center md:text-left text-[12px] lg:text-[14px] leading-normal text-core-grey-90\">Nos pochettes personnalis\u00e9es sont fabriqu\u00e9es \u00e0 partir de plastique recycl\u00e9 100%. Jusqu'\u00e0 huit couleurs diff\u00e9rentes pour que vos sacs personnalis\u00e9s sortent du lot !<\/h4>\n<h4>Imperm\u00e9able \u00e0 l'eau.<\/h4>\n<h4>R\u00e9sistance \u00e0 la d\u00e9chirure.<\/h4>\n<h4>Forte adh\u00e9sivit\u00e9.<\/h4>\n<h4>Bon palier.<\/h4>\n<h4>Antid\u00e9flagrant.<\/h4>","protected":false},"featured_media":1312,"comment_status":"open","ping_status":"closed","template":"","meta":{"_seopress_robots_primary_cat":"none"},"product_cat":[26],"product_tag":[],"class_list":["post-1311","product","type-product","status-publish","has-post-thumbnail","hentry","product_cat-poly-mailer"],"featured_image_urls":{"full":["https:\/\/www.aespack.com\/wp-content\/uploads\/2024\/04\/\u5b9a\u5236\u5feb\u9012\u888b-3.jpg",1500,1500,false],"thumbnail":["https:\/\/www.aespack.com\/wp-content\/uploads\/2024\/04\/\u5b9a\u5236\u5feb\u9012\u888b-3-150x150.jpg",150,150,true],"medium":["https:\/\/www.aespack.com\/wp-content\/uploads\/2024\/04\/\u5b9a\u5236\u5feb\u9012\u888b-3-300x300.jpg",300,300,true],"medium_large":["https:\/\/www.aespack.com\/wp-content\/uploads\/2024\/04\/\u5b9a\u5236\u5feb\u9012\u888b-3-768x768.jpg",768,768,true],"large":["https:\/\/www.aespack.com\/wp-content\/uploads\/2024\/04\/\u5b9a\u5236\u5feb\u9012\u888b-3-1024x1024.jpg",1024,1024,true],"1536x1536":["https:\/\/www.aespack.com\/wp-content\/uploads\/2024\/04\/\u5b9a\u5236\u5feb\u9012\u888b-3.jpg",1500,1500,false],"2048x2048":["https:\/\/www.aespack.com\/wp-content\/uploads\/2024\/04\/\u5b9a\u5236\u5feb\u9012\u888b-3.jpg",1500,1500,false],"trp-custom-language-flag":["https:\/\/www.aespack.com\/wp-content\/uploads\/2024\/04\/\u5b9a\u5236\u5feb\u9012\u888b-3.jpg",12,12,false],"woocommerce_archive_thumbnail":["https:\/\/www.aespack.com\/wp-content\/uploads\/2024\/04\/\u5b9a\u5236\u5feb\u9012\u888b-3-300x300.jpg",300,300,true],"woocommerce_thumbnail":["https:\/\/www.aespack.com\/wp-content\/uploads\/2024\/04\/\u5b9a\u5236\u5feb\u9012\u888b-3-300x300.jpg",300,300,true],"woocommerce_single":["https:\/\/www.aespack.com\/wp-content\/uploads\/2024\/04\/\u5b9a\u5236\u5feb\u9012\u888b-3-600x600.jpg",600,600,true],"woocommerce_gallery_thumbnail":["https:\/\/www.aespack.com\/wp-content\/uploads\/2024\/04\/\u5b9a\u5236\u5feb\u9012\u888b-3-100x100.jpg",100,100,true]},"post_excerpt_stackable":"<h4 class=\"mb-2 text-center md:text-left text-[12px] lg:text-[14px] leading-normal text-core-grey-90\">Our custom poly mailers are made from 100% recycled plastics. Up to Eight different colors to make your custom bags stand out from the crowd!<\/h4>\n<h4>Water proof.<\/h4>\n<h4>Tear resistance.<\/h4>\n<h4>Strong stickiness.<\/h4>\n<h4>Good bearing.<\/h4>\n<h4>Explosion-proof.<\/h4>\n","category_list":"","author_info":{"name":"","url":""},"comments_num":"0 commentaire","_links":{"self":[{"href":"https:\/\/www.aespack.com\/fr\/wp-json\/wp\/v2\/product\/1311","targetHints":{"allow":["GET"]}}],"collection":[{"href":"https:\/\/www.aespack.com\/fr\/wp-json\/wp\/v2\/product"}],"about":[{"href":"https:\/\/www.aespack.com\/fr\/wp-json\/wp\/v2\/types\/product"}],"replies":[{"embeddable":true,"href":"https:\/\/www.aespack.com\/fr\/wp-json\/wp\/v2\/comments?post=1311"}],"wp:featuredmedia":[{"embeddable":true,"href":"https:\/\/www.aespack.com\/fr\/wp-json\/wp\/v2\/media\/1312"}],"wp:attachment":[{"href":"https:\/\/www.aespack.com\/fr\/wp-json\/wp\/v2\/media?parent=1311"}],"wp:term":[{"taxonomy":"product_cat","embeddable":true,"href":"https:\/\/www.aespack.com\/fr\/wp-json\/wp\/v2\/product_cat?post=1311"},{"taxonomy":"product_tag","embeddable":true,"href":"https:\/\/www.aespack.com\/fr\/wp-json\/wp\/v2\/product_tag?post=1311"}],"curies":[{"name":"wp","href":"https:\/\/api.w.org\/{rel}","templated":true}]}}