{"id":1310,"date":"2026-04-27T15:03:57","date_gmt":"2026-04-27T07:03:57","guid":{"rendered":"https:\/\/www.aespack.com\/?post_type=product&#038;p=1310"},"modified":"2026-04-28T09:58:20","modified_gmt":"2026-04-28T01:58:20","slug":"compostable-mailing-bag-3","status":"publish","type":"product","link":"https:\/\/www.aespack.com\/fr\/produit\/compostable-mailing-bag-3\/","title":{"rendered":"Sac d'exp\u00e9dition compostable"},"content":{"rendered":"<div class=\"J_module\">\n<div id=\"ali-anchor-AliMagic-94vkyf\" class=\"magic-3\" data-section=\"AliMagic-94vkyf\" data-section-title=\"Specification\">Sp\u00e9cifications<\/div>\n<div data-section=\"AliMagic-94vkyf\" data-section-title=\"Specification\"><span data-spm-anchor-id=\"a2700.details.0.i8.5cd92a1cYANduC\">Les sacs d'exp\u00e9dition compostables sont l'alternative parfaite aux sacs en plastique traditionnels. Ils sont fabriqu\u00e9s \u00e0 partir d'amidon de ma\u00efs et de mat\u00e9riaux biod\u00e9gradables et compostables 100%.<\/span><br \/>\nIl peut \u00eatre biod\u00e9grad\u00e9 en engrais organique en 6 \u00e0 12 mois, sans aucune pollution. Tous les produits sont certifi\u00e9s TUV, EN13432, etc.<span data-spm-anchor-id=\"a2700.details.0.i12.5cd92a1cYANduC\">Des mati\u00e8res premi\u00e8res aux produits finis, en passant par l'encre, vous pouvez \u00eatre s\u00fbrs que tous les articles que nous produisons se d\u00e9composeront et ne nuiront pas \u00e0 l'environnement au cours du processus !<\/span><\/div>\n<div data-section=\"AliMagic-94vkyf\" data-section-title=\"Specification\"><\/div>\n<\/div>\n<div class=\"J_module\">\n<div class=\"ife-detail-decorate-table\">\n<table width=\"746\">\n<tbody>\n<tr>\n<td>Nom de l'article<\/td>\n<td>Sac d'exp\u00e9dition compostable<\/td>\n<\/tr>\n<tr>\n<td>Lieu d'origine<\/td>\n<td>Guangdong, Chine<\/td>\n<\/tr>\n<tr>\n<td>Mat\u00e9riau<\/td>\n<td>PBAT+PLA<\/td>\n<\/tr>\n<tr>\n<td>Utilisation industrielle<\/td>\n<td>Emballage pour service express<\/td>\n<\/tr>\n<tr>\n<td>Taille<\/td>\n<td>Diff\u00e9rentes tailles, sur mesure<\/td>\n<\/tr>\n<tr>\n<td>Manipulation de surface<\/td>\n<td>Impression offset<\/td>\n<\/tr>\n<tr>\n<td>Fonctionnalit\u00e9<\/td>\n<td>S\u00e9curit\u00e9,Etanch\u00e9it\u00e9<\/td>\n<\/tr>\n<tr>\n<td>Scellement et poign\u00e9e<\/td>\n<td>Joint autocollant<\/td>\n<\/tr>\n<tr>\n<td>Commande personnalis\u00e9e<\/td>\n<td>Acceptable<\/td>\n<\/tr>\n<tr>\n<td>MOQ<\/td>\n<td>10000pcs<\/td>\n<\/tr>\n<tr>\n<td>Epaisseur du mat\u00e9riau<\/td>\n<td>Les produits les plus courants sont ceux de 50 \u00e0 70 microns.<\/td>\n<\/tr>\n<tr>\n<td>Impression couleur<\/td>\n<td>Jusqu'\u00e0 8 couleurs<\/td>\n<\/tr>\n<tr>\n<td>\u00c9chantillon<\/td>\n<td>Gratuit pour les \u00e9chantillons en stock<\/td>\n<\/tr>\n<tr>\n<td>D\u00e9lai d'ex\u00e9cution<\/td>\n<td>10-15 jours<\/td>\n<\/tr>\n<tr>\n<td>Capacit\u00e9 de production<\/td>\n<td>50000000pcs\/mois<\/td>\n<\/tr>\n<\/tbody>\n<\/table>\n<\/div>\n<\/div>","protected":false},"excerpt":{"rendered":"<p><span data-spm-anchor-id=\"a2700.details.0.i8.5cd92a1cYANduC\">100% mat\u00e9riaux biod\u00e9gradables et compostables (PBAT+PLA).<\/span><\/p>\n<p>Il peut \u00eatre biod\u00e9grad\u00e9 en engrais organique en l'espace de 6 \u00e0 12 mois, sans aucune pollution.<\/p>\n<p>&nbsp;<\/p>\n<p>&nbsp;<\/p>\n<p>&nbsp;<\/p>","protected":false},"featured_media":1043,"comment_status":"open","ping_status":"closed","template":"","meta":{"_seopress_robots_primary_cat":"none"},"product_cat":[19],"product_tag":[],"class_list":["post-1310","product","type-product","status-publish","has-post-thumbnail","hentry","product_cat-compostable-mailing-bag"],"featured_image_urls":{"full":["https:\/\/www.aespack.com\/wp-content\/uploads\/2023\/02\/\u5168\u964d\u89e3\u5feb\u9012\u888b-35.jpg",800,800,false],"thumbnail":["https:\/\/www.aespack.com\/wp-content\/uploads\/2023\/02\/\u5168\u964d\u89e3\u5feb\u9012\u888b-35-150x150.jpg",150,150,true],"medium":["https:\/\/www.aespack.com\/wp-content\/uploads\/2023\/02\/\u5168\u964d\u89e3\u5feb\u9012\u888b-35-300x300.jpg",300,300,true],"medium_large":["https:\/\/www.aespack.com\/wp-content\/uploads\/2023\/02\/\u5168\u964d\u89e3\u5feb\u9012\u888b-35-768x768.jpg",768,768,true],"large":["https:\/\/www.aespack.com\/wp-content\/uploads\/2023\/02\/\u5168\u964d\u89e3\u5feb\u9012\u888b-35.jpg",800,800,false],"1536x1536":["https:\/\/www.aespack.com\/wp-content\/uploads\/2023\/02\/\u5168\u964d\u89e3\u5feb\u9012\u888b-35.jpg",800,800,false],"2048x2048":["https:\/\/www.aespack.com\/wp-content\/uploads\/2023\/02\/\u5168\u964d\u89e3\u5feb\u9012\u888b-35.jpg",800,800,false],"trp-custom-language-flag":["https:\/\/www.aespack.com\/wp-content\/uploads\/2023\/02\/\u5168\u964d\u89e3\u5feb\u9012\u888b-35.jpg",12,12,false],"woocommerce_archive_thumbnail":["https:\/\/www.aespack.com\/wp-content\/uploads\/2023\/02\/\u5168\u964d\u89e3\u5feb\u9012\u888b-35-300x300.jpg",300,300,true],"woocommerce_thumbnail":["https:\/\/www.aespack.com\/wp-content\/uploads\/2023\/02\/\u5168\u964d\u89e3\u5feb\u9012\u888b-35-300x300.jpg",300,300,true],"woocommerce_single":["https:\/\/www.aespack.com\/wp-content\/uploads\/2023\/02\/\u5168\u964d\u89e3\u5feb\u9012\u888b-35-600x600.jpg",600,600,true],"woocommerce_gallery_thumbnail":["https:\/\/www.aespack.com\/wp-content\/uploads\/2023\/02\/\u5168\u964d\u89e3\u5feb\u9012\u888b-35-100x100.jpg",100,100,true]},"post_excerpt_stackable":"<p><span data-spm-anchor-id=\"a2700.details.0.i8.5cd92a1cYANduC\">100% biodegradable and compostable materials(PBAT+PLA).<\/span><\/p>\n<p>It can be biodegraded into organic fertilizer within 6-12 months, without any pollution.<\/p>\n<p>&nbsp;<\/p>\n<p>&nbsp;<\/p>\n<p>&nbsp;<\/p>\n","category_list":"","author_info":{"name":"","url":""},"comments_num":"0 commentaire","_links":{"self":[{"href":"https:\/\/www.aespack.com\/fr\/wp-json\/wp\/v2\/product\/1310","targetHints":{"allow":["GET"]}}],"collection":[{"href":"https:\/\/www.aespack.com\/fr\/wp-json\/wp\/v2\/product"}],"about":[{"href":"https:\/\/www.aespack.com\/fr\/wp-json\/wp\/v2\/types\/product"}],"replies":[{"embeddable":true,"href":"https:\/\/www.aespack.com\/fr\/wp-json\/wp\/v2\/comments?post=1310"}],"wp:featuredmedia":[{"embeddable":true,"href":"https:\/\/www.aespack.com\/fr\/wp-json\/wp\/v2\/media\/1043"}],"wp:attachment":[{"href":"https:\/\/www.aespack.com\/fr\/wp-json\/wp\/v2\/media?parent=1310"}],"wp:term":[{"taxonomy":"product_cat","embeddable":true,"href":"https:\/\/www.aespack.com\/fr\/wp-json\/wp\/v2\/product_cat?post=1310"},{"taxonomy":"product_tag","embeddable":true,"href":"https:\/\/www.aespack.com\/fr\/wp-json\/wp\/v2\/product_tag?post=1310"}],"curies":[{"name":"wp","href":"https:\/\/api.w.org\/{rel}","templated":true}]}}