{"id":1259,"date":"2025-01-07T17:32:46","date_gmt":"2025-01-07T09:32:46","guid":{"rendered":"https:\/\/www.aespack.com\/?post_type=product&#038;p=1259"},"modified":"2025-01-08T11:25:28","modified_gmt":"2025-01-08T03:25:28","slug":"blank-top-loading-packing-list-envelopes","status":"publish","type":"product","link":"https:\/\/www.aespack.com\/fr\/produit\/blank-top-loading-packing-list-envelopes\/","title":{"rendered":"Enveloppes vierges \u00e0 chargement par le haut pour listes de colisage"},"content":{"rendered":"<h2 class=\"sC0Aof\" title=\"Enveloppes vierges \u00e0 chargement par le haut pour listes de colisage\" data-testid=\"collection-title-blank-top-loading--packing-list-envelopes\"><a href=\"http:\/\/Blank Top Loading Packing List Envelopes\">Enveloppes vierges \u00e0 chargement par le haut pour listes de colisage<\/a><\/h2>\n<p>OEM&amp;ODM disponibles<\/p>\n<p>Impression et taille personnalis\u00e9es<\/p>\n<p>Papier anti-adh\u00e9sif de bonne qualit\u00e9 en PP ou PE, 41 g\/m\u00b2 ou 65 g\/m\u00b2.<\/p>\n<p>Capacit\u00e9 de production 30000000 pcs par mois<\/p>\n<p>\u00c9chantillons gratuits en stock ou 7 jours pour la production d'\u00e9chantillons<\/p>\n<p>10-12 jours pour une production maximale<\/p>\n<p>TAILLE STANDARD EUROP\u00c9ENNE :<\/p>\n<p>C7 Taille externe : 123*110mm-1000pcs\/carton<\/p>\n<p>C6 Taille externe : 175*132mm-1000pcs\/carton<\/p>\n<p>C5 Taille externe : 235*175mm-1000pcs\/carton<\/p>\n<p>C4 Taille externe : 322*235mm-500pcs\/carton<\/p>\n<p>C3 Taille externe : 235*132mm-1000pcs\/carton<\/p>\n<p>TAILLE STANDARD AM\u00c9RICAINE :<\/p>\n<p>Taille externe : 4.5*5.5 pouces-1000pcs\/carton<\/p>\n<p>Taille externe : 4.5*6 pouces--1000pcs\/carton<\/p>\n<p>Taille externe : 7*5.5 pouces--1000pcs\/carton<\/p>\n<p>Taille externe : 5.5*10 pouces--1000pcs\/carton<\/p>\n<p>Taille externe : 6.5*10 pouces--1000pcs\/carton<\/p>\n<p>Taille externe : 10*7 pouces---1000pcs\/carton<\/p>\n<p>Taille ext\u00e9rieure : 10.75*6.75 pouces-500pcs\/carton<\/p>\n<p>Taille externe : 9.5*12.5 pouces--500pcs\/carton<\/p>","protected":false},"excerpt":{"rendered":"<p>Imperm\u00e9able \u00e0 l'eau<\/p>\n<p>Colle adh\u00e9sive<\/p>\n<p>Papier anti-adh\u00e9sif facile \u00e0 d\u00e9coller<\/p>","protected":false},"featured_media":738,"comment_status":"open","ping_status":"closed","template":"","meta":{"_seopress_robots_primary_cat":"none"},"product_cat":[24],"product_tag":[],"class_list":["post-1259","product","type-product","status-publish","has-post-thumbnail","hentry","product_cat-packing-list-envelope"],"featured_image_urls":{"full":["https:\/\/www.aespack.com\/wp-content\/uploads\/2021\/04\/\u7eb8\u80cc\u80f6\u888b-1.jpg",800,800,false],"thumbnail":["https:\/\/www.aespack.com\/wp-content\/uploads\/2021\/04\/\u7eb8\u80cc\u80f6\u888b-1-150x150.jpg",150,150,true],"medium":["https:\/\/www.aespack.com\/wp-content\/uploads\/2021\/04\/\u7eb8\u80cc\u80f6\u888b-1-300x300.jpg",300,300,true],"medium_large":["https:\/\/www.aespack.com\/wp-content\/uploads\/2021\/04\/\u7eb8\u80cc\u80f6\u888b-1-768x768.jpg",768,768,true],"large":["https:\/\/www.aespack.com\/wp-content\/uploads\/2021\/04\/\u7eb8\u80cc\u80f6\u888b-1.jpg",800,800,false],"1536x1536":["https:\/\/www.aespack.com\/wp-content\/uploads\/2021\/04\/\u7eb8\u80cc\u80f6\u888b-1.jpg",800,800,false],"2048x2048":["https:\/\/www.aespack.com\/wp-content\/uploads\/2021\/04\/\u7eb8\u80cc\u80f6\u888b-1.jpg",800,800,false],"trp-custom-language-flag":["https:\/\/www.aespack.com\/wp-content\/uploads\/2021\/04\/\u7eb8\u80cc\u80f6\u888b-1.jpg",12,12,false],"woocommerce_archive_thumbnail":["https:\/\/www.aespack.com\/wp-content\/uploads\/2021\/04\/\u7eb8\u80cc\u80f6\u888b-1-300x300.jpg",300,300,true],"woocommerce_thumbnail":["https:\/\/www.aespack.com\/wp-content\/uploads\/2021\/04\/\u7eb8\u80cc\u80f6\u888b-1-300x300.jpg",300,300,true],"woocommerce_single":["https:\/\/www.aespack.com\/wp-content\/uploads\/2021\/04\/\u7eb8\u80cc\u80f6\u888b-1-600x600.jpg",600,600,true],"woocommerce_gallery_thumbnail":["https:\/\/www.aespack.com\/wp-content\/uploads\/2021\/04\/\u7eb8\u80cc\u80f6\u888b-1-100x100.jpg",100,100,true]},"post_excerpt_stackable":"<p>Water proof<\/p>\n<p>Sticky adhesive glue<\/p>\n<p>Easy peel release paper<\/p>\n","category_list":"","author_info":{"name":"","url":""},"comments_num":"0 commentaire","_links":{"self":[{"href":"https:\/\/www.aespack.com\/fr\/wp-json\/wp\/v2\/product\/1259","targetHints":{"allow":["GET"]}}],"collection":[{"href":"https:\/\/www.aespack.com\/fr\/wp-json\/wp\/v2\/product"}],"about":[{"href":"https:\/\/www.aespack.com\/fr\/wp-json\/wp\/v2\/types\/product"}],"replies":[{"embeddable":true,"href":"https:\/\/www.aespack.com\/fr\/wp-json\/wp\/v2\/comments?post=1259"}],"wp:featuredmedia":[{"embeddable":true,"href":"https:\/\/www.aespack.com\/fr\/wp-json\/wp\/v2\/media\/738"}],"wp:attachment":[{"href":"https:\/\/www.aespack.com\/fr\/wp-json\/wp\/v2\/media?parent=1259"}],"wp:term":[{"taxonomy":"product_cat","embeddable":true,"href":"https:\/\/www.aespack.com\/fr\/wp-json\/wp\/v2\/product_cat?post=1259"},{"taxonomy":"product_tag","embeddable":true,"href":"https:\/\/www.aespack.com\/fr\/wp-json\/wp\/v2\/product_tag?post=1259"}],"curies":[{"name":"wp","href":"https:\/\/api.w.org\/{rel}","templated":true}]}}