{"id":1252,"date":"2025-01-07T17:16:20","date_gmt":"2025-01-07T09:16:20","guid":{"rendered":"https:\/\/www.aespack.com\/?post_type=product&#038;p=1252"},"modified":"2025-01-08T11:25:00","modified_gmt":"2025-01-08T03:25:00","slug":"7-x-5-1-2-panel-face-packing-list-envelope","status":"publish","type":"product","link":"https:\/\/www.aespack.com\/fr\/produit\/7-x-5-1-2-panel-face-packing-list-envelope\/","title":{"rendered":"7 x 5 1\/2\u2033 Enveloppe pour liste d'emballage avec panneau frontal"},"content":{"rendered":"<h1 data-spm-anchor-id=\"a2700.details.0.i12.ab9c210bEsHIpn\"><a href=\"http:\/\/7 x 5 1\/2&quot; Panel Face Packing List Envelope\">7 x 5\u00a0<sup>1<\/sup><span style=\"font-size: 16px;\">\/<\/span><sub>2<\/sub><span style=\"font-size: 16px;\">\" Enveloppe de la liste d'emballage de la face avant du panneau<\/span><\/a><\/h1>\n<p>OEM&amp;ODM disponibles<\/p>\n<p>Impression et taille personnalis\u00e9es<\/p>\n<p>2 mil Mat\u00e9riau PE&amp;PP et papier anti-adh\u00e9sif de bonne qualit\u00e9<\/p>\n<p>Capacit\u00e9 de production 40000000 pcs par mois<\/p>\n<p>\u00c9chantillons gratuits en stock ou 7 jours pour la production d'\u00e9chantillons<\/p>\n<p>12-20 jours pour une production maximale<\/p>\n<p>TAILLE STANDARD EUROP\u00c9ENNE :<\/p>\n<p>C7 Taille externe : 123*110mm-1000pcs\/carton<\/p>\n<p>C6 Taille externe : 175*132mm-1000pcs\/carton<\/p>\n<p>C5 Taille externe : 235*175mm-1000pcs\/carton<\/p>\n<p>C4 Taille externe : 322*235mm-500pcs\/carton<\/p>\n<p>C3 Taille externe : 235*132mm-1000pcs\/carton<\/p>\n<p>TAILLE STANDARD AM\u00c9RICAINE :<\/p>\n<p>Taille externe : 4.5*5.5 pouces-1000pcs\/carton<\/p>\n<p>Taille externe : 4.5*6 pouces--1000pcs\/carton<\/p>\n<p>Taille externe : 7*5.5 pouces--1000pcs\/carton<\/p>\n<p>Taille externe : 5.5*10 pouces--1000pcs\/carton<\/p>\n<p>Taille externe : 6.5*10 pouces--1000pcs\/carton<\/p>\n<p>Taille externe : 10*7 pouces---1000pcs\/carton<\/p>\n<p>Taille ext\u00e9rieure : 10.75*6.75 pouces-500pcs\/carton<\/p>\n<p>Taille externe : 9.5*12.5 pouces--500pcs\/carton<\/p>","protected":false},"excerpt":{"rendered":"<ul class=\"sku-bullets\">\n<li class=\"sku-bullet\">Le film poly\u00e9thyl\u00e8ne de 2 millim\u00e8tres de bonne qualit\u00e9 assure la protection et la s\u00e9curit\u00e9 des documents.<\/li>\n<li class=\"sku-bullet\">Support adh\u00e9sif thermofusible pour une forte adh\u00e9sion au papier et aux produits ondul\u00e9s.<\/li>\n<li class=\"sku-bullet\">Ouvrir le long de la premi\u00e8re dimension pour faciliter l'ouverture.<\/li>\n<\/ul>","protected":false},"featured_media":1205,"comment_status":"open","ping_status":"closed","template":"","meta":{"_seopress_robots_primary_cat":"none"},"product_cat":[24],"product_tag":[],"class_list":["post-1252","product","type-product","status-publish","has-post-thumbnail","hentry","product_cat-packing-list-envelope"],"featured_image_urls":{"full":["https:\/\/www.aespack.com\/wp-content\/uploads\/2023\/07\/AES-7-4.jpg",750,750,false],"thumbnail":["https:\/\/www.aespack.com\/wp-content\/uploads\/2023\/07\/AES-7-4-150x150.jpg",150,150,true],"medium":["https:\/\/www.aespack.com\/wp-content\/uploads\/2023\/07\/AES-7-4-300x300.jpg",300,300,true],"medium_large":["https:\/\/www.aespack.com\/wp-content\/uploads\/2023\/07\/AES-7-4.jpg",750,750,false],"large":["https:\/\/www.aespack.com\/wp-content\/uploads\/2023\/07\/AES-7-4.jpg",750,750,false],"1536x1536":["https:\/\/www.aespack.com\/wp-content\/uploads\/2023\/07\/AES-7-4.jpg",750,750,false],"2048x2048":["https:\/\/www.aespack.com\/wp-content\/uploads\/2023\/07\/AES-7-4.jpg",750,750,false],"trp-custom-language-flag":["https:\/\/www.aespack.com\/wp-content\/uploads\/2023\/07\/AES-7-4.jpg",12,12,false],"woocommerce_archive_thumbnail":["https:\/\/www.aespack.com\/wp-content\/uploads\/2023\/07\/AES-7-4-300x300.jpg",300,300,true],"woocommerce_thumbnail":["https:\/\/www.aespack.com\/wp-content\/uploads\/2023\/07\/AES-7-4-300x300.jpg",300,300,true],"woocommerce_single":["https:\/\/www.aespack.com\/wp-content\/uploads\/2023\/07\/AES-7-4-600x600.jpg",600,600,true],"woocommerce_gallery_thumbnail":["https:\/\/www.aespack.com\/wp-content\/uploads\/2023\/07\/AES-7-4-100x100.jpg",100,100,true]},"post_excerpt_stackable":"<ul class=\"sku-bullets\">\n<li class=\"sku-bullet\">Good quality 2-mil poly film provides document protection and security.<\/li>\n<li class=\"sku-bullet\">Hot-melt adhesive backing for strong adhesion to paper and corrugated products.<\/li>\n<li class=\"sku-bullet\">Open along the first dimension for easy opening.<\/li>\n<\/ul>\n","category_list":"","author_info":{"name":"","url":""},"comments_num":"0 commentaire","_links":{"self":[{"href":"https:\/\/www.aespack.com\/fr\/wp-json\/wp\/v2\/product\/1252","targetHints":{"allow":["GET"]}}],"collection":[{"href":"https:\/\/www.aespack.com\/fr\/wp-json\/wp\/v2\/product"}],"about":[{"href":"https:\/\/www.aespack.com\/fr\/wp-json\/wp\/v2\/types\/product"}],"replies":[{"embeddable":true,"href":"https:\/\/www.aespack.com\/fr\/wp-json\/wp\/v2\/comments?post=1252"}],"wp:featuredmedia":[{"embeddable":true,"href":"https:\/\/www.aespack.com\/fr\/wp-json\/wp\/v2\/media\/1205"}],"wp:attachment":[{"href":"https:\/\/www.aespack.com\/fr\/wp-json\/wp\/v2\/media?parent=1252"}],"wp:term":[{"taxonomy":"product_cat","embeddable":true,"href":"https:\/\/www.aespack.com\/fr\/wp-json\/wp\/v2\/product_cat?post=1252"},{"taxonomy":"product_tag","embeddable":true,"href":"https:\/\/www.aespack.com\/fr\/wp-json\/wp\/v2\/product_tag?post=1252"}],"curies":[{"name":"wp","href":"https:\/\/api.w.org\/{rel}","templated":true}]}}