{"id":1247,"date":"2025-08-28T17:32:57","date_gmt":"2025-08-28T09:32:57","guid":{"rendered":"https:\/\/www.aespack.com\/?post_type=product&#038;p=1247"},"modified":"2025-08-29T10:29:34","modified_gmt":"2025-08-29T02:29:34","slug":"4-5-x-5-5-inch-pre-labeled-packing-slip-envelope","status":"publish","type":"product","link":"https:\/\/www.aespack.com\/fr\/produit\/4-5-x-5-5-inch-pre-labeled-packing-slip-envelope\/","title":{"rendered":"4.5 x 5.5\u2033 Enveloppe pour bordereau d'exp\u00e9dition pr\u00e9-\u00e9tiquet\u00e9e"},"content":{"rendered":"<p><a href=\"http:\/\/4.5 x 5.5&quot;Pre-labeled Packing Slip Envelope\">4.5 x 5.5\u2033 Enveloppe pour bordereau d'exp\u00e9dition pr\u00e9-\u00e9tiquet\u00e9e<\/a><\/p>\n<p>4.5 x 5.5\u2033 Enveloppe pour bordereau d'exp\u00e9dition pr\u00e9-\u00e9tiquet\u00e9e<\/p>\n<p>OEM&amp;ODM disponibles<\/p>\n<p>Impression et taille personnalis\u00e9es<\/p>\n<p>2 mil Mat\u00e9riau PE&amp;PP et papier anti-adh\u00e9sif de bonne qualit\u00e9<\/p>\n<p>Capacit\u00e9 de production 40000000 pcs par mois<\/p>\n<p>\u00c9chantillons gratuits en stock ou 7 jours pour la production d'\u00e9chantillons<\/p>\n<p>12-20 jours pour une production maximale<\/p>\n<p>TAILLE STANDARD EUROP\u00c9ENNE :<\/p>\n<p>C7 Taille externe : 123*110mm-1000pcs\/carton<\/p>\n<p>C6 Taille externe : 175*132mm-1000pcs\/carton<\/p>\n<p>C5 Taille externe : 235*175mm-1000pcs\/carton<\/p>\n<p>C4 Taille externe : 322*235mm-500pcs\/carton<\/p>\n<p>C3 Taille externe : 235*132mm-1000pcs\/carton<\/p>\n<p>TAILLE STANDARD AM\u00c9RICAINE :<\/p>\n<p>Taille externe : 4.5*5.5 pouces-1000pcs\/carton<\/p>\n<p>Taille externe : 4.5*6 pouces--1000pcs\/carton<\/p>\n<p>Taille externe : 7*5.5 pouces--1000pcs\/carton<\/p>\n<p>Taille externe : 5.5*10 pouces--1000pcs\/carton<\/p>\n<p>Taille externe : 6.5*10 pouces--1000pcs\/carton<\/p>\n<p>Taille externe : 10*7 pouces---1000pcs\/carton<\/p>\n<p>Taille ext\u00e9rieure : 10.75*6.75 pouces-500pcs\/carton<\/p>\n<p>Taille externe : 9.5*12.5 pouces--500pcs\/carton<\/p>","protected":false},"excerpt":{"rendered":"<p>L'autocollant scelle rapidement votre emballage pour une utilisation pratique.<br \/>\nUn adh\u00e9sif puissant permet de maintenir les objets contenus en toute s\u00e9curit\u00e9.<br \/>\nL'ext\u00e9rieur pr\u00e9-\u00e9tiquet\u00e9 permet une utilisation rapide et pratique.<br \/>\nImperm\u00e9able \u00e0 l'eau pour pr\u00e9server la s\u00e9curit\u00e9 du contenu<br \/>\nFabriqu\u00e9 en Chine<\/p>","protected":false},"featured_media":1246,"comment_status":"open","ping_status":"closed","template":"","meta":{"_seopress_robots_primary_cat":"none"},"product_cat":[24],"product_tag":[],"class_list":["post-1247","product","type-product","status-publish","has-post-thumbnail","hentry","product_cat-packing-list-envelope"],"featured_image_urls":{"full":["https:\/\/www.aespack.com\/wp-content\/uploads\/2023\/10\/\u7eff\u6e90-13-1.jpg",640,640,false],"thumbnail":["https:\/\/www.aespack.com\/wp-content\/uploads\/2023\/10\/\u7eff\u6e90-13-1-150x150.jpg",150,150,true],"medium":["https:\/\/www.aespack.com\/wp-content\/uploads\/2023\/10\/\u7eff\u6e90-13-1-300x300.jpg",300,300,true],"medium_large":["https:\/\/www.aespack.com\/wp-content\/uploads\/2023\/10\/\u7eff\u6e90-13-1.jpg",640,640,false],"large":["https:\/\/www.aespack.com\/wp-content\/uploads\/2023\/10\/\u7eff\u6e90-13-1.jpg",640,640,false],"1536x1536":["https:\/\/www.aespack.com\/wp-content\/uploads\/2023\/10\/\u7eff\u6e90-13-1.jpg",640,640,false],"2048x2048":["https:\/\/www.aespack.com\/wp-content\/uploads\/2023\/10\/\u7eff\u6e90-13-1.jpg",640,640,false],"trp-custom-language-flag":["https:\/\/www.aespack.com\/wp-content\/uploads\/2023\/10\/\u7eff\u6e90-13-1.jpg",12,12,false],"woocommerce_archive_thumbnail":["https:\/\/www.aespack.com\/wp-content\/uploads\/2023\/10\/\u7eff\u6e90-13-1-300x300.jpg",300,300,true],"woocommerce_thumbnail":["https:\/\/www.aespack.com\/wp-content\/uploads\/2023\/10\/\u7eff\u6e90-13-1-300x300.jpg",300,300,true],"woocommerce_single":["https:\/\/www.aespack.com\/wp-content\/uploads\/2023\/10\/\u7eff\u6e90-13-1-600x600.jpg",600,600,true],"woocommerce_gallery_thumbnail":["https:\/\/www.aespack.com\/wp-content\/uploads\/2023\/10\/\u7eff\u6e90-13-1-100x100.jpg",100,100,true]},"post_excerpt_stackable":"<p>Self-adhesive quickly seals your package for convenient use<br \/>\nStrong adhesive bonds tightly to keep contained items secure<br \/>\nPre-labeled exterior allows fast, convenient use<br \/>\nWaterproof to help keep contents safe<br \/>\nMade in the China<\/p>\n","category_list":"","author_info":{"name":"","url":""},"comments_num":"0 commentaire","_links":{"self":[{"href":"https:\/\/www.aespack.com\/fr\/wp-json\/wp\/v2\/product\/1247","targetHints":{"allow":["GET"]}}],"collection":[{"href":"https:\/\/www.aespack.com\/fr\/wp-json\/wp\/v2\/product"}],"about":[{"href":"https:\/\/www.aespack.com\/fr\/wp-json\/wp\/v2\/types\/product"}],"replies":[{"embeddable":true,"href":"https:\/\/www.aespack.com\/fr\/wp-json\/wp\/v2\/comments?post=1247"}],"wp:featuredmedia":[{"embeddable":true,"href":"https:\/\/www.aespack.com\/fr\/wp-json\/wp\/v2\/media\/1246"}],"wp:attachment":[{"href":"https:\/\/www.aespack.com\/fr\/wp-json\/wp\/v2\/media?parent=1247"}],"wp:term":[{"taxonomy":"product_cat","embeddable":true,"href":"https:\/\/www.aespack.com\/fr\/wp-json\/wp\/v2\/product_cat?post=1247"},{"taxonomy":"product_tag","embeddable":true,"href":"https:\/\/www.aespack.com\/fr\/wp-json\/wp\/v2\/product_tag?post=1247"}],"curies":[{"name":"wp","href":"https:\/\/api.w.org\/{rel}","templated":true}]}}