{"id":1207,"date":"2025-08-28T16:18:42","date_gmt":"2025-08-28T08:18:42","guid":{"rendered":"https:\/\/www.aespack.com\/?post_type=product&#038;p=1207"},"modified":"2025-08-29T11:35:19","modified_gmt":"2025-08-29T03:35:19","slug":"bilingual-packing-list-enclosed","status":"publish","type":"product","link":"https:\/\/www.aespack.com\/fr\/produit\/bilingual-packing-list-enclosed\/","title":{"rendered":"Liste de colisage bilingue Enveloppe jointe"},"content":{"rendered":"<p><a href=\"http:\/\/Bilingual Packing list Enclosed envelope\">Liste d'emballage bilingue jointe<\/a><\/p>\n<p>OEM&amp;ODM disponibles<\/p>\n<p>Impression et taille personnalis\u00e9es<\/p>\n<p>Mat\u00e9riau PE&amp;PP et papier anti-adh\u00e9sif de bonne qualit\u00e9<\/p>\n<p>Capacit\u00e9 de production 40000000 pcs par mois<\/p>\n<p>\u00c9chantillons gratuits en stock ou 7 jours pour la production d'\u00e9chantillons<\/p>\n<p>12-20 jours pour une production maximale<\/p>\n<p>TAILLE STANDARD EUROP\u00c9ENNE :<\/p>\n<p>C7 Taille externe : 123*110mm-1000pcs\/carton<\/p>\n<p>C6 Taille externe : 175*132mm-1000pcs\/carton<\/p>\n<p>C5 Taille externe : 235*175mm-1000pcs\/carton<\/p>\n<p>C4 Taille externe : 322*235mm-500pcs\/carton<\/p>\n<p>C3 Taille externe : 235*132mm-1000pcs\/carton<\/p>\n<p>TAILLE STANDARD AM\u00c9RICAINE :<\/p>\n<p>Taille externe : 4.5*5.5 pouces-1000pcs\/carton<\/p>\n<p>Taille externe : 4.5*6 pouces--1000pcs\/carton<\/p>\n<p>Taille externe : 7*5.5 pouces--1000pcs\/carton<\/p>\n<p>Taille externe : 5.5*10 pouces--1000pcs\/carton<\/p>\n<p>Taille externe : 6.5*10 pouces--1000pcs\/carton<\/p>\n<p>Taille externe : 10*7 pouces---1000pcs\/carton<\/p>\n<p>Taille ext\u00e9rieure : 10.75*6.75 pouces-500pcs\/carton<\/p>\n<p>Taille externe : 9.5*12.5 pouces--500pcs\/carton<\/p>","protected":false},"excerpt":{"rendered":"<p>Colle adh\u00e9sive<\/p>\n<p>Papier anti-adh\u00e9sif facile \u00e0 d\u00e9coller<\/p>\n<p><span class=\"a-list-item\">Imperm\u00e9able et ind\u00e9chirable : nos enveloppes autocollantes pour listes d'exp\u00e9dition sont fabriqu\u00e9es en poly\u00e9thyl\u00e8ne de qualit\u00e9 (PE ou PP). Elles sont imperm\u00e9ables et ne se d\u00e9chirent pas facilement, ce qui permet de conserver les enveloppes en bon \u00e9tat sans avoir \u00e0 s'inqui\u00e9ter de leur rupture.<\/span><\/p>","protected":false},"featured_media":1214,"comment_status":"open","ping_status":"closed","template":"","meta":{"_seopress_robots_primary_cat":"none"},"product_cat":[24],"product_tag":[],"class_list":["post-1207","product","type-product","status-publish","has-post-thumbnail","hentry","product_cat-packing-list-envelope"],"featured_image_urls":{"full":["https:\/\/www.aespack.com\/wp-content\/uploads\/2023\/07\/\u5929\u5143\u80cc\u80f6\u888b-2.jpg",800,800,false],"thumbnail":["https:\/\/www.aespack.com\/wp-content\/uploads\/2023\/07\/\u5929\u5143\u80cc\u80f6\u888b-2-150x150.jpg",150,150,true],"medium":["https:\/\/www.aespack.com\/wp-content\/uploads\/2023\/07\/\u5929\u5143\u80cc\u80f6\u888b-2-300x300.jpg",300,300,true],"medium_large":["https:\/\/www.aespack.com\/wp-content\/uploads\/2023\/07\/\u5929\u5143\u80cc\u80f6\u888b-2-768x768.jpg",768,768,true],"large":["https:\/\/www.aespack.com\/wp-content\/uploads\/2023\/07\/\u5929\u5143\u80cc\u80f6\u888b-2.jpg",800,800,false],"1536x1536":["https:\/\/www.aespack.com\/wp-content\/uploads\/2023\/07\/\u5929\u5143\u80cc\u80f6\u888b-2.jpg",800,800,false],"2048x2048":["https:\/\/www.aespack.com\/wp-content\/uploads\/2023\/07\/\u5929\u5143\u80cc\u80f6\u888b-2.jpg",800,800,false],"trp-custom-language-flag":["https:\/\/www.aespack.com\/wp-content\/uploads\/2023\/07\/\u5929\u5143\u80cc\u80f6\u888b-2.jpg",12,12,false],"woocommerce_archive_thumbnail":["https:\/\/www.aespack.com\/wp-content\/uploads\/2023\/07\/\u5929\u5143\u80cc\u80f6\u888b-2-300x300.jpg",300,300,true],"woocommerce_thumbnail":["https:\/\/www.aespack.com\/wp-content\/uploads\/2023\/07\/\u5929\u5143\u80cc\u80f6\u888b-2-300x300.jpg",300,300,true],"woocommerce_single":["https:\/\/www.aespack.com\/wp-content\/uploads\/2023\/07\/\u5929\u5143\u80cc\u80f6\u888b-2-600x600.jpg",600,600,true],"woocommerce_gallery_thumbnail":["https:\/\/www.aespack.com\/wp-content\/uploads\/2023\/07\/\u5929\u5143\u80cc\u80f6\u888b-2-100x100.jpg",100,100,true]},"post_excerpt_stackable":"<p>Sticky adhesive glue<\/p>\n<p>Easy peel release paper<\/p>\n<p><span class=\"a-list-item\">Waterproof and Tear Proof: our self-adhesive packing list envelope are made of quality poly material(PE or PP), with a nice waterproof effect, not easy to tear and break, which keeps the envelope in a good condition without worrying about them broken<\/span><\/p>\n","category_list":"","author_info":{"name":"","url":""},"comments_num":"0 commentaire","_links":{"self":[{"href":"https:\/\/www.aespack.com\/fr\/wp-json\/wp\/v2\/product\/1207","targetHints":{"allow":["GET"]}}],"collection":[{"href":"https:\/\/www.aespack.com\/fr\/wp-json\/wp\/v2\/product"}],"about":[{"href":"https:\/\/www.aespack.com\/fr\/wp-json\/wp\/v2\/types\/product"}],"replies":[{"embeddable":true,"href":"https:\/\/www.aespack.com\/fr\/wp-json\/wp\/v2\/comments?post=1207"}],"wp:featuredmedia":[{"embeddable":true,"href":"https:\/\/www.aespack.com\/fr\/wp-json\/wp\/v2\/media\/1214"}],"wp:attachment":[{"href":"https:\/\/www.aespack.com\/fr\/wp-json\/wp\/v2\/media?parent=1207"}],"wp:term":[{"taxonomy":"product_cat","embeddable":true,"href":"https:\/\/www.aespack.com\/fr\/wp-json\/wp\/v2\/product_cat?post=1207"},{"taxonomy":"product_tag","embeddable":true,"href":"https:\/\/www.aespack.com\/fr\/wp-json\/wp\/v2\/product_tag?post=1207"}],"curies":[{"name":"wp","href":"https:\/\/api.w.org\/{rel}","templated":true}]}}