{"id":1171,"date":"2025-01-07T15:53:15","date_gmt":"2025-01-07T07:53:15","guid":{"rendered":"https:\/\/www.aespack.com\/?post_type=product&#038;p=1171"},"modified":"2025-01-08T11:21:28","modified_gmt":"2025-01-08T03:21:28","slug":"4-5-x-5-5-inch-packing-list-envelopes-shipping-label-pouches-shipping-label-pouches","status":"publish","type":"product","link":"https:\/\/www.aespack.com\/fr\/produit\/4-5-x-5-5-inch-packing-list-envelopes-shipping-label-pouches-shipping-label-pouches\/","title":{"rendered":"4.5 X 5.5 inch Packing List Envelopes Shipping Label Pouches"},"content":{"rendered":"<p><a href=\"http:\/\/4.5 X 5.5 inch Packing List Envelopes Shipping Label Pouches\">4.5 X 5.5 inch Packing List Envelopes Shipping Label Pouches<\/a><\/p>\n<p>OEM&amp;ODM disponibles<\/p>\n<p>Impression et taille personnalis\u00e9es<\/p>\n<p>Mat\u00e9riau PE&amp;PP et papier anti-adh\u00e9sif de bonne qualit\u00e9<\/p>\n<p>Capacit\u00e9 de production 40000000 pcs par mois<\/p>\n<p>\u00c9chantillons gratuits en stock ou 7 jours pour la production d'\u00e9chantillons<\/p>\n<p>12-20 jours pour une production maximale<\/p>\n<p>TAILLE STANDARD EUROP\u00c9ENNE :<\/p>\n<p>C7 Taille externe : 123*110mm-1000pcs\/carton<\/p>\n<p>C6 Taille externe : 175*132mm-1000pcs\/carton<\/p>\n<p>C5 Taille externe : 235*175mm-1000pcs\/carton<\/p>\n<p>C4 Taille externe : 322*235mm-500pcs\/carton<\/p>\n<p>C3 Taille externe : 235*132mm-1000pcs\/carton<\/p>\n<p>TAILLE STANDARD AM\u00c9RICAINE :<\/p>\n<p>Taille externe : 4.5*5.5 pouces-1000pcs\/carton<\/p>\n<p>Taille externe : 4.5*6 pouces--1000pcs\/carton<\/p>\n<p>Taille externe : 7*5.5 pouces--1000pcs\/carton<\/p>\n<p>Taille externe : 5.5*10 pouces--1000pcs\/carton<\/p>\n<p>Taille externe : 6.5*10 pouces--1000pcs\/carton<\/p>\n<p>Taille externe : 10*7 pouces---1000pcs\/carton<\/p>\n<p>Taille ext\u00e9rieure : 10.75*6.75 pouces-500pcs\/carton<\/p>\n<p>Taille externe : 9.5*12.5 pouces--500pcs\/carton<\/p>","protected":false},"excerpt":{"rendered":"<p>Imperm\u00e9able \u00e0 l'eau<\/p>\n<p>Colle adh\u00e9sive<\/p>\n<p>Papier anti-adh\u00e9sif facile \u00e0 d\u00e9coller<\/p>","protected":false},"featured_media":1174,"comment_status":"open","ping_status":"closed","template":"","meta":{"_seopress_robots_primary_cat":"none"},"product_cat":[24],"product_tag":[],"class_list":["post-1171","product","type-product","status-publish","has-post-thumbnail","hentry","product_cat-packing-list-envelope"],"featured_image_urls":{"full":["https:\/\/www.aespack.com\/wp-content\/uploads\/2023\/06\/\u80cc\u80f6\u888b\u91c7\u96c6-22.jpg",750,533,false],"thumbnail":["https:\/\/www.aespack.com\/wp-content\/uploads\/2023\/06\/\u80cc\u80f6\u888b\u91c7\u96c6-22-150x150.jpg",150,150,true],"medium":["https:\/\/www.aespack.com\/wp-content\/uploads\/2023\/06\/\u80cc\u80f6\u888b\u91c7\u96c6-22-300x213.jpg",300,213,true],"medium_large":["https:\/\/www.aespack.com\/wp-content\/uploads\/2023\/06\/\u80cc\u80f6\u888b\u91c7\u96c6-22.jpg",750,533,false],"large":["https:\/\/www.aespack.com\/wp-content\/uploads\/2023\/06\/\u80cc\u80f6\u888b\u91c7\u96c6-22.jpg",750,533,false],"1536x1536":["https:\/\/www.aespack.com\/wp-content\/uploads\/2023\/06\/\u80cc\u80f6\u888b\u91c7\u96c6-22.jpg",750,533,false],"2048x2048":["https:\/\/www.aespack.com\/wp-content\/uploads\/2023\/06\/\u80cc\u80f6\u888b\u91c7\u96c6-22.jpg",750,533,false],"trp-custom-language-flag":["https:\/\/www.aespack.com\/wp-content\/uploads\/2023\/06\/\u80cc\u80f6\u888b\u91c7\u96c6-22.jpg",18,12,false],"woocommerce_archive_thumbnail":["https:\/\/www.aespack.com\/wp-content\/uploads\/2023\/06\/\u80cc\u80f6\u888b\u91c7\u96c6-22-300x213.jpg",300,213,true],"woocommerce_thumbnail":["https:\/\/www.aespack.com\/wp-content\/uploads\/2023\/06\/\u80cc\u80f6\u888b\u91c7\u96c6-22-300x213.jpg",300,213,true],"woocommerce_single":["https:\/\/www.aespack.com\/wp-content\/uploads\/2023\/06\/\u80cc\u80f6\u888b\u91c7\u96c6-22-600x426.jpg",600,426,true],"woocommerce_gallery_thumbnail":["https:\/\/www.aespack.com\/wp-content\/uploads\/2023\/06\/\u80cc\u80f6\u888b\u91c7\u96c6-22-100x100.jpg",100,100,true]},"post_excerpt_stackable":"<p>Water proof<\/p>\n<p>Sticky adhesive glue<\/p>\n<p>Easy peel release paper<\/p>\n","category_list":"","author_info":{"name":"","url":""},"comments_num":"0 commentaire","_links":{"self":[{"href":"https:\/\/www.aespack.com\/fr\/wp-json\/wp\/v2\/product\/1171","targetHints":{"allow":["GET"]}}],"collection":[{"href":"https:\/\/www.aespack.com\/fr\/wp-json\/wp\/v2\/product"}],"about":[{"href":"https:\/\/www.aespack.com\/fr\/wp-json\/wp\/v2\/types\/product"}],"replies":[{"embeddable":true,"href":"https:\/\/www.aespack.com\/fr\/wp-json\/wp\/v2\/comments?post=1171"}],"wp:featuredmedia":[{"embeddable":true,"href":"https:\/\/www.aespack.com\/fr\/wp-json\/wp\/v2\/media\/1174"}],"wp:attachment":[{"href":"https:\/\/www.aespack.com\/fr\/wp-json\/wp\/v2\/media?parent=1171"}],"wp:term":[{"taxonomy":"product_cat","embeddable":true,"href":"https:\/\/www.aespack.com\/fr\/wp-json\/wp\/v2\/product_cat?post=1171"},{"taxonomy":"product_tag","embeddable":true,"href":"https:\/\/www.aespack.com\/fr\/wp-json\/wp\/v2\/product_tag?post=1171"}],"curies":[{"name":"wp","href":"https:\/\/api.w.org\/{rel}","templated":true}]}}