{"id":1170,"date":"2025-08-28T15:52:43","date_gmt":"2025-08-28T07:52:43","guid":{"rendered":"https:\/\/www.aespack.com\/?post_type=product&#038;p=1170"},"modified":"2025-08-29T11:26:00","modified_gmt":"2025-08-29T03:26:00","slug":"recycled-material-poly-mailer-bag","status":"publish","type":"product","link":"https:\/\/www.aespack.com\/fr\/produit\/recycled-material-poly-mailer-bag\/","title":{"rendered":"Sac postal en poly\u00e9thyl\u00e8ne recycl\u00e9"},"content":{"rendered":"<div class=\"J_module\">\n<div data-section=\"AliMagic-94vkyf\" data-section-title=\"Specification\"><a href=\"http:\/\/recycled-material-poly-mailer-bag\">http:\/\/recycled-material-poly-mailer-bag<\/a><\/div>\n<div data-section=\"AliMagic-94vkyf\" data-section-title=\"Specification\"><\/div>\n<div id=\"ali-anchor-AliMagic-94vkyf\" class=\"magic-3\" data-section=\"AliMagic-94vkyf\" data-section-title=\"Specification\">Sp\u00e9cifications<\/div>\n<\/div>\n<div class=\"J_module\">\n<div class=\"ife-detail-decorate-table\">\n<table style=\"height: 448px;\" width=\"746\">\n<tbody>\n<tr>\n<td>Nom de l'article<\/td>\n<td>Mat\u00e9riau recycl\u00e9 Impression Sac postal en poly\u00e9thyl\u00e8ne<\/td>\n<\/tr>\n<tr>\n<td>Lieu d'origine<\/td>\n<td>Guangdong, Chine<\/td>\n<\/tr>\n<tr>\n<td>Mat\u00e9riau<\/td>\n<td>PO \/ PE \/ MDPE<\/td>\n<\/tr>\n<tr>\n<td>Utilisation industrielle<\/td>\n<td>Service express Emballage\/exp\u00e9dition<\/td>\n<\/tr>\n<tr>\n<td>Taille<\/td>\n<td>Diff\u00e9rentes tailles, sur mesure<\/td>\n<\/tr>\n<tr>\n<td>Manipulation de surface<\/td>\n<td>Impression offset<\/td>\n<\/tr>\n<tr>\n<td>Fonctionnalit\u00e9<\/td>\n<td>S\u00e9curit\u00e9,Etanch\u00e9it\u00e9<\/td>\n<\/tr>\n<tr>\n<td>Scellement et poign\u00e9e<\/td>\n<td>Joint autocollant<\/td>\n<\/tr>\n<tr>\n<td>Commande personnalis\u00e9e<\/td>\n<td>Acceptable<\/td>\n<\/tr>\n<tr>\n<td>MOQ<\/td>\n<td>10000 pi\u00e8ces<\/td>\n<\/tr>\n<tr>\n<td>Epaisseur du mat\u00e9riau<\/td>\n<td>Les produits les plus courants sont ceux de 50 \u00e0 70 microns.<\/td>\n<\/tr>\n<tr>\n<td>Impression couleur<\/td>\n<td>Jusqu'\u00e0 8 couleurs<\/td>\n<\/tr>\n<tr>\n<td>\u00c9chantillon<\/td>\n<td>Gratuit pour les \u00e9chantillons en stock<\/td>\n<\/tr>\n<tr>\n<td>D\u00e9lai d'ex\u00e9cution<\/td>\n<td>10-15 jours<\/td>\n<\/tr>\n<tr>\n<td>Capacit\u00e9 de production<\/td>\n<td>50000000pcs\/mois<\/td>\n<\/tr>\n<\/tbody>\n<\/table>\n<\/div>\n<\/div>","protected":false},"excerpt":{"rendered":"<p>Un sac postal en mat\u00e9riau recycl\u00e9 PCR est un type d'emballage \u00e9cologique fabriqu\u00e9 \u00e0 partir de plastiques recycl\u00e9s. PCR signifie post-consumer recycled, ce qui signifie que le plastique a d\u00e9j\u00e0 \u00e9t\u00e9 utilis\u00e9 par les consommateurs et qu'il a ensuite \u00e9t\u00e9 recycl\u00e9 sous une nouvelle forme. Les emballages PCR r\u00e9duisent la quantit\u00e9 de plastique vierge utilis\u00e9e et contribuent \u00e0 d\u00e9tourner les d\u00e9chets des d\u00e9charges.<\/p>","protected":false},"featured_media":1162,"comment_status":"open","ping_status":"closed","template":"","meta":{"_seopress_robots_primary_cat":"none"},"product_cat":[26],"product_tag":[],"class_list":["post-1170","product","type-product","status-publish","has-post-thumbnail","hentry","product_cat-poly-mailer"],"featured_image_urls":{"full":["https:\/\/www.aespack.com\/wp-content\/uploads\/2023\/05\/21060982459_621974941.jpg",1500,1500,false],"thumbnail":["https:\/\/www.aespack.com\/wp-content\/uploads\/2023\/05\/21060982459_621974941-150x150.jpg",150,150,true],"medium":["https:\/\/www.aespack.com\/wp-content\/uploads\/2023\/05\/21060982459_621974941-300x300.jpg",300,300,true],"medium_large":["https:\/\/www.aespack.com\/wp-content\/uploads\/2023\/05\/21060982459_621974941-768x768.jpg",768,768,true],"large":["https:\/\/www.aespack.com\/wp-content\/uploads\/2023\/05\/21060982459_621974941-1024x1024.jpg",1024,1024,true],"1536x1536":["https:\/\/www.aespack.com\/wp-content\/uploads\/2023\/05\/21060982459_621974941.jpg",1500,1500,false],"2048x2048":["https:\/\/www.aespack.com\/wp-content\/uploads\/2023\/05\/21060982459_621974941.jpg",1500,1500,false],"trp-custom-language-flag":["https:\/\/www.aespack.com\/wp-content\/uploads\/2023\/05\/21060982459_621974941.jpg",12,12,false],"woocommerce_archive_thumbnail":["https:\/\/www.aespack.com\/wp-content\/uploads\/2023\/05\/21060982459_621974941-300x300.jpg",300,300,true],"woocommerce_thumbnail":["https:\/\/www.aespack.com\/wp-content\/uploads\/2023\/05\/21060982459_621974941-300x300.jpg",300,300,true],"woocommerce_single":["https:\/\/www.aespack.com\/wp-content\/uploads\/2023\/05\/21060982459_621974941-600x600.jpg",600,600,true],"woocommerce_gallery_thumbnail":["https:\/\/www.aespack.com\/wp-content\/uploads\/2023\/05\/21060982459_621974941-100x100.jpg",100,100,true]},"post_excerpt_stackable":"<p>A PCR recycled material mailing bag is a type of eco-friendly packaging that is made from recycled plastics.PCR stands for post-consumer recycled, which means the plastic was previously used by consumers and then recycled into a new form.PCR packaging reduces the amount of virgin plastic used and helps divert waste from landfills.<\/p>\n","category_list":"","author_info":{"name":"","url":""},"comments_num":"0 commentaire","_links":{"self":[{"href":"https:\/\/www.aespack.com\/fr\/wp-json\/wp\/v2\/product\/1170","targetHints":{"allow":["GET"]}}],"collection":[{"href":"https:\/\/www.aespack.com\/fr\/wp-json\/wp\/v2\/product"}],"about":[{"href":"https:\/\/www.aespack.com\/fr\/wp-json\/wp\/v2\/types\/product"}],"replies":[{"embeddable":true,"href":"https:\/\/www.aespack.com\/fr\/wp-json\/wp\/v2\/comments?post=1170"}],"wp:featuredmedia":[{"embeddable":true,"href":"https:\/\/www.aespack.com\/fr\/wp-json\/wp\/v2\/media\/1162"}],"wp:attachment":[{"href":"https:\/\/www.aespack.com\/fr\/wp-json\/wp\/v2\/media?parent=1170"}],"wp:term":[{"taxonomy":"product_cat","embeddable":true,"href":"https:\/\/www.aespack.com\/fr\/wp-json\/wp\/v2\/product_cat?post=1170"},{"taxonomy":"product_tag","embeddable":true,"href":"https:\/\/www.aespack.com\/fr\/wp-json\/wp\/v2\/product_tag?post=1170"}],"curies":[{"name":"wp","href":"https:\/\/api.w.org\/{rel}","templated":true}]}}