{"id":1146,"date":"2025-01-07T15:26:56","date_gmt":"2025-01-07T07:26:56","guid":{"rendered":"https:\/\/www.aespack.com\/?post_type=product&#038;p=1146"},"modified":"2025-01-08T15:33:29","modified_gmt":"2025-01-08T07:33:29","slug":"plastic-slide-zip-pouches","status":"publish","type":"product","link":"https:\/\/www.aespack.com\/fr\/produit\/plastic-slide-zip-pouches\/","title":{"rendered":"Pochettes \u00e0 glissi\u00e8re en plastique"},"content":{"rendered":"<p><a href=\"http:\/\/Plastic slider zipper pouches\">Pochettes \u00e0 glissi\u00e8re en plastique<\/a><\/p>\n<table border=\"1\" cellspacing=\"0\">\n<tbody>\n<tr>\n<td colspan=\"2\" valign=\"top\">\n<p align=\"justify\"><strong><span data-spm-anchor-id=\"a2700.wholesale.0.i43.3a416eddSWu31Z\">\u00a0Informations sur le produit<\/span><\/strong><\/p>\n<\/td>\n<\/tr>\n<tr>\n<td valign=\"top\"><strong>Nom du produit<\/strong><\/td>\n<td valign=\"top\">Logo personnalis\u00e9 Sac plastique givr\u00e9 \u00e0 fermeture \u00e9clair et auto-scellant<\/td>\n<\/tr>\n<tr>\n<td valign=\"top\"><strong>Mat\u00e9riau<\/strong><\/p>\n<p><strong>\u00c9paisseur<\/strong><\/td>\n<td valign=\"top\">CPE, PE ou sur mesure<\/p>\n<p>3mil ou \u00e9paisseur personnalis\u00e9e<\/td>\n<\/tr>\n<tr>\n<td valign=\"top\"><strong>Technique<\/strong><\/td>\n<td valign=\"top\">S\u00e9rigraphie<\/td>\n<\/tr>\n<tr>\n<td valign=\"top\"><strong>Couleur<\/strong><\/td>\n<td valign=\"top\">Transparent, givr\u00e9 ou impression couleur personnalis\u00e9e<\/td>\n<\/tr>\n<tr>\n<td valign=\"top\"><strong>Taille<\/strong><\/td>\n<td valign=\"top\">20*25cm, 25*30cm ou sur mesure<\/td>\n<\/tr>\n<tr>\n<td valign=\"top\"><strong>Logo<\/strong><\/td>\n<td valign=\"top\">Sur mesure<\/td>\n<\/tr>\n<tr>\n<td valign=\"top\"><strong>Application<\/strong><\/td>\n<td valign=\"top\">Pour les v\u00eatements, les chaussures, les chaussettes, les bibelots, les produits \u00e9lectroniques, les cosm\u00e9tiques, les cadeaux, les aliments, les produits de base, etc.<\/td>\n<\/tr>\n<tr>\n<td valign=\"top\"><strong>MOQ<\/strong><\/td>\n<td valign=\"top\"><strong>10000 pi\u00e8ces<\/strong><\/td>\n<\/tr>\n<tr>\n<td valign=\"top\"><strong>Exp\u00e9dition<\/strong><\/td>\n<td valign=\"top\">A. Par voie a\u00e9rienne ou maritime<\/p>\n<p>B. Par voie express (DHL, TNT, FedEx,)<\/td>\n<\/tr>\n<tr>\n<td valign=\"top\"><strong>D\u00e9lai d'ex\u00e9cution<\/strong><\/td>\n<td valign=\"top\">7-15 jours (en fonction de la quantit\u00e9)<\/td>\n<\/tr>\n<tr>\n<td valign=\"top\"><strong>Emballage<\/strong><\/td>\n<td valign=\"top\">1000pcs par carton ou selon la demande<\/td>\n<\/tr>\n<\/tbody>\n<\/table>","protected":false},"excerpt":{"rendered":"<h2 data-content-type=\"heading\" data-appearance=\"default\" data-element=\"main\">Sacs \u00e0 fermeture \u00e9clair faciles \u00e0 ouvrir et \u00e0 fermer<\/h2>","protected":false},"featured_media":1149,"comment_status":"open","ping_status":"closed","template":"","meta":{"_seopress_robots_primary_cat":"none"},"product_cat":[15],"product_tag":[],"class_list":["post-1146","product","type-product","status-publish","has-post-thumbnail","hentry","product_cat-zipper-clothing-bags"],"featured_image_urls":{"full":["https:\/\/www.aespack.com\/wp-content\/uploads\/2023\/04\/\u62c9\u94fe\u888b-50.jpg",250,250,false],"thumbnail":["https:\/\/www.aespack.com\/wp-content\/uploads\/2023\/04\/\u62c9\u94fe\u888b-50-150x150.jpg",150,150,true],"medium":["https:\/\/www.aespack.com\/wp-content\/uploads\/2023\/04\/\u62c9\u94fe\u888b-50.jpg",250,250,false],"medium_large":["https:\/\/www.aespack.com\/wp-content\/uploads\/2023\/04\/\u62c9\u94fe\u888b-50.jpg",250,250,false],"large":["https:\/\/www.aespack.com\/wp-content\/uploads\/2023\/04\/\u62c9\u94fe\u888b-50.jpg",250,250,false],"1536x1536":["https:\/\/www.aespack.com\/wp-content\/uploads\/2023\/04\/\u62c9\u94fe\u888b-50.jpg",250,250,false],"2048x2048":["https:\/\/www.aespack.com\/wp-content\/uploads\/2023\/04\/\u62c9\u94fe\u888b-50.jpg",250,250,false],"trp-custom-language-flag":["https:\/\/www.aespack.com\/wp-content\/uploads\/2023\/04\/\u62c9\u94fe\u888b-50.jpg",12,12,false],"woocommerce_archive_thumbnail":["https:\/\/www.aespack.com\/wp-content\/uploads\/2023\/04\/\u62c9\u94fe\u888b-50.jpg",250,250,false],"woocommerce_thumbnail":["https:\/\/www.aespack.com\/wp-content\/uploads\/2023\/04\/\u62c9\u94fe\u888b-50.jpg",250,250,false],"woocommerce_single":["https:\/\/www.aespack.com\/wp-content\/uploads\/2023\/04\/\u62c9\u94fe\u888b-50.jpg",250,250,false],"woocommerce_gallery_thumbnail":["https:\/\/www.aespack.com\/wp-content\/uploads\/2023\/04\/\u62c9\u94fe\u888b-50-100x100.jpg",100,100,true]},"post_excerpt_stackable":"<h2 data-content-type=\"heading\" data-appearance=\"default\" data-element=\"main\">Easy to Open and Close Zipper Bags<\/h2>\n","category_list":"","author_info":{"name":"","url":""},"comments_num":"0 commentaire","_links":{"self":[{"href":"https:\/\/www.aespack.com\/fr\/wp-json\/wp\/v2\/product\/1146","targetHints":{"allow":["GET"]}}],"collection":[{"href":"https:\/\/www.aespack.com\/fr\/wp-json\/wp\/v2\/product"}],"about":[{"href":"https:\/\/www.aespack.com\/fr\/wp-json\/wp\/v2\/types\/product"}],"replies":[{"embeddable":true,"href":"https:\/\/www.aespack.com\/fr\/wp-json\/wp\/v2\/comments?post=1146"}],"wp:featuredmedia":[{"embeddable":true,"href":"https:\/\/www.aespack.com\/fr\/wp-json\/wp\/v2\/media\/1149"}],"wp:attachment":[{"href":"https:\/\/www.aespack.com\/fr\/wp-json\/wp\/v2\/media?parent=1146"}],"wp:term":[{"taxonomy":"product_cat","embeddable":true,"href":"https:\/\/www.aespack.com\/fr\/wp-json\/wp\/v2\/product_cat?post=1146"},{"taxonomy":"product_tag","embeddable":true,"href":"https:\/\/www.aespack.com\/fr\/wp-json\/wp\/v2\/product_tag?post=1146"}],"curies":[{"name":"wp","href":"https:\/\/api.w.org\/{rel}","templated":true}]}}