{"id":1131,"date":"2025-01-07T16:37:42","date_gmt":"2025-01-07T08:37:42","guid":{"rendered":"https:\/\/www.aespack.com\/?post_type=product&#038;p=1131"},"modified":"2025-01-08T15:05:09","modified_gmt":"2025-01-08T07:05:09","slug":"self-seal-padded-mailers","status":"publish","type":"product","link":"https:\/\/www.aespack.com\/fr\/produit\/self-seal-padded-mailers\/","title":{"rendered":"Enveloppes matelass\u00e9es auto-scellantes"},"content":{"rendered":"<h1 class=\"grph1\"><a href=\"http:\/\/Self-seal padded mailers\">Enveloppes matelass\u00e9es auto-scellantes<\/a><\/h1>\n<p>Sp\u00e9cifications<\/p>\n<table class=\"hight-light-first-column all magic-5\">\n<tbody>\n<tr>\n<td colspan=\"1\" rowspan=\"2\">\n<div class=\"magic-6\">\n<div class=\"magic-7\" data-spm-anchor-id=\"0.0.0.i8.62ce4f05ZOAfDy\"><b class=\"magic-8\" data-spm-anchor-id=\"0.0.0.i115.62ce4f05X2e1Ma\">Mat\u00e9riau<\/b><\/div>\n<\/div>\n<\/td>\n<td colspan=\"1\" rowspan=\"1\">\n<div class=\"magic-9\" data-spm-anchor-id=\"a2700.details.0.i13.4faa1e43OF4jKt\">Bulle d'air &amp; \/ Poly \/ Film coextrud\u00e9 \/ Papier Kraft, etc.<\/div>\n<\/td>\n<\/tr>\n<tr>\n<td colspan=\"1\" rowspan=\"1\">\n<div class=\"magic-9\">D2W, mat\u00e9riau composite PLA, etc.<\/div>\n<\/td>\n<\/tr>\n<tr>\n<td colspan=\"1\" rowspan=\"1\">\n<div class=\"magic-11\"><b>Taille\/\u00c9paisseur<\/b><\/div>\n<\/td>\n<td colspan=\"1\" rowspan=\"1\">\n<div class=\"magic-9\">Personnalis\u00e9 en fonction de vos besoins<\/div>\n<\/td>\n<\/tr>\n<tr>\n<td colspan=\"1\" rowspan=\"1\">\n<div class=\"magic-11\"><b>Impression<\/b><\/div>\n<\/td>\n<td colspan=\"1\" rowspan=\"1\">\n<div class=\"magic-9\">Impression en h\u00e9liogravure, jusqu'\u00e0 8 couleurs, CMYK<\/div>\n<\/td>\n<\/tr>\n<tr>\n<td colspan=\"1\" rowspan=\"1\">\n<div class=\"magic-11\"><b>Application\/utilisation<\/b><\/div>\n<\/td>\n<td colspan=\"1\" rowspan=\"1\">\n<div class=\"magic-9\">Express, Exp\u00e9dition, Service postal, Emballage de v\u00eatements, Emballage pour v\u00eatements<\/div>\n<\/td>\n<\/tr>\n<tr>\n<td colspan=\"1\" rowspan=\"4\">\n<div class=\"magic-6\">\n<div data-spm-anchor-id=\"0.0.0.i9.62ce4f05trYLIu\"><b>\u00a0<\/b><\/div>\n<div data-spm-anchor-id=\"0.0.0.i9.62ce4f05trYLIu\"><b>\u00a0<\/b><\/div>\n<div data-spm-anchor-id=\"0.0.0.i9.62ce4f05trYLIu\"><b>Fonctionnalit\u00e9<\/b><\/div>\n<\/div>\n<\/td>\n<td colspan=\"1\" rowspan=\"1\">\n<div class=\"magic-9\">1. Colle forte avec une bonne s\u00e9curit\u00e9<\/div>\n<\/td>\n<\/tr>\n<tr>\n<td colspan=\"1\" rowspan=\"1\">\n<div class=\"magic-9\">2. Opaque avec une bonne confidentialit\u00e9<\/div>\n<\/td>\n<\/tr>\n<tr>\n<td colspan=\"1\" rowspan=\"1\">\n<div class=\"magic-9\">3. R\u00e9sistance \u00e0 la perforation, impression parfaite<\/div>\n<\/td>\n<\/tr>\n<tr>\n<td colspan=\"1\" rowspan=\"1\">\n<div class=\"magic-9\">4. Imperm\u00e9able, r\u00e9sistant \u00e0 l'humidit\u00e9, r\u00e9sistant \u00e0 la d\u00e9chirure<\/div>\n<\/td>\n<\/tr>\n<tr>\n<td colspan=\"1\" rowspan=\"1\">\n<div class=\"magic-11\"><b>Emballage<\/b><\/div>\n<\/td>\n<td colspan=\"1\" rowspan=\"1\">\n<div class=\"magic-9\">Cartons\/bo\u00eetes, palettes disponibles sur demande<\/div>\n<\/td>\n<\/tr>\n<tr>\n<td colspan=\"1\" rowspan=\"1\">\n<div class=\"magic-11\"><b>Certificat<\/b><\/div>\n<\/td>\n<td colspan=\"1\" rowspan=\"1\">\n<div class=\"magic-9\">ISO 9001:2008, SGS, etc.<\/div>\n<\/td>\n<\/tr>\n<tr>\n<td colspan=\"1\" rowspan=\"1\">\n<div class=\"magic-11\"><b>Service suppl\u00e9mentaire<\/b><\/div>\n<\/td>\n<td colspan=\"1\" rowspan=\"1\">\n<div class=\"magic-9\">OEM, ODM<\/div>\n<\/td>\n<\/tr>\n<tr>\n<td class=\"magic-12\" colspan=\"1\" rowspan=\"1\">\n<div class=\"magic-11\"><b>\u00c9chantillon<\/b><\/div>\n<\/td>\n<td colspan=\"1\" rowspan=\"1\">\n<div class=\"magic-9\" data-spm-anchor-id=\"a2700.details.0.i12.4faa1e43OF4jKt\">\u00c9chantillons en stock gratuits ; \u00c9chantillons sur mesure, co\u00fbt de l'\u00e9chantillon \u00e0 payer.<\/div>\n<\/td>\n<\/tr>\n<\/tbody>\n<\/table>","protected":false},"excerpt":{"rendered":"<p>Les pochettes \u00e0 bulles sont des enveloppes doubl\u00e9es d'un film \u00e0 bulles pour une protection suppl\u00e9mentaire. Ils sont disponibles dans une large gamme de tailles, g\u00e9n\u00e9ralement rectangulaires. Les enveloppes \u00e0 bulles sont fabriqu\u00e9es en plastique ou en papier et sont extr\u00eamement durables, l\u00e9g\u00e8res, flexibles et peu encombrantes. Les enveloppes \u00e0 bulles en poly\u00e9thyl\u00e8ne sont fabriqu\u00e9es \u00e0 partir de plastique poly\u00e9thyl\u00e8ne, le plastique le plus couramment utilis\u00e9 dans l'emballage, et sont doubl\u00e9es d'un film \u00e0 bulles pour un meilleur rembourrage. Elles sont imperm\u00e9ables, durables et constituent une option tr\u00e8s populaire pour l'exp\u00e9dition de produits de d\u00e9tail plus petits et plus fragiles.<\/p>\n<p>&nbsp;<\/p>","protected":false},"featured_media":1137,"comment_status":"open","ping_status":"closed","template":"","meta":{"_seopress_robots_primary_cat":"none"},"product_cat":[28],"product_tag":[],"class_list":["post-1131","product","type-product","status-publish","has-post-thumbnail","hentry","product_cat-bubble-mailer"],"featured_image_urls":{"full":["https:\/\/www.aespack.com\/wp-content\/uploads\/2023\/04\/22646129077_973667156.jpg",790,1068,false],"thumbnail":["https:\/\/www.aespack.com\/wp-content\/uploads\/2023\/04\/22646129077_973667156-150x150.jpg",150,150,true],"medium":["https:\/\/www.aespack.com\/wp-content\/uploads\/2023\/04\/22646129077_973667156-222x300.jpg",222,300,true],"medium_large":["https:\/\/www.aespack.com\/wp-content\/uploads\/2023\/04\/22646129077_973667156-768x1038.jpg",768,1038,true],"large":["https:\/\/www.aespack.com\/wp-content\/uploads\/2023\/04\/22646129077_973667156-757x1024.jpg",757,1024,true],"1536x1536":["https:\/\/www.aespack.com\/wp-content\/uploads\/2023\/04\/22646129077_973667156.jpg",790,1068,false],"2048x2048":["https:\/\/www.aespack.com\/wp-content\/uploads\/2023\/04\/22646129077_973667156.jpg",790,1068,false],"trp-custom-language-flag":["https:\/\/www.aespack.com\/wp-content\/uploads\/2023\/04\/22646129077_973667156.jpg",9,12,false],"woocommerce_archive_thumbnail":["https:\/\/www.aespack.com\/wp-content\/uploads\/2023\/04\/22646129077_973667156-300x406.jpg",300,406,true],"woocommerce_thumbnail":["https:\/\/www.aespack.com\/wp-content\/uploads\/2023\/04\/22646129077_973667156-300x406.jpg",300,406,true],"woocommerce_single":["https:\/\/www.aespack.com\/wp-content\/uploads\/2023\/04\/22646129077_973667156-600x811.jpg",600,811,true],"woocommerce_gallery_thumbnail":["https:\/\/www.aespack.com\/wp-content\/uploads\/2023\/04\/22646129077_973667156-100x100.jpg",100,100,true]},"post_excerpt_stackable":"<p>Bubble mailer bags are envelopes lined with bubble wrap for extra protection . They come in an extensive range of sizes, commonly rectangular in dimension. Bubble mailers are made from plastic or paper and are extremely durable, lightweight, flexible and space efficient . Poly bubble mailers are made from polyethylene plastic, which is the most commonly used plastic in packaging, and is lined with bubble wrap for extra cushioning. It is water proof, durable and a very popular option for shipping smaller and more fragile retail products .<\/p>\n<p>&nbsp;<\/p>\n","category_list":"","author_info":{"name":"","url":""},"comments_num":"0 commentaire","_links":{"self":[{"href":"https:\/\/www.aespack.com\/fr\/wp-json\/wp\/v2\/product\/1131","targetHints":{"allow":["GET"]}}],"collection":[{"href":"https:\/\/www.aespack.com\/fr\/wp-json\/wp\/v2\/product"}],"about":[{"href":"https:\/\/www.aespack.com\/fr\/wp-json\/wp\/v2\/types\/product"}],"replies":[{"embeddable":true,"href":"https:\/\/www.aespack.com\/fr\/wp-json\/wp\/v2\/comments?post=1131"}],"wp:featuredmedia":[{"embeddable":true,"href":"https:\/\/www.aespack.com\/fr\/wp-json\/wp\/v2\/media\/1137"}],"wp:attachment":[{"href":"https:\/\/www.aespack.com\/fr\/wp-json\/wp\/v2\/media?parent=1131"}],"wp:term":[{"taxonomy":"product_cat","embeddable":true,"href":"https:\/\/www.aespack.com\/fr\/wp-json\/wp\/v2\/product_cat?post=1131"},{"taxonomy":"product_tag","embeddable":true,"href":"https:\/\/www.aespack.com\/fr\/wp-json\/wp\/v2\/product_tag?post=1131"}],"curies":[{"name":"wp","href":"https:\/\/api.w.org\/{rel}","templated":true}]}}