{"id":1067,"date":"2025-01-08T09:05:36","date_gmt":"2025-01-08T01:05:36","guid":{"rendered":"https:\/\/www.aespack.com\/?post_type=product&#038;p=1067"},"modified":"2025-01-09T10:46:52","modified_gmt":"2025-01-09T02:46:52","slug":"custom-logo-frosted-plastic-zip-lock-self-sealing-bag","status":"publish","type":"product","link":"https:\/\/www.aespack.com\/fr\/produit\/custom-logo-frosted-plastic-zip-lock-self-sealing-bag\/","title":{"rendered":"Logo personnalis\u00e9 Sac plastique givr\u00e9 \u00e0 fermeture \u00e9clair et auto-scellant"},"content":{"rendered":"<table border=\"1\" cellspacing=\"0\">\n<tbody>\n<tr>\n<td colspan=\"2\" valign=\"top\">\n<p align=\"justify\"><strong><span data-spm-anchor-id=\"a2700.wholesale.0.i43.3a416eddSWu31Z\">\u00a0Informations sur le produit<\/span><\/strong><\/p>\n<\/td>\n<\/tr>\n<tr>\n<td valign=\"top\"><strong>Nom du produit<\/strong><\/td>\n<td valign=\"top\">Logo personnalis\u00e9 Sac plastique givr\u00e9 \u00e0 fermeture \u00e9clair et auto-scellant<\/td>\n<\/tr>\n<tr>\n<td valign=\"top\"><strong>Mat\u00e9riau<\/strong><\/td>\n<td valign=\"top\">CPE, PE ou sur mesure<\/td>\n<\/tr>\n<tr>\n<td valign=\"top\"><strong>Technique<\/strong><\/td>\n<td valign=\"top\">S\u00e9rigraphie<\/td>\n<\/tr>\n<tr>\n<td valign=\"top\"><strong>Couleur<\/strong><\/td>\n<td valign=\"top\">Transparent, givr\u00e9 ou impression couleur personnalis\u00e9e<\/td>\n<\/tr>\n<tr>\n<td valign=\"top\"><strong>Taille<\/strong><\/td>\n<td valign=\"top\">20*25cm, 25*30cm ou sur mesure<\/td>\n<\/tr>\n<tr>\n<td valign=\"top\"><strong>Logo<\/strong><\/td>\n<td valign=\"top\">Sur mesure<\/td>\n<\/tr>\n<tr>\n<td valign=\"top\"><strong>Application<\/strong><\/td>\n<td valign=\"top\">Pour les v\u00eatements, les chaussures, les chaussettes, les bibelots, les produits \u00e9lectroniques, les cosm\u00e9tiques, les cadeaux, les aliments, les produits de base, etc.<\/td>\n<\/tr>\n<tr>\n<td valign=\"top\"><strong>MOQ<\/strong><\/td>\n<td valign=\"top\"><strong>10000 pi\u00e8ces<\/strong><\/td>\n<\/tr>\n<tr>\n<td valign=\"top\"><strong>Exp\u00e9dition<\/strong><\/td>\n<td valign=\"top\">A. Par voie a\u00e9rienne ou maritime<\/p>\n<p>B. Par voie express (DHL, TNT, FedEx,)<\/td>\n<\/tr>\n<tr>\n<td valign=\"top\"><strong>D\u00e9lai d'ex\u00e9cution<\/strong><\/td>\n<td valign=\"top\">7-15 jours (en fonction de la quantit\u00e9)<\/td>\n<\/tr>\n<tr>\n<td valign=\"top\"><strong>Emballage<\/strong><\/td>\n<td valign=\"top\">1000pcs par carton ou selon la demande<\/td>\n<\/tr>\n<\/tbody>\n<\/table>","protected":false},"excerpt":{"rendered":"<p>\u00a0Product Information Product name Custom logo Frosted Plastic Zip Lock Self Sealing Bag Material CPE,PE or customized Technics Screen Printing Color Transparent , frosted, or customized color printing Size 20*25cm,25*30cm or customized Logo Customized Application For garment, shoes, socks, trinkets, electronic products packing, cosmetic, gift, food, commodities,etc MOQ 10000 pcs Shipment A.\u00a0By air or sea [&hellip;]<\/p>","protected":false},"featured_media":1083,"comment_status":"open","ping_status":"closed","template":"","meta":{"_seopress_robots_primary_cat":"none"},"product_cat":[15],"product_tag":[],"class_list":["post-1067","product","type-product","status-publish","has-post-thumbnail","hentry","product_cat-zipper-clothing-bags"],"featured_image_urls":{"full":["https:\/\/www.aespack.com\/wp-content\/uploads\/2023\/03\/a1f566.jpg",800,800,false],"thumbnail":["https:\/\/www.aespack.com\/wp-content\/uploads\/2023\/03\/a1f566-150x150.jpg",150,150,true],"medium":["https:\/\/www.aespack.com\/wp-content\/uploads\/2023\/03\/a1f566-300x300.jpg",300,300,true],"medium_large":["https:\/\/www.aespack.com\/wp-content\/uploads\/2023\/03\/a1f566-768x768.jpg",768,768,true],"large":["https:\/\/www.aespack.com\/wp-content\/uploads\/2023\/03\/a1f566.jpg",800,800,false],"1536x1536":["https:\/\/www.aespack.com\/wp-content\/uploads\/2023\/03\/a1f566.jpg",800,800,false],"2048x2048":["https:\/\/www.aespack.com\/wp-content\/uploads\/2023\/03\/a1f566.jpg",800,800,false],"trp-custom-language-flag":["https:\/\/www.aespack.com\/wp-content\/uploads\/2023\/03\/a1f566.jpg",12,12,false],"woocommerce_archive_thumbnail":["https:\/\/www.aespack.com\/wp-content\/uploads\/2023\/03\/a1f566-300x300.jpg",300,300,true],"woocommerce_thumbnail":["https:\/\/www.aespack.com\/wp-content\/uploads\/2023\/03\/a1f566-300x300.jpg",300,300,true],"woocommerce_single":["https:\/\/www.aespack.com\/wp-content\/uploads\/2023\/03\/a1f566-600x600.jpg",600,600,true],"woocommerce_gallery_thumbnail":["https:\/\/www.aespack.com\/wp-content\/uploads\/2023\/03\/a1f566-100x100.jpg",100,100,true]},"post_excerpt_stackable":"<p>\u00a0Product Information Product name Custom logo Frosted Plastic Zip Lock Self Sealing Bag Material CPE,PE or customized Technics Screen Printing Color Transparent , frosted, or customized color printing Size 20*25cm,25*30cm or customized Logo Customized Application For garment, shoes, socks, trinkets, electronic products packing, cosmetic, gift, food, commodities,etc MOQ 10000 pcs Shipment A.\u00a0By air or sea B. By Express(DHL,TNT,FedEx,) Lead time 7-15 days(depend on quantity) Packaging 1000pcs per carton or as request<\/p>\n","category_list":"","author_info":{"name":"","url":""},"comments_num":"0 commentaire","_links":{"self":[{"href":"https:\/\/www.aespack.com\/fr\/wp-json\/wp\/v2\/product\/1067","targetHints":{"allow":["GET"]}}],"collection":[{"href":"https:\/\/www.aespack.com\/fr\/wp-json\/wp\/v2\/product"}],"about":[{"href":"https:\/\/www.aespack.com\/fr\/wp-json\/wp\/v2\/types\/product"}],"replies":[{"embeddable":true,"href":"https:\/\/www.aespack.com\/fr\/wp-json\/wp\/v2\/comments?post=1067"}],"wp:featuredmedia":[{"embeddable":true,"href":"https:\/\/www.aespack.com\/fr\/wp-json\/wp\/v2\/media\/1083"}],"wp:attachment":[{"href":"https:\/\/www.aespack.com\/fr\/wp-json\/wp\/v2\/media?parent=1067"}],"wp:term":[{"taxonomy":"product_cat","embeddable":true,"href":"https:\/\/www.aespack.com\/fr\/wp-json\/wp\/v2\/product_cat?post=1067"},{"taxonomy":"product_tag","embeddable":true,"href":"https:\/\/www.aespack.com\/fr\/wp-json\/wp\/v2\/product_tag?post=1067"}],"curies":[{"name":"wp","href":"https:\/\/api.w.org\/{rel}","templated":true}]}}