{"id":1060,"date":"2025-08-28T15:43:16","date_gmt":"2025-08-28T07:43:16","guid":{"rendered":"https:\/\/www.aespack.com\/?post_type=product&#038;p=1060"},"modified":"2025-08-29T10:41:21","modified_gmt":"2025-08-29T02:41:21","slug":"slide-zipper-bag","status":"publish","type":"product","link":"https:\/\/www.aespack.com\/fr\/produit\/slide-zipper-bag\/","title":{"rendered":"Sac \u00e0 glissi\u00e8re pour l'emballage des v\u00eatements"},"content":{"rendered":"<table border=\"1\" cellspacing=\"0\">\n<tbody>\n<tr>\n<td colspan=\"2\" valign=\"top\">\n<p align=\"justify\"><strong><span data-spm-anchor-id=\"a2700.wholesale.0.i43.3a416eddSWu31Z\">\u00a0Informations sur le produit<\/span><\/strong><\/p>\n<\/td>\n<\/tr>\n<tr>\n<td valign=\"top\"><strong>Nom du produit<\/strong><\/td>\n<td valign=\"top\">\u00a0Sac \u00e0 fermeture \u00e9clair \u00e0 glissi\u00e8re<\/td>\n<\/tr>\n<tr>\n<td valign=\"top\"><strong>Mat\u00e9riau<\/strong><\/td>\n<td valign=\"top\">CPE, PE ou sur mesure<\/td>\n<\/tr>\n<tr>\n<td valign=\"top\"><strong>Technique<\/strong><\/td>\n<td valign=\"top\">S\u00e9rigraphie<\/td>\n<\/tr>\n<tr>\n<td valign=\"top\"><strong>Couleur<\/strong><\/td>\n<td valign=\"top\">Transparent, givr\u00e9 ou impression couleur personnalis\u00e9e<\/td>\n<\/tr>\n<tr>\n<td valign=\"top\"><strong>Taille<\/strong><\/td>\n<td valign=\"top\">20*25cm, 25*30cm ou sur mesure<\/td>\n<\/tr>\n<tr>\n<td valign=\"top\"><strong>Logo<\/strong><\/td>\n<td valign=\"top\">Sur mesure<\/td>\n<\/tr>\n<tr>\n<td valign=\"top\"><strong>Application<\/strong><\/td>\n<td valign=\"top\">Pour les v\u00eatements, les chaussures, les chaussettes, les bibelots, les produits \u00e9lectroniques, les cosm\u00e9tiques, les cadeaux, les aliments, les produits de base, etc.<\/td>\n<\/tr>\n<tr>\n<td valign=\"top\"><strong>MOQ<\/strong><\/td>\n<td valign=\"top\"><strong>10000 pi\u00e8ces<\/strong><\/td>\n<\/tr>\n<tr>\n<td valign=\"top\"><strong>Exp\u00e9dition<\/strong><\/td>\n<td valign=\"top\">A. Par voie a\u00e9rienne ou maritime<\/p>\n<p>B. Par voie express (DHL, TNT, FedEx,)<\/td>\n<\/tr>\n<tr>\n<td valign=\"top\"><strong>D\u00e9lai d'ex\u00e9cution<\/strong><\/td>\n<td valign=\"top\">7-15 jours (en fonction de la quantit\u00e9)<\/td>\n<\/tr>\n<tr>\n<td valign=\"top\"><strong>Emballage<\/strong><\/td>\n<td valign=\"top\">1000pcs par carton ou selon la demande<\/td>\n<\/tr>\n<\/tbody>\n<\/table>","protected":false},"excerpt":{"rendered":"<p>\u00a0Product Information Product name \u00a0Slide Zipper Bag Material CPE,PE or customized Technics Screen Printing Color Transparent , frosted, or customized color printing Size 20*25cm,25*30cm or customized Logo Customized Application For garment, shoes, socks, trinkets, electronic products packing, cosmetic, gift, food, commodities,etc MOQ 10000 pcs Shipment A.\u00a0By air or sea B. By Express(DHL,TNT,FedEx,) Lead time 7-15 [&hellip;]<\/p>","protected":false},"featured_media":1064,"comment_status":"open","ping_status":"closed","template":"","meta":{"_seopress_robots_primary_cat":"none"},"product_cat":[15],"product_tag":[],"class_list":["post-1060","product","type-product","status-publish","has-post-thumbnail","hentry","product_cat-zipper-clothing-bags"],"featured_image_urls":{"full":["https:\/\/www.aespack.com\/wp-content\/uploads\/2023\/03\/\u62c9\u94fe\u888b-50.jpg",250,250,false],"thumbnail":["https:\/\/www.aespack.com\/wp-content\/uploads\/2023\/03\/\u62c9\u94fe\u888b-50-150x150.jpg",150,150,true],"medium":["https:\/\/www.aespack.com\/wp-content\/uploads\/2023\/03\/\u62c9\u94fe\u888b-50.jpg",250,250,false],"medium_large":["https:\/\/www.aespack.com\/wp-content\/uploads\/2023\/03\/\u62c9\u94fe\u888b-50.jpg",250,250,false],"large":["https:\/\/www.aespack.com\/wp-content\/uploads\/2023\/03\/\u62c9\u94fe\u888b-50.jpg",250,250,false],"1536x1536":["https:\/\/www.aespack.com\/wp-content\/uploads\/2023\/03\/\u62c9\u94fe\u888b-50.jpg",250,250,false],"2048x2048":["https:\/\/www.aespack.com\/wp-content\/uploads\/2023\/03\/\u62c9\u94fe\u888b-50.jpg",250,250,false],"trp-custom-language-flag":["https:\/\/www.aespack.com\/wp-content\/uploads\/2023\/03\/\u62c9\u94fe\u888b-50.jpg",12,12,false],"woocommerce_archive_thumbnail":["https:\/\/www.aespack.com\/wp-content\/uploads\/2023\/03\/\u62c9\u94fe\u888b-50.jpg",250,250,false],"woocommerce_thumbnail":["https:\/\/www.aespack.com\/wp-content\/uploads\/2023\/03\/\u62c9\u94fe\u888b-50.jpg",250,250,false],"woocommerce_single":["https:\/\/www.aespack.com\/wp-content\/uploads\/2023\/03\/\u62c9\u94fe\u888b-50.jpg",250,250,false],"woocommerce_gallery_thumbnail":["https:\/\/www.aespack.com\/wp-content\/uploads\/2023\/03\/\u62c9\u94fe\u888b-50-100x100.jpg",100,100,true]},"post_excerpt_stackable":"<p>\u00a0Product Information Product name \u00a0Slide Zipper Bag Material CPE,PE or customized Technics Screen Printing Color Transparent , frosted, or customized color printing Size 20*25cm,25*30cm or customized Logo Customized Application For garment, shoes, socks, trinkets, electronic products packing, cosmetic, gift, food, commodities,etc MOQ 10000 pcs Shipment A.\u00a0By air or sea B. By Express(DHL,TNT,FedEx,) Lead time 7-15 days(depend on quantity) Packaging 1000pcs per carton or as request<\/p>\n","category_list":"","author_info":{"name":"","url":""},"comments_num":"0 commentaire","_links":{"self":[{"href":"https:\/\/www.aespack.com\/fr\/wp-json\/wp\/v2\/product\/1060","targetHints":{"allow":["GET"]}}],"collection":[{"href":"https:\/\/www.aespack.com\/fr\/wp-json\/wp\/v2\/product"}],"about":[{"href":"https:\/\/www.aespack.com\/fr\/wp-json\/wp\/v2\/types\/product"}],"replies":[{"embeddable":true,"href":"https:\/\/www.aespack.com\/fr\/wp-json\/wp\/v2\/comments?post=1060"}],"wp:featuredmedia":[{"embeddable":true,"href":"https:\/\/www.aespack.com\/fr\/wp-json\/wp\/v2\/media\/1064"}],"wp:attachment":[{"href":"https:\/\/www.aespack.com\/fr\/wp-json\/wp\/v2\/media?parent=1060"}],"wp:term":[{"taxonomy":"product_cat","embeddable":true,"href":"https:\/\/www.aespack.com\/fr\/wp-json\/wp\/v2\/product_cat?post=1060"},{"taxonomy":"product_tag","embeddable":true,"href":"https:\/\/www.aespack.com\/fr\/wp-json\/wp\/v2\/product_tag?post=1060"}],"curies":[{"name":"wp","href":"https:\/\/api.w.org\/{rel}","templated":true}]}}