{"id":1050,"date":"2025-08-28T10:34:07","date_gmt":"2025-08-28T02:34:07","guid":{"rendered":"https:\/\/www.aespack.com\/?post_type=product&#038;p=1050"},"modified":"2025-08-29T10:46:14","modified_gmt":"2025-08-29T02:46:14","slug":"customs-sliding-zipper-bags","status":"publish","type":"product","link":"https:\/\/www.aespack.com\/fr\/produit\/customs-sliding-zipper-bags\/","title":{"rendered":"Sacs douaniers \u00e0 glissi\u00e8re"},"content":{"rendered":"<table border=\"1\" cellspacing=\"0\">\n<tbody>\n<tr>\n<td colspan=\"2\" valign=\"top\">\n<p align=\"justify\"><strong><span data-spm-anchor-id=\"a2700.wholesale.0.i43.3a416eddSWu31Z\">Sacs douaniers \u00e0 glissi\u00e8re\u00a0<\/span><\/strong><\/p>\n<p align=\"justify\"><strong><span data-spm-anchor-id=\"a2700.wholesale.0.i43.3a416eddSWu31Z\">Informations sur le produit<\/span><\/strong><\/p>\n<\/td>\n<\/tr>\n<tr>\n<td valign=\"top\"><strong>Nom du produit<\/strong><\/td>\n<td valign=\"top\">Sacs douaniers \u00e0 glissi\u00e8re<\/td>\n<\/tr>\n<tr>\n<td valign=\"top\"><strong>Mat\u00e9riau<\/strong><\/p>\n<p><strong>\u00c9paisseur<\/strong><\/td>\n<td valign=\"top\">CPE, PE ou sur mesure<\/p>\n<p>\u00c9paisseur de 3 mils ou \u00e9paisseur personnalis\u00e9e<\/td>\n<\/tr>\n<tr>\n<td valign=\"top\"><strong>Technique<\/strong><\/td>\n<td valign=\"top\">S\u00e9rigraphie<\/td>\n<\/tr>\n<tr>\n<td valign=\"top\"><strong>Couleur<\/strong><\/td>\n<td valign=\"top\">Transparent, givr\u00e9 ou impression couleur personnalis\u00e9e<\/td>\n<\/tr>\n<tr>\n<td valign=\"top\"><strong>Taille<\/strong><\/td>\n<td valign=\"top\">20*25cm, 25*30cm ou sur mesure<\/td>\n<\/tr>\n<tr>\n<td valign=\"top\"><strong>Logo<\/strong><\/td>\n<td valign=\"top\">Sur mesure<\/td>\n<\/tr>\n<tr>\n<td valign=\"top\"><strong>Application<\/strong><\/td>\n<td valign=\"top\">Pour les v\u00eatements, les chaussures, les chaussettes, les bibelots, les produits \u00e9lectroniques, les cosm\u00e9tiques, les cadeaux, les aliments, les produits de base, etc.<\/td>\n<\/tr>\n<tr>\n<td valign=\"top\"><strong>MOQ<\/strong><\/td>\n<td valign=\"top\"><strong>10000 pi\u00e8ces<\/strong><\/td>\n<\/tr>\n<tr>\n<td valign=\"top\"><strong>Exp\u00e9dition<\/strong><\/td>\n<td valign=\"top\">A. Par voie a\u00e9rienne ou maritime<\/p>\n<p>B. Par voie express (DHL, TNT, FedEx,)<\/td>\n<\/tr>\n<tr>\n<td valign=\"top\"><strong>D\u00e9lai d'ex\u00e9cution<\/strong><\/td>\n<td valign=\"top\">7-15 jours (en fonction de la quantit\u00e9)<\/td>\n<\/tr>\n<tr>\n<td valign=\"top\"><strong>Emballage<\/strong><\/td>\n<td valign=\"top\">1000pcs par carton ou selon la demande<\/td>\n<\/tr>\n<\/tbody>\n<\/table>\n<p>&nbsp;<\/p>\n<p>&nbsp;<\/p>","protected":false},"excerpt":{"rendered":"<p>Ces sacs \u00e0 fermeture \u00e9clair coulissante sont dot\u00e9s d'un bloc coulissant qui facilite l'ouverture et la fermeture du sac. Id\u00e9al pour emballer les v\u00eatements, les articles de sport, les jouets, les chaussettes et bien plus encore.<\/p>\n<p>1)3 mil d'\u00e9paisseur<\/p>\n<p>2) Mat\u00e9riau LDPE durable<\/p>\n<p>3) Fermeture \u00e0 glissi\u00e8re facile \u00e0 ouvrir et \u00e0 fermer<\/p>","protected":false},"featured_media":1048,"comment_status":"open","ping_status":"closed","template":"","meta":{"_seopress_robots_primary_cat":"none"},"product_cat":[15],"product_tag":[],"class_list":["post-1050","product","type-product","status-publish","has-post-thumbnail","hentry","product_cat-zipper-clothing-bags"],"featured_image_urls":{"full":["https:\/\/www.aespack.com\/wp-content\/uploads\/2023\/03\/\u62c9\u94fe\u888b-38-scaled.jpg",1920,2560,false],"thumbnail":["https:\/\/www.aespack.com\/wp-content\/uploads\/2023\/03\/\u62c9\u94fe\u888b-38-150x150.jpg",150,150,true],"medium":["https:\/\/www.aespack.com\/wp-content\/uploads\/2023\/03\/\u62c9\u94fe\u888b-38-225x300.jpg",225,300,true],"medium_large":["https:\/\/www.aespack.com\/wp-content\/uploads\/2023\/03\/\u62c9\u94fe\u888b-38-768x1024.jpg",768,1024,true],"large":["https:\/\/www.aespack.com\/wp-content\/uploads\/2023\/03\/\u62c9\u94fe\u888b-38-768x1024.jpg",768,1024,true],"1536x1536":["https:\/\/www.aespack.com\/wp-content\/uploads\/2023\/03\/\u62c9\u94fe\u888b-38-1152x1536.jpg",1152,1536,true],"2048x2048":["https:\/\/www.aespack.com\/wp-content\/uploads\/2023\/03\/\u62c9\u94fe\u888b-38-1536x2048.jpg",1536,2048,true],"trp-custom-language-flag":["https:\/\/www.aespack.com\/wp-content\/uploads\/2023\/03\/\u62c9\u94fe\u888b-38-scaled.jpg",9,12,false],"woocommerce_archive_thumbnail":["https:\/\/www.aespack.com\/wp-content\/uploads\/2023\/03\/\u62c9\u94fe\u888b-38-scaled-300x400.jpg",300,400,true],"woocommerce_thumbnail":["https:\/\/www.aespack.com\/wp-content\/uploads\/2023\/03\/\u62c9\u94fe\u888b-38-scaled-300x400.jpg",300,400,true],"woocommerce_single":["https:\/\/www.aespack.com\/wp-content\/uploads\/2023\/03\/\u62c9\u94fe\u888b-38-scaled-600x800.jpg",600,800,true],"woocommerce_gallery_thumbnail":["https:\/\/www.aespack.com\/wp-content\/uploads\/2023\/03\/\u62c9\u94fe\u888b-38-scaled-100x100.jpg",100,100,true]},"post_excerpt_stackable":"<p>These sliding zip bags feature a sliding block to make opening and closing this bag a breeze. Ideal for packaging\u00a0 clothes,Sports,toys, socks and more.<\/p>\n<p>1)3 mil thickness<\/p>\n<p>2)Durable LDPE Material<\/p>\n<p>3)Sliding zipper\u00a0 easily to open and close<\/p>\n","category_list":"","author_info":{"name":"","url":""},"comments_num":"0 commentaire","_links":{"self":[{"href":"https:\/\/www.aespack.com\/fr\/wp-json\/wp\/v2\/product\/1050","targetHints":{"allow":["GET"]}}],"collection":[{"href":"https:\/\/www.aespack.com\/fr\/wp-json\/wp\/v2\/product"}],"about":[{"href":"https:\/\/www.aespack.com\/fr\/wp-json\/wp\/v2\/types\/product"}],"replies":[{"embeddable":true,"href":"https:\/\/www.aespack.com\/fr\/wp-json\/wp\/v2\/comments?post=1050"}],"wp:featuredmedia":[{"embeddable":true,"href":"https:\/\/www.aespack.com\/fr\/wp-json\/wp\/v2\/media\/1048"}],"wp:attachment":[{"href":"https:\/\/www.aespack.com\/fr\/wp-json\/wp\/v2\/media?parent=1050"}],"wp:term":[{"taxonomy":"product_cat","embeddable":true,"href":"https:\/\/www.aespack.com\/fr\/wp-json\/wp\/v2\/product_cat?post=1050"},{"taxonomy":"product_tag","embeddable":true,"href":"https:\/\/www.aespack.com\/fr\/wp-json\/wp\/v2\/product_tag?post=1050"}],"curies":[{"name":"wp","href":"https:\/\/api.w.org\/{rel}","templated":true}]}}