{"id":939,"date":"2026-04-27T10:21:23","date_gmt":"2026-04-27T02:21:23","guid":{"rendered":"https:\/\/www.aespack.com\/?post_type=product&#038;p=939"},"modified":"2026-04-28T14:01:38","modified_gmt":"2026-04-28T06:01:38","slug":"compostable-t-shirt-bag","status":"publish","type":"product","link":"https:\/\/www.aespack.com\/es\/producto\/compostable-t-shirt-bag\/","title":{"rendered":"Biodegradable T-Shirt Bags"},"content":{"rendered":"<div class=\"J_module\">\n<div id=\"ali-anchor-AliMagic-94vkyf\" class=\"magic-3\" data-section=\"AliMagic-94vkyf\" data-section-title=\"Specification\">Especificaci\u00f3n<\/div>\n<div data-section=\"AliMagic-94vkyf\" data-section-title=\"Specification\"><span data-spm-anchor-id=\"a2700.details.0.i8.5cd92a1cYANduC\">Las bolsas de embalaje compostables son la alternativa perfecta a las bolsas de pl\u00e1stico tradicionales, ya que est\u00e1n fabricadas con almid\u00f3n de ma\u00edz y materiales 100% biodegradables y compostables.<\/span><br \/>\nSe puede biodegradar en fertilizante org\u00e1nico en 6-12 meses, sin ninguna contaminaci\u00f3n.Todos los productos est\u00e1n certificados por TUV, EN13432, etc.<span data-spm-anchor-id=\"a2700.details.0.i12.5cd92a1cYANduC\">Desde las materias primas y la tinta hasta los productos acabados, puede estar seguro de que cualquier art\u00edculo que produzcamos se descompondr\u00e1 y no da\u00f1ar\u00e1 el medio ambiente en el proceso.<\/span><\/div>\n<div data-section=\"AliMagic-94vkyf\" data-section-title=\"Specification\"><\/div>\n<\/div>\n<div class=\"J_module\">\n<div class=\"ife-detail-decorate-table\">\n<table width=\"746\">\n<tbody>\n<tr>\n<td>Nombre del art\u00edculo<\/td>\n<td>Bolsa compostable para camisetas<\/td>\n<\/tr>\n<tr>\n<td>Lugar de origen<\/td>\n<td>Guangdong,China<\/td>\n<\/tr>\n<tr>\n<td>Material<\/td>\n<td>PBAT+PLA<\/td>\n<\/tr>\n<tr>\n<td>Uso industrial<\/td>\n<td>Embalaje de servicio urgente<\/td>\n<\/tr>\n<tr>\n<td>Talla<\/td>\n<td>Diferentes tama\u00f1os, personalizados<\/td>\n<\/tr>\n<tr>\n<td>Manipulaci\u00f3n de superficies<\/td>\n<td>Impresi\u00f3n offset<\/td>\n<\/tr>\n<tr>\n<td>Caracter\u00edstica<\/td>\n<td>Seguridad,Impermeable<\/td>\n<\/tr>\n<tr>\n<td>Sellado y asa<\/td>\n<td>Sello autoadhesivo<\/td>\n<\/tr>\n<tr>\n<td>Pedido a medida<\/td>\n<td>Aceptable<\/td>\n<\/tr>\n<tr>\n<td>MOQ<\/td>\n<td>10000 unidades<\/td>\n<\/tr>\n<tr>\n<td>Grosor del material<\/td>\n<td>Popular es de 50-70 micras<\/td>\n<\/tr>\n<tr>\n<td>Impresi\u00f3n en color<\/td>\n<td>Hasta 8 colores<\/td>\n<\/tr>\n<tr>\n<td>Muestra<\/td>\n<td>Gratuito para muestras de existencias<\/td>\n<\/tr>\n<tr>\n<td>Plazo de entrega<\/td>\n<td>10-15 d\u00edas<\/td>\n<\/tr>\n<tr>\n<td>Capacidad de producci\u00f3n<\/td>\n<td>50000000pcs\/mes<\/td>\n<\/tr>\n<\/tbody>\n<\/table>\n<\/div>\n<\/div>","protected":false},"excerpt":{"rendered":"<p>100% materiales biodegradables y compostables<\/p>\n<p>EN13432<\/p>","protected":false},"featured_media":950,"comment_status":"open","ping_status":"closed","template":"","meta":{"_seopress_robots_primary_cat":"none"},"product_cat":[19],"product_tag":[],"class_list":["post-939","product","type-product","status-publish","has-post-thumbnail","hentry","product_cat-compostable-mailing-bag"],"featured_image_urls":{"full":["https:\/\/www.aespack.com\/wp-content\/uploads\/2022\/12\/aad05c.jpg",800,800,false],"thumbnail":["https:\/\/www.aespack.com\/wp-content\/uploads\/2022\/12\/aad05c-150x150.jpg",150,150,true],"medium":["https:\/\/www.aespack.com\/wp-content\/uploads\/2022\/12\/aad05c-300x300.jpg",300,300,true],"medium_large":["https:\/\/www.aespack.com\/wp-content\/uploads\/2022\/12\/aad05c-768x768.jpg",768,768,true],"large":["https:\/\/www.aespack.com\/wp-content\/uploads\/2022\/12\/aad05c.jpg",800,800,false],"1536x1536":["https:\/\/www.aespack.com\/wp-content\/uploads\/2022\/12\/aad05c.jpg",800,800,false],"2048x2048":["https:\/\/www.aespack.com\/wp-content\/uploads\/2022\/12\/aad05c.jpg",800,800,false],"trp-custom-language-flag":["https:\/\/www.aespack.com\/wp-content\/uploads\/2022\/12\/aad05c.jpg",12,12,false],"woocommerce_archive_thumbnail":["https:\/\/www.aespack.com\/wp-content\/uploads\/2022\/12\/aad05c-300x300.jpg",300,300,true],"woocommerce_thumbnail":["https:\/\/www.aespack.com\/wp-content\/uploads\/2022\/12\/aad05c-300x300.jpg",300,300,true],"woocommerce_single":["https:\/\/www.aespack.com\/wp-content\/uploads\/2022\/12\/aad05c-600x600.jpg",600,600,true],"woocommerce_gallery_thumbnail":["https:\/\/www.aespack.com\/wp-content\/uploads\/2022\/12\/aad05c-100x100.jpg",100,100,true]},"post_excerpt_stackable":"<p>100% biodegradable and compostable materials<\/p>\n<p>EN13432<\/p>\n","category_list":"","author_info":{"name":"","url":""},"comments_num":"0 comentarios","_links":{"self":[{"href":"https:\/\/www.aespack.com\/es\/wp-json\/wp\/v2\/product\/939","targetHints":{"allow":["GET"]}}],"collection":[{"href":"https:\/\/www.aespack.com\/es\/wp-json\/wp\/v2\/product"}],"about":[{"href":"https:\/\/www.aespack.com\/es\/wp-json\/wp\/v2\/types\/product"}],"replies":[{"embeddable":true,"href":"https:\/\/www.aespack.com\/es\/wp-json\/wp\/v2\/comments?post=939"}],"wp:featuredmedia":[{"embeddable":true,"href":"https:\/\/www.aespack.com\/es\/wp-json\/wp\/v2\/media\/950"}],"wp:attachment":[{"href":"https:\/\/www.aespack.com\/es\/wp-json\/wp\/v2\/media?parent=939"}],"wp:term":[{"taxonomy":"product_cat","embeddable":true,"href":"https:\/\/www.aespack.com\/es\/wp-json\/wp\/v2\/product_cat?post=939"},{"taxonomy":"product_tag","embeddable":true,"href":"https:\/\/www.aespack.com\/es\/wp-json\/wp\/v2\/product_tag?post=939"}],"curies":[{"name":"wp","href":"https:\/\/api.w.org\/{rel}","templated":true}]}}