{"id":899,"date":"2025-08-28T10:15:06","date_gmt":"2025-08-28T02:15:06","guid":{"rendered":"https:\/\/www.aespack.com\/?post_type=product&#038;p=899"},"modified":"2025-08-29T15:52:49","modified_gmt":"2025-08-29T07:52:49","slug":"oem-bopp-packing-tape","status":"publish","type":"product","link":"https:\/\/www.aespack.com\/es\/producto\/oem-bopp-packing-tape\/","title":{"rendered":"Cinta de embalaje OEM BOPP"},"content":{"rendered":"<p>Especificaciones<\/p>\n<table class=\"all magic-5\" style=\"height: 255px;\" width=\"880\">\n<tbody>\n<tr>\n<td colspan=\"2\" rowspan=\"1\">\n<div class=\"magic-17\" data-spm-anchor-id=\"a2700.wholesale.0.i20.5cc413d5kQVqy5\">\n<div class=\"magic-18\" data-spm-anchor-id=\"a2700.siteadmin.0.i175.3f6aac40aLBZk7\"><b data-spm-anchor-id=\"a2700.siteadmin.0.i41.2345ac40Wao24F\"><span style=\"font-family: Arial;\">Espesor de la pel\u00edcula<\/span><\/b><\/div>\n<\/div>\n<\/td>\n<td colspan=\"4\" rowspan=\"1\">\n<div class=\"magic-19\">\n<div class=\"magic-20\" data-spm-anchor-id=\"a2700.siteadmin.0.i3.2345ac40V0PKRp\"><span class=\"magic-21\" data-spm-anchor-id=\"0.0.0.i49.1a824f05CuTS4Q\"><span class=\"magic-22\" style=\"color: #000000; font-family: Arial;\">De 28mic a 100mic. Los tama\u00f1os m\u00e1s comunes son 40mic, 45mic, 48mic y 50mic.<\/span><\/span><\/div>\n<\/div>\n<\/td>\n<\/tr>\n<tr>\n<td colspan=\"2\" rowspan=\"1\">\n<div class=\"magic-26\">\n<div class=\"magic-18\" data-spm-anchor-id=\"0.0.0.i115.1a824f05CuTS4Q\"><b data-spm-anchor-id=\"0.0.0.i0.1a824f05CsWSwE\"><span style=\"font-family: Arial;\">Anchura del rollo\u00a0<\/span><\/b><\/div>\n<\/div>\n<\/td>\n<td colspan=\"4\" rowspan=\"1\">\n<div class=\"magic-28\">\n<div class=\"magic-20\" data-spm-anchor-id=\"a2700.siteadmin.0.i32.36f533339iAxwf\"><span class=\"magic-29\" data-spm-anchor-id=\"a2700.siteadmin.0.i16.2345ac40HinSLD\">De 12 mm a 70 mm. Los tama\u00f1os m\u00e1s comunes son 40 mm, 42 mm, 48 mm y 50 mm.<\/span><\/div>\n<\/div>\n<\/td>\n<\/tr>\n<tr>\n<td colspan=\"2\" rowspan=\"1\">\n<div class=\"magic-26\">\n<div class=\"magic-18\" data-spm-anchor-id=\"0.0.0.i117.1a824f05CuTS4Q\"><b data-spm-anchor-id=\"0.0.0.i10.1a824f05WWL1Ud\"><span style=\"font-family: Arial;\">Longitud del rollo<\/span><\/b><\/div>\n<\/div>\n<\/td>\n<td colspan=\"4\" rowspan=\"1\">\n<div class=\"magic-28\">\n<div class=\"magic-20\" data-spm-anchor-id=\"a2700.siteadmin.0.i40.36f533339iAxwf\"><span class=\"magic-29\" data-spm-anchor-id=\"0.0.0.i14.1a824f05bDAsI6\">De 10mts a 1000mts. Los tama\u00f1os m\u00e1s comunes son 50m, 60m, 66m o 55 yardas, 100 yardas, 110 yardas.<\/span><\/div>\n<\/div>\n<\/td>\n<\/tr>\n<tr>\n<td colspan=\"2\" rowspan=\"1\">\n<div class=\"magic-26\">\n<div class=\"magic-18\" data-spm-anchor-id=\"0.0.0.i8.1a824f05bDAsI6\"><b><span style=\"font-family: Arial;\">Material<\/span><\/b><\/div>\n<\/div>\n<\/td>\n<td colspan=\"4\" rowspan=\"1\">\n<div class=\"magic-28\">\n<div class=\"magic-20\" data-spm-anchor-id=\"a2700.siteadmin.0.i38.36f533339iAxwf\"><span class=\"magic-29\" data-spm-anchor-id=\"0.0.0.i21.1a824f05bDAsI6\">Film BOPP, acr\u00edlico base agua; adhesivo solvente o termofusible<\/span><\/div>\n<\/div>\n<\/td>\n<\/tr>\n<tr>\n<td colspan=\"2\" rowspan=\"1\">\n<div class=\"magic-26\">\n<div class=\"magic-18\"><b data-spm-anchor-id=\"0.0.0.i49.1a824f05vs1rhd\">Paquete\u00a0<\/b><\/div>\n<\/div>\n<\/td>\n<td colspan=\"4\" rowspan=\"1\">\n<div class=\"magic-28\">\n<div class=\"magic-20\" data-spm-anchor-id=\"0.0.0.i54.1a824f05vs1rhd\">6 rollos\/retr\u00e1ctil, 48 \u00f3 60 \u00f3 72 rollos\/cart\u00f3n, depende sobre todo de la longitud del rollo<\/div>\n<\/div>\n<\/td>\n<\/tr>\n<tr>\n<td colspan=\"2\" rowspan=\"1\">\n<div class=\"magic-26\">\n<div class=\"magic-18\" data-spm-anchor-id=\"0.0.0.i10.1a824f05bDAsI6\"><b data-spm-anchor-id=\"0.0.0.i51.1a824f05vs1rhd\">Funci\u00f3n<\/b><\/div>\n<\/div>\n<\/td>\n<td colspan=\"4\" rowspan=\"1\">\n<div class=\"magic-28\">\n<div class=\"magic-20\" data-spm-anchor-id=\"a2700.siteadmin.0.i68.2345ac40vrXGY9\">Tipo silencioso, tipo tranquilo, tipo sin burbujas<\/div>\n<\/div>\n<\/td>\n<\/tr>\n<tr>\n<td colspan=\"2\" rowspan=\"1\">\n<div class=\"magic-26\">\n<div class=\"magic-18\" data-spm-anchor-id=\"0.0.0.i6.1a824f05foPNW8\"><b data-spm-anchor-id=\"a2700.pc-decorate.0.i9.591e3333KVhmY9\">Certificado<\/b><\/div>\n<\/div>\n<\/td>\n<td colspan=\"4\" rowspan=\"1\">\n<div class=\"magic-28\">\n<div class=\"magic-20\" data-spm-anchor-id=\"a2700.siteadmin.0.i44.36f533339iAxwf\">ISO9001, SGS,<\/div>\n<\/div>\n<\/td>\n<\/tr>\n<tr>\n<td colspan=\"2\" rowspan=\"1\">\n<div class=\"magic-26\">\n<div class=\"magic-18\" data-spm-anchor-id=\"0.0.0.i11.1a824f05bDAsI6\"><b data-spm-anchor-id=\"0.0.0.i0.1a824f05PoxGc7\">LOGO\u00a0<\/b><\/div>\n<\/div>\n<\/td>\n<td colspan=\"4\" rowspan=\"1\">\n<div class=\"magic-28\">\n<div class=\"magic-20\" data-spm-anchor-id=\"0.0.0.i18.1a824f05bDAsI6\">Personalizado<\/div>\n<\/div>\n<\/td>\n<\/tr>\n<tr>\n<td colspan=\"2\" rowspan=\"1\">\n<div class=\"magic-26\">\n<div class=\"magic-18\" data-spm-anchor-id=\"0.0.0.i8.1a824f05foPNW8\"><b data-spm-anchor-id=\"0.0.0.i20.1a824f05CsWSwE\">Plazo de entrega<\/b><\/div>\n<\/div>\n<\/td>\n<td colspan=\"4\" rowspan=\"1\">\n<div class=\"magic-28\" data-spm-anchor-id=\"a2700.wholesale.0.i13.5cc413d5kQVqy5\">\n<div class=\"magic-20\" data-spm-anchor-id=\"0.0.0.i19.1a824f05bDAsI6\">10-15 d\u00edas para la producci\u00f3n en serie, 3 d\u00edas para muestras<\/div>\n<\/div>\n<\/td>\n<\/tr>\n<\/tbody>\n<\/table>\n<p>&nbsp;<\/p>","protected":false},"excerpt":{"rendered":"<p>Cinta de embalaje BOPP con LOGO personalizado<\/p>\n<p>Bienvenido a la impresi\u00f3n de logotipos personalizados<\/p>\n<p>Tama\u00f1o personalizado<\/p>\n<p>Caracter\u00edstica:<br \/>\n<span data-spm-anchor-id=\"a2700.details.0.i5.32ff6ef3Mds18F\">1. Excelente adherencia y buena resistencia a la tracci\u00f3n.<\/span><br \/>\n2. Pulcritud fuera buscando y empaquetando.<br \/>\n3. Adhesivo acr\u00edlico al agua.<br \/>\n<span data-spm-anchor-id=\"a2700.details.0.i4.32ff6ef3Mds18F\">4. Reutilizable para la protecci\u00f3n del medio ambiente.<\/span><\/p>","protected":false},"featured_media":904,"comment_status":"open","ping_status":"closed","template":"","meta":{"_seopress_robots_primary_cat":"none"},"product_cat":[27],"product_tag":[],"class_list":["post-899","product","type-product","status-publish","has-post-thumbnail","hentry","product_cat-bopp-packing-tape"],"featured_image_urls":{"full":["https:\/\/www.aespack.com\/wp-content\/uploads\/2022\/12\/OEM\u5c01\u7bb1\u80f6-2.png",1114,850,false],"thumbnail":["https:\/\/www.aespack.com\/wp-content\/uploads\/2022\/12\/OEM\u5c01\u7bb1\u80f6-2-150x150.png",150,150,true],"medium":["https:\/\/www.aespack.com\/wp-content\/uploads\/2022\/12\/OEM\u5c01\u7bb1\u80f6-2-300x229.png",300,229,true],"medium_large":["https:\/\/www.aespack.com\/wp-content\/uploads\/2022\/12\/OEM\u5c01\u7bb1\u80f6-2-768x586.png",768,586,true],"large":["https:\/\/www.aespack.com\/wp-content\/uploads\/2022\/12\/OEM\u5c01\u7bb1\u80f6-2-1024x781.png",1024,781,true],"1536x1536":["https:\/\/www.aespack.com\/wp-content\/uploads\/2022\/12\/OEM\u5c01\u7bb1\u80f6-2.png",1114,850,false],"2048x2048":["https:\/\/www.aespack.com\/wp-content\/uploads\/2022\/12\/OEM\u5c01\u7bb1\u80f6-2.png",1114,850,false],"trp-custom-language-flag":["https:\/\/www.aespack.com\/wp-content\/uploads\/2022\/12\/OEM\u5c01\u7bb1\u80f6-2.png",16,12,false],"woocommerce_archive_thumbnail":["https:\/\/www.aespack.com\/wp-content\/uploads\/2022\/12\/OEM\u5c01\u7bb1\u80f6-2-300x229.png",300,229,true],"woocommerce_thumbnail":["https:\/\/www.aespack.com\/wp-content\/uploads\/2022\/12\/OEM\u5c01\u7bb1\u80f6-2-300x229.png",300,229,true],"woocommerce_single":["https:\/\/www.aespack.com\/wp-content\/uploads\/2022\/12\/OEM\u5c01\u7bb1\u80f6-2-600x458.png",600,458,true],"woocommerce_gallery_thumbnail":["https:\/\/www.aespack.com\/wp-content\/uploads\/2022\/12\/OEM\u5c01\u7bb1\u80f6-2-100x100.png",100,100,true]},"post_excerpt_stackable":"<p>BOPP packing tape with custom LOGO<\/p>\n<p>Welcome custom logo printing<\/p>\n<p>Welcome custom size<\/p>\n<p>Characteristic:<br \/>\n<span data-spm-anchor-id=\"a2700.details.0.i5.32ff6ef3Mds18F\">1. Exellent adhesion and good tensile strength.<\/span><br \/>\n2. Pulchritude out looking and packing.<br \/>\n3. Acrylic Water Based Adhesive.<br \/>\n<span data-spm-anchor-id=\"a2700.details.0.i4.32ff6ef3Mds18F\">4. Reusable for Environmental Protection.<\/span><\/p>\n","category_list":"","author_info":{"name":"","url":""},"comments_num":"0 comentarios","_links":{"self":[{"href":"https:\/\/www.aespack.com\/es\/wp-json\/wp\/v2\/product\/899","targetHints":{"allow":["GET"]}}],"collection":[{"href":"https:\/\/www.aespack.com\/es\/wp-json\/wp\/v2\/product"}],"about":[{"href":"https:\/\/www.aespack.com\/es\/wp-json\/wp\/v2\/types\/product"}],"replies":[{"embeddable":true,"href":"https:\/\/www.aespack.com\/es\/wp-json\/wp\/v2\/comments?post=899"}],"wp:featuredmedia":[{"embeddable":true,"href":"https:\/\/www.aespack.com\/es\/wp-json\/wp\/v2\/media\/904"}],"wp:attachment":[{"href":"https:\/\/www.aespack.com\/es\/wp-json\/wp\/v2\/media?parent=899"}],"wp:term":[{"taxonomy":"product_cat","embeddable":true,"href":"https:\/\/www.aespack.com\/es\/wp-json\/wp\/v2\/product_cat?post=899"},{"taxonomy":"product_tag","embeddable":true,"href":"https:\/\/www.aespack.com\/es\/wp-json\/wp\/v2\/product_tag?post=899"}],"curies":[{"name":"wp","href":"https:\/\/api.w.org\/{rel}","templated":true}]}}