{"id":589,"date":"2025-08-28T10:22:34","date_gmt":"2025-08-28T02:22:34","guid":{"rendered":"https:\/\/demo.creativethemes.com\/blocksy\/homi\/?post_type=product&#038;p=589"},"modified":"2025-08-29T10:44:02","modified_gmt":"2025-08-29T02:44:02","slug":"packing-list-enclosed","status":"publish","type":"product","link":"https:\/\/www.aespack.com\/es\/producto\/packing-list-enclosed\/","title":{"rendered":"5.5*10 pulgadas \"Packing List Enclosed\" Sobres para pancartas"},"content":{"rendered":"<p>Factura adjunta<\/p>\n<p>OEM&amp;ODM disponible<\/p>\n<p>Impresi\u00f3n y tama\u00f1o personalizados<\/p>\n<p>Material PE&amp;PP y papel antiadherente de buena calidad<\/p>\n<p>Capacidad de producci\u00f3n 40000000 piezas al mes<\/p>\n<p>Muestras de existencias gratuitas o 7 d\u00edas para la producci\u00f3n de muestras<\/p>\n<p>12-20 d\u00edas para la producci\u00f3n m\u00e1xima<\/p>\n<p>TAMA\u00d1O EST\u00c1NDAR EURO:<\/p>\n<p>C7 Tama\u00f1o exterior: 123*110mm-1000pcs\/cart\u00f3n<\/p>\n<p>C6 Tama\u00f1o exterior: 175*132mm-1000pcs\/cart\u00f3n<\/p>\n<p>C5 Tama\u00f1o exterior: 235*175mm-1000pcs\/cart\u00f3n<\/p>\n<p>C4 Tama\u00f1o exterior: 322*235mm-500pcs\/cart\u00f3n<\/p>\n<p>C3 Tama\u00f1o exterior: 235*132mm-1000pcs\/carton<\/p>\n<p>TAMA\u00d1O EST\u00c1NDAR AMERICANO:<\/p>\n<p>Tama\u00f1o exterior: 4.5*5.5 inch-1000pcs\/carton<\/p>\n<p>Tama\u00f1o exterior: 4,5*6 pulgadas--1000pcs\/cart\u00f3n<\/p>\n<p>Tama\u00f1o exterior: 7*5,5 pulgadas--1000pcs\/cart\u00f3n<\/p>\n<p>Tama\u00f1o exterior: 5,5*10 pulgadas--1000pcs\/cart\u00f3n<\/p>\n<p>Tama\u00f1o exterior: 6.5*10 inch--1000pcs\/carton<\/p>\n<p>Tama\u00f1o exterior: 10*7 pulgadas---1000pcs\/carton<\/p>\n<p>Tama\u00f1o exterior: 10.75*6.75 inch-500pcs\/carton<\/p>\n<p>Tama\u00f1o exterior: 9.5*12.5 inch--500pcs\/carton<\/p>","protected":false},"excerpt":{"rendered":"<p>&nbsp;<\/p>\n<p>Material de PE o PP reciclado disponible<\/p>\n<p>A prueba de agua<\/p>\n<p>Pegamento adhesivo<\/p>\n<p>Papel antiadherente f\u00e1cil de despegar<\/p>","protected":false},"featured_media":718,"comment_status":"open","ping_status":"closed","template":"","meta":{"_seopress_robots_primary_cat":"none"},"product_cat":[24],"product_tag":[],"class_list":["post-589","product","type-product","status-publish","has-post-thumbnail","hentry","product_cat-packing-list-envelope"],"featured_image_urls":{"full":["https:\/\/www.aespack.com\/wp-content\/uploads\/2021\/04\/23.jpg",750,750,false],"thumbnail":["https:\/\/www.aespack.com\/wp-content\/uploads\/2021\/04\/23-150x150.jpg",150,150,true],"medium":["https:\/\/www.aespack.com\/wp-content\/uploads\/2021\/04\/23-300x300.jpg",300,300,true],"medium_large":["https:\/\/www.aespack.com\/wp-content\/uploads\/2021\/04\/23.jpg",750,750,false],"large":["https:\/\/www.aespack.com\/wp-content\/uploads\/2021\/04\/23.jpg",750,750,false],"1536x1536":["https:\/\/www.aespack.com\/wp-content\/uploads\/2021\/04\/23.jpg",750,750,false],"2048x2048":["https:\/\/www.aespack.com\/wp-content\/uploads\/2021\/04\/23.jpg",750,750,false],"trp-custom-language-flag":["https:\/\/www.aespack.com\/wp-content\/uploads\/2021\/04\/23.jpg",12,12,false],"woocommerce_archive_thumbnail":["https:\/\/www.aespack.com\/wp-content\/uploads\/2021\/04\/23-300x300.jpg",300,300,true],"woocommerce_thumbnail":["https:\/\/www.aespack.com\/wp-content\/uploads\/2021\/04\/23-300x300.jpg",300,300,true],"woocommerce_single":["https:\/\/www.aespack.com\/wp-content\/uploads\/2021\/04\/23-600x600.jpg",600,600,true],"woocommerce_gallery_thumbnail":["https:\/\/www.aespack.com\/wp-content\/uploads\/2021\/04\/23-100x100.jpg",100,100,true]},"post_excerpt_stackable":"<p>&nbsp;<\/p>\n<p>Recyled PE or PP material is available<\/p>\n<p>Water proof<\/p>\n<p>Sticky adhesive glue<\/p>\n<p>Easy peel release paper<\/p>\n","category_list":"","author_info":{"name":"","url":""},"comments_num":"1 comentario","_links":{"self":[{"href":"https:\/\/www.aespack.com\/es\/wp-json\/wp\/v2\/product\/589","targetHints":{"allow":["GET"]}}],"collection":[{"href":"https:\/\/www.aespack.com\/es\/wp-json\/wp\/v2\/product"}],"about":[{"href":"https:\/\/www.aespack.com\/es\/wp-json\/wp\/v2\/types\/product"}],"replies":[{"embeddable":true,"href":"https:\/\/www.aespack.com\/es\/wp-json\/wp\/v2\/comments?post=589"}],"wp:featuredmedia":[{"embeddable":true,"href":"https:\/\/www.aespack.com\/es\/wp-json\/wp\/v2\/media\/718"}],"wp:attachment":[{"href":"https:\/\/www.aespack.com\/es\/wp-json\/wp\/v2\/media?parent=589"}],"wp:term":[{"taxonomy":"product_cat","embeddable":true,"href":"https:\/\/www.aespack.com\/es\/wp-json\/wp\/v2\/product_cat?post=589"},{"taxonomy":"product_tag","embeddable":true,"href":"https:\/\/www.aespack.com\/es\/wp-json\/wp\/v2\/product_tag?post=589"}],"curies":[{"name":"wp","href":"https:\/\/api.w.org\/{rel}","templated":true}]}}