{"id":587,"date":"2025-08-28T11:21:15","date_gmt":"2025-08-28T03:21:15","guid":{"rendered":"https:\/\/demo.creativethemes.com\/blocksy\/homi\/?post_type=product&#038;p=587"},"modified":"2025-08-29T14:49:18","modified_gmt":"2025-08-29T06:49:18","slug":"factory-supply-wholesale-custom-paper-waterproof-self-adhesive-packing-list-enclosed-envelope","status":"publish","type":"product","link":"https:\/\/www.aespack.com\/es\/producto\/factory-supply-wholesale-custom-paper-waterproof-self-adhesive-packing-list-enclosed-envelope\/","title":{"rendered":"\u00a1Suministro de f\u00e1brica! \u00a1! Venta al por mayor de papel personalizado impermeable autoadhesiva lista de embalaje sobre cerrado"},"content":{"rendered":"<p>Papel-envasado-lista-sobre<\/p>\n<p>OEM&amp;ODM disponible<\/p>\n<p>Impresi\u00f3n y tama\u00f1o personalizados<\/p>\n<p>Material de papel y papel antiadherente de buena calidad<\/p>\n<p>Capacidad de producci\u00f3n 2000000 piezas al mes<\/p>\n<p>Muestras de existencias gratuitas o 7 d\u00edas para la producci\u00f3n de muestras<\/p>\n<p>20-25 d\u00edas para la producci\u00f3n m\u00e1xima<\/p>\n<p>TAMA\u00d1O EST\u00c1NDAR EURO:<\/p>\n<p>C7 Tama\u00f1o exterior: 123*110mm-1000pcs\/cart\u00f3n<\/p>\n<p>C6 Tama\u00f1o exterior: 175*132mm-1000pcs\/cart\u00f3n<\/p>\n<p>C5 Tama\u00f1o exterior: 235*175mm-1000pcs\/cart\u00f3n<\/p>\n<p>C4 Tama\u00f1o exterior: 322*235mm-500pcs\/cart\u00f3n<\/p>\n<p>C3 Tama\u00f1o exterior: 235*132mm-1000pcs\/carton<\/p>\n<p>TAMA\u00d1O EST\u00c1NDAR AMERICANO:<\/p>\n<p>Tama\u00f1o exterior: 4.5*5.5 inch-1000pcs\/carton<\/p>\n<p>Tama\u00f1o exterior: 4,5*6 pulgadas--1000pcs\/cart\u00f3n<\/p>\n<p>Tama\u00f1o exterior: 7*5,5 pulgadas--1000pcs\/cart\u00f3n<\/p>\n<p>Tama\u00f1o exterior: 5,5*10 pulgadas--1000pcs\/cart\u00f3n<\/p>\n<p>Tama\u00f1o exterior: 6.5*10 inch--1000pcs\/carton<\/p>\n<p>Tama\u00f1o exterior: 10*7 pulgadas---1000pcs\/carton<\/p>\n<p>Tama\u00f1o exterior: 10.75*6.75 inch-500pcs\/carton<\/p>\n<p>Tama\u00f1o exterior: 9.5*12.5 inch--500pcs\/carton<\/p>","protected":false},"excerpt":{"rendered":"<p>En papel y\u00a0<span id=\"isPasted\">biodegradable.<\/span><\/p>\n<p>Garantice la llegada segura de sus documentos con sus mercanc\u00edas.<\/p>\n<p>Fuerte soporte adhesivo termofusible.<\/p>\n<p>Se utiliza como bolsa para mantener la factura y el papeleo seguros durante la entrega.<\/p>\n<p>Se adhiere bien a papel, cart\u00f3n, pl\u00e1stico, madera y metal<\/p>\n<p>&nbsp;<\/p>","protected":false},"featured_media":738,"comment_status":"open","ping_status":"closed","template":"","meta":{"_seopress_robots_primary_cat":"none"},"product_cat":[24],"product_tag":[],"class_list":["post-587","product","type-product","status-publish","has-post-thumbnail","hentry","product_cat-packing-list-envelope"],"featured_image_urls":{"full":["https:\/\/www.aespack.com\/wp-content\/uploads\/2021\/04\/\u7eb8\u80cc\u80f6\u888b-1.jpg",800,800,false],"thumbnail":["https:\/\/www.aespack.com\/wp-content\/uploads\/2021\/04\/\u7eb8\u80cc\u80f6\u888b-1-150x150.jpg",150,150,true],"medium":["https:\/\/www.aespack.com\/wp-content\/uploads\/2021\/04\/\u7eb8\u80cc\u80f6\u888b-1-300x300.jpg",300,300,true],"medium_large":["https:\/\/www.aespack.com\/wp-content\/uploads\/2021\/04\/\u7eb8\u80cc\u80f6\u888b-1-768x768.jpg",768,768,true],"large":["https:\/\/www.aespack.com\/wp-content\/uploads\/2021\/04\/\u7eb8\u80cc\u80f6\u888b-1.jpg",800,800,false],"1536x1536":["https:\/\/www.aespack.com\/wp-content\/uploads\/2021\/04\/\u7eb8\u80cc\u80f6\u888b-1.jpg",800,800,false],"2048x2048":["https:\/\/www.aespack.com\/wp-content\/uploads\/2021\/04\/\u7eb8\u80cc\u80f6\u888b-1.jpg",800,800,false],"trp-custom-language-flag":["https:\/\/www.aespack.com\/wp-content\/uploads\/2021\/04\/\u7eb8\u80cc\u80f6\u888b-1.jpg",12,12,false],"woocommerce_archive_thumbnail":["https:\/\/www.aespack.com\/wp-content\/uploads\/2021\/04\/\u7eb8\u80cc\u80f6\u888b-1-300x300.jpg",300,300,true],"woocommerce_thumbnail":["https:\/\/www.aespack.com\/wp-content\/uploads\/2021\/04\/\u7eb8\u80cc\u80f6\u888b-1-300x300.jpg",300,300,true],"woocommerce_single":["https:\/\/www.aespack.com\/wp-content\/uploads\/2021\/04\/\u7eb8\u80cc\u80f6\u888b-1-600x600.jpg",600,600,true],"woocommerce_gallery_thumbnail":["https:\/\/www.aespack.com\/wp-content\/uploads\/2021\/04\/\u7eb8\u80cc\u80f6\u888b-1-100x100.jpg",100,100,true]},"post_excerpt_stackable":"<p>Paper based and\u00a0<span id=\"isPasted\">biodegradable.<\/span><\/p>\n<p>Ensure Safe arrival of your documents with your goods.<\/p>\n<p>Strong hot melt adhesive backing.<\/p>\n<p>Used as a pouch to keep the invoice and paperwork secure during delivery.<\/p>\n<p>Adheres well to paper, cardboard, plastic, wood and metal<\/p>\n<p>&nbsp;<\/p>\n","category_list":"","author_info":{"name":"","url":""},"comments_num":"0 comentarios","_links":{"self":[{"href":"https:\/\/www.aespack.com\/es\/wp-json\/wp\/v2\/product\/587","targetHints":{"allow":["GET"]}}],"collection":[{"href":"https:\/\/www.aespack.com\/es\/wp-json\/wp\/v2\/product"}],"about":[{"href":"https:\/\/www.aespack.com\/es\/wp-json\/wp\/v2\/types\/product"}],"replies":[{"embeddable":true,"href":"https:\/\/www.aespack.com\/es\/wp-json\/wp\/v2\/comments?post=587"}],"wp:featuredmedia":[{"embeddable":true,"href":"https:\/\/www.aespack.com\/es\/wp-json\/wp\/v2\/media\/738"}],"wp:attachment":[{"href":"https:\/\/www.aespack.com\/es\/wp-json\/wp\/v2\/media?parent=587"}],"wp:term":[{"taxonomy":"product_cat","embeddable":true,"href":"https:\/\/www.aespack.com\/es\/wp-json\/wp\/v2\/product_cat?post=587"},{"taxonomy":"product_tag","embeddable":true,"href":"https:\/\/www.aespack.com\/es\/wp-json\/wp\/v2\/product_tag?post=587"}],"curies":[{"name":"wp","href":"https:\/\/api.w.org\/{rel}","templated":true}]}}