{"id":579,"date":"2025-08-28T21:13:24","date_gmt":"2025-08-28T13:13:24","guid":{"rendered":"https:\/\/demo.creativethemes.com\/blocksy\/homi\/?post_type=product&#038;p=579"},"modified":"2025-08-29T14:40:27","modified_gmt":"2025-08-29T06:40:27","slug":"custom-logo-printing-packing-list-envelope","status":"publish","type":"product","link":"https:\/\/www.aespack.com\/es\/producto\/custom-logo-printing-packing-list-envelope\/","title":{"rendered":"Impresi\u00f3n LOGO personalizada sobre de lista de empaque"},"content":{"rendered":"<p>LOGO impresi\u00f3n lista de embalaje sobre<\/p>\n<p>OEM&amp;ODM disponible<\/p>\n<p>Impresi\u00f3n y tama\u00f1o personalizados<\/p>\n<p>Material PE&amp;PP y papel antiadherente de buena calidad<\/p>\n<p>Capacidad de producci\u00f3n 40000000 piezas al mes<\/p>\n<p>Muestras de existencias gratuitas o 7 d\u00edas para la producci\u00f3n de muestras<\/p>\n<p>12-20 d\u00edas para la producci\u00f3n m\u00e1xima<\/p>\n<p><strong>TAMA\u00d1O EST\u00c1NDAR EURO:<\/strong><\/p>\n<p>C7 Tama\u00f1o exterior: 123*110mm-1000pcs\/cart\u00f3n<\/p>\n<p>C6 Tama\u00f1o exterior: 175*132mm-1000pcs\/cart\u00f3n<\/p>\n<p>C5 Tama\u00f1o exterior: 235*175mm-1000pcs\/cart\u00f3n<\/p>\n<p>C4 Tama\u00f1o exterior: 322*235mm-500pcs\/cart\u00f3n<\/p>\n<p>C3 Tama\u00f1o exterior: 235*132mm-1000pcs\/carton<\/p>\n<p><strong>TAMA\u00d1O EST\u00c1NDAR AMERICANO:<\/strong><\/p>\n<p>Tama\u00f1o exterior: 4.5*5.5 inch-1000pcs\/carton<\/p>\n<p>Tama\u00f1o exterior: 4,5*6 pulgadas--1000pcs\/cart\u00f3n<\/p>\n<p>Tama\u00f1o exterior: 7*5,5 pulgadas--1000pcs\/cart\u00f3n<\/p>\n<p>Tama\u00f1o exterior: 5,5*10 pulgadas--1000pcs\/cart\u00f3n<\/p>\n<p>Tama\u00f1o exterior: 6.5*10 inch--1000pcs\/carton<\/p>\n<p>Tama\u00f1o exterior: 10*7 pulgadas---1000pcs\/carton<\/p>\n<p>Tama\u00f1o exterior: 10.75*6.75 inch-500pcs\/carton<\/p>\n<p>Tama\u00f1o exterior: 9.5*12.5 inch--500pcs\/carton<\/p>","protected":false},"excerpt":{"rendered":"<p>Adjunte r\u00e1pida y f\u00e1cilmente listas de embalaje y facturas a su env\u00edo con nuestros sobres autoadhesivos.<\/p>\n<p>Con carga posterior y fabricadas con pel\u00edcula de PE o PP de 2 mil (o de grosor personalizado). Papel antiadherente de 41 g\/m\u00b2 o 65 g\/m\u00b2.<\/p>\n<p>A prueba de agua<\/p>\n<p>Cola adhesiva fuerte<\/p>\n<p>&nbsp;<\/p>","protected":false},"featured_media":689,"comment_status":"open","ping_status":"closed","template":"","meta":{"_seopress_robots_primary_cat":"none"},"product_cat":[24],"product_tag":[25],"class_list":["post-579","product","type-product","status-publish","has-post-thumbnail","hentry","product_cat-packing-list-envelope","product_tag-packing-list-envelope"],"featured_image_urls":{"full":["https:\/\/www.aespack.com\/wp-content\/uploads\/2022\/11\/AES-19-2.jpg",800,800,false],"thumbnail":["https:\/\/www.aespack.com\/wp-content\/uploads\/2022\/11\/AES-19-2-150x150.jpg",150,150,true],"medium":["https:\/\/www.aespack.com\/wp-content\/uploads\/2022\/11\/AES-19-2-300x300.jpg",300,300,true],"medium_large":["https:\/\/www.aespack.com\/wp-content\/uploads\/2022\/11\/AES-19-2-768x768.jpg",768,768,true],"large":["https:\/\/www.aespack.com\/wp-content\/uploads\/2022\/11\/AES-19-2.jpg",800,800,false],"1536x1536":["https:\/\/www.aespack.com\/wp-content\/uploads\/2022\/11\/AES-19-2.jpg",800,800,false],"2048x2048":["https:\/\/www.aespack.com\/wp-content\/uploads\/2022\/11\/AES-19-2.jpg",800,800,false],"trp-custom-language-flag":["https:\/\/www.aespack.com\/wp-content\/uploads\/2022\/11\/AES-19-2.jpg",12,12,false],"woocommerce_archive_thumbnail":["https:\/\/www.aespack.com\/wp-content\/uploads\/2022\/11\/AES-19-2-300x300.jpg",300,300,true],"woocommerce_thumbnail":["https:\/\/www.aespack.com\/wp-content\/uploads\/2022\/11\/AES-19-2-300x300.jpg",300,300,true],"woocommerce_single":["https:\/\/www.aespack.com\/wp-content\/uploads\/2022\/11\/AES-19-2-600x600.jpg",600,600,true],"woocommerce_gallery_thumbnail":["https:\/\/www.aespack.com\/wp-content\/uploads\/2022\/11\/AES-19-2-100x100.jpg",100,100,true]},"post_excerpt_stackable":"<p>Quickly and easily attach packaging lists and invoices to your shipment with Our Pressure-Sensitive Envelopes.<\/p>\n<p>Back-loaded and are constructed of heavy-duty 2 mil(or custom thickness) PE or PP film. 41gsm or 65gsm release paper.<\/p>\n<p>Water proof<\/p>\n<p>Strong adhesive glue<\/p>\n<p>&nbsp;<\/p>\n","category_list":"","author_info":{"name":"","url":""},"comments_num":"0 comentarios","_links":{"self":[{"href":"https:\/\/www.aespack.com\/es\/wp-json\/wp\/v2\/product\/579","targetHints":{"allow":["GET"]}}],"collection":[{"href":"https:\/\/www.aespack.com\/es\/wp-json\/wp\/v2\/product"}],"about":[{"href":"https:\/\/www.aespack.com\/es\/wp-json\/wp\/v2\/types\/product"}],"replies":[{"embeddable":true,"href":"https:\/\/www.aespack.com\/es\/wp-json\/wp\/v2\/comments?post=579"}],"wp:featuredmedia":[{"embeddable":true,"href":"https:\/\/www.aespack.com\/es\/wp-json\/wp\/v2\/media\/689"}],"wp:attachment":[{"href":"https:\/\/www.aespack.com\/es\/wp-json\/wp\/v2\/media?parent=579"}],"wp:term":[{"taxonomy":"product_cat","embeddable":true,"href":"https:\/\/www.aespack.com\/es\/wp-json\/wp\/v2\/product_cat?post=579"},{"taxonomy":"product_tag","embeddable":true,"href":"https:\/\/www.aespack.com\/es\/wp-json\/wp\/v2\/product_tag?post=579"}],"curies":[{"name":"wp","href":"https:\/\/api.w.org\/{rel}","templated":true}]}}