{"id":1322,"date":"2025-08-28T10:00:57","date_gmt":"2025-08-28T02:00:57","guid":{"rendered":"https:\/\/www.aespack.com\/?post_type=product&#038;p=1322"},"modified":"2025-08-29T10:38:46","modified_gmt":"2025-08-29T02:38:46","slug":"temper-evident-bank-deposit-plastic-bag","status":"publish","type":"product","link":"https:\/\/www.aespack.com\/es\/producto\/temper-evident-bank-deposit-plastic-bag\/","title":{"rendered":"Bolsa de pl\u00e1stico resistente a la intemperie para dep\u00f3sitos bancarios"},"content":{"rendered":"<div class=\"J_module\">\n<div data-section=\"AliMagic-94vkyf\" data-section-title=\"Specification\">Bolsa de pl\u00e1stico resistente a la intemperie para dep\u00f3sitos bancarios<\/div>\n<div data-section=\"AliMagic-94vkyf\" data-section-title=\"Specification\"><\/div>\n<div id=\"ali-anchor-AliMagic-94vkyf\" class=\"magic-3\" data-section=\"AliMagic-94vkyf\" data-section-title=\"Specification\">Especificaci\u00f3n<\/div>\n<\/div>\n<div class=\"J_module\">\n<div class=\"ife-detail-decorate-table\">\n<table style=\"height: 448px;\" width=\"746\">\n<tbody>\n<tr>\n<td>Nombre del art\u00edculo<\/td>\n<td>Bolsa de pl\u00e1stico resistente a la intemperie para dep\u00f3sitos bancarios<\/td>\n<\/tr>\n<tr>\n<td>Lugar de origen<\/td>\n<td>Guangdong,China<\/td>\n<\/tr>\n<tr>\n<td>Material<\/td>\n<td>LDPE \/HDPE<\/td>\n<\/tr>\n<tr>\n<td>Uso industrial<\/td>\n<td>Banco\/estaci\u00f3n de polic\u00eda\/gobierno\/etc.<\/td>\n<\/tr>\n<tr>\n<td>Talla<\/td>\n<td>A3,A4,A5,Diferentes tama\u00f1os, personalizados<\/td>\n<\/tr>\n<tr>\n<td>Manipulaci\u00f3n de superficies<\/td>\n<td>Impresi\u00f3n en huecograbado<\/td>\n<\/tr>\n<tr>\n<td>Caracter\u00edstica<\/td>\n<td>Seguridad,Impermeabilidad,Reciclaje<\/td>\n<\/tr>\n<tr>\n<td>Sellado y asa<\/td>\n<td>Sello autoadhesivo<\/td>\n<\/tr>\n<tr>\n<td>Pedido a medida<\/td>\n<td>Aceptable<\/td>\n<\/tr>\n<tr>\n<td>MOQ<\/td>\n<td>10000 unidades<\/td>\n<\/tr>\n<tr>\n<td>Grosor del material<\/td>\n<td>Popular es de 70 micras, de 45-200 micras est\u00e1 disponible<\/td>\n<\/tr>\n<tr>\n<td>Impresi\u00f3n en color<\/td>\n<td>Hasta 8 colores<\/td>\n<\/tr>\n<tr>\n<td>Muestra<\/td>\n<td>Gratuito para muestras de existencias<\/td>\n<\/tr>\n<tr>\n<td>Plazo de entrega<\/td>\n<td>10-15 d\u00edas<\/td>\n<\/tr>\n<tr>\n<td>Capacidad de producci\u00f3n<\/td>\n<td>5000000pcs\/mes<\/td>\n<\/tr>\n<\/tbody>\n<\/table>\n<h3 class=\"mb-2 text-center md:text-left text-[12px] lg:text-[14px] leading-normal text-core-grey-90\"><\/h3>\n<\/div>\n<\/div>","protected":false},"excerpt":{"rendered":"<p>N\u00famero de serie y c\u00f3digo de barras \u00fanicos tras la personalizaci\u00f3n;<\/p>\n<p>Cintas de cierre a prueba de manipulaciones;<\/p>\n<p>100% materiales reciclables y respetuosos con el medio ambiente;<\/p>\n<p>A prueba de agua.<\/p>\n<p>Resistencia al desgarro.<\/p>\n<p>Gran adherencia.<\/p>\n<p>Buen rodamiento.<\/p>\n<p>A prueba de explosiones.<\/p>","protected":false},"featured_media":1361,"comment_status":"open","ping_status":"closed","template":"","meta":{"_seopress_robots_primary_cat":"none"},"product_cat":[29],"product_tag":[],"class_list":["post-1322","product","type-product","status-publish","has-post-thumbnail","hentry","product_cat-tamper-evident-bag"],"featured_image_urls":{"full":["https:\/\/www.aespack.com\/wp-content\/uploads\/2024\/05\/Bank-bag-1.jpg",800,800,false],"thumbnail":["https:\/\/www.aespack.com\/wp-content\/uploads\/2024\/05\/Bank-bag-1-150x150.jpg",150,150,true],"medium":["https:\/\/www.aespack.com\/wp-content\/uploads\/2024\/05\/Bank-bag-1-300x300.jpg",300,300,true],"medium_large":["https:\/\/www.aespack.com\/wp-content\/uploads\/2024\/05\/Bank-bag-1-768x768.jpg",768,768,true],"large":["https:\/\/www.aespack.com\/wp-content\/uploads\/2024\/05\/Bank-bag-1.jpg",800,800,false],"1536x1536":["https:\/\/www.aespack.com\/wp-content\/uploads\/2024\/05\/Bank-bag-1.jpg",800,800,false],"2048x2048":["https:\/\/www.aespack.com\/wp-content\/uploads\/2024\/05\/Bank-bag-1.jpg",800,800,false],"trp-custom-language-flag":["https:\/\/www.aespack.com\/wp-content\/uploads\/2024\/05\/Bank-bag-1-12x12.jpg",12,12,true],"woocommerce_archive_thumbnail":["https:\/\/www.aespack.com\/wp-content\/uploads\/2024\/05\/Bank-bag-1-300x300.jpg",300,300,true],"woocommerce_thumbnail":["https:\/\/www.aespack.com\/wp-content\/uploads\/2024\/05\/Bank-bag-1-300x300.jpg",300,300,true],"woocommerce_single":["https:\/\/www.aespack.com\/wp-content\/uploads\/2024\/05\/Bank-bag-1-600x600.jpg",600,600,true],"woocommerce_gallery_thumbnail":["https:\/\/www.aespack.com\/wp-content\/uploads\/2024\/05\/Bank-bag-1-100x100.jpg",100,100,true]},"post_excerpt_stackable":"<p>Unique serial number and barcode upon customization;<\/p>\n<p>Tamper Evident Closure Tapes;<\/p>\n<p>100% recyclable and environment\u2013friendly materials;<\/p>\n<p>Water proof.<\/p>\n<p>Tear resistance.<\/p>\n<p>Strong stickiness.<\/p>\n<p>Good bearing.<\/p>\n<p>Explosion-proof.<\/p>\n","category_list":"","author_info":{"name":"","url":""},"comments_num":"0 comentarios","_links":{"self":[{"href":"https:\/\/www.aespack.com\/es\/wp-json\/wp\/v2\/product\/1322","targetHints":{"allow":["GET"]}}],"collection":[{"href":"https:\/\/www.aespack.com\/es\/wp-json\/wp\/v2\/product"}],"about":[{"href":"https:\/\/www.aespack.com\/es\/wp-json\/wp\/v2\/types\/product"}],"replies":[{"embeddable":true,"href":"https:\/\/www.aespack.com\/es\/wp-json\/wp\/v2\/comments?post=1322"}],"wp:featuredmedia":[{"embeddable":true,"href":"https:\/\/www.aespack.com\/es\/wp-json\/wp\/v2\/media\/1361"}],"wp:attachment":[{"href":"https:\/\/www.aespack.com\/es\/wp-json\/wp\/v2\/media?parent=1322"}],"wp:term":[{"taxonomy":"product_cat","embeddable":true,"href":"https:\/\/www.aespack.com\/es\/wp-json\/wp\/v2\/product_cat?post=1322"},{"taxonomy":"product_tag","embeddable":true,"href":"https:\/\/www.aespack.com\/es\/wp-json\/wp\/v2\/product_tag?post=1322"}],"curies":[{"name":"wp","href":"https:\/\/api.w.org\/{rel}","templated":true}]}}