{"id":1295,"date":"2025-08-28T15:54:23","date_gmt":"2025-08-28T07:54:23","guid":{"rendered":"https:\/\/www.aespack.com\/?post_type=product&#038;p=1295"},"modified":"2025-08-29T11:31:43","modified_gmt":"2025-08-29T03:31:43","slug":"top-side-printed-packing-list-envelope-7-inch-x-5-1-2-inch","status":"publish","type":"product","link":"https:\/\/www.aespack.com\/es\/producto\/top-side-printed-packing-list-envelope-7-inch-x-5-1-2-inch\/","title":{"rendered":"Lado superior Impreso Lista de Embalaje Sobre 7 Pulgadas X 5-1\/2 Pulgadas"},"content":{"rendered":"<p><a href=\"http:\/\/top-side-printed-packing-list-envelope-7-inch-x-5-1-2-inch\">http:\/\/top-side-printed-packing-list-envelope-7-inch-x-5-1-2-inch<\/a><\/p>\n<p>OEM&amp;ODM disponible<\/p>\n<p>Impresi\u00f3n y tama\u00f1o personalizados<\/p>\n<p>Material PE&amp;PP y papel antiadherente de buena calidad<\/p>\n<p>Capacidad de producci\u00f3n 40000000 piezas al mes<\/p>\n<p>Muestras de existencias gratuitas o 7 d\u00edas para la producci\u00f3n de muestras<\/p>\n<p>12-20 d\u00edas para la producci\u00f3n m\u00e1xima<\/p>\n<p>TAMA\u00d1O EST\u00c1NDAR EURO:<\/p>\n<p>C7 Tama\u00f1o exterior: 123*110mm-1000pcs\/cart\u00f3n<\/p>\n<p>C6 Tama\u00f1o exterior: 175*132mm-1000pcs\/cart\u00f3n<\/p>\n<p>C5 Tama\u00f1o exterior: 235*175mm-1000pcs\/cart\u00f3n<\/p>\n<p>C4 Tama\u00f1o exterior: 322*235mm-500pcs\/cart\u00f3n<\/p>\n<p>C3 Tama\u00f1o exterior: 235*132mm-1000pcs\/carton<\/p>\n<p>TAMA\u00d1O EST\u00c1NDAR AMERICANO:<\/p>\n<p>Tama\u00f1o exterior: 4.5*5.5 inch-1000pcs\/carton<\/p>\n<p>Tama\u00f1o exterior: 4,5*6 pulgadas--1000pcs\/cart\u00f3n<\/p>\n<p>Tama\u00f1o exterior: 7*5,5 pulgadas--1000pcs\/cart\u00f3n<\/p>\n<p>Tama\u00f1o exterior: 5,5*10 pulgadas--1000pcs\/cart\u00f3n<\/p>\n<p>Tama\u00f1o exterior: 6.5*10 inch--1000pcs\/carton<\/p>\n<p>Tama\u00f1o exterior: 10*7 pulgadas---1000pcs\/carton<\/p>\n<p>Tama\u00f1o exterior: 10.75*6.75 inch-500pcs\/carton<\/p>\n<p>Tama\u00f1o exterior: 9.5*12.5 inch--500pcs\/carton<\/p>","protected":false},"excerpt":{"rendered":"<p>A prueba de agua<\/p>\n<p>Pegamento adhesivo<\/p>\n<p>Papel antiadherente f\u00e1cil de despegar<\/p>\n<p>El fuerte soporte autoadhesivo garantiza la llegada segura de los documentos con sus mercanc\u00edas.<\/p>\n<p>Dimensiones: 115 x 150 (mm).<\/p>\n<p>Proteja los documentos durante el transporte.<br \/>\nLos sobres de color para la lista de empaque est\u00e1n preimpresos con la leyenda \"Packing List Enclosed\" (Lista de empaque adjunta) en una pel\u00edcula pesada de PE o PP de 2 mil\u00e9simas de pulgada.<br \/>\nEl soporte adhesivo termofusible proporciona una fuerte adhesi\u00f3n al papel y a los productos ondulados.<br \/>\nLos sobres se abren a lo largo de la primera dimensi\u00f3n.<\/p>","protected":false},"featured_media":1242,"comment_status":"open","ping_status":"closed","template":"","meta":{"_seopress_robots_primary_cat":"none"},"product_cat":[24],"product_tag":[],"class_list":["post-1295","product","type-product","status-publish","has-post-thumbnail","hentry","product_cat-packing-list-envelope"],"featured_image_urls":{"full":["https:\/\/www.aespack.com\/wp-content\/uploads\/2023\/10\/\u7eff\u6e90-1.jpg",640,640,false],"thumbnail":["https:\/\/www.aespack.com\/wp-content\/uploads\/2023\/10\/\u7eff\u6e90-1-150x150.jpg",150,150,true],"medium":["https:\/\/www.aespack.com\/wp-content\/uploads\/2023\/10\/\u7eff\u6e90-1-300x300.jpg",300,300,true],"medium_large":["https:\/\/www.aespack.com\/wp-content\/uploads\/2023\/10\/\u7eff\u6e90-1.jpg",640,640,false],"large":["https:\/\/www.aespack.com\/wp-content\/uploads\/2023\/10\/\u7eff\u6e90-1.jpg",640,640,false],"1536x1536":["https:\/\/www.aespack.com\/wp-content\/uploads\/2023\/10\/\u7eff\u6e90-1.jpg",640,640,false],"2048x2048":["https:\/\/www.aespack.com\/wp-content\/uploads\/2023\/10\/\u7eff\u6e90-1.jpg",640,640,false],"trp-custom-language-flag":["https:\/\/www.aespack.com\/wp-content\/uploads\/2023\/10\/\u7eff\u6e90-1.jpg",12,12,false],"woocommerce_archive_thumbnail":["https:\/\/www.aespack.com\/wp-content\/uploads\/2023\/10\/\u7eff\u6e90-1-300x300.jpg",300,300,true],"woocommerce_thumbnail":["https:\/\/www.aespack.com\/wp-content\/uploads\/2023\/10\/\u7eff\u6e90-1-300x300.jpg",300,300,true],"woocommerce_single":["https:\/\/www.aespack.com\/wp-content\/uploads\/2023\/10\/\u7eff\u6e90-1-600x600.jpg",600,600,true],"woocommerce_gallery_thumbnail":["https:\/\/www.aespack.com\/wp-content\/uploads\/2023\/10\/\u7eff\u6e90-1-100x100.jpg",100,100,true]},"post_excerpt_stackable":"<p>Water proof<\/p>\n<p>Sticky adhesive glue<\/p>\n<p>Easy peel release paper<\/p>\n<p>Strong, Self-adhesive backing ensures Safe Arrival of documents with your goods.<\/p>\n<p>Dimensions: 115 x 150 (mm).<\/p>\n<p>Protect documents during shipping.<br \/>\nPanel face, colored Packing List Envelopes are pre-printed with &#8220;Packing List Enclosed&#8221; on heavy 2 Mil PE or PP film<br \/>\nHot melt adhesive backing provides strong adhesion to paper and corrugated products.<br \/>\nEnvelopes open along the first dimension.<\/p>\n","category_list":"","author_info":{"name":"","url":""},"comments_num":"0 comentarios","_links":{"self":[{"href":"https:\/\/www.aespack.com\/es\/wp-json\/wp\/v2\/product\/1295","targetHints":{"allow":["GET"]}}],"collection":[{"href":"https:\/\/www.aespack.com\/es\/wp-json\/wp\/v2\/product"}],"about":[{"href":"https:\/\/www.aespack.com\/es\/wp-json\/wp\/v2\/types\/product"}],"replies":[{"embeddable":true,"href":"https:\/\/www.aespack.com\/es\/wp-json\/wp\/v2\/comments?post=1295"}],"wp:featuredmedia":[{"embeddable":true,"href":"https:\/\/www.aespack.com\/es\/wp-json\/wp\/v2\/media\/1242"}],"wp:attachment":[{"href":"https:\/\/www.aespack.com\/es\/wp-json\/wp\/v2\/media?parent=1295"}],"wp:term":[{"taxonomy":"product_cat","embeddable":true,"href":"https:\/\/www.aespack.com\/es\/wp-json\/wp\/v2\/product_cat?post=1295"},{"taxonomy":"product_tag","embeddable":true,"href":"https:\/\/www.aespack.com\/es\/wp-json\/wp\/v2\/product_tag?post=1295"}],"curies":[{"name":"wp","href":"https:\/\/api.w.org\/{rel}","templated":true}]}}