{"id":1282,"date":"2025-08-28T10:07:20","date_gmt":"2025-08-28T02:07:20","guid":{"rendered":"https:\/\/www.aespack.com\/?post_type=product&#038;p=1282"},"modified":"2025-08-29T15:31:36","modified_gmt":"2025-08-29T07:31:36","slug":"8-5-x-11-5-unprinted-clear-side-loaded-zipper-envelope","status":"publish","type":"product","link":"https:\/\/www.aespack.com\/es\/producto\/8-5-x-11-5-unprinted-clear-side-loaded-zipper-envelope\/","title":{"rendered":"Sobre de 8,5\u2033 x 11,5\u2033 sin imprimir, transparente y con cremallera lateral."},"content":{"rendered":"<h1 class=\"page-title\"><a href=\"http:\/\/8.5&quot; x 11.5&quot; unprinted, clear, side-loaded zippered envelope\">Sobre de 8,5\u2033 x 11,5\u2033 sin imprimir, transparente y con cremallera lateral.<\/a><\/h1>\n<p style=\"box-sizing: border-box; padding: 0px; border: none; line-height: inherit; width: var(--default-editor, var(--block-width)); max-width: var(--default-editor, var(--block-max-width)); color: #3f4245; font-family: -apple-system, BlinkMacSystemFont, 'Segoe UI', Roboto, Helvetica, Arial, sans-serif, 'Apple Color Emoji', 'Segoe UI Emoji', 'Segoe UI Symbol'; margin: 0px var(--default-editor, auto) var(--content-spacing) var(--default-editor, auto);\">OEM&amp;ODM disponible<\/p>\n<p style=\"box-sizing: border-box; padding: 0px; border: none; line-height: inherit; width: var(--default-editor, var(--block-width)); max-width: var(--default-editor, var(--block-max-width)); color: #3f4245; font-family: -apple-system, BlinkMacSystemFont, 'Segoe UI', Roboto, Helvetica, Arial, sans-serif, 'Apple Color Emoji', 'Segoe UI Emoji', 'Segoe UI Symbol'; margin: 0px var(--default-editor, auto) var(--content-spacing) var(--default-editor, auto);\">Impresi\u00f3n y tama\u00f1o personalizados<\/p>\n<p style=\"box-sizing: border-box; padding: 0px; border: none; line-height: inherit; width: var(--default-editor, var(--block-width)); max-width: var(--default-editor, var(--block-max-width)); color: #3f4245; font-family: -apple-system, BlinkMacSystemFont, 'Segoe UI', Roboto, Helvetica, Arial, sans-serif, 'Apple Color Emoji', 'Segoe UI Emoji', 'Segoe UI Symbol'; margin: 0px var(--default-editor, auto) var(--content-spacing) var(--default-editor, auto);\">Material PE&amp;PP y papel antiadherente de buena calidad<\/p>\n<p style=\"box-sizing: border-box; padding: 0px; border: none; line-height: inherit; width: var(--default-editor, var(--block-width)); max-width: var(--default-editor, var(--block-max-width)); color: #3f4245; font-family: -apple-system, BlinkMacSystemFont, 'Segoe UI', Roboto, Helvetica, Arial, sans-serif, 'Apple Color Emoji', 'Segoe UI Emoji', 'Segoe UI Symbol'; margin: 0px var(--default-editor, auto) var(--content-spacing) var(--default-editor, auto);\">Capacidad de producci\u00f3n 40000000 piezas al mes<\/p>\n<p style=\"box-sizing: border-box; padding: 0px; border: none; line-height: inherit; width: var(--default-editor, var(--block-width)); max-width: var(--default-editor, var(--block-max-width)); color: #3f4245; font-family: -apple-system, BlinkMacSystemFont, 'Segoe UI', Roboto, Helvetica, Arial, sans-serif, 'Apple Color Emoji', 'Segoe UI Emoji', 'Segoe UI Symbol'; margin: 0px var(--default-editor, auto) var(--content-spacing) var(--default-editor, auto);\">Muestras de existencias gratuitas o 7 d\u00edas para la producci\u00f3n de muestras<\/p>\n<p style=\"box-sizing: border-box; padding: 0px; border: none; line-height: inherit; width: var(--default-editor, var(--block-width)); max-width: var(--default-editor, var(--block-max-width)); color: #3f4245; font-family: -apple-system, BlinkMacSystemFont, 'Segoe UI', Roboto, Helvetica, Arial, sans-serif, 'Apple Color Emoji', 'Segoe UI Emoji', 'Segoe UI Symbol'; margin: 0px var(--default-editor, auto) var(--content-spacing) var(--default-editor, auto);\">12-20 d\u00edas para la producci\u00f3n m\u00e1xima<\/p>\n<p style=\"box-sizing: border-box; padding: 0px; border: none; line-height: inherit; width: var(--default-editor, var(--block-width)); max-width: var(--default-editor, var(--block-max-width)); color: #3f4245; font-family: -apple-system, BlinkMacSystemFont, 'Segoe UI', Roboto, Helvetica, Arial, sans-serif, 'Apple Color Emoji', 'Segoe UI Emoji', 'Segoe UI Symbol'; margin: 0px var(--default-editor, auto) var(--content-spacing) var(--default-editor, auto);\">TAMA\u00d1O EST\u00c1NDAR EURO:<\/p>\n<p style=\"box-sizing: border-box; padding: 0px; border: none; line-height: inherit; width: var(--default-editor, var(--block-width)); max-width: var(--default-editor, var(--block-max-width)); color: #3f4245; font-family: -apple-system, BlinkMacSystemFont, 'Segoe UI', Roboto, Helvetica, Arial, sans-serif, 'Apple Color Emoji', 'Segoe UI Emoji', 'Segoe UI Symbol'; margin: 0px var(--default-editor, auto) var(--content-spacing) var(--default-editor, auto);\">C7 Tama\u00f1o exterior: 123*110mm-1000pcs\/cart\u00f3n<\/p>\n<p style=\"box-sizing: border-box; padding: 0px; border: none; line-height: inherit; width: var(--default-editor, var(--block-width)); max-width: var(--default-editor, var(--block-max-width)); color: #3f4245; font-family: -apple-system, BlinkMacSystemFont, 'Segoe UI', Roboto, Helvetica, Arial, sans-serif, 'Apple Color Emoji', 'Segoe UI Emoji', 'Segoe UI Symbol'; margin: 0px var(--default-editor, auto) var(--content-spacing) var(--default-editor, auto);\">C6 Tama\u00f1o exterior: 175*132mm-1000pcs\/cart\u00f3n<\/p>\n<p style=\"box-sizing: border-box; padding: 0px; border: none; line-height: inherit; width: var(--default-editor, var(--block-width)); max-width: var(--default-editor, var(--block-max-width)); color: #3f4245; font-family: -apple-system, BlinkMacSystemFont, 'Segoe UI', Roboto, Helvetica, Arial, sans-serif, 'Apple Color Emoji', 'Segoe UI Emoji', 'Segoe UI Symbol'; margin: 0px var(--default-editor, auto) var(--content-spacing) var(--default-editor, auto);\">C5 Tama\u00f1o exterior: 235*175mm-1000pcs\/cart\u00f3n<\/p>\n<p style=\"box-sizing: border-box; padding: 0px; border: none; line-height: inherit; width: var(--default-editor, var(--block-width)); max-width: var(--default-editor, var(--block-max-width)); color: #3f4245; font-family: -apple-system, BlinkMacSystemFont, 'Segoe UI', Roboto, Helvetica, Arial, sans-serif, 'Apple Color Emoji', 'Segoe UI Emoji', 'Segoe UI Symbol'; margin: 0px var(--default-editor, auto) var(--content-spacing) var(--default-editor, auto);\">C4 Tama\u00f1o exterior: 322*235mm-500pcs\/cart\u00f3n<\/p>\n<p style=\"box-sizing: border-box; padding: 0px; border: none; line-height: inherit; width: var(--default-editor, var(--block-width)); max-width: var(--default-editor, var(--block-max-width)); color: #3f4245; font-family: -apple-system, BlinkMacSystemFont, 'Segoe UI', Roboto, Helvetica, Arial, sans-serif, 'Apple Color Emoji', 'Segoe UI Emoji', 'Segoe UI Symbol'; margin: 0px var(--default-editor, auto) var(--content-spacing) var(--default-editor, auto);\">C3 Tama\u00f1o exterior: 235*132mm-1000pcs\/carton<\/p>\n<p style=\"box-sizing: border-box; padding: 0px; border: none; line-height: inherit; width: var(--default-editor, var(--block-width)); max-width: var(--default-editor, var(--block-max-width)); color: #3f4245; font-family: -apple-system, BlinkMacSystemFont, 'Segoe UI', Roboto, Helvetica, Arial, sans-serif, 'Apple Color Emoji', 'Segoe UI Emoji', 'Segoe UI Symbol'; margin: 0px var(--default-editor, auto) var(--content-spacing) var(--default-editor, auto);\">TAMA\u00d1O EST\u00c1NDAR AMERICANO:<\/p>\n<p style=\"box-sizing: border-box; padding: 0px; border: none; line-height: inherit; width: var(--default-editor, var(--block-width)); max-width: var(--default-editor, var(--block-max-width)); color: #3f4245; font-family: -apple-system, BlinkMacSystemFont, 'Segoe UI', Roboto, Helvetica, Arial, sans-serif, 'Apple Color Emoji', 'Segoe UI Emoji', 'Segoe UI Symbol'; margin: 0px var(--default-editor, auto) var(--content-spacing) var(--default-editor, auto);\">Tama\u00f1o exterior: 4.5*5.5 inch-1000pcs\/carton<\/p>\n<p style=\"box-sizing: border-box; padding: 0px; border: none; line-height: inherit; width: var(--default-editor, var(--block-width)); max-width: var(--default-editor, var(--block-max-width)); color: #3f4245; font-family: -apple-system, BlinkMacSystemFont, 'Segoe UI', Roboto, Helvetica, Arial, sans-serif, 'Apple Color Emoji', 'Segoe UI Emoji', 'Segoe UI Symbol'; margin: 0px var(--default-editor, auto) var(--content-spacing) var(--default-editor, auto);\">Tama\u00f1o exterior: 4,5*6 pulgadas--1000pcs\/cart\u00f3n<\/p>\n<p style=\"box-sizing: border-box; padding: 0px; border: none; line-height: inherit; width: var(--default-editor, var(--block-width)); max-width: var(--default-editor, var(--block-max-width)); color: #3f4245; font-family: -apple-system, BlinkMacSystemFont, 'Segoe UI', Roboto, Helvetica, Arial, sans-serif, 'Apple Color Emoji', 'Segoe UI Emoji', 'Segoe UI Symbol'; margin: 0px var(--default-editor, auto) var(--content-spacing) var(--default-editor, auto);\">Tama\u00f1o exterior: 7*5,5 pulgadas--1000pcs\/cart\u00f3n<\/p>\n<p style=\"box-sizing: border-box; padding: 0px; border: none; line-height: inherit; width: var(--default-editor, var(--block-width)); max-width: var(--default-editor, var(--block-max-width)); color: #3f4245; font-family: -apple-system, BlinkMacSystemFont, 'Segoe UI', Roboto, Helvetica, Arial, sans-serif, 'Apple Color Emoji', 'Segoe UI Emoji', 'Segoe UI Symbol'; margin: 0px var(--default-editor, auto) var(--content-spacing) var(--default-editor, auto);\">Tama\u00f1o exterior: 5,5*10 pulgadas--1000pcs\/cart\u00f3n<\/p>\n<p style=\"box-sizing: border-box; padding: 0px; border: none; line-height: inherit; width: var(--default-editor, var(--block-width)); max-width: var(--default-editor, var(--block-max-width)); color: #3f4245; font-family: -apple-system, BlinkMacSystemFont, 'Segoe UI', Roboto, Helvetica, Arial, sans-serif, 'Apple Color Emoji', 'Segoe UI Emoji', 'Segoe UI Symbol'; margin: 0px var(--default-editor, auto) var(--content-spacing) var(--default-editor, auto);\">Tama\u00f1o exterior: 6.5*10 inch--1000pcs\/carton<\/p>\n<p style=\"box-sizing: border-box; padding: 0px; border: none; line-height: inherit; width: var(--default-editor, var(--block-width)); max-width: var(--default-editor, var(--block-max-width)); color: #3f4245; font-family: -apple-system, BlinkMacSystemFont, 'Segoe UI', Roboto, Helvetica, Arial, sans-serif, 'Apple Color Emoji', 'Segoe UI Emoji', 'Segoe UI Symbol'; margin: 0px var(--default-editor, auto) var(--content-spacing) var(--default-editor, auto);\">Tama\u00f1o exterior: 10*7 pulgadas---1000pcs\/carton<\/p>\n<p style=\"box-sizing: border-box; padding: 0px; border: none; line-height: inherit; width: var(--default-editor, var(--block-width)); max-width: var(--default-editor, var(--block-max-width)); color: #3f4245; font-family: -apple-system, BlinkMacSystemFont, 'Segoe UI', Roboto, Helvetica, Arial, sans-serif, 'Apple Color Emoji', 'Segoe UI Emoji', 'Segoe UI Symbol'; margin: 0px var(--default-editor, auto) var(--content-spacing) var(--default-editor, auto);\">Tama\u00f1o exterior: 10.75*6.75 inch-500pcs\/carton<\/p>\n<p style=\"box-sizing: border-box; padding: 0px; border: none; line-height: inherit; width: var(--default-editor, var(--block-width)); max-width: var(--default-editor, var(--block-max-width)); color: #3f4245; font-family: -apple-system, BlinkMacSystemFont, 'Segoe UI', Roboto, Helvetica, Arial, sans-serif, 'Apple Color Emoji', 'Segoe UI Emoji', 'Segoe UI Symbol'; margin: 0px var(--default-editor, auto) 0px var(--default-editor, auto);\">Tama\u00f1o exterior: 9.5*12.5 inch--500pcs\/carton<\/p>","protected":false},"excerpt":{"rendered":"<p>A prueba de agua<\/p>\n<p>Pegamento adhesivo<\/p>\n<p>Papel antiadherente f\u00e1cil de despegar<\/p>\n<p>Cremallera<\/p>","protected":false},"featured_media":1284,"comment_status":"open","ping_status":"closed","template":"","meta":{"_seopress_robots_primary_cat":"none"},"product_cat":[24],"product_tag":[],"class_list":["post-1282","product","type-product","status-publish","has-post-thumbnail","hentry","product_cat-packing-list-envelope"],"featured_image_urls":{"full":["https:\/\/www.aespack.com\/wp-content\/uploads\/2023\/11\/\u9aa8\u6761\u62c9\u94fe\u888b-1.jpg",799,722,false],"thumbnail":["https:\/\/www.aespack.com\/wp-content\/uploads\/2023\/11\/\u9aa8\u6761\u62c9\u94fe\u888b-1-150x150.jpg",150,150,true],"medium":["https:\/\/www.aespack.com\/wp-content\/uploads\/2023\/11\/\u9aa8\u6761\u62c9\u94fe\u888b-1-300x271.jpg",300,271,true],"medium_large":["https:\/\/www.aespack.com\/wp-content\/uploads\/2023\/11\/\u9aa8\u6761\u62c9\u94fe\u888b-1-768x694.jpg",768,694,true],"large":["https:\/\/www.aespack.com\/wp-content\/uploads\/2023\/11\/\u9aa8\u6761\u62c9\u94fe\u888b-1.jpg",799,722,false],"1536x1536":["https:\/\/www.aespack.com\/wp-content\/uploads\/2023\/11\/\u9aa8\u6761\u62c9\u94fe\u888b-1.jpg",799,722,false],"2048x2048":["https:\/\/www.aespack.com\/wp-content\/uploads\/2023\/11\/\u9aa8\u6761\u62c9\u94fe\u888b-1.jpg",799,722,false],"trp-custom-language-flag":["https:\/\/www.aespack.com\/wp-content\/uploads\/2023\/11\/\u9aa8\u6761\u62c9\u94fe\u888b-1.jpg",13,12,false],"woocommerce_archive_thumbnail":["https:\/\/www.aespack.com\/wp-content\/uploads\/2023\/11\/\u9aa8\u6761\u62c9\u94fe\u888b-1-300x271.jpg",300,271,true],"woocommerce_thumbnail":["https:\/\/www.aespack.com\/wp-content\/uploads\/2023\/11\/\u9aa8\u6761\u62c9\u94fe\u888b-1-300x271.jpg",300,271,true],"woocommerce_single":["https:\/\/www.aespack.com\/wp-content\/uploads\/2023\/11\/\u9aa8\u6761\u62c9\u94fe\u888b-1-600x542.jpg",600,542,true],"woocommerce_gallery_thumbnail":["https:\/\/www.aespack.com\/wp-content\/uploads\/2023\/11\/\u9aa8\u6761\u62c9\u94fe\u888b-1-100x100.jpg",100,100,true]},"post_excerpt_stackable":"<p>Water proof<\/p>\n<p>Sticky adhesive glue<\/p>\n<p>Easy peel release paper<\/p>\n<p>Reclosable zipper<\/p>\n","category_list":"","author_info":{"name":"","url":""},"comments_num":"0 comentarios","_links":{"self":[{"href":"https:\/\/www.aespack.com\/es\/wp-json\/wp\/v2\/product\/1282","targetHints":{"allow":["GET"]}}],"collection":[{"href":"https:\/\/www.aespack.com\/es\/wp-json\/wp\/v2\/product"}],"about":[{"href":"https:\/\/www.aespack.com\/es\/wp-json\/wp\/v2\/types\/product"}],"replies":[{"embeddable":true,"href":"https:\/\/www.aespack.com\/es\/wp-json\/wp\/v2\/comments?post=1282"}],"wp:featuredmedia":[{"embeddable":true,"href":"https:\/\/www.aespack.com\/es\/wp-json\/wp\/v2\/media\/1284"}],"wp:attachment":[{"href":"https:\/\/www.aespack.com\/es\/wp-json\/wp\/v2\/media?parent=1282"}],"wp:term":[{"taxonomy":"product_cat","embeddable":true,"href":"https:\/\/www.aespack.com\/es\/wp-json\/wp\/v2\/product_cat?post=1282"},{"taxonomy":"product_tag","embeddable":true,"href":"https:\/\/www.aespack.com\/es\/wp-json\/wp\/v2\/product_tag?post=1282"}],"curies":[{"name":"wp","href":"https:\/\/api.w.org\/{rel}","templated":true}]}}