{"id":1268,"date":"2026-04-27T13:28:47","date_gmt":"2026-04-27T05:28:47","guid":{"rendered":"https:\/\/www.aespack.com\/?post_type=product&#038;p=1268"},"modified":"2026-04-28T14:28:59","modified_gmt":"2026-04-28T06:28:59","slug":"4-1%e2%81%842-x-6-panel-face-packing-list-envelope","status":"publish","type":"product","link":"https:\/\/www.aespack.com\/es\/producto\/4-1%e2%81%842-x-6-panel-face-packing-list-envelope\/","title":{"rendered":"4-1\/2\u2033 x 5-1\/2\u2033 Sobre de la lista de empaquetado de la cara del panel"},"content":{"rendered":"<h1 class=\"page-header\"><a href=\"http:\/\/4-1\/2&quot; x 5-1\/2&quot; Panel face packing list envelope\"><span class=\"base\" data-ui-id=\"page-title-wrapper\">4-1\/2\u2033 x 5-1\/2\u2033 Sobre de la lista de empaquetado de la cara del panel<\/span><\/a><\/h1>\n<p>OEM&amp;ODM disponible<\/p>\n<p>Impresi\u00f3n y tama\u00f1o personalizados<\/p>\n<p>2 mil Material PE&amp;PP de buena calidad y papel antiadherente<\/p>\n<p>Capacidad de producci\u00f3n 40000000 piezas al mes<\/p>\n<p>Muestras de existencias gratuitas o 7 d\u00edas para la producci\u00f3n de muestras<\/p>\n<p>12-20 d\u00edas para la producci\u00f3n m\u00e1xima<\/p>\n<p>TAMA\u00d1O EST\u00c1NDAR EURO:<\/p>\n<p>C7 Tama\u00f1o exterior: 123*110mm-1000pcs\/cart\u00f3n<\/p>\n<p>C6 Tama\u00f1o exterior: 175*132mm-1000pcs\/cart\u00f3n<\/p>\n<p>C5 Tama\u00f1o exterior: 235*175mm-1000pcs\/cart\u00f3n<\/p>\n<p>C4 Tama\u00f1o exterior: 322*235mm-500pcs\/cart\u00f3n<\/p>\n<p>C3 Tama\u00f1o exterior: 235*132mm-1000pcs\/carton<\/p>\n<p>TAMA\u00d1O EST\u00c1NDAR AMERICANO:<\/p>\n<p>Tama\u00f1o exterior: 4.5*5.5 inch-1000pcs\/carton<\/p>\n<p>Tama\u00f1o exterior: 4,5*6 pulgadas--1000pcs\/cart\u00f3n<\/p>\n<p>Tama\u00f1o exterior: 7*5,5 pulgadas--1000pcs\/cart\u00f3n<\/p>\n<p>Tama\u00f1o exterior: 5,5*10 pulgadas--1000pcs\/cart\u00f3n<\/p>\n<p>Tama\u00f1o exterior: 6.5*10 inch--1000pcs\/carton<\/p>\n<p>Tama\u00f1o exterior: 10*7 pulgadas---1000pcs\/carton<\/p>\n<p>Tama\u00f1o exterior: 10.75*6.75 inch-500pcs\/carton<\/p>\n<p>Tama\u00f1o exterior: 9.5*12.5 inch--500pcs\/carton<\/p>","protected":false},"excerpt":{"rendered":"<ul class=\"sku-bullets\">\n<li class=\"sku-bullet\">La pel\u00edcula de polietileno de 2 mil\u00edmetros de buena calidad proporciona protecci\u00f3n y seguridad a los documentos.<\/li>\n<li class=\"sku-bullet\">Soporte adhesivo termofusible para una fuerte adhesi\u00f3n al papel y a los productos ondulados.<\/li>\n<li class=\"sku-bullet\">Se abre a lo largo de la primera dimensi\u00f3n para facilitar la apertura.<\/li>\n<\/ul>","protected":false},"featured_media":1205,"comment_status":"open","ping_status":"closed","template":"","meta":{"_seopress_robots_primary_cat":"none"},"product_cat":[24],"product_tag":[],"class_list":["post-1268","product","type-product","status-publish","has-post-thumbnail","hentry","product_cat-packing-list-envelope"],"featured_image_urls":{"full":["https:\/\/www.aespack.com\/wp-content\/uploads\/2023\/07\/AES-7-4.jpg",750,750,false],"thumbnail":["https:\/\/www.aespack.com\/wp-content\/uploads\/2023\/07\/AES-7-4-150x150.jpg",150,150,true],"medium":["https:\/\/www.aespack.com\/wp-content\/uploads\/2023\/07\/AES-7-4-300x300.jpg",300,300,true],"medium_large":["https:\/\/www.aespack.com\/wp-content\/uploads\/2023\/07\/AES-7-4.jpg",750,750,false],"large":["https:\/\/www.aespack.com\/wp-content\/uploads\/2023\/07\/AES-7-4.jpg",750,750,false],"1536x1536":["https:\/\/www.aespack.com\/wp-content\/uploads\/2023\/07\/AES-7-4.jpg",750,750,false],"2048x2048":["https:\/\/www.aespack.com\/wp-content\/uploads\/2023\/07\/AES-7-4.jpg",750,750,false],"trp-custom-language-flag":["https:\/\/www.aespack.com\/wp-content\/uploads\/2023\/07\/AES-7-4.jpg",12,12,false],"woocommerce_archive_thumbnail":["https:\/\/www.aespack.com\/wp-content\/uploads\/2023\/07\/AES-7-4-300x300.jpg",300,300,true],"woocommerce_thumbnail":["https:\/\/www.aespack.com\/wp-content\/uploads\/2023\/07\/AES-7-4-300x300.jpg",300,300,true],"woocommerce_single":["https:\/\/www.aespack.com\/wp-content\/uploads\/2023\/07\/AES-7-4-600x600.jpg",600,600,true],"woocommerce_gallery_thumbnail":["https:\/\/www.aespack.com\/wp-content\/uploads\/2023\/07\/AES-7-4-100x100.jpg",100,100,true]},"post_excerpt_stackable":"<ul class=\"sku-bullets\">\n<li class=\"sku-bullet\">Good quality 2-mil poly film provides document protection and security.<\/li>\n<li class=\"sku-bullet\">Hot-melt adhesive backing for strong adhesion to paper and corrugated products.<\/li>\n<li class=\"sku-bullet\">Open along the first dimension for easy opening.<\/li>\n<\/ul>\n","category_list":"","author_info":{"name":"","url":""},"comments_num":"0 comentarios","_links":{"self":[{"href":"https:\/\/www.aespack.com\/es\/wp-json\/wp\/v2\/product\/1268","targetHints":{"allow":["GET"]}}],"collection":[{"href":"https:\/\/www.aespack.com\/es\/wp-json\/wp\/v2\/product"}],"about":[{"href":"https:\/\/www.aespack.com\/es\/wp-json\/wp\/v2\/types\/product"}],"replies":[{"embeddable":true,"href":"https:\/\/www.aespack.com\/es\/wp-json\/wp\/v2\/comments?post=1268"}],"wp:featuredmedia":[{"embeddable":true,"href":"https:\/\/www.aespack.com\/es\/wp-json\/wp\/v2\/media\/1205"}],"wp:attachment":[{"href":"https:\/\/www.aespack.com\/es\/wp-json\/wp\/v2\/media?parent=1268"}],"wp:term":[{"taxonomy":"product_cat","embeddable":true,"href":"https:\/\/www.aespack.com\/es\/wp-json\/wp\/v2\/product_cat?post=1268"},{"taxonomy":"product_tag","embeddable":true,"href":"https:\/\/www.aespack.com\/es\/wp-json\/wp\/v2\/product_tag?post=1268"}],"curies":[{"name":"wp","href":"https:\/\/api.w.org\/{rel}","templated":true}]}}