{"id":1199,"date":"2025-01-07T16:02:37","date_gmt":"2025-01-07T08:02:37","guid":{"rendered":"https:\/\/www.aespack.com\/?post_type=product&#038;p=1199"},"modified":"2025-01-08T11:22:23","modified_gmt":"2025-01-08T03:22:23","slug":"oem-pe-plastic-packing-list-pouch-envelope","status":"publish","type":"product","link":"https:\/\/www.aespack.com\/es\/producto\/oem-pe-plastic-packing-list-pouch-envelope\/","title":{"rendered":"OEM PE Pl\u00e1stico Lista de Embalaje Bolsa Sobre"},"content":{"rendered":"<p><a href=\"http:\/\/OEM PE Plastic Packing List Pouch Envelope\">OEM PE Pl\u00e1stico Lista de Embalaje Bolsa Sobre<\/a><\/p>\n<p>OEM&amp;ODM disponible<\/p>\n<p>Impresi\u00f3n y tama\u00f1o personalizados<\/p>\n<p>Material PE&amp;PP y papel antiadherente de buena calidad<\/p>\n<p>Capacidad de producci\u00f3n 40000000 piezas al mes<\/p>\n<p>Muestras de existencias gratuitas o 7 d\u00edas para la producci\u00f3n de muestras<\/p>\n<p>12-20 d\u00edas para la producci\u00f3n m\u00e1xima<\/p>\n<p>TAMA\u00d1O EST\u00c1NDAR EURO:<\/p>\n<p>C7 Tama\u00f1o exterior: 123*110mm-1000pcs\/cart\u00f3n<\/p>\n<p>C6 Tama\u00f1o exterior: 175*132mm-1000pcs\/cart\u00f3n<\/p>\n<p>C5 Tama\u00f1o exterior: 235*175mm-1000pcs\/cart\u00f3n<\/p>\n<p>C4 Tama\u00f1o exterior: 322*235mm-500pcs\/cart\u00f3n<\/p>\n<p>C3 Tama\u00f1o exterior: 235*132mm-1000pcs\/carton<\/p>\n<p>TAMA\u00d1O EST\u00c1NDAR AMERICANO:<\/p>\n<p>Tama\u00f1o exterior: 4.5*5.5 inch-1000pcs\/carton<\/p>\n<p>Tama\u00f1o exterior: 4,5*6 pulgadas--1000pcs\/cart\u00f3n<\/p>\n<p>Tama\u00f1o exterior: 7*5,5 pulgadas--1000pcs\/cart\u00f3n<\/p>\n<p>Tama\u00f1o exterior: 5,5*10 pulgadas--1000pcs\/cart\u00f3n<\/p>\n<p>Tama\u00f1o exterior: 6.5*10 inch--1000pcs\/carton<\/p>\n<p>Tama\u00f1o exterior: 10*7 pulgadas---1000pcs\/carton<\/p>\n<p>Tama\u00f1o exterior: 10.75*6.75 inch-500pcs\/carton<\/p>\n<p>Tama\u00f1o exterior: 9.5*12.5 inch--500pcs\/carton<\/p>","protected":false},"excerpt":{"rendered":"<p>A prueba de agua<\/p>\n<p>Pegamento adhesivo<\/p>\n<p>Papel antiadherente f\u00e1cil de despegar<\/p>","protected":false},"featured_media":1174,"comment_status":"open","ping_status":"closed","template":"","meta":{"_seopress_robots_primary_cat":"none"},"product_cat":[24],"product_tag":[],"class_list":["post-1199","product","type-product","status-publish","has-post-thumbnail","hentry","product_cat-packing-list-envelope"],"featured_image_urls":{"full":["https:\/\/www.aespack.com\/wp-content\/uploads\/2023\/06\/\u80cc\u80f6\u888b\u91c7\u96c6-22.jpg",750,533,false],"thumbnail":["https:\/\/www.aespack.com\/wp-content\/uploads\/2023\/06\/\u80cc\u80f6\u888b\u91c7\u96c6-22-150x150.jpg",150,150,true],"medium":["https:\/\/www.aespack.com\/wp-content\/uploads\/2023\/06\/\u80cc\u80f6\u888b\u91c7\u96c6-22-300x213.jpg",300,213,true],"medium_large":["https:\/\/www.aespack.com\/wp-content\/uploads\/2023\/06\/\u80cc\u80f6\u888b\u91c7\u96c6-22.jpg",750,533,false],"large":["https:\/\/www.aespack.com\/wp-content\/uploads\/2023\/06\/\u80cc\u80f6\u888b\u91c7\u96c6-22.jpg",750,533,false],"1536x1536":["https:\/\/www.aespack.com\/wp-content\/uploads\/2023\/06\/\u80cc\u80f6\u888b\u91c7\u96c6-22.jpg",750,533,false],"2048x2048":["https:\/\/www.aespack.com\/wp-content\/uploads\/2023\/06\/\u80cc\u80f6\u888b\u91c7\u96c6-22.jpg",750,533,false],"trp-custom-language-flag":["https:\/\/www.aespack.com\/wp-content\/uploads\/2023\/06\/\u80cc\u80f6\u888b\u91c7\u96c6-22.jpg",18,12,false],"woocommerce_archive_thumbnail":["https:\/\/www.aespack.com\/wp-content\/uploads\/2023\/06\/\u80cc\u80f6\u888b\u91c7\u96c6-22-300x213.jpg",300,213,true],"woocommerce_thumbnail":["https:\/\/www.aespack.com\/wp-content\/uploads\/2023\/06\/\u80cc\u80f6\u888b\u91c7\u96c6-22-300x213.jpg",300,213,true],"woocommerce_single":["https:\/\/www.aespack.com\/wp-content\/uploads\/2023\/06\/\u80cc\u80f6\u888b\u91c7\u96c6-22-600x426.jpg",600,426,true],"woocommerce_gallery_thumbnail":["https:\/\/www.aespack.com\/wp-content\/uploads\/2023\/06\/\u80cc\u80f6\u888b\u91c7\u96c6-22-100x100.jpg",100,100,true]},"post_excerpt_stackable":"<p>Water proof<\/p>\n<p>Sticky adhesive glue<\/p>\n<p>Easy peel release paper<\/p>\n","category_list":"","author_info":{"name":"","url":""},"comments_num":"0 comentarios","_links":{"self":[{"href":"https:\/\/www.aespack.com\/es\/wp-json\/wp\/v2\/product\/1199","targetHints":{"allow":["GET"]}}],"collection":[{"href":"https:\/\/www.aespack.com\/es\/wp-json\/wp\/v2\/product"}],"about":[{"href":"https:\/\/www.aespack.com\/es\/wp-json\/wp\/v2\/types\/product"}],"replies":[{"embeddable":true,"href":"https:\/\/www.aespack.com\/es\/wp-json\/wp\/v2\/comments?post=1199"}],"wp:featuredmedia":[{"embeddable":true,"href":"https:\/\/www.aespack.com\/es\/wp-json\/wp\/v2\/media\/1174"}],"wp:attachment":[{"href":"https:\/\/www.aespack.com\/es\/wp-json\/wp\/v2\/media?parent=1199"}],"wp:term":[{"taxonomy":"product_cat","embeddable":true,"href":"https:\/\/www.aespack.com\/es\/wp-json\/wp\/v2\/product_cat?post=1199"},{"taxonomy":"product_tag","embeddable":true,"href":"https:\/\/www.aespack.com\/es\/wp-json\/wp\/v2\/product_tag?post=1199"}],"curies":[{"name":"wp","href":"https:\/\/api.w.org\/{rel}","templated":true}]}}