{"id":1192,"date":"2025-09-28T11:04:09","date_gmt":"2025-09-28T03:04:09","guid":{"rendered":"https:\/\/www.aespack.com\/?post_type=product&#038;p=1192"},"modified":"2025-09-29T10:33:18","modified_gmt":"2025-09-29T02:33:18","slug":"double-glues-self-seal-padded-mailers","status":"publish","type":"product","link":"https:\/\/www.aespack.com\/es\/producto\/double-glues-self-seal-padded-mailers\/","title":{"rendered":"Colas dobles Sobres acolchados con autocierre"},"content":{"rendered":"<h1 class=\"grph1\"><a href=\"http:\/\/Double glues Self-seal padded mailers\">Colas dobles Sobres acolchados con autocierre<\/a><\/h1>\n<p>Especificaci\u00f3n<\/p>\n<table class=\"hight-light-first-column all magic-5\">\n<tbody>\n<tr>\n<td colspan=\"1\" rowspan=\"2\">\n<div class=\"magic-6\">\n<div class=\"magic-7\" data-spm-anchor-id=\"0.0.0.i8.62ce4f05ZOAfDy\"><b class=\"magic-8\" data-spm-anchor-id=\"0.0.0.i115.62ce4f05X2e1Ma\">Material<\/b><\/div>\n<\/div>\n<\/td>\n<td colspan=\"1\" rowspan=\"1\">\n<div class=\"magic-9\" data-spm-anchor-id=\"a2700.details.0.i13.4faa1e43OF4jKt\">Air Bubble &amp; \/ Poly \/ Film coextruido \/ Papel Kraft, etc.<\/div>\n<\/td>\n<\/tr>\n<tr>\n<td colspan=\"1\" rowspan=\"1\">\n<div class=\"magic-9\">D2W,Material componible PLA, etc.<\/div>\n<\/td>\n<\/tr>\n<tr>\n<td colspan=\"1\" rowspan=\"1\">\n<div class=\"magic-11\"><b>Tama\u00f1o\/Grosor<\/b><\/div>\n<\/td>\n<td colspan=\"1\" rowspan=\"1\">\n<div class=\"magic-9\">Personalizado seg\u00fan sus necesidades<\/div>\n<\/td>\n<\/tr>\n<tr>\n<td colspan=\"1\" rowspan=\"1\">\n<div class=\"magic-11\"><b>Impresi\u00f3n<\/b><\/div>\n<\/td>\n<td colspan=\"1\" rowspan=\"1\">\n<div class=\"magic-9\">Impresi\u00f3n en huecograbado, puede imprimirse hasta en 8 colores, CMYK<\/div>\n<\/td>\n<\/tr>\n<tr>\n<td colspan=\"1\" rowspan=\"1\">\n<div class=\"magic-11\"><b>Aplicaci\u00f3n\/Uso<\/b><\/div>\n<\/td>\n<td colspan=\"1\" rowspan=\"1\">\n<div class=\"magic-9\">Express, Env\u00edo, Servicio de correo, Embalaje de ropa, Embalaje para ropa<\/div>\n<\/td>\n<\/tr>\n<tr>\n<td colspan=\"1\" rowspan=\"4\">\n<div class=\"magic-6\">\n<div data-spm-anchor-id=\"0.0.0.i9.62ce4f05trYLIu\"><b>\u00a0<\/b><\/div>\n<div data-spm-anchor-id=\"0.0.0.i9.62ce4f05trYLIu\"><b>\u00a0<\/b><\/div>\n<div data-spm-anchor-id=\"0.0.0.i9.62ce4f05trYLIu\"><b>Caracter\u00edstica<\/b><\/div>\n<\/div>\n<\/td>\n<td colspan=\"1\" rowspan=\"1\">\n<div class=\"magic-9\">1. Pegamento adhesivo fuerte con buena seguridad<\/div>\n<\/td>\n<\/tr>\n<tr>\n<td colspan=\"1\" rowspan=\"1\">\n<div class=\"magic-9\">2. Opaco con buena confidencialidad<\/div>\n<\/td>\n<\/tr>\n<tr>\n<td colspan=\"1\" rowspan=\"1\">\n<div class=\"magic-9\">3. Resistente a la perforaci\u00f3n, impresi\u00f3n perfecta<\/div>\n<\/td>\n<\/tr>\n<tr>\n<td colspan=\"1\" rowspan=\"1\">\n<div class=\"magic-9\">4. Impermeable, a prueba de humedad, a prueba de desgarros<\/div>\n<\/td>\n<\/tr>\n<tr>\n<td colspan=\"1\" rowspan=\"1\">\n<div class=\"magic-11\"><b>Embalaje<\/b><\/div>\n<\/td>\n<td colspan=\"1\" rowspan=\"1\">\n<div class=\"magic-9\">Cartones\/cajas, pal\u00e9s disponibles bajo pedido<\/div>\n<\/td>\n<\/tr>\n<tr>\n<td colspan=\"1\" rowspan=\"1\">\n<div class=\"magic-11\"><b>Certificado<\/b><\/div>\n<\/td>\n<td colspan=\"1\" rowspan=\"1\">\n<div class=\"magic-9\">ISO 9001:2008, SGS, etc.<\/div>\n<\/td>\n<\/tr>\n<tr>\n<td colspan=\"1\" rowspan=\"1\">\n<div class=\"magic-11\"><b>Servicio adicional<\/b><\/div>\n<\/td>\n<td colspan=\"1\" rowspan=\"1\">\n<div class=\"magic-9\">OEM, ODM<\/div>\n<\/td>\n<\/tr>\n<tr>\n<td class=\"magic-12\" colspan=\"1\" rowspan=\"1\">\n<div class=\"magic-11\"><b>Muestra<\/b><\/div>\n<\/td>\n<td colspan=\"1\" rowspan=\"1\">\n<div class=\"magic-9\" data-spm-anchor-id=\"a2700.details.0.i12.4faa1e43OF4jKt\">Muestras en stock gratuitas; Muestras personalizadas, coste de la muestra a pagar<\/div>\n<\/td>\n<\/tr>\n<\/tbody>\n<\/table>","protected":false},"excerpt":{"rendered":"<p>Las bolsas de burbujas son sobres forrados con pl\u00e1stico de burbujas para mayor protecci\u00f3n. Existen en una amplia gama de tama\u00f1os, normalmente rectangulares. Los sobres de pl\u00e1stico o papel son muy duraderos, ligeros, flexibles y ocupan poco espacio. Los sobres de burbujas de polietileno est\u00e1n fabricados con este material, que es el m\u00e1s utilizado en embalajes, y est\u00e1n forrados con pl\u00e1stico de burbujas para una mayor amortiguaci\u00f3n. Son impermeables, duraderos y una opci\u00f3n muy popular para el env\u00edo de productos m\u00e1s peque\u00f1os y fr\u00e1giles.<\/p>\n<p>&nbsp;<\/p>","protected":false},"featured_media":1194,"comment_status":"open","ping_status":"closed","template":"","meta":{"_seopress_robots_primary_cat":"none"},"product_cat":[28],"product_tag":[],"class_list":["post-1192","product","type-product","status-publish","has-post-thumbnail","hentry","product_cat-bubble-mailer"],"featured_image_urls":{"full":["https:\/\/www.aespack.com\/wp-content\/uploads\/2023\/06\/\u53cc\u5c01\u53e3\u6c14\u6ce1\u888b-2.jpg",750,750,false],"thumbnail":["https:\/\/www.aespack.com\/wp-content\/uploads\/2023\/06\/\u53cc\u5c01\u53e3\u6c14\u6ce1\u888b-2-150x150.jpg",150,150,true],"medium":["https:\/\/www.aespack.com\/wp-content\/uploads\/2023\/06\/\u53cc\u5c01\u53e3\u6c14\u6ce1\u888b-2-300x300.jpg",300,300,true],"medium_large":["https:\/\/www.aespack.com\/wp-content\/uploads\/2023\/06\/\u53cc\u5c01\u53e3\u6c14\u6ce1\u888b-2.jpg",750,750,false],"large":["https:\/\/www.aespack.com\/wp-content\/uploads\/2023\/06\/\u53cc\u5c01\u53e3\u6c14\u6ce1\u888b-2.jpg",750,750,false],"1536x1536":["https:\/\/www.aespack.com\/wp-content\/uploads\/2023\/06\/\u53cc\u5c01\u53e3\u6c14\u6ce1\u888b-2.jpg",750,750,false],"2048x2048":["https:\/\/www.aespack.com\/wp-content\/uploads\/2023\/06\/\u53cc\u5c01\u53e3\u6c14\u6ce1\u888b-2.jpg",750,750,false],"trp-custom-language-flag":["https:\/\/www.aespack.com\/wp-content\/uploads\/2023\/06\/\u53cc\u5c01\u53e3\u6c14\u6ce1\u888b-2.jpg",12,12,false],"woocommerce_archive_thumbnail":["https:\/\/www.aespack.com\/wp-content\/uploads\/2023\/06\/\u53cc\u5c01\u53e3\u6c14\u6ce1\u888b-2-300x300.jpg",300,300,true],"woocommerce_thumbnail":["https:\/\/www.aespack.com\/wp-content\/uploads\/2023\/06\/\u53cc\u5c01\u53e3\u6c14\u6ce1\u888b-2-300x300.jpg",300,300,true],"woocommerce_single":["https:\/\/www.aespack.com\/wp-content\/uploads\/2023\/06\/\u53cc\u5c01\u53e3\u6c14\u6ce1\u888b-2-600x600.jpg",600,600,true],"woocommerce_gallery_thumbnail":["https:\/\/www.aespack.com\/wp-content\/uploads\/2023\/06\/\u53cc\u5c01\u53e3\u6c14\u6ce1\u888b-2-100x100.jpg",100,100,true]},"post_excerpt_stackable":"<p>Bubble mailer bags are envelopes lined with bubble wrap for extra protection . They come in an extensive range of sizes, commonly rectangular in dimension. Bubble mailers are made from plastic or paper and are extremely durable, lightweight, flexible and space efficient . Poly bubble mailers are made from polyethylene plastic, which is the most commonly used plastic in packaging, and is lined with bubble wrap for extra cushioning. It is water proof, durable and a very popular option for shipping smaller and more fragile retail products .<\/p>\n<p>&nbsp;<\/p>\n","category_list":"","author_info":{"name":"","url":""},"comments_num":"0 comentarios","_links":{"self":[{"href":"https:\/\/www.aespack.com\/es\/wp-json\/wp\/v2\/product\/1192","targetHints":{"allow":["GET"]}}],"collection":[{"href":"https:\/\/www.aespack.com\/es\/wp-json\/wp\/v2\/product"}],"about":[{"href":"https:\/\/www.aespack.com\/es\/wp-json\/wp\/v2\/types\/product"}],"replies":[{"embeddable":true,"href":"https:\/\/www.aespack.com\/es\/wp-json\/wp\/v2\/comments?post=1192"}],"wp:featuredmedia":[{"embeddable":true,"href":"https:\/\/www.aespack.com\/es\/wp-json\/wp\/v2\/media\/1194"}],"wp:attachment":[{"href":"https:\/\/www.aespack.com\/es\/wp-json\/wp\/v2\/media?parent=1192"}],"wp:term":[{"taxonomy":"product_cat","embeddable":true,"href":"https:\/\/www.aespack.com\/es\/wp-json\/wp\/v2\/product_cat?post=1192"},{"taxonomy":"product_tag","embeddable":true,"href":"https:\/\/www.aespack.com\/es\/wp-json\/wp\/v2\/product_tag?post=1192"}],"curies":[{"name":"wp","href":"https:\/\/api.w.org\/{rel}","templated":true}]}}