{"id":1170,"date":"2025-08-28T15:52:43","date_gmt":"2025-08-28T07:52:43","guid":{"rendered":"https:\/\/www.aespack.com\/?post_type=product&#038;p=1170"},"modified":"2025-08-29T11:26:00","modified_gmt":"2025-08-29T03:26:00","slug":"recycled-material-poly-mailer-bag","status":"publish","type":"product","link":"https:\/\/www.aespack.com\/es\/producto\/recycled-material-poly-mailer-bag\/","title":{"rendered":"Bolsa de polietileno reciclado"},"content":{"rendered":"<div class=\"J_module\">\n<div data-section=\"AliMagic-94vkyf\" data-section-title=\"Specification\"><a href=\"http:\/\/recycled-material-poly-mailer-bag\">http:\/\/recycled-material-poly-mailer-bag<\/a><\/div>\n<div data-section=\"AliMagic-94vkyf\" data-section-title=\"Specification\"><\/div>\n<div id=\"ali-anchor-AliMagic-94vkyf\" class=\"magic-3\" data-section=\"AliMagic-94vkyf\" data-section-title=\"Specification\">Especificaci\u00f3n<\/div>\n<\/div>\n<div class=\"J_module\">\n<div class=\"ife-detail-decorate-table\">\n<table style=\"height: 448px;\" width=\"746\">\n<tbody>\n<tr>\n<td>Nombre del art\u00edculo<\/td>\n<td>Material reciclado Impresi\u00f3n Bolsa Poly mailer<\/td>\n<\/tr>\n<tr>\n<td>Lugar de origen<\/td>\n<td>Guangdong,China<\/td>\n<\/tr>\n<tr>\n<td>Material<\/td>\n<td>PO \/ PE \/ MDPE<\/td>\n<\/tr>\n<tr>\n<td>Uso industrial<\/td>\n<td>Servicio urgente Embalaje\/Embalaje de env\u00edo<\/td>\n<\/tr>\n<tr>\n<td>Talla<\/td>\n<td>Diferentes tama\u00f1os, personalizados<\/td>\n<\/tr>\n<tr>\n<td>Manipulaci\u00f3n de superficies<\/td>\n<td>Impresi\u00f3n offset<\/td>\n<\/tr>\n<tr>\n<td>Caracter\u00edstica<\/td>\n<td>Seguridad,Impermeable<\/td>\n<\/tr>\n<tr>\n<td>Sellado y asa<\/td>\n<td>Sello autoadhesivo<\/td>\n<\/tr>\n<tr>\n<td>Pedido a medida<\/td>\n<td>Aceptable<\/td>\n<\/tr>\n<tr>\n<td>MOQ<\/td>\n<td>10000 unidades<\/td>\n<\/tr>\n<tr>\n<td>Grosor del material<\/td>\n<td>Popular es de 50-70 micras<\/td>\n<\/tr>\n<tr>\n<td>Impresi\u00f3n en color<\/td>\n<td>Hasta 8 colores<\/td>\n<\/tr>\n<tr>\n<td>Muestra<\/td>\n<td>Gratuito para muestras de existencias<\/td>\n<\/tr>\n<tr>\n<td>Plazo de entrega<\/td>\n<td>10-15 d\u00edas<\/td>\n<\/tr>\n<tr>\n<td>Capacidad de producci\u00f3n<\/td>\n<td>50000000pcs\/mes<\/td>\n<\/tr>\n<\/tbody>\n<\/table>\n<\/div>\n<\/div>","protected":false},"excerpt":{"rendered":"<p>Una bolsa de correo de material reciclado PCR es un tipo de envase ecol\u00f3gico fabricado con pl\u00e1stico reciclado. PCR son las siglas en ingl\u00e9s de reciclado postconsumo, lo que significa que el pl\u00e1stico ha sido utilizado previamente por los consumidores y despu\u00e9s reciclado para darle una nueva forma.<\/p>","protected":false},"featured_media":1162,"comment_status":"open","ping_status":"closed","template":"","meta":{"_seopress_robots_primary_cat":"none"},"product_cat":[26],"product_tag":[],"class_list":["post-1170","product","type-product","status-publish","has-post-thumbnail","hentry","product_cat-poly-mailer"],"featured_image_urls":{"full":["https:\/\/www.aespack.com\/wp-content\/uploads\/2023\/05\/21060982459_621974941.jpg",1500,1500,false],"thumbnail":["https:\/\/www.aespack.com\/wp-content\/uploads\/2023\/05\/21060982459_621974941-150x150.jpg",150,150,true],"medium":["https:\/\/www.aespack.com\/wp-content\/uploads\/2023\/05\/21060982459_621974941-300x300.jpg",300,300,true],"medium_large":["https:\/\/www.aespack.com\/wp-content\/uploads\/2023\/05\/21060982459_621974941-768x768.jpg",768,768,true],"large":["https:\/\/www.aespack.com\/wp-content\/uploads\/2023\/05\/21060982459_621974941-1024x1024.jpg",1024,1024,true],"1536x1536":["https:\/\/www.aespack.com\/wp-content\/uploads\/2023\/05\/21060982459_621974941.jpg",1500,1500,false],"2048x2048":["https:\/\/www.aespack.com\/wp-content\/uploads\/2023\/05\/21060982459_621974941.jpg",1500,1500,false],"trp-custom-language-flag":["https:\/\/www.aespack.com\/wp-content\/uploads\/2023\/05\/21060982459_621974941.jpg",12,12,false],"woocommerce_archive_thumbnail":["https:\/\/www.aespack.com\/wp-content\/uploads\/2023\/05\/21060982459_621974941-300x300.jpg",300,300,true],"woocommerce_thumbnail":["https:\/\/www.aespack.com\/wp-content\/uploads\/2023\/05\/21060982459_621974941-300x300.jpg",300,300,true],"woocommerce_single":["https:\/\/www.aespack.com\/wp-content\/uploads\/2023\/05\/21060982459_621974941-600x600.jpg",600,600,true],"woocommerce_gallery_thumbnail":["https:\/\/www.aespack.com\/wp-content\/uploads\/2023\/05\/21060982459_621974941-100x100.jpg",100,100,true]},"post_excerpt_stackable":"<p>A PCR recycled material mailing bag is a type of eco-friendly packaging that is made from recycled plastics.PCR stands for post-consumer recycled, which means the plastic was previously used by consumers and then recycled into a new form.PCR packaging reduces the amount of virgin plastic used and helps divert waste from landfills.<\/p>\n","category_list":"","author_info":{"name":"","url":""},"comments_num":"0 comentarios","_links":{"self":[{"href":"https:\/\/www.aespack.com\/es\/wp-json\/wp\/v2\/product\/1170","targetHints":{"allow":["GET"]}}],"collection":[{"href":"https:\/\/www.aespack.com\/es\/wp-json\/wp\/v2\/product"}],"about":[{"href":"https:\/\/www.aespack.com\/es\/wp-json\/wp\/v2\/types\/product"}],"replies":[{"embeddable":true,"href":"https:\/\/www.aespack.com\/es\/wp-json\/wp\/v2\/comments?post=1170"}],"wp:featuredmedia":[{"embeddable":true,"href":"https:\/\/www.aespack.com\/es\/wp-json\/wp\/v2\/media\/1162"}],"wp:attachment":[{"href":"https:\/\/www.aespack.com\/es\/wp-json\/wp\/v2\/media?parent=1170"}],"wp:term":[{"taxonomy":"product_cat","embeddable":true,"href":"https:\/\/www.aespack.com\/es\/wp-json\/wp\/v2\/product_cat?post=1170"},{"taxonomy":"product_tag","embeddable":true,"href":"https:\/\/www.aespack.com\/es\/wp-json\/wp\/v2\/product_tag?post=1170"}],"curies":[{"name":"wp","href":"https:\/\/api.w.org\/{rel}","templated":true}]}}