{"id":1146,"date":"2025-01-07T15:26:56","date_gmt":"2025-01-07T07:26:56","guid":{"rendered":"https:\/\/www.aespack.com\/?post_type=product&#038;p=1146"},"modified":"2025-01-08T15:33:29","modified_gmt":"2025-01-08T07:33:29","slug":"plastic-slide-zip-pouches","status":"publish","type":"product","link":"https:\/\/www.aespack.com\/es\/producto\/plastic-slide-zip-pouches\/","title":{"rendered":"Bolsas de pl\u00e1stico con cremallera deslizante"},"content":{"rendered":"<p><a href=\"http:\/\/Plastic slider zipper pouches\">Bolsas de pl\u00e1stico con cremallera deslizante<\/a><\/p>\n<table border=\"1\" cellspacing=\"0\">\n<tbody>\n<tr>\n<td colspan=\"2\" valign=\"top\">\n<p align=\"justify\"><strong><span data-spm-anchor-id=\"a2700.wholesale.0.i43.3a416eddSWu31Z\">\u00a0Informaci\u00f3n sobre el producto<\/span><\/strong><\/p>\n<\/td>\n<\/tr>\n<tr>\n<td valign=\"top\"><strong>Nombre del producto<\/strong><\/td>\n<td valign=\"top\">Logotipo personalizado Bolsa autocierre de pl\u00e1stico esmerilado con cremallera<\/td>\n<\/tr>\n<tr>\n<td valign=\"top\"><strong>Material<\/strong><\/p>\n<p><strong>Espesor<\/strong><\/td>\n<td valign=\"top\">CPE,PE o personalizado<\/p>\n<p>3 mm o grosor personalizado<\/td>\n<\/tr>\n<tr>\n<td valign=\"top\"><strong>T\u00e9cnicas<\/strong><\/td>\n<td valign=\"top\">Serigraf\u00eda<\/td>\n<\/tr>\n<tr>\n<td valign=\"top\"><strong>Color<\/strong><\/td>\n<td valign=\"top\">Transparente, esmerilado o impresi\u00f3n en color personalizada<\/td>\n<\/tr>\n<tr>\n<td valign=\"top\"><strong>Talla<\/strong><\/td>\n<td valign=\"top\">20*25cm,25*30cm o personalizado<\/td>\n<\/tr>\n<tr>\n<td valign=\"top\"><strong>Logotipo<\/strong><\/td>\n<td valign=\"top\">Personalizado<\/td>\n<\/tr>\n<tr>\n<td valign=\"top\"><strong>Aplicaci\u00f3n<\/strong><\/td>\n<td valign=\"top\">Para prendas de vestir, zapatos, calcetines, baratijas, embalaje de productos electr\u00f3nicos, cosm\u00e9ticos, regalos, alimentos, productos b\u00e1sicos, etc.<\/td>\n<\/tr>\n<tr>\n<td valign=\"top\"><strong>MOQ<\/strong><\/td>\n<td valign=\"top\"><strong>10000 unidades<\/strong><\/td>\n<\/tr>\n<tr>\n<td valign=\"top\"><strong>Env\u00edo<\/strong><\/td>\n<td valign=\"top\">A. Por v\u00eda a\u00e9rea o mar\u00edtima<\/p>\n<p>B. Por Express(DHL,TNT,FedEx,)<\/td>\n<\/tr>\n<tr>\n<td valign=\"top\"><strong>Plazo de entrega<\/strong><\/td>\n<td valign=\"top\">7-15 d\u00edas (depende de la cantidad)<\/td>\n<\/tr>\n<tr>\n<td valign=\"top\"><strong>Embalaje<\/strong><\/td>\n<td valign=\"top\">1000 unidades por caja o a petici\u00f3n<\/td>\n<\/tr>\n<\/tbody>\n<\/table>","protected":false},"excerpt":{"rendered":"<h2 data-content-type=\"heading\" data-appearance=\"default\" data-element=\"main\">Bolsas con cremallera f\u00e1ciles de abrir y cerrar<\/h2>","protected":false},"featured_media":1149,"comment_status":"open","ping_status":"closed","template":"","meta":{"_seopress_robots_primary_cat":"none"},"product_cat":[15],"product_tag":[],"class_list":["post-1146","product","type-product","status-publish","has-post-thumbnail","hentry","product_cat-zipper-clothing-bags"],"featured_image_urls":{"full":["https:\/\/www.aespack.com\/wp-content\/uploads\/2023\/04\/\u62c9\u94fe\u888b-50.jpg",250,250,false],"thumbnail":["https:\/\/www.aespack.com\/wp-content\/uploads\/2023\/04\/\u62c9\u94fe\u888b-50-150x150.jpg",150,150,true],"medium":["https:\/\/www.aespack.com\/wp-content\/uploads\/2023\/04\/\u62c9\u94fe\u888b-50.jpg",250,250,false],"medium_large":["https:\/\/www.aespack.com\/wp-content\/uploads\/2023\/04\/\u62c9\u94fe\u888b-50.jpg",250,250,false],"large":["https:\/\/www.aespack.com\/wp-content\/uploads\/2023\/04\/\u62c9\u94fe\u888b-50.jpg",250,250,false],"1536x1536":["https:\/\/www.aespack.com\/wp-content\/uploads\/2023\/04\/\u62c9\u94fe\u888b-50.jpg",250,250,false],"2048x2048":["https:\/\/www.aespack.com\/wp-content\/uploads\/2023\/04\/\u62c9\u94fe\u888b-50.jpg",250,250,false],"trp-custom-language-flag":["https:\/\/www.aespack.com\/wp-content\/uploads\/2023\/04\/\u62c9\u94fe\u888b-50.jpg",12,12,false],"woocommerce_archive_thumbnail":["https:\/\/www.aespack.com\/wp-content\/uploads\/2023\/04\/\u62c9\u94fe\u888b-50.jpg",250,250,false],"woocommerce_thumbnail":["https:\/\/www.aespack.com\/wp-content\/uploads\/2023\/04\/\u62c9\u94fe\u888b-50.jpg",250,250,false],"woocommerce_single":["https:\/\/www.aespack.com\/wp-content\/uploads\/2023\/04\/\u62c9\u94fe\u888b-50.jpg",250,250,false],"woocommerce_gallery_thumbnail":["https:\/\/www.aespack.com\/wp-content\/uploads\/2023\/04\/\u62c9\u94fe\u888b-50-100x100.jpg",100,100,true]},"post_excerpt_stackable":"<h2 data-content-type=\"heading\" data-appearance=\"default\" data-element=\"main\">Easy to Open and Close Zipper Bags<\/h2>\n","category_list":"","author_info":{"name":"","url":""},"comments_num":"0 comentarios","_links":{"self":[{"href":"https:\/\/www.aespack.com\/es\/wp-json\/wp\/v2\/product\/1146","targetHints":{"allow":["GET"]}}],"collection":[{"href":"https:\/\/www.aespack.com\/es\/wp-json\/wp\/v2\/product"}],"about":[{"href":"https:\/\/www.aespack.com\/es\/wp-json\/wp\/v2\/types\/product"}],"replies":[{"embeddable":true,"href":"https:\/\/www.aespack.com\/es\/wp-json\/wp\/v2\/comments?post=1146"}],"wp:featuredmedia":[{"embeddable":true,"href":"https:\/\/www.aespack.com\/es\/wp-json\/wp\/v2\/media\/1149"}],"wp:attachment":[{"href":"https:\/\/www.aespack.com\/es\/wp-json\/wp\/v2\/media?parent=1146"}],"wp:term":[{"taxonomy":"product_cat","embeddable":true,"href":"https:\/\/www.aespack.com\/es\/wp-json\/wp\/v2\/product_cat?post=1146"},{"taxonomy":"product_tag","embeddable":true,"href":"https:\/\/www.aespack.com\/es\/wp-json\/wp\/v2\/product_tag?post=1146"}],"curies":[{"name":"wp","href":"https:\/\/api.w.org\/{rel}","templated":true}]}}