{"id":1116,"date":"2025-08-28T10:54:02","date_gmt":"2025-08-28T02:54:02","guid":{"rendered":"https:\/\/www.aespack.com\/?post_type=product&#038;p=1116"},"modified":"2025-08-29T10:48:45","modified_gmt":"2025-08-29T02:48:45","slug":"co-extruded-film-padded-mailer-bag","status":"publish","type":"product","link":"https:\/\/www.aespack.com\/es\/producto\/co-extruded-film-padded-mailer-bag\/","title":{"rendered":"Bolsa de correo acolchada con pel\u00edcula coextru\u00edda"},"content":{"rendered":"<p><strong>Bolsa de correo acolchada con pel\u00edcula coextru\u00edda<\/strong><\/p>\n<p>Especificaci\u00f3n<\/p>\n<table class=\"hight-light-first-column all magic-5\">\n<tbody>\n<tr>\n<td colspan=\"1\" rowspan=\"2\">\n<div class=\"magic-6\">\n<div class=\"magic-7\" data-spm-anchor-id=\"0.0.0.i8.62ce4f05ZOAfDy\"><b class=\"magic-8\" data-spm-anchor-id=\"0.0.0.i115.62ce4f05X2e1Ma\">Material<\/b><\/div>\n<\/div>\n<\/td>\n<td colspan=\"1\" rowspan=\"1\">\n<div class=\"magic-9\" data-spm-anchor-id=\"a2700.details.0.i13.4faa1e43OF4jKt\">Air Bubble &amp; \/ Poly \/ Film coextruido \/ Papel Kraft, etc.<\/div>\n<\/td>\n<\/tr>\n<tr>\n<td colspan=\"1\" rowspan=\"1\">\n<div class=\"magic-9\">D2W,Material componible PLA, etc.<\/div>\n<\/td>\n<\/tr>\n<tr>\n<td colspan=\"1\" rowspan=\"1\">\n<div class=\"magic-11\"><b>Tama\u00f1o\/Grosor<\/b><\/div>\n<\/td>\n<td colspan=\"1\" rowspan=\"1\">\n<div class=\"magic-9\">Personalizado seg\u00fan sus necesidades<\/div>\n<\/td>\n<\/tr>\n<tr>\n<td colspan=\"1\" rowspan=\"1\">\n<div class=\"magic-11\"><b>Impresi\u00f3n<\/b><\/div>\n<\/td>\n<td colspan=\"1\" rowspan=\"1\">\n<div class=\"magic-9\">Impresi\u00f3n en huecograbado, puede imprimirse hasta en 8 colores, CMYK<\/div>\n<\/td>\n<\/tr>\n<tr>\n<td colspan=\"1\" rowspan=\"1\">\n<div class=\"magic-11\"><b>Aplicaci\u00f3n\/Uso<\/b><\/div>\n<\/td>\n<td colspan=\"1\" rowspan=\"1\">\n<div class=\"magic-9\">Express, Env\u00edo, Servicio de correo, Embalaje de ropa, Embalaje para ropa<\/div>\n<\/td>\n<\/tr>\n<tr>\n<td colspan=\"1\" rowspan=\"4\">\n<div class=\"magic-6\">\n<div data-spm-anchor-id=\"0.0.0.i9.62ce4f05trYLIu\"><b>\u00a0<\/b><\/div>\n<div data-spm-anchor-id=\"0.0.0.i9.62ce4f05trYLIu\"><b>\u00a0<\/b><\/div>\n<div data-spm-anchor-id=\"0.0.0.i9.62ce4f05trYLIu\"><b>Caracter\u00edstica<\/b><\/div>\n<\/div>\n<\/td>\n<td colspan=\"1\" rowspan=\"1\">\n<div class=\"magic-9\">1. Pegamento adhesivo fuerte con buena seguridad<\/div>\n<\/td>\n<\/tr>\n<tr>\n<td colspan=\"1\" rowspan=\"1\">\n<div class=\"magic-9\">2. Opaco con buena confidencialidad<\/div>\n<\/td>\n<\/tr>\n<tr>\n<td colspan=\"1\" rowspan=\"1\">\n<div class=\"magic-9\">3. Resistente a la perforaci\u00f3n, impresi\u00f3n perfecta<\/div>\n<\/td>\n<\/tr>\n<tr>\n<td colspan=\"1\" rowspan=\"1\">\n<div class=\"magic-9\">4. Impermeable, a prueba de humedad, a prueba de desgarros<\/div>\n<\/td>\n<\/tr>\n<tr>\n<td colspan=\"1\" rowspan=\"1\">\n<div class=\"magic-11\"><b>Embalaje<\/b><\/div>\n<\/td>\n<td colspan=\"1\" rowspan=\"1\">\n<div class=\"magic-9\">Cartones\/cajas, pal\u00e9s disponibles bajo pedido<\/div>\n<\/td>\n<\/tr>\n<tr>\n<td colspan=\"1\" rowspan=\"1\">\n<div class=\"magic-11\"><b>Certificado<\/b><\/div>\n<\/td>\n<td colspan=\"1\" rowspan=\"1\">\n<div class=\"magic-9\">ISO 9001:2008, SGS, etc.<\/div>\n<\/td>\n<\/tr>\n<tr>\n<td colspan=\"1\" rowspan=\"1\">\n<div class=\"magic-11\"><b>Servicio adicional<\/b><\/div>\n<\/td>\n<td colspan=\"1\" rowspan=\"1\">\n<div class=\"magic-9\">OEM, ODM<\/div>\n<\/td>\n<\/tr>\n<tr>\n<td class=\"magic-12\" colspan=\"1\" rowspan=\"1\">\n<div class=\"magic-11\"><b>Muestra<\/b><\/div>\n<\/td>\n<td colspan=\"1\" rowspan=\"1\">\n<div class=\"magic-9\" data-spm-anchor-id=\"a2700.details.0.i12.4faa1e43OF4jKt\">Muestras en stock gratuitas; Muestras personalizadas, coste de la muestra a pagar<\/div>\n<\/td>\n<\/tr>\n<\/tbody>\n<\/table>","protected":false},"excerpt":{"rendered":"<p>Tama\u00f1o de las aduanas<\/p>\n<p>Color de la aduana<\/p>\n<p>&nbsp;<\/p>","protected":false},"featured_media":1117,"comment_status":"open","ping_status":"closed","template":"","meta":{"_seopress_robots_primary_cat":"none"},"product_cat":[28],"product_tag":[],"class_list":["post-1116","product","type-product","status-publish","has-post-thumbnail","hentry","product_cat-bubble-mailer"],"featured_image_urls":{"full":["https:\/\/www.aespack.com\/wp-content\/uploads\/2023\/04\/2b617d.jpg",1500,1500,false],"thumbnail":["https:\/\/www.aespack.com\/wp-content\/uploads\/2023\/04\/2b617d-150x150.jpg",150,150,true],"medium":["https:\/\/www.aespack.com\/wp-content\/uploads\/2023\/04\/2b617d-300x300.jpg",300,300,true],"medium_large":["https:\/\/www.aespack.com\/wp-content\/uploads\/2023\/04\/2b617d-768x768.jpg",768,768,true],"large":["https:\/\/www.aespack.com\/wp-content\/uploads\/2023\/04\/2b617d-1024x1024.jpg",1024,1024,true],"1536x1536":["https:\/\/www.aespack.com\/wp-content\/uploads\/2023\/04\/2b617d.jpg",1500,1500,false],"2048x2048":["https:\/\/www.aespack.com\/wp-content\/uploads\/2023\/04\/2b617d.jpg",1500,1500,false],"trp-custom-language-flag":["https:\/\/www.aespack.com\/wp-content\/uploads\/2023\/04\/2b617d.jpg",12,12,false],"woocommerce_archive_thumbnail":["https:\/\/www.aespack.com\/wp-content\/uploads\/2023\/04\/2b617d-300x300.jpg",300,300,true],"woocommerce_thumbnail":["https:\/\/www.aespack.com\/wp-content\/uploads\/2023\/04\/2b617d-300x300.jpg",300,300,true],"woocommerce_single":["https:\/\/www.aespack.com\/wp-content\/uploads\/2023\/04\/2b617d-600x600.jpg",600,600,true],"woocommerce_gallery_thumbnail":["https:\/\/www.aespack.com\/wp-content\/uploads\/2023\/04\/2b617d-100x100.jpg",100,100,true]},"post_excerpt_stackable":"<p>Customs size<\/p>\n<p>Customs color<\/p>\n<p>&nbsp;<\/p>\n","category_list":"","author_info":{"name":"","url":""},"comments_num":"0 comentarios","_links":{"self":[{"href":"https:\/\/www.aespack.com\/es\/wp-json\/wp\/v2\/product\/1116","targetHints":{"allow":["GET"]}}],"collection":[{"href":"https:\/\/www.aespack.com\/es\/wp-json\/wp\/v2\/product"}],"about":[{"href":"https:\/\/www.aespack.com\/es\/wp-json\/wp\/v2\/types\/product"}],"replies":[{"embeddable":true,"href":"https:\/\/www.aespack.com\/es\/wp-json\/wp\/v2\/comments?post=1116"}],"wp:featuredmedia":[{"embeddable":true,"href":"https:\/\/www.aespack.com\/es\/wp-json\/wp\/v2\/media\/1117"}],"wp:attachment":[{"href":"https:\/\/www.aespack.com\/es\/wp-json\/wp\/v2\/media?parent=1116"}],"wp:term":[{"taxonomy":"product_cat","embeddable":true,"href":"https:\/\/www.aespack.com\/es\/wp-json\/wp\/v2\/product_cat?post=1116"},{"taxonomy":"product_tag","embeddable":true,"href":"https:\/\/www.aespack.com\/es\/wp-json\/wp\/v2\/product_tag?post=1116"}],"curies":[{"name":"wp","href":"https:\/\/api.w.org\/{rel}","templated":true}]}}