{"id":1050,"date":"2025-08-28T10:34:07","date_gmt":"2025-08-28T02:34:07","guid":{"rendered":"https:\/\/www.aespack.com\/?post_type=product&#038;p=1050"},"modified":"2025-08-29T10:46:14","modified_gmt":"2025-08-29T02:46:14","slug":"customs-sliding-zipper-bags","status":"publish","type":"product","link":"https:\/\/www.aespack.com\/es\/producto\/customs-sliding-zipper-bags\/","title":{"rendered":"Bolsas aduaneras con cremallera"},"content":{"rendered":"<table border=\"1\" cellspacing=\"0\">\n<tbody>\n<tr>\n<td colspan=\"2\" valign=\"top\">\n<p align=\"justify\"><strong><span data-spm-anchor-id=\"a2700.wholesale.0.i43.3a416eddSWu31Z\">Bolsas aduaneras con cremallera\u00a0<\/span><\/strong><\/p>\n<p align=\"justify\"><strong><span data-spm-anchor-id=\"a2700.wholesale.0.i43.3a416eddSWu31Z\">Informaci\u00f3n sobre el producto<\/span><\/strong><\/p>\n<\/td>\n<\/tr>\n<tr>\n<td valign=\"top\"><strong>Nombre del producto<\/strong><\/td>\n<td valign=\"top\">Bolsas aduaneras con cremallera<\/td>\n<\/tr>\n<tr>\n<td valign=\"top\"><strong>Material<\/strong><\/p>\n<p><strong>Espesor<\/strong><\/td>\n<td valign=\"top\">CPE,PE o personalizado<\/p>\n<p>3 mil de grosor o grosor personalizado<\/td>\n<\/tr>\n<tr>\n<td valign=\"top\"><strong>T\u00e9cnicas<\/strong><\/td>\n<td valign=\"top\">Serigraf\u00eda<\/td>\n<\/tr>\n<tr>\n<td valign=\"top\"><strong>Color<\/strong><\/td>\n<td valign=\"top\">Transparente, esmerilado o impresi\u00f3n en color personalizada<\/td>\n<\/tr>\n<tr>\n<td valign=\"top\"><strong>Talla<\/strong><\/td>\n<td valign=\"top\">20*25cm,25*30cm o personalizado<\/td>\n<\/tr>\n<tr>\n<td valign=\"top\"><strong>Logotipo<\/strong><\/td>\n<td valign=\"top\">Personalizado<\/td>\n<\/tr>\n<tr>\n<td valign=\"top\"><strong>Aplicaci\u00f3n<\/strong><\/td>\n<td valign=\"top\">Para prendas de vestir, zapatos, calcetines, baratijas, embalaje de productos electr\u00f3nicos, cosm\u00e9ticos, regalos, alimentos, productos b\u00e1sicos, etc.<\/td>\n<\/tr>\n<tr>\n<td valign=\"top\"><strong>MOQ<\/strong><\/td>\n<td valign=\"top\"><strong>10000 unidades<\/strong><\/td>\n<\/tr>\n<tr>\n<td valign=\"top\"><strong>Env\u00edo<\/strong><\/td>\n<td valign=\"top\">A. Por v\u00eda a\u00e9rea o mar\u00edtima<\/p>\n<p>B. Por Express(DHL,TNT,FedEx,)<\/td>\n<\/tr>\n<tr>\n<td valign=\"top\"><strong>Plazo de entrega<\/strong><\/td>\n<td valign=\"top\">7-15 d\u00edas (depende de la cantidad)<\/td>\n<\/tr>\n<tr>\n<td valign=\"top\"><strong>Embalaje<\/strong><\/td>\n<td valign=\"top\">1000 unidades por caja o a petici\u00f3n<\/td>\n<\/tr>\n<\/tbody>\n<\/table>\n<p>&nbsp;<\/p>\n<p>&nbsp;<\/p>","protected":false},"excerpt":{"rendered":"<p>Estas bolsas con cremallera deslizante disponen de un bloque deslizante que facilita la apertura y el cierre. Ideal para empaquetar ropa, deportes, juguetes, calcetines y mucho m\u00e1s.<\/p>\n<p>1)3 mil de grosor<\/p>\n<p>2)Material LDPE duradero<\/p>\n<p>3)Cremallera deslizante f\u00e1cil de abrir y cerrar<\/p>","protected":false},"featured_media":1048,"comment_status":"open","ping_status":"closed","template":"","meta":{"_seopress_robots_primary_cat":"none"},"product_cat":[15],"product_tag":[],"class_list":["post-1050","product","type-product","status-publish","has-post-thumbnail","hentry","product_cat-zipper-clothing-bags"],"featured_image_urls":{"full":["https:\/\/www.aespack.com\/wp-content\/uploads\/2023\/03\/\u62c9\u94fe\u888b-38-scaled.jpg",1920,2560,false],"thumbnail":["https:\/\/www.aespack.com\/wp-content\/uploads\/2023\/03\/\u62c9\u94fe\u888b-38-150x150.jpg",150,150,true],"medium":["https:\/\/www.aespack.com\/wp-content\/uploads\/2023\/03\/\u62c9\u94fe\u888b-38-225x300.jpg",225,300,true],"medium_large":["https:\/\/www.aespack.com\/wp-content\/uploads\/2023\/03\/\u62c9\u94fe\u888b-38-768x1024.jpg",768,1024,true],"large":["https:\/\/www.aespack.com\/wp-content\/uploads\/2023\/03\/\u62c9\u94fe\u888b-38-768x1024.jpg",768,1024,true],"1536x1536":["https:\/\/www.aespack.com\/wp-content\/uploads\/2023\/03\/\u62c9\u94fe\u888b-38-1152x1536.jpg",1152,1536,true],"2048x2048":["https:\/\/www.aespack.com\/wp-content\/uploads\/2023\/03\/\u62c9\u94fe\u888b-38-1536x2048.jpg",1536,2048,true],"trp-custom-language-flag":["https:\/\/www.aespack.com\/wp-content\/uploads\/2023\/03\/\u62c9\u94fe\u888b-38-scaled.jpg",9,12,false],"woocommerce_archive_thumbnail":["https:\/\/www.aespack.com\/wp-content\/uploads\/2023\/03\/\u62c9\u94fe\u888b-38-scaled-300x400.jpg",300,400,true],"woocommerce_thumbnail":["https:\/\/www.aespack.com\/wp-content\/uploads\/2023\/03\/\u62c9\u94fe\u888b-38-scaled-300x400.jpg",300,400,true],"woocommerce_single":["https:\/\/www.aespack.com\/wp-content\/uploads\/2023\/03\/\u62c9\u94fe\u888b-38-scaled-600x800.jpg",600,800,true],"woocommerce_gallery_thumbnail":["https:\/\/www.aespack.com\/wp-content\/uploads\/2023\/03\/\u62c9\u94fe\u888b-38-scaled-100x100.jpg",100,100,true]},"post_excerpt_stackable":"<p>These sliding zip bags feature a sliding block to make opening and closing this bag a breeze. Ideal for packaging\u00a0 clothes,Sports,toys, socks and more.<\/p>\n<p>1)3 mil thickness<\/p>\n<p>2)Durable LDPE Material<\/p>\n<p>3)Sliding zipper\u00a0 easily to open and close<\/p>\n","category_list":"","author_info":{"name":"","url":""},"comments_num":"0 comentarios","_links":{"self":[{"href":"https:\/\/www.aespack.com\/es\/wp-json\/wp\/v2\/product\/1050","targetHints":{"allow":["GET"]}}],"collection":[{"href":"https:\/\/www.aespack.com\/es\/wp-json\/wp\/v2\/product"}],"about":[{"href":"https:\/\/www.aespack.com\/es\/wp-json\/wp\/v2\/types\/product"}],"replies":[{"embeddable":true,"href":"https:\/\/www.aespack.com\/es\/wp-json\/wp\/v2\/comments?post=1050"}],"wp:featuredmedia":[{"embeddable":true,"href":"https:\/\/www.aespack.com\/es\/wp-json\/wp\/v2\/media\/1048"}],"wp:attachment":[{"href":"https:\/\/www.aespack.com\/es\/wp-json\/wp\/v2\/media?parent=1050"}],"wp:term":[{"taxonomy":"product_cat","embeddable":true,"href":"https:\/\/www.aespack.com\/es\/wp-json\/wp\/v2\/product_cat?post=1050"},{"taxonomy":"product_tag","embeddable":true,"href":"https:\/\/www.aespack.com\/es\/wp-json\/wp\/v2\/product_tag?post=1050"}],"curies":[{"name":"wp","href":"https:\/\/api.w.org\/{rel}","templated":true}]}}