{"id":991,"date":"2025-08-28T14:39:13","date_gmt":"2025-08-28T06:39:13","guid":{"rendered":"http:\/\/www.aespack.com\/?post_type=product&#038;p=991"},"modified":"2025-08-29T11:17:38","modified_gmt":"2025-08-29T03:17:38","slug":"double-glues-poly-mailer-bag","status":"publish","type":"product","link":"https:\/\/www.aespack.com\/de\/produkt\/double-glues-poly-mailer-bag\/","title":{"rendered":"Doppelt geklebte Polyversandtasche"},"content":{"rendered":"<div class=\"J_module\">\n<div id=\"ali-anchor-AliMagic-94vkyf\" class=\"magic-3\" data-section=\"AliMagic-94vkyf\" data-section-title=\"Specification\">Spezifikation<\/div>\n<\/div>\n<div class=\"J_module\">\n<div class=\"ife-detail-decorate-table\">\n<table style=\"height: 448px;\" width=\"746\">\n<tbody>\n<tr>\n<td>Artikel Name<\/td>\n<td>\u00a0Doppelt geklebtes Druckverfahren Polyversandtasche<\/td>\n<\/tr>\n<tr>\n<td>Ort der Herkunft<\/td>\n<td>Guangdong, China<\/td>\n<\/tr>\n<tr>\n<td>Material<\/td>\n<td>PO \/ PE \/ MDPE<\/td>\n<\/tr>\n<tr>\n<td>Industrielle Nutzung<\/td>\n<td>Express Service Verpackung\/Versandverpackung<\/td>\n<\/tr>\n<tr>\n<td>Gr\u00f6\u00dfe<\/td>\n<td>Verschiedene Gr\u00f6\u00dfen, kundenspezifisch<\/td>\n<\/tr>\n<tr>\n<td>Handhabung der Oberfl\u00e4che<\/td>\n<td>Offsetdruck<\/td>\n<\/tr>\n<tr>\n<td>Merkmal<\/td>\n<td>Sicherheit,Wasserdicht<\/td>\n<\/tr>\n<tr>\n<td>Dichtung &amp; Griff<\/td>\n<td>Selbstklebende Dichtung<\/td>\n<\/tr>\n<tr>\n<td>Individuelle Bestellung<\/td>\n<td>Annehmbar<\/td>\n<\/tr>\n<tr>\n<td>MOQ<\/td>\n<td>10000 St\u00fcck<\/td>\n<\/tr>\n<tr>\n<td>Dicke des Materials<\/td>\n<td>Beliebt sind 50-70 Mikrometer<\/td>\n<\/tr>\n<tr>\n<td>Farbdruck<\/td>\n<td>Bis zu 8 Farben<\/td>\n<\/tr>\n<tr>\n<td>Muster<\/td>\n<td>Kostenlos f\u00fcr Bestandsmuster<\/td>\n<\/tr>\n<tr>\n<td>Vorlaufzeit<\/td>\n<td>10-15 Tage<\/td>\n<\/tr>\n<tr>\n<td>Produktionskapazit\u00e4t<\/td>\n<td>50000000St\u00fcck\/Monat<\/td>\n<\/tr>\n<\/tbody>\n<\/table>\n<\/div>\n<\/div>","protected":false},"excerpt":{"rendered":"<p>LDPE-Folie, schwarze Farbe oder kundenspezifische Farbe.<\/p>\n<p>Kundenspezifischer Logodruck.<\/p>\n<p>Ma\u00dfgeschneiderte Gr\u00f6\u00dfe und Dicke.<\/p>\n<p>Wasserdicht.<\/p>\n<p>Rei\u00dffestigkeit.<\/p>\n<p>Starke Klebrigkeit.<\/p>\n<p>Gutes Lager.<\/p>\n<p>Explosionsgesch\u00fctzt.<\/p>","protected":false},"featured_media":996,"comment_status":"open","ping_status":"closed","template":"","meta":{"_seopress_robots_primary_cat":"none"},"product_cat":[26],"product_tag":[],"class_list":["post-991","product","type-product","status-publish","has-post-thumbnail","hentry","product_cat-poly-mailer"],"featured_image_urls":{"full":["https:\/\/www.aespack.com\/wp-content\/uploads\/2023\/02\/AES-M6-1-1.png",1091,923,false],"thumbnail":["https:\/\/www.aespack.com\/wp-content\/uploads\/2023\/02\/AES-M6-1-1-150x150.png",150,150,true],"medium":["https:\/\/www.aespack.com\/wp-content\/uploads\/2023\/02\/AES-M6-1-1-300x254.png",300,254,true],"medium_large":["https:\/\/www.aespack.com\/wp-content\/uploads\/2023\/02\/AES-M6-1-1-768x650.png",768,650,true],"large":["https:\/\/www.aespack.com\/wp-content\/uploads\/2023\/02\/AES-M6-1-1-1024x866.png",1024,866,true],"1536x1536":["https:\/\/www.aespack.com\/wp-content\/uploads\/2023\/02\/AES-M6-1-1.png",1091,923,false],"2048x2048":["https:\/\/www.aespack.com\/wp-content\/uploads\/2023\/02\/AES-M6-1-1.png",1091,923,false],"trp-custom-language-flag":["https:\/\/www.aespack.com\/wp-content\/uploads\/2023\/02\/AES-M6-1-1.png",14,12,false],"woocommerce_archive_thumbnail":["https:\/\/www.aespack.com\/wp-content\/uploads\/2023\/02\/AES-M6-1-1-300x254.png",300,254,true],"woocommerce_thumbnail":["https:\/\/www.aespack.com\/wp-content\/uploads\/2023\/02\/AES-M6-1-1-300x254.png",300,254,true],"woocommerce_single":["https:\/\/www.aespack.com\/wp-content\/uploads\/2023\/02\/AES-M6-1-1-600x508.png",600,508,true],"woocommerce_gallery_thumbnail":["https:\/\/www.aespack.com\/wp-content\/uploads\/2023\/02\/AES-M6-1-1-100x100.png",100,100,true]},"post_excerpt_stackable":"<p>LDPE film,full black color or customized color.<\/p>\n<p>Customized logo printing.<\/p>\n<p>Customized size &amp; thickness.<\/p>\n<p>Water proof.<\/p>\n<p>Tear resistance.<\/p>\n<p>Strong stickiness.<\/p>\n<p>Good bearing.<\/p>\n<p>Explosion-proof.<\/p>\n","category_list":"","author_info":{"name":"","url":""},"comments_num":"0 comments","_links":{"self":[{"href":"https:\/\/www.aespack.com\/de\/wp-json\/wp\/v2\/product\/991","targetHints":{"allow":["GET"]}}],"collection":[{"href":"https:\/\/www.aespack.com\/de\/wp-json\/wp\/v2\/product"}],"about":[{"href":"https:\/\/www.aespack.com\/de\/wp-json\/wp\/v2\/types\/product"}],"replies":[{"embeddable":true,"href":"https:\/\/www.aespack.com\/de\/wp-json\/wp\/v2\/comments?post=991"}],"wp:featuredmedia":[{"embeddable":true,"href":"https:\/\/www.aespack.com\/de\/wp-json\/wp\/v2\/media\/996"}],"wp:attachment":[{"href":"https:\/\/www.aespack.com\/de\/wp-json\/wp\/v2\/media?parent=991"}],"wp:term":[{"taxonomy":"product_cat","embeddable":true,"href":"https:\/\/www.aespack.com\/de\/wp-json\/wp\/v2\/product_cat?post=991"},{"taxonomy":"product_tag","embeddable":true,"href":"https:\/\/www.aespack.com\/de\/wp-json\/wp\/v2\/product_tag?post=991"}],"curies":[{"name":"wp","href":"https:\/\/api.w.org\/{rel}","templated":true}]}}