{"id":882,"date":"2025-08-28T10:16:53","date_gmt":"2025-08-28T02:16:53","guid":{"rendered":"https:\/\/www.aespack.com\/?post_type=product&#038;p=882"},"modified":"2025-08-29T16:02:40","modified_gmt":"2025-08-29T08:02:40","slug":"courier-mailing-bag","status":"publish","type":"product","link":"https:\/\/www.aespack.com\/de\/produkt\/courier-mailing-bag\/","title":{"rendered":"DHL Kurier Versandtasche Poly Mailer"},"content":{"rendered":"<div class=\"J_module\">\n<div id=\"ali-anchor-AliMagic-94vkyf\" class=\"magic-3\" data-section=\"AliMagic-94vkyf\" data-section-title=\"Specification\">Spezifikation<\/div>\n<\/div>\n<div class=\"J_module\">\n<div class=\"ife-detail-decorate-table\">\n<table width=\"680\">\n<tbody>\n<tr>\n<td>Artikel Name<\/td>\n<td>Kurier-Versandtasche<\/td>\n<\/tr>\n<tr>\n<td>Ort der Herkunft<\/td>\n<td>China, Guangdong<\/td>\n<\/tr>\n<tr>\n<td>Material<\/td>\n<td>PO \/ PE \/ MDPE<\/td>\n<\/tr>\n<tr>\n<td>Industrielle Nutzung<\/td>\n<td>Express-Service-Verpackungen<\/td>\n<\/tr>\n<tr>\n<td>Gr\u00f6\u00dfe<\/td>\n<td>Verschiedene Gr\u00f6\u00dfen, kundenspezifisch<\/td>\n<\/tr>\n<tr>\n<td>Handhabung der Oberfl\u00e4che<\/td>\n<td>Offsetdruck<\/td>\n<\/tr>\n<tr>\n<td>Merkmal<\/td>\n<td>Sicherheit,Wasserdicht<\/td>\n<\/tr>\n<tr>\n<td>Dichtung &amp; Griff<\/td>\n<td>Selbstklebende Dichtung<\/td>\n<\/tr>\n<tr>\n<td>Individuelle Bestellung<\/td>\n<td>Annehmbar<\/td>\n<\/tr>\n<tr>\n<td>MOQ<\/td>\n<td>10000St\u00fcck<\/td>\n<\/tr>\n<tr>\n<td>Dicke des Materials<\/td>\n<td>Beliebt sind 50-70 Mikrometer.<\/td>\n<\/tr>\n<tr>\n<td>Farbdruck<\/td>\n<td>Bis zu 8Farben<\/td>\n<\/tr>\n<tr>\n<td>Muster<\/td>\n<td>Kostenlos f\u00fcr Bestandsmuster<\/td>\n<\/tr>\n<tr>\n<td>Vorlaufzeit<\/td>\n<td>10-15 Tage<\/td>\n<\/tr>\n<tr>\n<td>Produktionskapazit\u00e4t<\/td>\n<td>50000000St\u00fcck\/Monat<\/td>\n<\/tr>\n<\/tbody>\n<\/table>\n<\/div>\n<\/div>","protected":false},"excerpt":{"rendered":"<p>LDPE-Folie, au\u00dfen wei\u00df, innen schwarz, grau oder silber.<\/p>\n<p>Kundenspezifischer Logodruck.<\/p>\n<p>Ma\u00dfgeschneiderte Gr\u00f6\u00dfe und Dicke.<\/p>\n<p>Wasserdicht.<\/p>\n<p>Rei\u00dffestigkeit.<\/p>\n<p>Stark haftender Klebstoff.<\/p>\n<p>Gutes Lager.<\/p>\n<p>Explosionsgesch\u00fctzt.<\/p>","protected":false},"featured_media":889,"comment_status":"open","ping_status":"closed","template":"","meta":{"_seopress_robots_primary_cat":"none"},"product_cat":[26],"product_tag":[],"class_list":["post-882","product","type-product","status-publish","has-post-thumbnail","hentry","product_cat-poly-mailer"],"featured_image_urls":{"full":["https:\/\/www.aespack.com\/wp-content\/uploads\/2022\/12\/DHL\u5feb\u9012\u888b-6.jpg",800,800,false],"thumbnail":["https:\/\/www.aespack.com\/wp-content\/uploads\/2022\/12\/DHL\u5feb\u9012\u888b-6-150x150.jpg",150,150,true],"medium":["https:\/\/www.aespack.com\/wp-content\/uploads\/2022\/12\/DHL\u5feb\u9012\u888b-6-300x300.jpg",300,300,true],"medium_large":["https:\/\/www.aespack.com\/wp-content\/uploads\/2022\/12\/DHL\u5feb\u9012\u888b-6-768x768.jpg",768,768,true],"large":["https:\/\/www.aespack.com\/wp-content\/uploads\/2022\/12\/DHL\u5feb\u9012\u888b-6.jpg",800,800,false],"1536x1536":["https:\/\/www.aespack.com\/wp-content\/uploads\/2022\/12\/DHL\u5feb\u9012\u888b-6.jpg",800,800,false],"2048x2048":["https:\/\/www.aespack.com\/wp-content\/uploads\/2022\/12\/DHL\u5feb\u9012\u888b-6.jpg",800,800,false],"trp-custom-language-flag":["https:\/\/www.aespack.com\/wp-content\/uploads\/2022\/12\/DHL\u5feb\u9012\u888b-6.jpg",12,12,false],"woocommerce_archive_thumbnail":["https:\/\/www.aespack.com\/wp-content\/uploads\/2022\/12\/DHL\u5feb\u9012\u888b-6-300x300.jpg",300,300,true],"woocommerce_thumbnail":["https:\/\/www.aespack.com\/wp-content\/uploads\/2022\/12\/DHL\u5feb\u9012\u888b-6-300x300.jpg",300,300,true],"woocommerce_single":["https:\/\/www.aespack.com\/wp-content\/uploads\/2022\/12\/DHL\u5feb\u9012\u888b-6-600x600.jpg",600,600,true],"woocommerce_gallery_thumbnail":["https:\/\/www.aespack.com\/wp-content\/uploads\/2022\/12\/DHL\u5feb\u9012\u888b-6-100x100.jpg",100,100,true]},"post_excerpt_stackable":"<p>LDPE film,white outside,black or grey or silver inside.<\/p>\n<p>Customized logo printing.<\/p>\n<p>Customized size &amp; thickness.<\/p>\n<p>Water proof.<\/p>\n<p>Tear resistance.<\/p>\n<p>Strong adhesive glue.<\/p>\n<p>Good bearing.<\/p>\n<p>Explosion-proof.<\/p>\n","category_list":"","author_info":{"name":"","url":""},"comments_num":"0 comments","_links":{"self":[{"href":"https:\/\/www.aespack.com\/de\/wp-json\/wp\/v2\/product\/882","targetHints":{"allow":["GET"]}}],"collection":[{"href":"https:\/\/www.aespack.com\/de\/wp-json\/wp\/v2\/product"}],"about":[{"href":"https:\/\/www.aespack.com\/de\/wp-json\/wp\/v2\/types\/product"}],"replies":[{"embeddable":true,"href":"https:\/\/www.aespack.com\/de\/wp-json\/wp\/v2\/comments?post=882"}],"wp:featuredmedia":[{"embeddable":true,"href":"https:\/\/www.aespack.com\/de\/wp-json\/wp\/v2\/media\/889"}],"wp:attachment":[{"href":"https:\/\/www.aespack.com\/de\/wp-json\/wp\/v2\/media?parent=882"}],"wp:term":[{"taxonomy":"product_cat","embeddable":true,"href":"https:\/\/www.aespack.com\/de\/wp-json\/wp\/v2\/product_cat?post=882"},{"taxonomy":"product_tag","embeddable":true,"href":"https:\/\/www.aespack.com\/de\/wp-json\/wp\/v2\/product_tag?post=882"}],"curies":[{"name":"wp","href":"https:\/\/api.w.org\/{rel}","templated":true}]}}