{"id":808,"date":"2025-08-28T16:19:38","date_gmt":"2025-08-28T08:19:38","guid":{"rendered":"https:\/\/www.aespack.com\/?post_type=product&#038;p=808"},"modified":"2025-08-29T11:44:50","modified_gmt":"2025-08-29T03:44:50","slug":"poly-mailer-with-handle","status":"publish","type":"product","link":"https:\/\/www.aespack.com\/de\/produkt\/poly-mailer-with-handle\/","title":{"rendered":"Schwarzer Poly-Mailer mit Griff"},"content":{"rendered":"<div class=\"J_module\">\n<div data-section=\"AliMagic-94vkyf\" data-section-title=\"Specification\"><a href=\"http:\/\/poly-mailer-with-handle\">http:\/\/poly-mailer-with-handle<\/a><\/div>\n<div data-section=\"AliMagic-94vkyf\" data-section-title=\"Specification\"><\/div>\n<div data-section=\"AliMagic-94vkyf\" data-section-title=\"Specification\"><\/div>\n<div id=\"ali-anchor-AliMagic-94vkyf\" class=\"magic-3\" data-section=\"AliMagic-94vkyf\" data-section-title=\"Specification\">Spezifikation<\/div>\n<\/div>\n<div class=\"J_module\">\n<div class=\"ife-detail-decorate-table\">\n<table style=\"height: 448px;\" width=\"746\">\n<tbody>\n<tr>\n<td>Artikel Name<\/td>\n<td>Druck Poly Mailer mit Griff &amp; zwei Kleber<\/td>\n<\/tr>\n<tr>\n<td>Ort der Herkunft<\/td>\n<td>Guangdong, China<\/td>\n<\/tr>\n<tr>\n<td>Material<\/td>\n<td>PO \/ PE \/ MDPE<\/td>\n<\/tr>\n<tr>\n<td>Industrielle Nutzung<\/td>\n<td>Express-Service-Verpackungen<\/td>\n<\/tr>\n<tr>\n<td>Gr\u00f6\u00dfe<\/td>\n<td>Verschiedene Gr\u00f6\u00dfen, kundenspezifisch<\/td>\n<\/tr>\n<tr>\n<td>Handhabung der Oberfl\u00e4che<\/td>\n<td>Offsetdruck<\/td>\n<\/tr>\n<tr>\n<td>Merkmal<\/td>\n<td>Sicherheit,Wasserdicht<\/td>\n<\/tr>\n<tr>\n<td>Dichtung &amp; Griff<\/td>\n<td>Selbstklebende Dichtung<\/td>\n<\/tr>\n<tr>\n<td>Individuelle Bestellung<\/td>\n<td>Annehmbar<\/td>\n<\/tr>\n<tr>\n<td>MOQ<\/td>\n<td>10000St\u00fcck<\/td>\n<\/tr>\n<tr>\n<td>Dicke des Materials<\/td>\n<td>Beliebt sind 50-70 Mikrometer.<\/td>\n<\/tr>\n<tr>\n<td>Farbdruck<\/td>\n<td>Bis zu 8Farben<\/td>\n<\/tr>\n<tr>\n<td>Muster<\/td>\n<td>Kostenlos f\u00fcr Bestandsmuster<\/td>\n<\/tr>\n<tr>\n<td>Vorlaufzeit<\/td>\n<td>10-15 Tage<\/td>\n<\/tr>\n<tr>\n<td>Produktionskapazit\u00e4t<\/td>\n<td>50000000St\u00fcck\/Monat<\/td>\n<\/tr>\n<\/tbody>\n<\/table>\n<\/div>\n<\/div>","protected":false},"excerpt":{"rendered":"<h4 class=\"wt-line-height-tight wt-break-word wt-text-body\" tabindex=\"0\" data-buy-box-listing-title=\"true\">Individuelle Versandtaschen mit Logo, schwarze Poly-Mailer, umweltfreundliches Material.<\/h4>\n<p>LDPE-Folie, vollst\u00e4ndig schwarz.<\/p>\n<p>Kundenspezifischer Logodruck.<\/p>\n<p>Ma\u00dfgeschneiderte Gr\u00f6\u00dfe und Dicke.<\/p>\n<p>Wasserdicht.<\/p>\n<p>Rei\u00dffestigkeit.<\/p>\n<p>Starke Klebrigkeit.<\/p>\n<p>Gutes Lager.<\/p>\n<p>Explosionsgesch\u00fctzt.<\/p>\n<p>&nbsp;<\/p>","protected":false},"featured_media":813,"comment_status":"open","ping_status":"closed","template":"","meta":{"_seopress_robots_primary_cat":"none"},"product_cat":[26],"product_tag":[],"class_list":["post-808","product","type-product","status-publish","has-post-thumbnail","hentry","product_cat-poly-mailer"],"featured_image_urls":{"full":["https:\/\/www.aespack.com\/wp-content\/uploads\/2022\/12\/\u9ed1\u8272PE\u624b\u633d\u5feb\u9012\u888b-3.jpg",1000,1000,false],"thumbnail":["https:\/\/www.aespack.com\/wp-content\/uploads\/2022\/12\/\u9ed1\u8272PE\u624b\u633d\u5feb\u9012\u888b-3-150x150.jpg",150,150,true],"medium":["https:\/\/www.aespack.com\/wp-content\/uploads\/2022\/12\/\u9ed1\u8272PE\u624b\u633d\u5feb\u9012\u888b-3-300x300.jpg",300,300,true],"medium_large":["https:\/\/www.aespack.com\/wp-content\/uploads\/2022\/12\/\u9ed1\u8272PE\u624b\u633d\u5feb\u9012\u888b-3-768x768.jpg",768,768,true],"large":["https:\/\/www.aespack.com\/wp-content\/uploads\/2022\/12\/\u9ed1\u8272PE\u624b\u633d\u5feb\u9012\u888b-3.jpg",1000,1000,false],"1536x1536":["https:\/\/www.aespack.com\/wp-content\/uploads\/2022\/12\/\u9ed1\u8272PE\u624b\u633d\u5feb\u9012\u888b-3.jpg",1000,1000,false],"2048x2048":["https:\/\/www.aespack.com\/wp-content\/uploads\/2022\/12\/\u9ed1\u8272PE\u624b\u633d\u5feb\u9012\u888b-3.jpg",1000,1000,false],"trp-custom-language-flag":["https:\/\/www.aespack.com\/wp-content\/uploads\/2022\/12\/\u9ed1\u8272PE\u624b\u633d\u5feb\u9012\u888b-3.jpg",12,12,false],"woocommerce_archive_thumbnail":["https:\/\/www.aespack.com\/wp-content\/uploads\/2022\/12\/\u9ed1\u8272PE\u624b\u633d\u5feb\u9012\u888b-3-300x300.jpg",300,300,true],"woocommerce_thumbnail":["https:\/\/www.aespack.com\/wp-content\/uploads\/2022\/12\/\u9ed1\u8272PE\u624b\u633d\u5feb\u9012\u888b-3-300x300.jpg",300,300,true],"woocommerce_single":["https:\/\/www.aespack.com\/wp-content\/uploads\/2022\/12\/\u9ed1\u8272PE\u624b\u633d\u5feb\u9012\u888b-3-600x600.jpg",600,600,true],"woocommerce_gallery_thumbnail":["https:\/\/www.aespack.com\/wp-content\/uploads\/2022\/12\/\u9ed1\u8272PE\u624b\u633d\u5feb\u9012\u888b-3-100x100.jpg",100,100,true]},"post_excerpt_stackable":"<h4 class=\"wt-line-height-tight wt-break-word wt-text-body\" tabindex=\"0\" data-buy-box-listing-title=\"true\">Custom shipping bags with logo,black poly mailers,eco-friendly material.<\/h4>\n<p>LDPE film,full black color.<\/p>\n<p>Customized logo printing.<\/p>\n<p>Customized size &amp; thickness.<\/p>\n<p>Water proof.<\/p>\n<p>Tear resistance.<\/p>\n<p>Strong stickiness.<\/p>\n<p>Good bearing.<\/p>\n<p>Explosion-proof.<\/p>\n<p>&nbsp;<\/p>\n","category_list":"","author_info":{"name":"","url":""},"comments_num":"0 comments","_links":{"self":[{"href":"https:\/\/www.aespack.com\/de\/wp-json\/wp\/v2\/product\/808","targetHints":{"allow":["GET"]}}],"collection":[{"href":"https:\/\/www.aespack.com\/de\/wp-json\/wp\/v2\/product"}],"about":[{"href":"https:\/\/www.aespack.com\/de\/wp-json\/wp\/v2\/types\/product"}],"replies":[{"embeddable":true,"href":"https:\/\/www.aespack.com\/de\/wp-json\/wp\/v2\/comments?post=808"}],"wp:featuredmedia":[{"embeddable":true,"href":"https:\/\/www.aespack.com\/de\/wp-json\/wp\/v2\/media\/813"}],"wp:attachment":[{"href":"https:\/\/www.aespack.com\/de\/wp-json\/wp\/v2\/media?parent=808"}],"wp:term":[{"taxonomy":"product_cat","embeddable":true,"href":"https:\/\/www.aespack.com\/de\/wp-json\/wp\/v2\/product_cat?post=808"},{"taxonomy":"product_tag","embeddable":true,"href":"https:\/\/www.aespack.com\/de\/wp-json\/wp\/v2\/product_tag?post=808"}],"curies":[{"name":"wp","href":"https:\/\/api.w.org\/{rel}","templated":true}]}}