{"id":587,"date":"2025-08-28T11:21:15","date_gmt":"2025-08-28T03:21:15","guid":{"rendered":"https:\/\/demo.creativethemes.com\/blocksy\/homi\/?post_type=product&#038;p=587"},"modified":"2025-08-29T14:49:18","modified_gmt":"2025-08-29T06:49:18","slug":"factory-supply-wholesale-custom-paper-waterproof-self-adhesive-packing-list-enclosed-envelope","status":"publish","type":"product","link":"https:\/\/www.aespack.com\/de\/produkt\/factory-supply-wholesale-custom-paper-waterproof-self-adhesive-packing-list-enclosed-envelope\/","title":{"rendered":"Werksversorgung! ! Gro\u00dfhandel benutzerdefinierte Papier wasserdicht selbstklebende Packliste eingeschlossen Umschlag"},"content":{"rendered":"<p>Papier-Verpackung-Liste-Umschlag<\/p>\n<p>OEM&amp;ODM ist verf\u00fcgbar<\/p>\n<p>Kundenspezifischer Druck&amp;Gr\u00f6\u00dfe<\/p>\n<p>Gute Qualit\u00e4t Papiermaterial und Trennpapier<\/p>\n<p>Produktionskapazit\u00e4t 2000000 St\u00fcck pro Monat<\/p>\n<p>Kostenlose Vorratsmuster oder 7 Tage f\u00fcr die Musterproduktion<\/p>\n<p>20-25 Tage f\u00fcr maximale Produktion<\/p>\n<p>EURO-STANDARDGR\u00d6SSE:<\/p>\n<p>C7 Au\u00dfengr\u00f6\u00dfe: 123*110mm-1000Stk\/Karton<\/p>\n<p>C6 Au\u00dfengr\u00f6\u00dfe: 175*132mm-1000Stk\/Karton<\/p>\n<p>C5 Au\u00dfengr\u00f6\u00dfe: 235*175mm-1000Stk\/Karton<\/p>\n<p>C4 Au\u00dfengr\u00f6\u00dfe: 322*235mm-500St\u00fcck\/Karton<\/p>\n<p>C3 \u00c4u\u00dfere Gr\u00f6\u00dfe: 235*132mm-1000Stk\/Karton<\/p>\n<p>AMERIKA STANDARDGR\u00d6SSE:<\/p>\n<p>\u00c4u\u00dfere Gr\u00f6\u00dfe: 4,5*5,5 Zoll-1000St\u00fcck\/Karton<\/p>\n<p>\u00c4u\u00dfere Gr\u00f6\u00dfe: 4,5*6 Zoll--1000St\u00fcck\/Karton<\/p>\n<p>\u00c4u\u00dfere Gr\u00f6\u00dfe: 7*5,5 Zoll--1000St\u00fcck\/Karton<\/p>\n<p>\u00c4u\u00dfere Gr\u00f6\u00dfe: 5,5*10 Zoll--1000St\u00fcck\/Karton<\/p>\n<p>\u00c4u\u00dfere Gr\u00f6\u00dfe: 6,5*10 Zoll--1000St\u00fcck\/Karton<\/p>\n<p>\u00c4u\u00dfere Gr\u00f6\u00dfe: 10*7 Zoll---1000 St\u00fcck\/Karton<\/p>\n<p>\u00c4u\u00dfere Gr\u00f6\u00dfe: 10,75*6,75 Zoll-500St\u00fcck\/Karton<\/p>\n<p>\u00c4u\u00dfere Gr\u00f6\u00dfe: 9,5*12,5 Zoll - 500 St\u00fcck\/Karton<\/p>","protected":false},"excerpt":{"rendered":"<p>Papierbasiert und\u00a0<span id=\"isPasted\">biologisch abbaubar.<\/span><\/p>\n<p>Sorgen Sie daf\u00fcr, dass Ihre Dokumente zusammen mit Ihren Waren sicher ankommen.<\/p>\n<p>Starker Schmelzkleber auf der R\u00fcckseite.<\/p>\n<p>Wird als Tasche verwendet, um die Rechnung und den Papierkram w\u00e4hrend der Lieferung sicher aufzubewahren.<\/p>\n<p>Haftet gut auf Papier, Karton, Kunststoff, Holz und Metall<\/p>\n<p>&nbsp;<\/p>","protected":false},"featured_media":738,"comment_status":"open","ping_status":"closed","template":"","meta":{"_seopress_robots_primary_cat":"none"},"product_cat":[24],"product_tag":[],"class_list":["post-587","product","type-product","status-publish","has-post-thumbnail","hentry","product_cat-packing-list-envelope"],"featured_image_urls":{"full":["https:\/\/www.aespack.com\/wp-content\/uploads\/2021\/04\/\u7eb8\u80cc\u80f6\u888b-1.jpg",800,800,false],"thumbnail":["https:\/\/www.aespack.com\/wp-content\/uploads\/2021\/04\/\u7eb8\u80cc\u80f6\u888b-1-150x150.jpg",150,150,true],"medium":["https:\/\/www.aespack.com\/wp-content\/uploads\/2021\/04\/\u7eb8\u80cc\u80f6\u888b-1-300x300.jpg",300,300,true],"medium_large":["https:\/\/www.aespack.com\/wp-content\/uploads\/2021\/04\/\u7eb8\u80cc\u80f6\u888b-1-768x768.jpg",768,768,true],"large":["https:\/\/www.aespack.com\/wp-content\/uploads\/2021\/04\/\u7eb8\u80cc\u80f6\u888b-1.jpg",800,800,false],"1536x1536":["https:\/\/www.aespack.com\/wp-content\/uploads\/2021\/04\/\u7eb8\u80cc\u80f6\u888b-1.jpg",800,800,false],"2048x2048":["https:\/\/www.aespack.com\/wp-content\/uploads\/2021\/04\/\u7eb8\u80cc\u80f6\u888b-1.jpg",800,800,false],"trp-custom-language-flag":["https:\/\/www.aespack.com\/wp-content\/uploads\/2021\/04\/\u7eb8\u80cc\u80f6\u888b-1.jpg",12,12,false],"woocommerce_archive_thumbnail":["https:\/\/www.aespack.com\/wp-content\/uploads\/2021\/04\/\u7eb8\u80cc\u80f6\u888b-1-300x300.jpg",300,300,true],"woocommerce_thumbnail":["https:\/\/www.aespack.com\/wp-content\/uploads\/2021\/04\/\u7eb8\u80cc\u80f6\u888b-1-300x300.jpg",300,300,true],"woocommerce_single":["https:\/\/www.aespack.com\/wp-content\/uploads\/2021\/04\/\u7eb8\u80cc\u80f6\u888b-1-600x600.jpg",600,600,true],"woocommerce_gallery_thumbnail":["https:\/\/www.aespack.com\/wp-content\/uploads\/2021\/04\/\u7eb8\u80cc\u80f6\u888b-1-100x100.jpg",100,100,true]},"post_excerpt_stackable":"<p>Paper based and\u00a0<span id=\"isPasted\">biodegradable.<\/span><\/p>\n<p>Ensure Safe arrival of your documents with your goods.<\/p>\n<p>Strong hot melt adhesive backing.<\/p>\n<p>Used as a pouch to keep the invoice and paperwork secure during delivery.<\/p>\n<p>Adheres well to paper, cardboard, plastic, wood and metal<\/p>\n<p>&nbsp;<\/p>\n","category_list":"","author_info":{"name":"","url":""},"comments_num":"0 comments","_links":{"self":[{"href":"https:\/\/www.aespack.com\/de\/wp-json\/wp\/v2\/product\/587","targetHints":{"allow":["GET"]}}],"collection":[{"href":"https:\/\/www.aespack.com\/de\/wp-json\/wp\/v2\/product"}],"about":[{"href":"https:\/\/www.aespack.com\/de\/wp-json\/wp\/v2\/types\/product"}],"replies":[{"embeddable":true,"href":"https:\/\/www.aespack.com\/de\/wp-json\/wp\/v2\/comments?post=587"}],"wp:featuredmedia":[{"embeddable":true,"href":"https:\/\/www.aespack.com\/de\/wp-json\/wp\/v2\/media\/738"}],"wp:attachment":[{"href":"https:\/\/www.aespack.com\/de\/wp-json\/wp\/v2\/media?parent=587"}],"wp:term":[{"taxonomy":"product_cat","embeddable":true,"href":"https:\/\/www.aespack.com\/de\/wp-json\/wp\/v2\/product_cat?post=587"},{"taxonomy":"product_tag","embeddable":true,"href":"https:\/\/www.aespack.com\/de\/wp-json\/wp\/v2\/product_tag?post=587"}],"curies":[{"name":"wp","href":"https:\/\/api.w.org\/{rel}","templated":true}]}}