{"id":579,"date":"2025-08-28T21:13:24","date_gmt":"2025-08-28T13:13:24","guid":{"rendered":"https:\/\/demo.creativethemes.com\/blocksy\/homi\/?post_type=product&#038;p=579"},"modified":"2025-08-29T14:40:27","modified_gmt":"2025-08-29T06:40:27","slug":"custom-logo-printing-packing-list-envelope","status":"publish","type":"product","link":"https:\/\/www.aespack.com\/de\/produkt\/custom-logo-printing-packing-list-envelope\/","title":{"rendered":"Benutzerdefinierte LOGO Druck Packliste Umschlag"},"content":{"rendered":"<p>LOGO Druck Packliste Umschlag<\/p>\n<p>OEM&amp;ODM ist verf\u00fcgbar<\/p>\n<p>Kundenspezifischer Druck&amp;Gr\u00f6\u00dfe<\/p>\n<p>PE&amp;PP-Material und Trennpapier von guter Qualit\u00e4t<\/p>\n<p>Produktionskapazit\u00e4t 40000000 St\u00fcck pro Monat<\/p>\n<p>Kostenlose Vorratsmuster oder 7 Tage f\u00fcr die Musterproduktion<\/p>\n<p>12-20 Tage f\u00fcr maximale Produktion<\/p>\n<p><strong>EURO-STANDARDGR\u00d6SSE:<\/strong><\/p>\n<p>C7 Au\u00dfengr\u00f6\u00dfe: 123*110mm-1000Stk\/Karton<\/p>\n<p>C6 Au\u00dfengr\u00f6\u00dfe: 175*132mm-1000Stk\/Karton<\/p>\n<p>C5 Au\u00dfengr\u00f6\u00dfe: 235*175mm-1000Stk\/Karton<\/p>\n<p>C4 Au\u00dfengr\u00f6\u00dfe: 322*235mm-500St\u00fcck\/Karton<\/p>\n<p>C3 \u00c4u\u00dfere Gr\u00f6\u00dfe: 235*132mm-1000Stk\/Karton<\/p>\n<p><strong>AMERIKA STANDARDGR\u00d6SSE:<\/strong><\/p>\n<p>\u00c4u\u00dfere Gr\u00f6\u00dfe: 4,5*5,5 Zoll-1000St\u00fcck\/Karton<\/p>\n<p>\u00c4u\u00dfere Gr\u00f6\u00dfe: 4,5*6 Zoll--1000St\u00fcck\/Karton<\/p>\n<p>\u00c4u\u00dfere Gr\u00f6\u00dfe: 7*5,5 Zoll--1000St\u00fcck\/Karton<\/p>\n<p>\u00c4u\u00dfere Gr\u00f6\u00dfe: 5,5*10 Zoll--1000St\u00fcck\/Karton<\/p>\n<p>\u00c4u\u00dfere Gr\u00f6\u00dfe: 6,5*10 Zoll--1000St\u00fcck\/Karton<\/p>\n<p>\u00c4u\u00dfere Gr\u00f6\u00dfe: 10*7 Zoll---1000St\u00fcck\/Karton<\/p>\n<p>\u00c4u\u00dfere Gr\u00f6\u00dfe: 10,75*6,75 Zoll-500St\u00fcck\/Karton<\/p>\n<p>\u00c4u\u00dfere Gr\u00f6\u00dfe: 9,5*12,5 Zoll - 500 St\u00fcck\/Karton<\/p>","protected":false},"excerpt":{"rendered":"<p>Mit unseren selbstklebenden Umschl\u00e4gen k\u00f6nnen Sie Verpackungslisten und Rechnungen schnell und einfach an Ihrer Sendung befestigen.<\/p>\n<p>R\u00fcckseitig geladen und aus strapazierf\u00e4higer 2 mil (oder kundenspezifischer Dicke) PE- oder PP-Folie hergestellt. 41gsm oder 65gsm Trennpapier.<\/p>\n<p>Wasserdicht<\/p>\n<p>Stark haftender Leim<\/p>\n<p>&nbsp;<\/p>","protected":false},"featured_media":689,"comment_status":"open","ping_status":"closed","template":"","meta":{"_seopress_robots_primary_cat":"none"},"product_cat":[24],"product_tag":[25],"class_list":["post-579","product","type-product","status-publish","has-post-thumbnail","hentry","product_cat-packing-list-envelope","product_tag-packing-list-envelope"],"featured_image_urls":{"full":["https:\/\/www.aespack.com\/wp-content\/uploads\/2022\/11\/AES-19-2.jpg",800,800,false],"thumbnail":["https:\/\/www.aespack.com\/wp-content\/uploads\/2022\/11\/AES-19-2-150x150.jpg",150,150,true],"medium":["https:\/\/www.aespack.com\/wp-content\/uploads\/2022\/11\/AES-19-2-300x300.jpg",300,300,true],"medium_large":["https:\/\/www.aespack.com\/wp-content\/uploads\/2022\/11\/AES-19-2-768x768.jpg",768,768,true],"large":["https:\/\/www.aespack.com\/wp-content\/uploads\/2022\/11\/AES-19-2.jpg",800,800,false],"1536x1536":["https:\/\/www.aespack.com\/wp-content\/uploads\/2022\/11\/AES-19-2.jpg",800,800,false],"2048x2048":["https:\/\/www.aespack.com\/wp-content\/uploads\/2022\/11\/AES-19-2.jpg",800,800,false],"trp-custom-language-flag":["https:\/\/www.aespack.com\/wp-content\/uploads\/2022\/11\/AES-19-2.jpg",12,12,false],"woocommerce_archive_thumbnail":["https:\/\/www.aespack.com\/wp-content\/uploads\/2022\/11\/AES-19-2-300x300.jpg",300,300,true],"woocommerce_thumbnail":["https:\/\/www.aespack.com\/wp-content\/uploads\/2022\/11\/AES-19-2-300x300.jpg",300,300,true],"woocommerce_single":["https:\/\/www.aespack.com\/wp-content\/uploads\/2022\/11\/AES-19-2-600x600.jpg",600,600,true],"woocommerce_gallery_thumbnail":["https:\/\/www.aespack.com\/wp-content\/uploads\/2022\/11\/AES-19-2-100x100.jpg",100,100,true]},"post_excerpt_stackable":"<p>Quickly and easily attach packaging lists and invoices to your shipment with Our Pressure-Sensitive Envelopes.<\/p>\n<p>Back-loaded and are constructed of heavy-duty 2 mil(or custom thickness) PE or PP film. 41gsm or 65gsm release paper.<\/p>\n<p>Water proof<\/p>\n<p>Strong adhesive glue<\/p>\n<p>&nbsp;<\/p>\n","category_list":"","author_info":{"name":"","url":""},"comments_num":"0 comments","_links":{"self":[{"href":"https:\/\/www.aespack.com\/de\/wp-json\/wp\/v2\/product\/579","targetHints":{"allow":["GET"]}}],"collection":[{"href":"https:\/\/www.aespack.com\/de\/wp-json\/wp\/v2\/product"}],"about":[{"href":"https:\/\/www.aespack.com\/de\/wp-json\/wp\/v2\/types\/product"}],"replies":[{"embeddable":true,"href":"https:\/\/www.aespack.com\/de\/wp-json\/wp\/v2\/comments?post=579"}],"wp:featuredmedia":[{"embeddable":true,"href":"https:\/\/www.aespack.com\/de\/wp-json\/wp\/v2\/media\/689"}],"wp:attachment":[{"href":"https:\/\/www.aespack.com\/de\/wp-json\/wp\/v2\/media?parent=579"}],"wp:term":[{"taxonomy":"product_cat","embeddable":true,"href":"https:\/\/www.aespack.com\/de\/wp-json\/wp\/v2\/product_cat?post=579"},{"taxonomy":"product_tag","embeddable":true,"href":"https:\/\/www.aespack.com\/de\/wp-json\/wp\/v2\/product_tag?post=579"}],"curies":[{"name":"wp","href":"https:\/\/api.w.org\/{rel}","templated":true}]}}