{"id":287,"date":"2025-08-28T16:45:34","date_gmt":"2025-08-28T08:45:34","guid":{"rendered":"https:\/\/demo.creativethemes.com\/blocksy\/homi\/?post_type=product&#038;p=287"},"modified":"2025-08-29T10:40:51","modified_gmt":"2025-08-29T02:40:51","slug":"zipper-packing-list-envelope","status":"publish","type":"product","link":"https:\/\/www.aespack.com\/de\/produkt\/zipper-packing-list-envelope\/","title":{"rendered":"Packlistenumschlag mit Rei\u00dfverschluss"},"content":{"rendered":"<p style=\"box-sizing: border-box; padding: 0px; border: none; line-height: inherit; width: var(--default-editor, var(--block-width)); max-width: var(--default-editor, var(--block-max-width)); color: #3f4245; font-family: -apple-system, BlinkMacSystemFont, 'Segoe UI', Roboto, Helvetica, Arial, sans-serif, 'Apple Color Emoji', 'Segoe UI Emoji', 'Segoe UI Symbol'; margin: 0px var(--default-editor, auto) var(--content-spacing) var(--default-editor, auto);\"><a href=\"http:\/\/Zipper packing list envelope\">http:\/\/Zipper packing list envelope<\/a><\/p>\n<p>&nbsp;<\/p>\n<p style=\"box-sizing: border-box; padding: 0px; border: none; line-height: inherit; width: var(--default-editor, var(--block-width)); max-width: var(--default-editor, var(--block-max-width)); color: #3f4245; font-family: -apple-system, BlinkMacSystemFont, 'Segoe UI', Roboto, Helvetica, Arial, sans-serif, 'Apple Color Emoji', 'Segoe UI Emoji', 'Segoe UI Symbol'; margin: 0px var(--default-editor, auto) var(--content-spacing) var(--default-editor, auto);\">OEM&amp;ODM ist verf\u00fcgbar<\/p>\n<p style=\"box-sizing: border-box; padding: 0px; border: none; line-height: inherit; width: var(--default-editor, var(--block-width)); max-width: var(--default-editor, var(--block-max-width)); color: #3f4245; font-family: -apple-system, BlinkMacSystemFont, 'Segoe UI', Roboto, Helvetica, Arial, sans-serif, 'Apple Color Emoji', 'Segoe UI Emoji', 'Segoe UI Symbol'; margin: 0px var(--default-editor, auto) var(--content-spacing) var(--default-editor, auto);\">Kundenspezifischer Druck&amp;Gr\u00f6\u00dfe<\/p>\n<p style=\"box-sizing: border-box; padding: 0px; border: none; line-height: inherit; width: var(--default-editor, var(--block-width)); max-width: var(--default-editor, var(--block-max-width)); color: #3f4245; font-family: -apple-system, BlinkMacSystemFont, 'Segoe UI', Roboto, Helvetica, Arial, sans-serif, 'Apple Color Emoji', 'Segoe UI Emoji', 'Segoe UI Symbol'; margin: 0px var(--default-editor, auto) var(--content-spacing) var(--default-editor, auto);\">PE&amp;PP-Material und Trennpapier von guter Qualit\u00e4t<\/p>\n<p style=\"box-sizing: border-box; padding: 0px; border: none; line-height: inherit; width: var(--default-editor, var(--block-width)); max-width: var(--default-editor, var(--block-max-width)); color: #3f4245; font-family: -apple-system, BlinkMacSystemFont, 'Segoe UI', Roboto, Helvetica, Arial, sans-serif, 'Apple Color Emoji', 'Segoe UI Emoji', 'Segoe UI Symbol'; margin: 0px var(--default-editor, auto) var(--content-spacing) var(--default-editor, auto);\">Produktionskapazit\u00e4t 40000000 St\u00fcck pro Monat<\/p>\n<p style=\"box-sizing: border-box; padding: 0px; border: none; line-height: inherit; width: var(--default-editor, var(--block-width)); max-width: var(--default-editor, var(--block-max-width)); color: #3f4245; font-family: -apple-system, BlinkMacSystemFont, 'Segoe UI', Roboto, Helvetica, Arial, sans-serif, 'Apple Color Emoji', 'Segoe UI Emoji', 'Segoe UI Symbol'; margin: 0px var(--default-editor, auto) var(--content-spacing) var(--default-editor, auto);\">Kostenlose Vorratsmuster oder 7 Tage f\u00fcr die Musterproduktion<\/p>\n<p style=\"box-sizing: border-box; padding: 0px; border: none; line-height: inherit; width: var(--default-editor, var(--block-width)); max-width: var(--default-editor, var(--block-max-width)); color: #3f4245; font-family: -apple-system, BlinkMacSystemFont, 'Segoe UI', Roboto, Helvetica, Arial, sans-serif, 'Apple Color Emoji', 'Segoe UI Emoji', 'Segoe UI Symbol'; margin: 0px var(--default-editor, auto) var(--content-spacing) var(--default-editor, auto);\">12-20 Tage f\u00fcr maximale Produktion<\/p>\n<p style=\"box-sizing: border-box; padding: 0px; border: none; line-height: inherit; width: var(--default-editor, var(--block-width)); max-width: var(--default-editor, var(--block-max-width)); color: #3f4245; font-family: -apple-system, BlinkMacSystemFont, 'Segoe UI', Roboto, Helvetica, Arial, sans-serif, 'Apple Color Emoji', 'Segoe UI Emoji', 'Segoe UI Symbol'; margin: 0px var(--default-editor, auto) var(--content-spacing) var(--default-editor, auto);\">EURO-STANDARDGR\u00d6SSE:<\/p>\n<p style=\"box-sizing: border-box; padding: 0px; border: none; line-height: inherit; width: var(--default-editor, var(--block-width)); max-width: var(--default-editor, var(--block-max-width)); color: #3f4245; font-family: -apple-system, BlinkMacSystemFont, 'Segoe UI', Roboto, Helvetica, Arial, sans-serif, 'Apple Color Emoji', 'Segoe UI Emoji', 'Segoe UI Symbol'; margin: 0px var(--default-editor, auto) var(--content-spacing) var(--default-editor, auto);\">C7 Au\u00dfengr\u00f6\u00dfe: 123*110mm-1000Stk\/Karton<\/p>\n<p style=\"box-sizing: border-box; padding: 0px; border: none; line-height: inherit; width: var(--default-editor, var(--block-width)); max-width: var(--default-editor, var(--block-max-width)); color: #3f4245; font-family: -apple-system, BlinkMacSystemFont, 'Segoe UI', Roboto, Helvetica, Arial, sans-serif, 'Apple Color Emoji', 'Segoe UI Emoji', 'Segoe UI Symbol'; margin: 0px var(--default-editor, auto) var(--content-spacing) var(--default-editor, auto);\">C6 Au\u00dfengr\u00f6\u00dfe: 175*132mm-1000Stk\/Karton<\/p>\n<p style=\"box-sizing: border-box; padding: 0px; border: none; line-height: inherit; width: var(--default-editor, var(--block-width)); max-width: var(--default-editor, var(--block-max-width)); color: #3f4245; font-family: -apple-system, BlinkMacSystemFont, 'Segoe UI', Roboto, Helvetica, Arial, sans-serif, 'Apple Color Emoji', 'Segoe UI Emoji', 'Segoe UI Symbol'; margin: 0px var(--default-editor, auto) var(--content-spacing) var(--default-editor, auto);\">C5 Au\u00dfengr\u00f6\u00dfe: 235*175mm-1000Stk\/Karton<\/p>\n<p style=\"box-sizing: border-box; padding: 0px; border: none; line-height: inherit; width: var(--default-editor, var(--block-width)); max-width: var(--default-editor, var(--block-max-width)); color: #3f4245; font-family: -apple-system, BlinkMacSystemFont, 'Segoe UI', Roboto, Helvetica, Arial, sans-serif, 'Apple Color Emoji', 'Segoe UI Emoji', 'Segoe UI Symbol'; margin: 0px var(--default-editor, auto) var(--content-spacing) var(--default-editor, auto);\">C4 Au\u00dfengr\u00f6\u00dfe: 322*235mm-500St\u00fcck\/Karton<\/p>\n<p style=\"box-sizing: border-box; padding: 0px; border: none; line-height: inherit; width: var(--default-editor, var(--block-width)); max-width: var(--default-editor, var(--block-max-width)); color: #3f4245; font-family: -apple-system, BlinkMacSystemFont, 'Segoe UI', Roboto, Helvetica, Arial, sans-serif, 'Apple Color Emoji', 'Segoe UI Emoji', 'Segoe UI Symbol'; margin: 0px var(--default-editor, auto) var(--content-spacing) var(--default-editor, auto);\">C3 \u00c4u\u00dfere Gr\u00f6\u00dfe: 235*132mm-1000Stk\/Karton<\/p>\n<p style=\"box-sizing: border-box; padding: 0px; border: none; line-height: inherit; width: var(--default-editor, var(--block-width)); max-width: var(--default-editor, var(--block-max-width)); color: #3f4245; font-family: -apple-system, BlinkMacSystemFont, 'Segoe UI', Roboto, Helvetica, Arial, sans-serif, 'Apple Color Emoji', 'Segoe UI Emoji', 'Segoe UI Symbol'; margin: 0px var(--default-editor, auto) var(--content-spacing) var(--default-editor, auto);\">AMERIKA STANDARDGR\u00d6SSE:<\/p>\n<p style=\"box-sizing: border-box; padding: 0px; border: none; line-height: inherit; width: var(--default-editor, var(--block-width)); max-width: var(--default-editor, var(--block-max-width)); color: #3f4245; font-family: -apple-system, BlinkMacSystemFont, 'Segoe UI', Roboto, Helvetica, Arial, sans-serif, 'Apple Color Emoji', 'Segoe UI Emoji', 'Segoe UI Symbol'; margin: 0px var(--default-editor, auto) var(--content-spacing) var(--default-editor, auto);\">\u00c4u\u00dfere Gr\u00f6\u00dfe: 4,5*5,5 Zoll-1000St\u00fcck\/Karton<\/p>\n<p style=\"box-sizing: border-box; padding: 0px; border: none; line-height: inherit; width: var(--default-editor, var(--block-width)); max-width: var(--default-editor, var(--block-max-width)); color: #3f4245; font-family: -apple-system, BlinkMacSystemFont, 'Segoe UI', Roboto, Helvetica, Arial, sans-serif, 'Apple Color Emoji', 'Segoe UI Emoji', 'Segoe UI Symbol'; margin: 0px var(--default-editor, auto) var(--content-spacing) var(--default-editor, auto);\">\u00c4u\u00dfere Gr\u00f6\u00dfe: 4,5*6 Zoll--1000St\u00fcck\/Karton<\/p>\n<p style=\"box-sizing: border-box; padding: 0px; border: none; line-height: inherit; width: var(--default-editor, var(--block-width)); max-width: var(--default-editor, var(--block-max-width)); color: #3f4245; font-family: -apple-system, BlinkMacSystemFont, 'Segoe UI', Roboto, Helvetica, Arial, sans-serif, 'Apple Color Emoji', 'Segoe UI Emoji', 'Segoe UI Symbol'; margin: 0px var(--default-editor, auto) var(--content-spacing) var(--default-editor, auto);\">\u00c4u\u00dfere Gr\u00f6\u00dfe: 7*5,5 Zoll--1000St\u00fcck\/Karton<\/p>\n<p style=\"box-sizing: border-box; padding: 0px; border: none; line-height: inherit; width: var(--default-editor, var(--block-width)); max-width: var(--default-editor, var(--block-max-width)); color: #3f4245; font-family: -apple-system, BlinkMacSystemFont, 'Segoe UI', Roboto, Helvetica, Arial, sans-serif, 'Apple Color Emoji', 'Segoe UI Emoji', 'Segoe UI Symbol'; margin: 0px var(--default-editor, auto) var(--content-spacing) var(--default-editor, auto);\">\u00c4u\u00dfere Gr\u00f6\u00dfe: 5,5*10 Zoll--1000St\u00fcck\/Karton<\/p>\n<p style=\"box-sizing: border-box; padding: 0px; border: none; line-height: inherit; width: var(--default-editor, var(--block-width)); max-width: var(--default-editor, var(--block-max-width)); color: #3f4245; font-family: -apple-system, BlinkMacSystemFont, 'Segoe UI', Roboto, Helvetica, Arial, sans-serif, 'Apple Color Emoji', 'Segoe UI Emoji', 'Segoe UI Symbol'; margin: 0px var(--default-editor, auto) var(--content-spacing) var(--default-editor, auto);\">\u00c4u\u00dfere Gr\u00f6\u00dfe: 6,5*10 Zoll--1000St\u00fcck\/Karton<\/p>\n<p style=\"box-sizing: border-box; padding: 0px; border: none; line-height: inherit; width: var(--default-editor, var(--block-width)); max-width: var(--default-editor, var(--block-max-width)); color: #3f4245; font-family: -apple-system, BlinkMacSystemFont, 'Segoe UI', Roboto, Helvetica, Arial, sans-serif, 'Apple Color Emoji', 'Segoe UI Emoji', 'Segoe UI Symbol'; margin: 0px var(--default-editor, auto) var(--content-spacing) var(--default-editor, auto);\">\u00c4u\u00dfere Gr\u00f6\u00dfe: 10*7 Zoll---1000 St\u00fcck\/Karton<\/p>\n<p style=\"box-sizing: border-box; padding: 0px; border: none; line-height: inherit; width: var(--default-editor, var(--block-width)); max-width: var(--default-editor, var(--block-max-width)); color: #3f4245; font-family: -apple-system, BlinkMacSystemFont, 'Segoe UI', Roboto, Helvetica, Arial, sans-serif, 'Apple Color Emoji', 'Segoe UI Emoji', 'Segoe UI Symbol'; margin: 0px var(--default-editor, auto) var(--content-spacing) var(--default-editor, auto);\">\u00c4u\u00dfere Gr\u00f6\u00dfe: 10,75*6,75 Zoll-500St\u00fcck\/Karton<\/p>\n<p style=\"box-sizing: border-box; padding: 0px; border: none; line-height: inherit; width: var(--default-editor, var(--block-width)); max-width: var(--default-editor, var(--block-max-width)); color: #3f4245; font-family: -apple-system, BlinkMacSystemFont, 'Segoe UI', Roboto, Helvetica, Arial, sans-serif, 'Apple Color Emoji', 'Segoe UI Emoji', 'Segoe UI Symbol'; margin: 0px var(--default-editor, auto) 0px var(--default-editor, auto);\">\u00c4u\u00dfere Gr\u00f6\u00dfe: 9,5*12,5 Zoll - 500 St\u00fcck\/Karton<\/p>","protected":false},"excerpt":{"rendered":"<p>Wasserdicht<\/p>\n<p>Klebriger Leim<\/p>\n<p>Leicht abl\u00f6sbares Papier<\/p>\n<p>Rei\u00dfverschluss wieder \u00f6ffnen<\/p>","protected":false},"featured_media":771,"comment_status":"open","ping_status":"closed","template":"","meta":{"_seopress_robots_primary_cat":"none"},"product_cat":[24],"product_tag":[],"class_list":["post-287","product","type-product","status-publish","has-post-thumbnail","hentry","product_cat-packing-list-envelope"],"featured_image_urls":{"full":["https:\/\/www.aespack.com\/wp-content\/uploads\/2021\/04\/AES-4-3-3.jpg",800,800,false],"thumbnail":["https:\/\/www.aespack.com\/wp-content\/uploads\/2021\/04\/AES-4-3-3-150x150.jpg",150,150,true],"medium":["https:\/\/www.aespack.com\/wp-content\/uploads\/2021\/04\/AES-4-3-3-300x300.jpg",300,300,true],"medium_large":["https:\/\/www.aespack.com\/wp-content\/uploads\/2021\/04\/AES-4-3-3-768x768.jpg",768,768,true],"large":["https:\/\/www.aespack.com\/wp-content\/uploads\/2021\/04\/AES-4-3-3.jpg",800,800,false],"1536x1536":["https:\/\/www.aespack.com\/wp-content\/uploads\/2021\/04\/AES-4-3-3.jpg",800,800,false],"2048x2048":["https:\/\/www.aespack.com\/wp-content\/uploads\/2021\/04\/AES-4-3-3.jpg",800,800,false],"trp-custom-language-flag":["https:\/\/www.aespack.com\/wp-content\/uploads\/2021\/04\/AES-4-3-3.jpg",12,12,false],"woocommerce_archive_thumbnail":["https:\/\/www.aespack.com\/wp-content\/uploads\/2021\/04\/AES-4-3-3-300x300.jpg",300,300,true],"woocommerce_thumbnail":["https:\/\/www.aespack.com\/wp-content\/uploads\/2021\/04\/AES-4-3-3-300x300.jpg",300,300,true],"woocommerce_single":["https:\/\/www.aespack.com\/wp-content\/uploads\/2021\/04\/AES-4-3-3-600x600.jpg",600,600,true],"woocommerce_gallery_thumbnail":["https:\/\/www.aespack.com\/wp-content\/uploads\/2021\/04\/AES-4-3-3-100x100.jpg",100,100,true]},"post_excerpt_stackable":"<p>Water proof<\/p>\n<p>Sticky adhesive glue<\/p>\n<p>Easy peel release paper<\/p>\n<p>Reopen zipper lock<\/p>\n","category_list":"","author_info":{"name":"","url":""},"comments_num":"0 comments","_links":{"self":[{"href":"https:\/\/www.aespack.com\/de\/wp-json\/wp\/v2\/product\/287","targetHints":{"allow":["GET"]}}],"collection":[{"href":"https:\/\/www.aespack.com\/de\/wp-json\/wp\/v2\/product"}],"about":[{"href":"https:\/\/www.aespack.com\/de\/wp-json\/wp\/v2\/types\/product"}],"replies":[{"embeddable":true,"href":"https:\/\/www.aespack.com\/de\/wp-json\/wp\/v2\/comments?post=287"}],"wp:featuredmedia":[{"embeddable":true,"href":"https:\/\/www.aespack.com\/de\/wp-json\/wp\/v2\/media\/771"}],"wp:attachment":[{"href":"https:\/\/www.aespack.com\/de\/wp-json\/wp\/v2\/media?parent=287"}],"wp:term":[{"taxonomy":"product_cat","embeddable":true,"href":"https:\/\/www.aespack.com\/de\/wp-json\/wp\/v2\/product_cat?post=287"},{"taxonomy":"product_tag","embeddable":true,"href":"https:\/\/www.aespack.com\/de\/wp-json\/wp\/v2\/product_tag?post=287"}],"curies":[{"name":"wp","href":"https:\/\/api.w.org\/{rel}","templated":true}]}}