{"id":283,"date":"2025-08-28T17:42:18","date_gmt":"2025-08-28T09:42:18","guid":{"rendered":"https:\/\/demo.creativethemes.com\/blocksy\/homi\/?post_type=product&#038;p=283"},"modified":"2025-08-29T10:29:05","modified_gmt":"2025-08-29T02:29:05","slug":"ems-packing-list-envelope","status":"publish","type":"product","link":"https:\/\/www.aespack.com\/de\/produkt\/ems-packing-list-envelope\/","title":{"rendered":"Umschlag mit EMS-Packliste"},"content":{"rendered":"<p><a href=\"http:\/\/EMS packing list envelope\">http:\/\/EMS packing list envelope<\/a><\/p>\n<p>EMS Packliste Umschlag, OEM&amp;ODM ist verf\u00fcgbar<\/p>\n<p>Kundenspezifischer Druck&amp;Gr\u00f6\u00dfe<\/p>\n<p>PE&amp;PP-Material und Trennpapier von guter Qualit\u00e4t<\/p>\n<p>Produktionskapazit\u00e4t 40000000 St\u00fcck pro Monat<\/p>\n<p>Kostenlose Vorratsmuster oder 7 Tage f\u00fcr die Musterproduktion<\/p>\n<p>12-20 Tage f\u00fcr maximale Produktion<\/p>\n<p>EURO-STANDARDGR\u00d6SSE:<\/p>\n<p>C7 Au\u00dfengr\u00f6\u00dfe: 123*110mm-1000Stk\/Karton<\/p>\n<p>C6 Au\u00dfengr\u00f6\u00dfe: 175*132mm-1000Stk\/Karton<\/p>\n<p>C5 Au\u00dfengr\u00f6\u00dfe: 235*175mm-1000Stk\/Karton<\/p>\n<p>C4 Au\u00dfengr\u00f6\u00dfe: 322*235mm-500St\u00fcck\/Karton<\/p>\n<p>C3 \u00c4u\u00dfere Gr\u00f6\u00dfe: 235*132mm-1000Stk\/Karton<\/p>\n<p>AMERIKA STANDARDGR\u00d6SSE:<\/p>\n<p>\u00c4u\u00dfere Gr\u00f6\u00dfe: 4,5*5,5 Zoll-1000St\u00fcck\/Karton<\/p>\n<p>\u00c4u\u00dfere Gr\u00f6\u00dfe: 4,5*6 Zoll--1000St\u00fcck\/Karton<\/p>\n<p>\u00c4u\u00dfere Gr\u00f6\u00dfe: 7*5,5 Zoll--1000St\u00fcck\/Karton<\/p>\n<p>\u00c4u\u00dfere Gr\u00f6\u00dfe: 5,5*10 Zoll--1000St\u00fcck\/Karton<\/p>\n<p>\u00c4u\u00dfere Gr\u00f6\u00dfe: 6,5*10 Zoll--1000St\u00fcck\/Karton<\/p>\n<p>\u00c4u\u00dfere Gr\u00f6\u00dfe: 10*7 Zoll---1000 St\u00fcck\/Karton<\/p>\n<p>\u00c4u\u00dfere Gr\u00f6\u00dfe: 10,75*6,75 Zoll-500St\u00fcck\/Karton<\/p>\n<p>\u00c4u\u00dfere Gr\u00f6\u00dfe: 9,5*12,5 Zoll - 500 St\u00fcck\/Karton<\/p>","protected":false},"excerpt":{"rendered":"<p>Wasserdicht<\/p>\n<p>Klebriger Leim<\/p>\n<p>Leicht abl\u00f6sbares Papier<\/p>","protected":false},"featured_media":782,"comment_status":"open","ping_status":"closed","template":"","meta":{"_seopress_robots_primary_cat":"none"},"product_cat":[24],"product_tag":[],"class_list":["post-283","product","type-product","status-publish","has-post-thumbnail","hentry","product_cat-packing-list-envelope"],"featured_image_urls":{"full":["https:\/\/www.aespack.com\/wp-content\/uploads\/2021\/04\/AES-20-3.jpg",639,508,false],"thumbnail":["https:\/\/www.aespack.com\/wp-content\/uploads\/2021\/04\/AES-20-3-150x150.jpg",150,150,true],"medium":["https:\/\/www.aespack.com\/wp-content\/uploads\/2021\/04\/AES-20-3-300x238.jpg",300,238,true],"medium_large":["https:\/\/www.aespack.com\/wp-content\/uploads\/2021\/04\/AES-20-3.jpg",639,508,false],"large":["https:\/\/www.aespack.com\/wp-content\/uploads\/2021\/04\/AES-20-3.jpg",639,508,false],"1536x1536":["https:\/\/www.aespack.com\/wp-content\/uploads\/2021\/04\/AES-20-3.jpg",639,508,false],"2048x2048":["https:\/\/www.aespack.com\/wp-content\/uploads\/2021\/04\/AES-20-3.jpg",639,508,false],"trp-custom-language-flag":["https:\/\/www.aespack.com\/wp-content\/uploads\/2021\/04\/AES-20-3.jpg",15,12,false],"woocommerce_archive_thumbnail":["https:\/\/www.aespack.com\/wp-content\/uploads\/2021\/04\/AES-20-3-300x238.jpg",300,238,true],"woocommerce_thumbnail":["https:\/\/www.aespack.com\/wp-content\/uploads\/2021\/04\/AES-20-3-300x238.jpg",300,238,true],"woocommerce_single":["https:\/\/www.aespack.com\/wp-content\/uploads\/2021\/04\/AES-20-3-600x477.jpg",600,477,true],"woocommerce_gallery_thumbnail":["https:\/\/www.aespack.com\/wp-content\/uploads\/2021\/04\/AES-20-3-100x100.jpg",100,100,true]},"post_excerpt_stackable":"<p>Water proof<\/p>\n<p>Sticky adhesive glue<\/p>\n<p>Easy peel release paper<\/p>\n","category_list":"","author_info":{"name":"","url":""},"comments_num":"0 comments","_links":{"self":[{"href":"https:\/\/www.aespack.com\/de\/wp-json\/wp\/v2\/product\/283","targetHints":{"allow":["GET"]}}],"collection":[{"href":"https:\/\/www.aespack.com\/de\/wp-json\/wp\/v2\/product"}],"about":[{"href":"https:\/\/www.aespack.com\/de\/wp-json\/wp\/v2\/types\/product"}],"replies":[{"embeddable":true,"href":"https:\/\/www.aespack.com\/de\/wp-json\/wp\/v2\/comments?post=283"}],"wp:featuredmedia":[{"embeddable":true,"href":"https:\/\/www.aespack.com\/de\/wp-json\/wp\/v2\/media\/782"}],"wp:attachment":[{"href":"https:\/\/www.aespack.com\/de\/wp-json\/wp\/v2\/media?parent=283"}],"wp:term":[{"taxonomy":"product_cat","embeddable":true,"href":"https:\/\/www.aespack.com\/de\/wp-json\/wp\/v2\/product_cat?post=283"},{"taxonomy":"product_tag","embeddable":true,"href":"https:\/\/www.aespack.com\/de\/wp-json\/wp\/v2\/product_tag?post=283"}],"curies":[{"name":"wp","href":"https:\/\/api.w.org\/{rel}","templated":true}]}}