{"id":1295,"date":"2025-08-28T15:54:23","date_gmt":"2025-08-28T07:54:23","guid":{"rendered":"https:\/\/www.aespack.com\/?post_type=product&#038;p=1295"},"modified":"2025-08-29T11:31:43","modified_gmt":"2025-08-29T03:31:43","slug":"top-side-printed-packing-list-envelope-7-inch-x-5-1-2-inch","status":"publish","type":"product","link":"https:\/\/www.aespack.com\/de\/produkt\/top-side-printed-packing-list-envelope-7-inch-x-5-1-2-inch\/","title":{"rendered":"Oberseite bedruckt Packliste Umschlag 7 Zoll X 5-1\/2 Zoll"},"content":{"rendered":"<p><a href=\"http:\/\/top-side-printed-packing-list-envelope-7-inch-x-5-1-2-inch\">http:\/\/top-side-printed-packing-list-envelope-7-inch-x-5-1-2-inch<\/a><\/p>\n<p>OEM&amp;ODM ist verf\u00fcgbar<\/p>\n<p>Kundenspezifischer Druck&amp;Gr\u00f6\u00dfe<\/p>\n<p>PE&amp;PP-Material und Trennpapier von guter Qualit\u00e4t<\/p>\n<p>Produktionskapazit\u00e4t 40000000 St\u00fcck pro Monat<\/p>\n<p>Kostenlose Vorratsmuster oder 7 Tage f\u00fcr die Musterproduktion<\/p>\n<p>12-20 Tage f\u00fcr maximale Produktion<\/p>\n<p>EURO-STANDARDGR\u00d6SSE:<\/p>\n<p>C7 Au\u00dfengr\u00f6\u00dfe: 123*110mm-1000Stk\/Karton<\/p>\n<p>C6 Au\u00dfengr\u00f6\u00dfe: 175*132mm-1000Stk\/Karton<\/p>\n<p>C5 Au\u00dfengr\u00f6\u00dfe: 235*175mm-1000Stk\/Karton<\/p>\n<p>C4 Au\u00dfengr\u00f6\u00dfe: 322*235mm-500St\u00fcck\/Karton<\/p>\n<p>C3 \u00c4u\u00dfere Gr\u00f6\u00dfe: 235*132mm-1000Stk\/Karton<\/p>\n<p>AMERIKA STANDARDGR\u00d6SSE:<\/p>\n<p>\u00c4u\u00dfere Gr\u00f6\u00dfe: 4,5*5,5 Zoll-1000St\u00fcck\/Karton<\/p>\n<p>\u00c4u\u00dfere Gr\u00f6\u00dfe: 4,5*6 Zoll--1000St\u00fcck\/Karton<\/p>\n<p>\u00c4u\u00dfere Gr\u00f6\u00dfe: 7*5,5 Zoll--1000St\u00fcck\/Karton<\/p>\n<p>\u00c4u\u00dfere Gr\u00f6\u00dfe: 5,5*10 Zoll--1000St\u00fcck\/Karton<\/p>\n<p>\u00c4u\u00dfere Gr\u00f6\u00dfe: 6,5*10 Zoll--1000St\u00fcck\/Karton<\/p>\n<p>\u00c4u\u00dfere Gr\u00f6\u00dfe: 10*7 Zoll---1000 St\u00fcck\/Karton<\/p>\n<p>\u00c4u\u00dfere Gr\u00f6\u00dfe: 10,75*6,75 Zoll-500St\u00fcck\/Karton<\/p>\n<p>\u00c4u\u00dfere Gr\u00f6\u00dfe: 9,5*12,5 Zoll - 500 St\u00fcck\/Karton<\/p>","protected":false},"excerpt":{"rendered":"<p>Wasserdicht<\/p>\n<p>Klebriger Leim<\/p>\n<p>Leicht abl\u00f6sbares Papier<\/p>\n<p>Die starke, selbstklebende R\u00fcckseite gew\u00e4hrleistet eine sichere Ankunft der Dokumente mit Ihren Waren.<\/p>\n<p>Abmessungen: 115 x 150 (mm).<\/p>\n<p>Sch\u00fctzen Sie die Dokumente w\u00e4hrend des Versands.<br \/>\nFarbige Packlistenumschl\u00e4ge sind mit dem Aufdruck \"Packliste beiliegend\" auf schwerer 2 Mil PE- oder PP-Folie vorgedruckt.<br \/>\nDer Schmelzklebstoff auf der R\u00fcckseite bietet eine starke Haftung auf Papier- und Wellpappprodukten.<br \/>\nDie Umschl\u00e4ge \u00f6ffnen sich entlang der ersten Dimension.<\/p>","protected":false},"featured_media":1242,"comment_status":"open","ping_status":"closed","template":"","meta":{"_seopress_robots_primary_cat":"none"},"product_cat":[24],"product_tag":[],"class_list":["post-1295","product","type-product","status-publish","has-post-thumbnail","hentry","product_cat-packing-list-envelope"],"featured_image_urls":{"full":["https:\/\/www.aespack.com\/wp-content\/uploads\/2023\/10\/\u7eff\u6e90-1.jpg",640,640,false],"thumbnail":["https:\/\/www.aespack.com\/wp-content\/uploads\/2023\/10\/\u7eff\u6e90-1-150x150.jpg",150,150,true],"medium":["https:\/\/www.aespack.com\/wp-content\/uploads\/2023\/10\/\u7eff\u6e90-1-300x300.jpg",300,300,true],"medium_large":["https:\/\/www.aespack.com\/wp-content\/uploads\/2023\/10\/\u7eff\u6e90-1.jpg",640,640,false],"large":["https:\/\/www.aespack.com\/wp-content\/uploads\/2023\/10\/\u7eff\u6e90-1.jpg",640,640,false],"1536x1536":["https:\/\/www.aespack.com\/wp-content\/uploads\/2023\/10\/\u7eff\u6e90-1.jpg",640,640,false],"2048x2048":["https:\/\/www.aespack.com\/wp-content\/uploads\/2023\/10\/\u7eff\u6e90-1.jpg",640,640,false],"trp-custom-language-flag":["https:\/\/www.aespack.com\/wp-content\/uploads\/2023\/10\/\u7eff\u6e90-1.jpg",12,12,false],"woocommerce_archive_thumbnail":["https:\/\/www.aespack.com\/wp-content\/uploads\/2023\/10\/\u7eff\u6e90-1-300x300.jpg",300,300,true],"woocommerce_thumbnail":["https:\/\/www.aespack.com\/wp-content\/uploads\/2023\/10\/\u7eff\u6e90-1-300x300.jpg",300,300,true],"woocommerce_single":["https:\/\/www.aespack.com\/wp-content\/uploads\/2023\/10\/\u7eff\u6e90-1-600x600.jpg",600,600,true],"woocommerce_gallery_thumbnail":["https:\/\/www.aespack.com\/wp-content\/uploads\/2023\/10\/\u7eff\u6e90-1-100x100.jpg",100,100,true]},"post_excerpt_stackable":"<p>Water proof<\/p>\n<p>Sticky adhesive glue<\/p>\n<p>Easy peel release paper<\/p>\n<p>Strong, Self-adhesive backing ensures Safe Arrival of documents with your goods.<\/p>\n<p>Dimensions: 115 x 150 (mm).<\/p>\n<p>Protect documents during shipping.<br \/>\nPanel face, colored Packing List Envelopes are pre-printed with &#8220;Packing List Enclosed&#8221; on heavy 2 Mil PE or PP film<br \/>\nHot melt adhesive backing provides strong adhesion to paper and corrugated products.<br \/>\nEnvelopes open along the first dimension.<\/p>\n","category_list":"","author_info":{"name":"","url":""},"comments_num":"0 comments","_links":{"self":[{"href":"https:\/\/www.aespack.com\/de\/wp-json\/wp\/v2\/product\/1295","targetHints":{"allow":["GET"]}}],"collection":[{"href":"https:\/\/www.aespack.com\/de\/wp-json\/wp\/v2\/product"}],"about":[{"href":"https:\/\/www.aespack.com\/de\/wp-json\/wp\/v2\/types\/product"}],"replies":[{"embeddable":true,"href":"https:\/\/www.aespack.com\/de\/wp-json\/wp\/v2\/comments?post=1295"}],"wp:featuredmedia":[{"embeddable":true,"href":"https:\/\/www.aespack.com\/de\/wp-json\/wp\/v2\/media\/1242"}],"wp:attachment":[{"href":"https:\/\/www.aespack.com\/de\/wp-json\/wp\/v2\/media?parent=1295"}],"wp:term":[{"taxonomy":"product_cat","embeddable":true,"href":"https:\/\/www.aespack.com\/de\/wp-json\/wp\/v2\/product_cat?post=1295"},{"taxonomy":"product_tag","embeddable":true,"href":"https:\/\/www.aespack.com\/de\/wp-json\/wp\/v2\/product_tag?post=1295"}],"curies":[{"name":"wp","href":"https:\/\/api.w.org\/{rel}","templated":true}]}}