{"id":1247,"date":"2025-08-28T17:32:57","date_gmt":"2025-08-28T09:32:57","guid":{"rendered":"https:\/\/www.aespack.com\/?post_type=product&#038;p=1247"},"modified":"2025-08-29T10:29:34","modified_gmt":"2025-08-29T02:29:34","slug":"4-5-x-5-5-inch-pre-labeled-packing-slip-envelope","status":"publish","type":"product","link":"https:\/\/www.aespack.com\/de\/produkt\/4-5-x-5-5-inch-pre-labeled-packing-slip-envelope\/","title":{"rendered":"4,5 x 5,5\u2033Vorbeschrifteter Packzettel-Umschlag"},"content":{"rendered":"<p><a href=\"http:\/\/4.5 x 5.5&quot;Pre-labeled Packing Slip Envelope\">4,5 x 5,5\u2033Vorbeschrifteter Packzettel-Umschlag<\/a><\/p>\n<p>4,5 x 5,5\u2033Vorbeschrifteter Packzettel-Umschlag<\/p>\n<p>OEM&amp;ODM ist verf\u00fcgbar<\/p>\n<p>Kundenspezifischer Druck&amp;Gr\u00f6\u00dfe<\/p>\n<p>2 mil PE&amp;PP-Material guter Qualit\u00e4t und Trennpapier<\/p>\n<p>Produktionskapazit\u00e4t 40000000 St\u00fcck pro Monat<\/p>\n<p>Kostenlose Vorratsmuster oder 7 Tage f\u00fcr die Musterproduktion<\/p>\n<p>12-20 Tage f\u00fcr maximale Produktion<\/p>\n<p>EURO-STANDARDGR\u00d6SSE:<\/p>\n<p>C7 Au\u00dfengr\u00f6\u00dfe: 123*110mm-1000Stk\/Karton<\/p>\n<p>C6 Au\u00dfengr\u00f6\u00dfe: 175*132mm-1000Stk\/Karton<\/p>\n<p>C5 Au\u00dfengr\u00f6\u00dfe: 235*175mm-1000Stk\/Karton<\/p>\n<p>C4 Au\u00dfengr\u00f6\u00dfe: 322*235mm-500St\u00fcck\/Karton<\/p>\n<p>C3 \u00c4u\u00dfere Gr\u00f6\u00dfe: 235*132mm-1000Stk\/Karton<\/p>\n<p>AMERIKA STANDARDGR\u00d6SSE:<\/p>\n<p>\u00c4u\u00dfere Gr\u00f6\u00dfe: 4,5*5,5 Zoll-1000St\u00fcck\/Karton<\/p>\n<p>\u00c4u\u00dfere Gr\u00f6\u00dfe: 4,5*6 Zoll--1000St\u00fcck\/Karton<\/p>\n<p>\u00c4u\u00dfere Gr\u00f6\u00dfe: 7*5,5 Zoll--1000St\u00fcck\/Karton<\/p>\n<p>\u00c4u\u00dfere Gr\u00f6\u00dfe: 5,5*10 Zoll--1000St\u00fcck\/Karton<\/p>\n<p>\u00c4u\u00dfere Gr\u00f6\u00dfe: 6,5*10 Zoll--1000St\u00fcck\/Karton<\/p>\n<p>\u00c4u\u00dfere Gr\u00f6\u00dfe: 10*7 Zoll---1000 St\u00fcck\/Karton<\/p>\n<p>\u00c4u\u00dfere Gr\u00f6\u00dfe: 10,75*6,75 Zoll-500St\u00fcck\/Karton<\/p>\n<p>\u00c4u\u00dfere Gr\u00f6\u00dfe: 9,5*12,5 Zoll - 500 St\u00fcck\/Karton<\/p>","protected":false},"excerpt":{"rendered":"<p>Selbstklebend versiegelt Ihr Paket schnell und bequem<br \/>\nStarker Kleber haftet fest und h\u00e4lt die enthaltenen Gegenst\u00e4nde sicher<br \/>\nDie vorbeschriftete Au\u00dfenseite erm\u00f6glicht eine schnelle und bequeme Verwendung<br \/>\nWasserdicht, um den Inhalt zu sch\u00fctzen<br \/>\nHergestellt in China<\/p>","protected":false},"featured_media":1246,"comment_status":"open","ping_status":"closed","template":"","meta":{"_seopress_robots_primary_cat":"none"},"product_cat":[24],"product_tag":[],"class_list":["post-1247","product","type-product","status-publish","has-post-thumbnail","hentry","product_cat-packing-list-envelope"],"featured_image_urls":{"full":["https:\/\/www.aespack.com\/wp-content\/uploads\/2023\/10\/\u7eff\u6e90-13-1.jpg",640,640,false],"thumbnail":["https:\/\/www.aespack.com\/wp-content\/uploads\/2023\/10\/\u7eff\u6e90-13-1-150x150.jpg",150,150,true],"medium":["https:\/\/www.aespack.com\/wp-content\/uploads\/2023\/10\/\u7eff\u6e90-13-1-300x300.jpg",300,300,true],"medium_large":["https:\/\/www.aespack.com\/wp-content\/uploads\/2023\/10\/\u7eff\u6e90-13-1.jpg",640,640,false],"large":["https:\/\/www.aespack.com\/wp-content\/uploads\/2023\/10\/\u7eff\u6e90-13-1.jpg",640,640,false],"1536x1536":["https:\/\/www.aespack.com\/wp-content\/uploads\/2023\/10\/\u7eff\u6e90-13-1.jpg",640,640,false],"2048x2048":["https:\/\/www.aespack.com\/wp-content\/uploads\/2023\/10\/\u7eff\u6e90-13-1.jpg",640,640,false],"trp-custom-language-flag":["https:\/\/www.aespack.com\/wp-content\/uploads\/2023\/10\/\u7eff\u6e90-13-1.jpg",12,12,false],"woocommerce_archive_thumbnail":["https:\/\/www.aespack.com\/wp-content\/uploads\/2023\/10\/\u7eff\u6e90-13-1-300x300.jpg",300,300,true],"woocommerce_thumbnail":["https:\/\/www.aespack.com\/wp-content\/uploads\/2023\/10\/\u7eff\u6e90-13-1-300x300.jpg",300,300,true],"woocommerce_single":["https:\/\/www.aespack.com\/wp-content\/uploads\/2023\/10\/\u7eff\u6e90-13-1-600x600.jpg",600,600,true],"woocommerce_gallery_thumbnail":["https:\/\/www.aespack.com\/wp-content\/uploads\/2023\/10\/\u7eff\u6e90-13-1-100x100.jpg",100,100,true]},"post_excerpt_stackable":"<p>Self-adhesive quickly seals your package for convenient use<br \/>\nStrong adhesive bonds tightly to keep contained items secure<br \/>\nPre-labeled exterior allows fast, convenient use<br \/>\nWaterproof to help keep contents safe<br \/>\nMade in the China<\/p>\n","category_list":"","author_info":{"name":"","url":""},"comments_num":"0 comments","_links":{"self":[{"href":"https:\/\/www.aespack.com\/de\/wp-json\/wp\/v2\/product\/1247","targetHints":{"allow":["GET"]}}],"collection":[{"href":"https:\/\/www.aespack.com\/de\/wp-json\/wp\/v2\/product"}],"about":[{"href":"https:\/\/www.aespack.com\/de\/wp-json\/wp\/v2\/types\/product"}],"replies":[{"embeddable":true,"href":"https:\/\/www.aespack.com\/de\/wp-json\/wp\/v2\/comments?post=1247"}],"wp:featuredmedia":[{"embeddable":true,"href":"https:\/\/www.aespack.com\/de\/wp-json\/wp\/v2\/media\/1246"}],"wp:attachment":[{"href":"https:\/\/www.aespack.com\/de\/wp-json\/wp\/v2\/media?parent=1247"}],"wp:term":[{"taxonomy":"product_cat","embeddable":true,"href":"https:\/\/www.aespack.com\/de\/wp-json\/wp\/v2\/product_cat?post=1247"},{"taxonomy":"product_tag","embeddable":true,"href":"https:\/\/www.aespack.com\/de\/wp-json\/wp\/v2\/product_tag?post=1247"}],"curies":[{"name":"wp","href":"https:\/\/api.w.org\/{rel}","templated":true}]}}