{"id":1192,"date":"2025-09-28T11:04:09","date_gmt":"2025-09-28T03:04:09","guid":{"rendered":"https:\/\/www.aespack.com\/?post_type=product&#038;p=1192"},"modified":"2025-09-29T10:33:18","modified_gmt":"2025-09-29T02:33:18","slug":"double-glues-self-seal-padded-mailers","status":"publish","type":"product","link":"https:\/\/www.aespack.com\/de\/produkt\/double-glues-self-seal-padded-mailers\/","title":{"rendered":"Doppelt geleimte gepolsterte Versandtaschen mit Selbstklebeverschluss"},"content":{"rendered":"<h1 class=\"grph1\"><a href=\"http:\/\/Double glues Self-seal padded mailers\">Doppelt geleimte gepolsterte Versandtaschen mit Selbstklebeverschluss<\/a><\/h1>\n<p>Spezifikation<\/p>\n<table class=\"hight-light-first-column all magic-5\">\n<tbody>\n<tr>\n<td colspan=\"1\" rowspan=\"2\">\n<div class=\"magic-6\">\n<div class=\"magic-7\" data-spm-anchor-id=\"0.0.0.i8.62ce4f05ZOAfDy\"><b class=\"magic-8\" data-spm-anchor-id=\"0.0.0.i115.62ce4f05X2e1Ma\">Material<\/b><\/div>\n<\/div>\n<\/td>\n<td colspan=\"1\" rowspan=\"1\">\n<div class=\"magic-9\" data-spm-anchor-id=\"a2700.details.0.i13.4faa1e43OF4jKt\">Luftblase &amp; \/ Poly \/ Co-extrudierte Folie \/ Kraftpapier, etc.<\/div>\n<\/td>\n<\/tr>\n<tr>\n<td colspan=\"1\" rowspan=\"1\">\n<div class=\"magic-9\">D2W, kompostierbares Material PLA, etc.<\/div>\n<\/td>\n<\/tr>\n<tr>\n<td colspan=\"1\" rowspan=\"1\">\n<div class=\"magic-11\"><b>Gr\u00f6\u00dfe\/St\u00e4rke<\/b><\/div>\n<\/td>\n<td colspan=\"1\" rowspan=\"1\">\n<div class=\"magic-9\">Ma\u00dfgeschneidert nach Ihren Anforderungen<\/div>\n<\/td>\n<\/tr>\n<tr>\n<td colspan=\"1\" rowspan=\"1\">\n<div class=\"magic-11\"><b>Drucken<\/b><\/div>\n<\/td>\n<td colspan=\"1\" rowspan=\"1\">\n<div class=\"magic-9\">Tiefdruck, kann mit bis zu 8 Farben gedruckt werden, CMYK<\/div>\n<\/td>\n<\/tr>\n<tr>\n<td colspan=\"1\" rowspan=\"1\">\n<div class=\"magic-11\"><b>Anwendung\/Verwendung<\/b><\/div>\n<\/td>\n<td colspan=\"1\" rowspan=\"1\">\n<div class=\"magic-9\">Express, Versand, Postdienst, Verpackung von Kleidung, Verpackung f\u00fcr Kleidung<\/div>\n<\/td>\n<\/tr>\n<tr>\n<td colspan=\"1\" rowspan=\"4\">\n<div class=\"magic-6\">\n<div data-spm-anchor-id=\"0.0.0.i9.62ce4f05trYLIu\"><b>\u00a0<\/b><\/div>\n<div data-spm-anchor-id=\"0.0.0.i9.62ce4f05trYLIu\"><b>\u00a0<\/b><\/div>\n<div data-spm-anchor-id=\"0.0.0.i9.62ce4f05trYLIu\"><b>Merkmal<\/b><\/div>\n<\/div>\n<\/td>\n<td colspan=\"1\" rowspan=\"1\">\n<div class=\"magic-9\">1. Stark haftender Kleber mit guter Sicherheit<\/div>\n<\/td>\n<\/tr>\n<tr>\n<td colspan=\"1\" rowspan=\"1\">\n<div class=\"magic-9\">2. Undurchsichtig mit guter Vertraulichkeit<\/div>\n<\/td>\n<\/tr>\n<tr>\n<td colspan=\"1\" rowspan=\"1\">\n<div class=\"magic-9\">3. Durchsto\u00dffest, perfekter Druck<\/div>\n<\/td>\n<\/tr>\n<tr>\n<td colspan=\"1\" rowspan=\"1\">\n<div class=\"magic-9\">4. Wasserdicht, feuchtigkeitsbest\u00e4ndig, rei\u00dffest<\/div>\n<\/td>\n<\/tr>\n<tr>\n<td colspan=\"1\" rowspan=\"1\">\n<div class=\"magic-11\"><b>Verpackung<\/b><\/div>\n<\/td>\n<td colspan=\"1\" rowspan=\"1\">\n<div class=\"magic-9\">Kartons\/Boxen, Paletten auf Anfrage erh\u00e4ltlich<\/div>\n<\/td>\n<\/tr>\n<tr>\n<td colspan=\"1\" rowspan=\"1\">\n<div class=\"magic-11\"><b>Zertifikat<\/b><\/div>\n<\/td>\n<td colspan=\"1\" rowspan=\"1\">\n<div class=\"magic-9\">ISO 9001:2008, SGS, usw.<\/div>\n<\/td>\n<\/tr>\n<tr>\n<td colspan=\"1\" rowspan=\"1\">\n<div class=\"magic-11\"><b>Zus\u00e4tzlicher Dienst<\/b><\/div>\n<\/td>\n<td colspan=\"1\" rowspan=\"1\">\n<div class=\"magic-9\">OEM, ODM<\/div>\n<\/td>\n<\/tr>\n<tr>\n<td class=\"magic-12\" colspan=\"1\" rowspan=\"1\">\n<div class=\"magic-11\"><b>Muster<\/b><\/div>\n<\/td>\n<td colspan=\"1\" rowspan=\"1\">\n<div class=\"magic-9\" data-spm-anchor-id=\"a2700.details.0.i12.4faa1e43OF4jKt\">Auf Lager Proben kostenlos; Benutzerdefinierte Proben, m\u00fcssen Probe Kosten bezahlen<\/div>\n<\/td>\n<\/tr>\n<\/tbody>\n<\/table>","protected":false},"excerpt":{"rendered":"<p>Luftpolstertaschen sind Umschl\u00e4ge, die zum zus\u00e4tzlichen Schutz mit Luftpolsterfolie ausgekleidet sind. Es gibt sie in einer Vielzahl von Gr\u00f6\u00dfen, in der Regel in rechteckiger Form. Luftpolsterversandtaschen werden aus Kunststoff oder Papier hergestellt und sind extrem haltbar, leicht, flexibel und platzsparend. Luftpolsterversandtaschen bestehen aus Polyethylen, dem am h\u00e4ufigsten verwendeten Kunststoff f\u00fcr Verpackungen, und sind mit Luftpolsterfolie ausgekleidet, um sie zus\u00e4tzlich zu polstern. Sie sind wasserdicht, haltbar und eine sehr beliebte Option f\u00fcr den Versand kleinerer und zerbrechlicher Einzelhandelsg\u00fcter.<\/p>\n<p>&nbsp;<\/p>","protected":false},"featured_media":1194,"comment_status":"open","ping_status":"closed","template":"","meta":{"_seopress_robots_primary_cat":"none"},"product_cat":[28],"product_tag":[],"class_list":["post-1192","product","type-product","status-publish","has-post-thumbnail","hentry","product_cat-bubble-mailer"],"featured_image_urls":{"full":["https:\/\/www.aespack.com\/wp-content\/uploads\/2023\/06\/\u53cc\u5c01\u53e3\u6c14\u6ce1\u888b-2.jpg",750,750,false],"thumbnail":["https:\/\/www.aespack.com\/wp-content\/uploads\/2023\/06\/\u53cc\u5c01\u53e3\u6c14\u6ce1\u888b-2-150x150.jpg",150,150,true],"medium":["https:\/\/www.aespack.com\/wp-content\/uploads\/2023\/06\/\u53cc\u5c01\u53e3\u6c14\u6ce1\u888b-2-300x300.jpg",300,300,true],"medium_large":["https:\/\/www.aespack.com\/wp-content\/uploads\/2023\/06\/\u53cc\u5c01\u53e3\u6c14\u6ce1\u888b-2.jpg",750,750,false],"large":["https:\/\/www.aespack.com\/wp-content\/uploads\/2023\/06\/\u53cc\u5c01\u53e3\u6c14\u6ce1\u888b-2.jpg",750,750,false],"1536x1536":["https:\/\/www.aespack.com\/wp-content\/uploads\/2023\/06\/\u53cc\u5c01\u53e3\u6c14\u6ce1\u888b-2.jpg",750,750,false],"2048x2048":["https:\/\/www.aespack.com\/wp-content\/uploads\/2023\/06\/\u53cc\u5c01\u53e3\u6c14\u6ce1\u888b-2.jpg",750,750,false],"trp-custom-language-flag":["https:\/\/www.aespack.com\/wp-content\/uploads\/2023\/06\/\u53cc\u5c01\u53e3\u6c14\u6ce1\u888b-2.jpg",12,12,false],"woocommerce_archive_thumbnail":["https:\/\/www.aespack.com\/wp-content\/uploads\/2023\/06\/\u53cc\u5c01\u53e3\u6c14\u6ce1\u888b-2-300x300.jpg",300,300,true],"woocommerce_thumbnail":["https:\/\/www.aespack.com\/wp-content\/uploads\/2023\/06\/\u53cc\u5c01\u53e3\u6c14\u6ce1\u888b-2-300x300.jpg",300,300,true],"woocommerce_single":["https:\/\/www.aespack.com\/wp-content\/uploads\/2023\/06\/\u53cc\u5c01\u53e3\u6c14\u6ce1\u888b-2-600x600.jpg",600,600,true],"woocommerce_gallery_thumbnail":["https:\/\/www.aespack.com\/wp-content\/uploads\/2023\/06\/\u53cc\u5c01\u53e3\u6c14\u6ce1\u888b-2-100x100.jpg",100,100,true]},"post_excerpt_stackable":"<p>Bubble mailer bags are envelopes lined with bubble wrap for extra protection . They come in an extensive range of sizes, commonly rectangular in dimension. Bubble mailers are made from plastic or paper and are extremely durable, lightweight, flexible and space efficient . Poly bubble mailers are made from polyethylene plastic, which is the most commonly used plastic in packaging, and is lined with bubble wrap for extra cushioning. It is water proof, durable and a very popular option for shipping smaller and more fragile retail products .<\/p>\n<p>&nbsp;<\/p>\n","category_list":"","author_info":{"name":"","url":""},"comments_num":"0 comments","_links":{"self":[{"href":"https:\/\/www.aespack.com\/de\/wp-json\/wp\/v2\/product\/1192","targetHints":{"allow":["GET"]}}],"collection":[{"href":"https:\/\/www.aespack.com\/de\/wp-json\/wp\/v2\/product"}],"about":[{"href":"https:\/\/www.aespack.com\/de\/wp-json\/wp\/v2\/types\/product"}],"replies":[{"embeddable":true,"href":"https:\/\/www.aespack.com\/de\/wp-json\/wp\/v2\/comments?post=1192"}],"wp:featuredmedia":[{"embeddable":true,"href":"https:\/\/www.aespack.com\/de\/wp-json\/wp\/v2\/media\/1194"}],"wp:attachment":[{"href":"https:\/\/www.aespack.com\/de\/wp-json\/wp\/v2\/media?parent=1192"}],"wp:term":[{"taxonomy":"product_cat","embeddable":true,"href":"https:\/\/www.aespack.com\/de\/wp-json\/wp\/v2\/product_cat?post=1192"},{"taxonomy":"product_tag","embeddable":true,"href":"https:\/\/www.aespack.com\/de\/wp-json\/wp\/v2\/product_tag?post=1192"}],"curies":[{"name":"wp","href":"https:\/\/api.w.org\/{rel}","templated":true}]}}