{"id":1060,"date":"2025-08-28T15:43:16","date_gmt":"2025-08-28T07:43:16","guid":{"rendered":"https:\/\/www.aespack.com\/?post_type=product&#038;p=1060"},"modified":"2025-08-29T10:41:21","modified_gmt":"2025-08-29T02:41:21","slug":"slide-zipper-bag","status":"publish","type":"product","link":"https:\/\/www.aespack.com\/de\/produkt\/slide-zipper-bag\/","title":{"rendered":"Schiebe-Rei\u00dfverschlussbeutel f\u00fcr Kleiderverpackung"},"content":{"rendered":"<table border=\"1\" cellspacing=\"0\">\n<tbody>\n<tr>\n<td colspan=\"2\" valign=\"top\">\n<p align=\"justify\"><strong><span data-spm-anchor-id=\"a2700.wholesale.0.i43.3a416eddSWu31Z\">\u00a0Informationen zum Produkt<\/span><\/strong><\/p>\n<\/td>\n<\/tr>\n<tr>\n<td valign=\"top\"><strong>Name des Produkts<\/strong><\/td>\n<td valign=\"top\">\u00a0Schiebe-Rei\u00dfverschluss-Tasche<\/td>\n<\/tr>\n<tr>\n<td valign=\"top\"><strong>Material<\/strong><\/td>\n<td valign=\"top\">CPE, PE oder kundenspezifisch<\/td>\n<\/tr>\n<tr>\n<td valign=\"top\"><strong>Technik<\/strong><\/td>\n<td valign=\"top\">Siebdruck<\/td>\n<\/tr>\n<tr>\n<td valign=\"top\"><strong>Farbe<\/strong><\/td>\n<td valign=\"top\">Transparent, gefrostet, oder kundenspezifischer Farbdruck<\/td>\n<\/tr>\n<tr>\n<td valign=\"top\"><strong>Gr\u00f6\u00dfe<\/strong><\/td>\n<td valign=\"top\">20*25cm, 25*30cm oder kundenspezifisch<\/td>\n<\/tr>\n<tr>\n<td valign=\"top\"><strong>Logo<\/strong><\/td>\n<td valign=\"top\">Kundenspezifisch<\/td>\n<\/tr>\n<tr>\n<td valign=\"top\"><strong>Anmeldung<\/strong><\/td>\n<td valign=\"top\">F\u00fcr Kleidungsst\u00fccke, Schuhe, Socken, Schmuck, elektronische Produkte, Kosmetik, Geschenke, Lebensmittel, Waren usw.<\/td>\n<\/tr>\n<tr>\n<td valign=\"top\"><strong>MOQ<\/strong><\/td>\n<td valign=\"top\"><strong>10000 St\u00fcck<\/strong><\/td>\n<\/tr>\n<tr>\n<td valign=\"top\"><strong>Sendung<\/strong><\/td>\n<td valign=\"top\">A. Auf dem Luft- oder Seeweg<\/p>\n<p>B. Per Express (DHL, TNT, FedEx,)<\/td>\n<\/tr>\n<tr>\n<td valign=\"top\"><strong>Vorlaufzeit<\/strong><\/td>\n<td valign=\"top\">7-15 Tage (je nach Menge)<\/td>\n<\/tr>\n<tr>\n<td valign=\"top\"><strong>Verpackung<\/strong><\/td>\n<td valign=\"top\">1000 St\u00fcck pro Karton oder auf Anfrage<\/td>\n<\/tr>\n<\/tbody>\n<\/table>","protected":false},"excerpt":{"rendered":"<p>\u00a0Produktinformation Produktname Slide Zipper Bag Material CPE, PE oder kundenspezifische Technik Siebdruck Farbe Transparent, gefrostet, oder kundenspezifische Farbdruck Gr\u00f6\u00dfe 20*25cm, 25*30cm oder kundenspezifisches Logo Kundenspezifische Anwendung F\u00fcr Kleidung, Schuhe, Socken, Schmuck, elektronische Produkte Verpackung, Kosmetik, Geschenk, Lebensmittel, Waren, etc MOQ 10000 St\u00fcck Versand A. Per Luft oder Meer B. Per Express (DHL, TNT, FedEx,) Vorlaufzeit 7-15 [...]<\/p>","protected":false},"featured_media":1064,"comment_status":"open","ping_status":"closed","template":"","meta":{"_seopress_robots_primary_cat":"none"},"product_cat":[15],"product_tag":[],"class_list":["post-1060","product","type-product","status-publish","has-post-thumbnail","hentry","product_cat-zipper-clothing-bags"],"featured_image_urls":{"full":["https:\/\/www.aespack.com\/wp-content\/uploads\/2023\/03\/\u62c9\u94fe\u888b-50.jpg",250,250,false],"thumbnail":["https:\/\/www.aespack.com\/wp-content\/uploads\/2023\/03\/\u62c9\u94fe\u888b-50-150x150.jpg",150,150,true],"medium":["https:\/\/www.aespack.com\/wp-content\/uploads\/2023\/03\/\u62c9\u94fe\u888b-50.jpg",250,250,false],"medium_large":["https:\/\/www.aespack.com\/wp-content\/uploads\/2023\/03\/\u62c9\u94fe\u888b-50.jpg",250,250,false],"large":["https:\/\/www.aespack.com\/wp-content\/uploads\/2023\/03\/\u62c9\u94fe\u888b-50.jpg",250,250,false],"1536x1536":["https:\/\/www.aespack.com\/wp-content\/uploads\/2023\/03\/\u62c9\u94fe\u888b-50.jpg",250,250,false],"2048x2048":["https:\/\/www.aespack.com\/wp-content\/uploads\/2023\/03\/\u62c9\u94fe\u888b-50.jpg",250,250,false],"trp-custom-language-flag":["https:\/\/www.aespack.com\/wp-content\/uploads\/2023\/03\/\u62c9\u94fe\u888b-50.jpg",12,12,false],"woocommerce_archive_thumbnail":["https:\/\/www.aespack.com\/wp-content\/uploads\/2023\/03\/\u62c9\u94fe\u888b-50.jpg",250,250,false],"woocommerce_thumbnail":["https:\/\/www.aespack.com\/wp-content\/uploads\/2023\/03\/\u62c9\u94fe\u888b-50.jpg",250,250,false],"woocommerce_single":["https:\/\/www.aespack.com\/wp-content\/uploads\/2023\/03\/\u62c9\u94fe\u888b-50.jpg",250,250,false],"woocommerce_gallery_thumbnail":["https:\/\/www.aespack.com\/wp-content\/uploads\/2023\/03\/\u62c9\u94fe\u888b-50-100x100.jpg",100,100,true]},"post_excerpt_stackable":"<p>\u00a0Product Information Product name \u00a0Slide Zipper Bag Material CPE,PE or customized Technics Screen Printing Color Transparent , frosted, or customized color printing Size 20*25cm,25*30cm or customized Logo Customized Application For garment, shoes, socks, trinkets, electronic products packing, cosmetic, gift, food, commodities,etc MOQ 10000 pcs Shipment A.\u00a0By air or sea B. By Express(DHL,TNT,FedEx,) Lead time 7-15 days(depend on quantity) Packaging 1000pcs per carton or as request<\/p>\n","category_list":"","author_info":{"name":"","url":""},"comments_num":"0 comments","_links":{"self":[{"href":"https:\/\/www.aespack.com\/de\/wp-json\/wp\/v2\/product\/1060","targetHints":{"allow":["GET"]}}],"collection":[{"href":"https:\/\/www.aespack.com\/de\/wp-json\/wp\/v2\/product"}],"about":[{"href":"https:\/\/www.aespack.com\/de\/wp-json\/wp\/v2\/types\/product"}],"replies":[{"embeddable":true,"href":"https:\/\/www.aespack.com\/de\/wp-json\/wp\/v2\/comments?post=1060"}],"wp:featuredmedia":[{"embeddable":true,"href":"https:\/\/www.aespack.com\/de\/wp-json\/wp\/v2\/media\/1064"}],"wp:attachment":[{"href":"https:\/\/www.aespack.com\/de\/wp-json\/wp\/v2\/media?parent=1060"}],"wp:term":[{"taxonomy":"product_cat","embeddable":true,"href":"https:\/\/www.aespack.com\/de\/wp-json\/wp\/v2\/product_cat?post=1060"},{"taxonomy":"product_tag","embeddable":true,"href":"https:\/\/www.aespack.com\/de\/wp-json\/wp\/v2\/product_tag?post=1060"}],"curies":[{"name":"wp","href":"https:\/\/api.w.org\/{rel}","templated":true}]}}