{"id":1050,"date":"2025-08-28T10:34:07","date_gmt":"2025-08-28T02:34:07","guid":{"rendered":"https:\/\/www.aespack.com\/?post_type=product&#038;p=1050"},"modified":"2025-08-29T10:46:14","modified_gmt":"2025-08-29T02:46:14","slug":"customs-sliding-zipper-bags","status":"publish","type":"product","link":"https:\/\/www.aespack.com\/de\/produkt\/customs-sliding-zipper-bags\/","title":{"rendered":"Customs Slider Zipper Bags"},"content":{"rendered":"<table border=\"1\" cellspacing=\"0\">\n<tbody>\n<tr>\n<td colspan=\"2\" valign=\"top\">\n<p align=\"justify\"><strong><span data-spm-anchor-id=\"a2700.wholesale.0.i43.3a416eddSWu31Z\">Customs Slider Zipper Bags\u00a0<\/span><\/strong><\/p>\n<p align=\"justify\"><strong><span data-spm-anchor-id=\"a2700.wholesale.0.i43.3a416eddSWu31Z\">Informationen zum Produkt<\/span><\/strong><\/p>\n<\/td>\n<\/tr>\n<tr>\n<td valign=\"top\"><strong>Name des Produkts<\/strong><\/td>\n<td valign=\"top\">Customs Slider Zipper Bags<\/td>\n<\/tr>\n<tr>\n<td valign=\"top\"><strong>Material<\/strong><\/p>\n<p><strong>Dicke<\/strong><\/td>\n<td valign=\"top\">CPE, PE oder kundenspezifisch<\/p>\n<p>3 mil Dicke oder kundenspezifische Dicke<\/td>\n<\/tr>\n<tr>\n<td valign=\"top\"><strong>Technik<\/strong><\/td>\n<td valign=\"top\">Siebdruck<\/td>\n<\/tr>\n<tr>\n<td valign=\"top\"><strong>Farbe<\/strong><\/td>\n<td valign=\"top\">Transparent, gefrostet, oder kundenspezifischer Farbdruck<\/td>\n<\/tr>\n<tr>\n<td valign=\"top\"><strong>Gr\u00f6\u00dfe<\/strong><\/td>\n<td valign=\"top\">20*25cm, 25*30cm oder kundenspezifisch<\/td>\n<\/tr>\n<tr>\n<td valign=\"top\"><strong>Logo<\/strong><\/td>\n<td valign=\"top\">Kundenspezifisch<\/td>\n<\/tr>\n<tr>\n<td valign=\"top\"><strong>Anmeldung<\/strong><\/td>\n<td valign=\"top\">F\u00fcr Kleidungsst\u00fccke, Schuhe, Socken, Schmuck, elektronische Produkte, Kosmetik, Geschenke, Lebensmittel, Waren usw.<\/td>\n<\/tr>\n<tr>\n<td valign=\"top\"><strong>MOQ<\/strong><\/td>\n<td valign=\"top\"><strong>10000 St\u00fcck<\/strong><\/td>\n<\/tr>\n<tr>\n<td valign=\"top\"><strong>Sendung<\/strong><\/td>\n<td valign=\"top\">A. Per Flugzeug oder auf dem Seeweg<\/p>\n<p>B. Per Express (DHL, TNT, FedEx,)<\/td>\n<\/tr>\n<tr>\n<td valign=\"top\"><strong>Vorlaufzeit<\/strong><\/td>\n<td valign=\"top\">7-15 Tage (je nach Menge)<\/td>\n<\/tr>\n<tr>\n<td valign=\"top\"><strong>Verpackung<\/strong><\/td>\n<td valign=\"top\">1000 St\u00fcck pro Karton oder auf Anfrage<\/td>\n<\/tr>\n<\/tbody>\n<\/table>\n<p>&nbsp;<\/p>\n<p>&nbsp;<\/p>","protected":false},"excerpt":{"rendered":"<p>Diese Beutel mit Schiebeverschluss verf\u00fcgen \u00fcber einen Schiebeblock, der das \u00d6ffnen und Schlie\u00dfen des Beutels zu einem Kinderspiel macht. Ideal zum Verpacken von Kleidung, Sport, Spielzeug, Socken und mehr.<\/p>\n<p>1)3 mil Dicke<\/p>\n<p>2) Langlebiges LDPE-Material<\/p>\n<p>3) Schieberei\u00dfverschluss leicht zu \u00f6ffnen und zu schlie\u00dfen<\/p>","protected":false},"featured_media":1048,"comment_status":"open","ping_status":"closed","template":"","meta":{"_seopress_robots_primary_cat":"none"},"product_cat":[15],"product_tag":[],"class_list":["post-1050","product","type-product","status-publish","has-post-thumbnail","hentry","product_cat-zipper-clothing-bags"],"featured_image_urls":{"full":["https:\/\/www.aespack.com\/wp-content\/uploads\/2023\/03\/\u62c9\u94fe\u888b-38-scaled.jpg",1920,2560,false],"thumbnail":["https:\/\/www.aespack.com\/wp-content\/uploads\/2023\/03\/\u62c9\u94fe\u888b-38-150x150.jpg",150,150,true],"medium":["https:\/\/www.aespack.com\/wp-content\/uploads\/2023\/03\/\u62c9\u94fe\u888b-38-225x300.jpg",225,300,true],"medium_large":["https:\/\/www.aespack.com\/wp-content\/uploads\/2023\/03\/\u62c9\u94fe\u888b-38-768x1024.jpg",768,1024,true],"large":["https:\/\/www.aespack.com\/wp-content\/uploads\/2023\/03\/\u62c9\u94fe\u888b-38-768x1024.jpg",768,1024,true],"1536x1536":["https:\/\/www.aespack.com\/wp-content\/uploads\/2023\/03\/\u62c9\u94fe\u888b-38-1152x1536.jpg",1152,1536,true],"2048x2048":["https:\/\/www.aespack.com\/wp-content\/uploads\/2023\/03\/\u62c9\u94fe\u888b-38-1536x2048.jpg",1536,2048,true],"trp-custom-language-flag":["https:\/\/www.aespack.com\/wp-content\/uploads\/2023\/03\/\u62c9\u94fe\u888b-38-scaled.jpg",9,12,false],"woocommerce_archive_thumbnail":["https:\/\/www.aespack.com\/wp-content\/uploads\/2023\/03\/\u62c9\u94fe\u888b-38-scaled-300x400.jpg",300,400,true],"woocommerce_thumbnail":["https:\/\/www.aespack.com\/wp-content\/uploads\/2023\/03\/\u62c9\u94fe\u888b-38-scaled-300x400.jpg",300,400,true],"woocommerce_single":["https:\/\/www.aespack.com\/wp-content\/uploads\/2023\/03\/\u62c9\u94fe\u888b-38-scaled-600x800.jpg",600,800,true],"woocommerce_gallery_thumbnail":["https:\/\/www.aespack.com\/wp-content\/uploads\/2023\/03\/\u62c9\u94fe\u888b-38-scaled-100x100.jpg",100,100,true]},"post_excerpt_stackable":"<p>These sliding zip bags feature a sliding block to make opening and closing this bag a breeze. Ideal for packaging\u00a0 clothes,Sports,toys, socks and more.<\/p>\n<p>1)3 mil thickness<\/p>\n<p>2)Durable LDPE Material<\/p>\n<p>3)Sliding zipper\u00a0 easily to open and close<\/p>\n","category_list":"","author_info":{"name":"","url":""},"comments_num":"0 comments","_links":{"self":[{"href":"https:\/\/www.aespack.com\/de\/wp-json\/wp\/v2\/product\/1050","targetHints":{"allow":["GET"]}}],"collection":[{"href":"https:\/\/www.aespack.com\/de\/wp-json\/wp\/v2\/product"}],"about":[{"href":"https:\/\/www.aespack.com\/de\/wp-json\/wp\/v2\/types\/product"}],"replies":[{"embeddable":true,"href":"https:\/\/www.aespack.com\/de\/wp-json\/wp\/v2\/comments?post=1050"}],"wp:featuredmedia":[{"embeddable":true,"href":"https:\/\/www.aespack.com\/de\/wp-json\/wp\/v2\/media\/1048"}],"wp:attachment":[{"href":"https:\/\/www.aespack.com\/de\/wp-json\/wp\/v2\/media?parent=1050"}],"wp:term":[{"taxonomy":"product_cat","embeddable":true,"href":"https:\/\/www.aespack.com\/de\/wp-json\/wp\/v2\/product_cat?post=1050"},{"taxonomy":"product_tag","embeddable":true,"href":"https:\/\/www.aespack.com\/de\/wp-json\/wp\/v2\/product_tag?post=1050"}],"curies":[{"name":"wp","href":"https:\/\/api.w.org\/{rel}","templated":true}]}}