{"id":1027,"date":"2025-08-28T15:40:14","date_gmt":"2025-08-28T07:40:14","guid":{"rendered":"https:\/\/www.aespack.com\/?post_type=product&#038;p=1027"},"modified":"2025-08-29T10:42:37","modified_gmt":"2025-08-29T02:42:37","slug":"compostable-t-shirt-bag-for-supermarket","status":"publish","type":"product","link":"https:\/\/www.aespack.com\/de\/produkt\/compostable-t-shirt-bag-for-supermarket\/","title":{"rendered":"Kompostierbare T-Shirt-Tasche f\u00fcr den Supermarkt"},"content":{"rendered":"<div class=\"J_module\">\n<div id=\"ali-anchor-AliMagic-94vkyf\" class=\"magic-3\" data-section=\"AliMagic-94vkyf\" data-section-title=\"Specification\">Spezifikation<\/div>\n<div data-section=\"AliMagic-94vkyf\" data-section-title=\"Specification\"><span data-spm-anchor-id=\"a2700.details.0.i8.5cd92a1cYANduC\">Die biologisch abbaubaren kompostierbaren Versand-Einkaufstaschen sind die perfekte Alternative zu herk\u00f6mmlichen Plastikt\u00fcten, die aus Maisst\u00e4rke und 100% biologisch abbaubaren und kompostierbaren Materialien hergestellt werden.<\/span><br \/>\nEs kann innerhalb von 6-12 Monaten zu organischem D\u00fcnger abgebaut werden, ohne die Umwelt zu belasten. alle Produkte sind nach TUV, EN13432 usw. zertifiziert.<span data-spm-anchor-id=\"a2700.details.0.i12.5cd92a1cYANduC\">Von den Rohstoffen \u00fcber die Tinte bis hin zu den fertigen Produkten k\u00f6nnen Sie sicher sein, dass jeder von uns hergestellte Artikel abgebaut wird und dabei die Umwelt nicht belastet!<\/span><\/div>\n<div data-section=\"AliMagic-94vkyf\" data-section-title=\"Specification\"><\/div>\n<\/div>\n<div class=\"J_module\">\n<div class=\"ife-detail-decorate-table\">\n<table width=\"746\">\n<tbody>\n<tr>\n<td>Artikel Name<\/td>\n<td>Kompostierbare T-shirt-Tasche<\/td>\n<\/tr>\n<tr>\n<td>Ort der Herkunft<\/td>\n<td>Guangdong, China<\/td>\n<\/tr>\n<tr>\n<td>Material<\/td>\n<td>PBAT+PLA<\/td>\n<\/tr>\n<tr>\n<td>Industrielle Nutzung<\/td>\n<td>Supermarkt\/Einkaufszentrum<\/td>\n<\/tr>\n<tr>\n<td>Gr\u00f6\u00dfe<\/td>\n<td>Verschiedene Gr\u00f6\u00dfen, kundenspezifisch<\/td>\n<\/tr>\n<tr>\n<td>Handhabung der Oberfl\u00e4che<\/td>\n<td>Offsetdruck<\/td>\n<\/tr>\n<tr>\n<td>Merkmal<\/td>\n<td>Sicherheit,Wasserdicht<\/td>\n<\/tr>\n<tr>\n<td>Details zur Verpackung<\/td>\n<td>F\u00fcr Taschen unterschiedlicher Gr\u00f6\u00dfe gibt es unterschiedliche Kartongr\u00f6\u00dfen und Verpackungsmethoden.<\/td>\n<\/tr>\n<tr>\n<td>Individuelle Bestellung<\/td>\n<td>Annehmbar<\/td>\n<\/tr>\n<tr>\n<td>MOQ<\/td>\n<td>30000St\u00fcck<\/td>\n<\/tr>\n<tr>\n<td>Dicke des Materials<\/td>\n<td>Beliebt sind 3-50 Mikrometer<\/td>\n<\/tr>\n<tr>\n<td>Farbdruck<\/td>\n<td>Bis zu 8 Farben<\/td>\n<\/tr>\n<tr>\n<td>Muster<\/td>\n<td>Kostenlos f\u00fcr Bestandsmuster<\/td>\n<\/tr>\n<tr>\n<td>Vorlaufzeit<\/td>\n<td>10-15 Tage<\/td>\n<\/tr>\n<tr>\n<td>Produktionskapazit\u00e4t<\/td>\n<td>50000000St\u00fcck\/Monat<\/td>\n<\/tr>\n<\/tbody>\n<\/table>\n<\/div>\n<\/div>","protected":false},"excerpt":{"rendered":"<p>100% biologisch abbaubare und kompostierbare Materialien<\/p>","protected":false},"featured_media":853,"comment_status":"open","ping_status":"closed","template":"","meta":{"_seopress_robots_primary_cat":"none"},"product_cat":[19],"product_tag":[],"class_list":["post-1027","product","type-product","status-publish","has-post-thumbnail","hentry","product_cat-compostable-mailing-bag"],"featured_image_urls":{"full":["https:\/\/www.aespack.com\/wp-content\/uploads\/2022\/12\/367700.jpg",800,800,false],"thumbnail":["https:\/\/www.aespack.com\/wp-content\/uploads\/2022\/12\/367700-150x150.jpg",150,150,true],"medium":["https:\/\/www.aespack.com\/wp-content\/uploads\/2022\/12\/367700-300x300.jpg",300,300,true],"medium_large":["https:\/\/www.aespack.com\/wp-content\/uploads\/2022\/12\/367700-768x768.jpg",768,768,true],"large":["https:\/\/www.aespack.com\/wp-content\/uploads\/2022\/12\/367700.jpg",800,800,false],"1536x1536":["https:\/\/www.aespack.com\/wp-content\/uploads\/2022\/12\/367700.jpg",800,800,false],"2048x2048":["https:\/\/www.aespack.com\/wp-content\/uploads\/2022\/12\/367700.jpg",800,800,false],"trp-custom-language-flag":["https:\/\/www.aespack.com\/wp-content\/uploads\/2022\/12\/367700.jpg",12,12,false],"woocommerce_archive_thumbnail":["https:\/\/www.aespack.com\/wp-content\/uploads\/2022\/12\/367700-300x300.jpg",300,300,true],"woocommerce_thumbnail":["https:\/\/www.aespack.com\/wp-content\/uploads\/2022\/12\/367700-300x300.jpg",300,300,true],"woocommerce_single":["https:\/\/www.aespack.com\/wp-content\/uploads\/2022\/12\/367700-600x600.jpg",600,600,true],"woocommerce_gallery_thumbnail":["https:\/\/www.aespack.com\/wp-content\/uploads\/2022\/12\/367700-100x100.jpg",100,100,true]},"post_excerpt_stackable":"<p>100% biodegradable and compostable materials<\/p>\n","category_list":"","author_info":{"name":"","url":""},"comments_num":"0 comments","_links":{"self":[{"href":"https:\/\/www.aespack.com\/de\/wp-json\/wp\/v2\/product\/1027","targetHints":{"allow":["GET"]}}],"collection":[{"href":"https:\/\/www.aespack.com\/de\/wp-json\/wp\/v2\/product"}],"about":[{"href":"https:\/\/www.aespack.com\/de\/wp-json\/wp\/v2\/types\/product"}],"replies":[{"embeddable":true,"href":"https:\/\/www.aespack.com\/de\/wp-json\/wp\/v2\/comments?post=1027"}],"wp:featuredmedia":[{"embeddable":true,"href":"https:\/\/www.aespack.com\/de\/wp-json\/wp\/v2\/media\/853"}],"wp:attachment":[{"href":"https:\/\/www.aespack.com\/de\/wp-json\/wp\/v2\/media?parent=1027"}],"wp:term":[{"taxonomy":"product_cat","embeddable":true,"href":"https:\/\/www.aespack.com\/de\/wp-json\/wp\/v2\/product_cat?post=1027"},{"taxonomy":"product_tag","embeddable":true,"href":"https:\/\/www.aespack.com\/de\/wp-json\/wp\/v2\/product_tag?post=1027"}],"curies":[{"name":"wp","href":"https:\/\/api.w.org\/{rel}","templated":true}]}}